{"id":10410,"date":"2021-01-11T22:19:22","date_gmt":"2021-01-11T21:19:22","guid":{"rendered":"https:\/\/www.hilase.cz\/?page_id=10410"},"modified":"2026-03-30T15:07:30","modified_gmt":"2026-03-30T13:07:30","slug":"research-infrastructure-for-open-access","status":"publish","type":"page","link":"https:\/\/www.hilase.cz\/en\/research-infrastructure-for-open-access\/","title":{"rendered":"Research Infrastructure"},"content":{"rendered":"","protected":false},"excerpt":{"rendered":"","protected":false},"author":15,"featured_media":0,"parent":0,"menu_order":0,"comment_status":"closed","ping_status":"closed","template":"","meta":{"_acf_changed":false,"_monsterinsights_skip_tracking":false,"_monsterinsights_sitenote_active":false,"_monsterinsights_sitenote_note":"","_monsterinsights_sitenote_category":0,"footnotes":""},"class_list":["post-10410","page","type-page","status-publish","hentry"],"acf":{"obsah":[{"acf_fc_layout":"text","text":"<p>Detailed description of research infrastructure related to Open Access User Programme<\/p>\n","oddelovace":"none"},{"acf_fc_layout":"karty","vzhled":"2","karty":[{"obrazek":{"ID":10419,"id":10419,"title":"DSC02634","filename":"DSC02634.jpg","filesize":457780,"url":"https:\/\/www.hilase.cz\/wp-content\/uploads\/DSC02634.jpg","link":"https:\/\/www.hilase.cz\/en\/research-infrastructure-for-open-access\/dsc02634\/","alt":"","author":"15","description":"","caption":"","name":"dsc02634","status":"inherit","uploaded_to":10410,"date":"2021-01-11 21:02:05","modified":"2021-01-11 21:02:05","menu_order":0,"mime_type":"image\/jpeg","type":"image","subtype":"jpeg","icon":"https:\/\/www.hilase.cz\/wp-includes\/images\/media\/default.png","width":1500,"height":1000,"sizes":{"thumbnail":"https:\/\/www.hilase.cz\/wp-content\/uploads\/DSC02634-175x175.jpg","thumbnail-width":175,"thumbnail-height":175,"medium":"https:\/\/www.hilase.cz\/wp-content\/uploads\/DSC02634-600x400.jpg","medium-width":600,"medium-height":400,"medium_large":"https:\/\/www.hilase.cz\/wp-content\/uploads\/DSC02634-768x512.jpg","medium_large-width":768,"medium_large-height":512,"large":"https:\/\/www.hilase.cz\/wp-content\/uploads\/DSC02634.jpg","large-width":1500,"large-height":1000,"1536x1536":"https:\/\/www.hilase.cz\/wp-content\/uploads\/DSC02634.jpg","1536x1536-width":1500,"1536x1536-height":1000,"2048x2048":"https:\/\/www.hilase.cz\/wp-content\/uploads\/DSC02634.jpg","2048x2048-width":1500,"2048x2048-height":1000,"image":"https:\/\/www.hilase.cz\/wp-content\/uploads\/DSC02634-1170x484.jpg","image-width":1170,"image-height":484,"gallery":"https:\/\/www.hilase.cz\/wp-content\/uploads\/DSC02634-273x210.jpg","gallery-width":273,"gallery-height":210,"card":"https:\/\/www.hilase.cz\/wp-content\/uploads\/DSC02634-740x390.jpg","card-width":740,"card-height":390,"square":"https:\/\/www.hilase.cz\/wp-content\/uploads\/DSC02634-360x360.jpg","square-width":360,"square-height":360}},"nadpis":"High energy nanosecond BIVOJ laser","zvyraznit_nadpis":false,"text":"","tag":"","typ_odkazu":"odkaz","odkaz":"https:\/\/www.hilase.cz\/en\/high-energy-nanosecond-bivoj-laser\/","stranka":false,"soubor":false},{"obrazek":{"ID":407,"id":407,"title":"4E0A0178","filename":"4E0A0178.jpg","filesize":295044,"url":"https:\/\/www.hilase.cz\/wp-content\/uploads\/4E0A0178.jpg","link":"https:\/\/www.hilase.cz\/en\/homepage\/4e0a0178\/","alt":"","author":"1","description":"","caption":"Testovac\u00ed titulek","name":"4e0a0178","status":"inherit","uploaded_to":2,"date":"2018-05-22 06:24:41","modified":"2018-08-07 12:28:43","menu_order":0,"mime_type":"image\/jpeg","type":"image","subtype":"jpeg","icon":"https:\/\/www.hilase.cz\/wp-includes\/images\/media\/default.png","width":1800,"height":1200,"sizes":{"thumbnail":"https:\/\/www.hilase.cz\/wp-content\/uploads\/4E0A0178-175x175.jpg","thumbnail-width":175,"thumbnail-height":175,"medium":"https:\/\/www.hilase.cz\/wp-content\/uploads\/4E0A0178-600x400.jpg","medium-width":600,"medium-height":400,"medium_large":"https:\/\/www.hilase.cz\/wp-content\/uploads\/4E0A0178-768x512.jpg","medium_large-width":768,"medium_large-height":512,"large":"https:\/\/www.hilase.cz\/wp-content\/uploads\/4E0A0178-1800x1200.jpg","large-width":1800,"large-height":1200,"1536x1536":"https:\/\/www.hilase.cz\/wp-content\/uploads\/4E0A0178.jpg","1536x1536-width":1536,"1536x1536-height":1024,"2048x2048":"https:\/\/www.hilase.cz\/wp-content\/uploads\/4E0A0178.jpg","2048x2048-width":1800,"2048x2048-height":1200,"image":"https:\/\/www.hilase.cz\/wp-content\/uploads\/4E0A0178-1170x484.jpg","image-width":1170,"image-height":484,"gallery":"https:\/\/www.hilase.cz\/wp-content\/uploads\/4E0A0178-273x210.jpg","gallery-width":273,"gallery-height":210,"card":"https:\/\/www.hilase.cz\/wp-content\/uploads\/4E0A0178-740x390.jpg","card-width":740,"card-height":390,"square":"https:\/\/www.hilase.cz\/wp-content\/uploads\/4E0A0178-360x360.jpg","square-width":360,"square-height":360}},"nadpis":"High repetition rate picosecond PERLA\u00ae B laser","zvyraznit_nadpis":false,"text":"","tag":"","typ_odkazu":"odkaz","odkaz":"https:\/\/www.hilase.cz\/en\/high-repetition-rate-picosecond-perla-b-laser\/","stranka":false,"soubor":false},{"obrazek":{"ID":395,"id":395,"title":"4E0A9982","filename":"4E0A9982.jpg","filesize":257735,"url":"https:\/\/www.hilase.cz\/wp-content\/uploads\/4E0A9982.jpg","link":"https:\/\/www.hilase.cz\/en\/vyzkumna-infrastruktura-pro-open-access\/4e0a9982\/","alt":"","author":"1","description":"","caption":"","name":"4e0a9982","status":"inherit","uploaded_to":10918,"date":"2018-05-22 06:22:53","modified":"2021-01-11 20:58:09","menu_order":0,"mime_type":"image\/jpeg","type":"image","subtype":"jpeg","icon":"https:\/\/www.hilase.cz\/wp-includes\/images\/media\/default.png","width":1800,"height":1200,"sizes":{"thumbnail":"https:\/\/www.hilase.cz\/wp-content\/uploads\/4E0A9982-175x175.jpg","thumbnail-width":175,"thumbnail-height":175,"medium":"https:\/\/www.hilase.cz\/wp-content\/uploads\/4E0A9982-600x400.jpg","medium-width":600,"medium-height":400,"medium_large":"https:\/\/www.hilase.cz\/wp-content\/uploads\/4E0A9982-768x512.jpg","medium_large-width":768,"medium_large-height":512,"large":"https:\/\/www.hilase.cz\/wp-content\/uploads\/4E0A9982-1800x1200.jpg","large-width":1800,"large-height":1200,"1536x1536":"https:\/\/www.hilase.cz\/wp-content\/uploads\/4E0A9982.jpg","1536x1536-width":1536,"1536x1536-height":1024,"2048x2048":"https:\/\/www.hilase.cz\/wp-content\/uploads\/4E0A9982.jpg","2048x2048-width":1800,"2048x2048-height":1200,"image":"https:\/\/www.hilase.cz\/wp-content\/uploads\/4E0A9982-1170x484.jpg","image-width":1170,"image-height":484,"gallery":"https:\/\/www.hilase.cz\/wp-content\/uploads\/4E0A9982-273x210.jpg","gallery-width":273,"gallery-height":210,"card":"https:\/\/www.hilase.cz\/wp-content\/uploads\/4E0A9982-740x390.jpg","card-width":740,"card-height":390,"square":"https:\/\/www.hilase.cz\/wp-content\/uploads\/4E0A9982-360x360.jpg","square-width":360,"square-height":360}},"nadpis":"High repetition rate picosecond PERLA\u00ae C laser ","zvyraznit_nadpis":false,"text":"","tag":"","typ_odkazu":"odkaz","odkaz":"https:\/\/www.hilase.cz\/en\/high-repetition-rate-picosecond-perla-c-laser\/","stranka":false,"soubor":false},{"obrazek":{"ID":408,"id":408,"title":"4E0A0183","filename":"4E0A0183.jpg","filesize":223593,"url":"https:\/\/www.hilase.cz\/wp-content\/uploads\/4E0A0183.jpg","link":"https:\/\/www.hilase.cz\/en\/vyzkumna-infrastruktura-pro-open-access\/4e0a0183\/","alt":"","author":"1","description":"","caption":"","name":"4e0a0183","status":"inherit","uploaded_to":10918,"date":"2018-05-22 06:24:51","modified":"2021-01-11 20:58:09","menu_order":0,"mime_type":"image\/jpeg","type":"image","subtype":"jpeg","icon":"https:\/\/www.hilase.cz\/wp-includes\/images\/media\/default.png","width":1800,"height":1200,"sizes":{"thumbnail":"https:\/\/www.hilase.cz\/wp-content\/uploads\/4E0A0183-175x175.jpg","thumbnail-width":175,"thumbnail-height":175,"medium":"https:\/\/www.hilase.cz\/wp-content\/uploads\/4E0A0183-600x400.jpg","medium-width":600,"medium-height":400,"medium_large":"https:\/\/www.hilase.cz\/wp-content\/uploads\/4E0A0183-768x512.jpg","medium_large-width":768,"medium_large-height":512,"large":"https:\/\/www.hilase.cz\/wp-content\/uploads\/4E0A0183-1800x1200.jpg","large-width":1800,"large-height":1200,"1536x1536":"https:\/\/www.hilase.cz\/wp-content\/uploads\/4E0A0183.jpg","1536x1536-width":1536,"1536x1536-height":1024,"2048x2048":"https:\/\/www.hilase.cz\/wp-content\/uploads\/4E0A0183.jpg","2048x2048-width":1800,"2048x2048-height":1200,"image":"https:\/\/www.hilase.cz\/wp-content\/uploads\/4E0A0183-1170x484.jpg","image-width":1170,"image-height":484,"gallery":"https:\/\/www.hilase.cz\/wp-content\/uploads\/4E0A0183-273x210.jpg","gallery-width":273,"gallery-height":210,"card":"https:\/\/www.hilase.cz\/wp-content\/uploads\/4E0A0183-740x390.jpg","card-width":740,"card-height":390,"square":"https:\/\/www.hilase.cz\/wp-content\/uploads\/4E0A0183-360x360.jpg","square-width":360,"square-height":360}},"nadpis":"High repetition rate nanosecond DG laser ","zvyraznit_nadpis":false,"text":"","tag":"","typ_odkazu":"odkaz","odkaz":"https:\/\/www.hilase.cz\/en\/high-repetition-rate-nanosecond-dg-laser\/","stranka":false,"soubor":false},{"obrazek":{"ID":385,"id":385,"title":"DSC02411","filename":"DSC02411.jpg","filesize":219375,"url":"https:\/\/www.hilase.cz\/wp-content\/uploads\/DSC02411.jpg","link":"https:\/\/www.hilase.cz\/en\/vyzkumna-infrastruktura-pro-open-access\/dsc02411\/","alt":"","author":"1","description":"","caption":"","name":"dsc02411","status":"inherit","uploaded_to":10918,"date":"2018-05-22 06:21:31","modified":"2021-01-11 20:58:09","menu_order":0,"mime_type":"image\/jpeg","type":"image","subtype":"jpeg","icon":"https:\/\/www.hilase.cz\/wp-includes\/images\/media\/default.png","width":1800,"height":1200,"sizes":{"thumbnail":"https:\/\/www.hilase.cz\/wp-content\/uploads\/DSC02411-175x175.jpg","thumbnail-width":175,"thumbnail-height":175,"medium":"https:\/\/www.hilase.cz\/wp-content\/uploads\/DSC02411-600x400.jpg","medium-width":600,"medium-height":400,"medium_large":"https:\/\/www.hilase.cz\/wp-content\/uploads\/DSC02411-768x512.jpg","medium_large-width":768,"medium_large-height":512,"large":"https:\/\/www.hilase.cz\/wp-content\/uploads\/DSC02411-1800x1200.jpg","large-width":1800,"large-height":1200,"1536x1536":"https:\/\/www.hilase.cz\/wp-content\/uploads\/DSC02411.jpg","1536x1536-width":1536,"1536x1536-height":1024,"2048x2048":"https:\/\/www.hilase.cz\/wp-content\/uploads\/DSC02411.jpg","2048x2048-width":1800,"2048x2048-height":1200,"image":"https:\/\/www.hilase.cz\/wp-content\/uploads\/DSC02411-1170x484.jpg","image-width":1170,"image-height":484,"gallery":"https:\/\/www.hilase.cz\/wp-content\/uploads\/DSC02411-273x210.jpg","gallery-width":273,"gallery-height":210,"card":"https:\/\/www.hilase.cz\/wp-content\/uploads\/DSC02411-740x390.jpg","card-width":740,"card-height":390,"square":"https:\/\/www.hilase.cz\/wp-content\/uploads\/DSC02411-360x360.jpg","square-width":360,"square-height":360}},"nadpis":"Laser\u2010Induced Damage Threshold (LIDT) target area ","zvyraznit_nadpis":false,"text":"","tag":"","typ_odkazu":"odkaz","odkaz":"https:\/\/www.hilase.cz\/en\/laser%e2%80%90induced-damage-threshold-lidt-target-area\/","stranka":false,"soubor":false},{"obrazek":{"ID":380,"id":380,"title":"4E0A0317","filename":"4E0A0317.jpg","filesize":241192,"url":"https:\/\/www.hilase.cz\/wp-content\/uploads\/4E0A0317.jpg","link":"https:\/\/www.hilase.cz\/en\/vyzkumna-infrastruktura-pro-open-access\/4e0a0317\/","alt":"","author":"1","description":"","caption":"","name":"4e0a0317","status":"inherit","uploaded_to":10918,"date":"2018-05-22 06:20:36","modified":"2021-01-11 20:58:09","menu_order":0,"mime_type":"image\/jpeg","type":"image","subtype":"jpeg","icon":"https:\/\/www.hilase.cz\/wp-includes\/images\/media\/default.png","width":1800,"height":1200,"sizes":{"thumbnail":"https:\/\/www.hilase.cz\/wp-content\/uploads\/4E0A0317-175x175.jpg","thumbnail-width":175,"thumbnail-height":175,"medium":"https:\/\/www.hilase.cz\/wp-content\/uploads\/4E0A0317-600x400.jpg","medium-width":600,"medium-height":400,"medium_large":"https:\/\/www.hilase.cz\/wp-content\/uploads\/4E0A0317-768x512.jpg","medium_large-width":768,"medium_large-height":512,"large":"https:\/\/www.hilase.cz\/wp-content\/uploads\/4E0A0317-1800x1200.jpg","large-width":1800,"large-height":1200,"1536x1536":"https:\/\/www.hilase.cz\/wp-content\/uploads\/4E0A0317.jpg","1536x1536-width":1536,"1536x1536-height":1024,"2048x2048":"https:\/\/www.hilase.cz\/wp-content\/uploads\/4E0A0317.jpg","2048x2048-width":1800,"2048x2048-height":1200,"image":"https:\/\/www.hilase.cz\/wp-content\/uploads\/4E0A0317-1170x484.jpg","image-width":1170,"image-height":484,"gallery":"https:\/\/www.hilase.cz\/wp-content\/uploads\/4E0A0317-273x210.jpg","gallery-width":273,"gallery-height":210,"card":"https:\/\/www.hilase.cz\/wp-content\/uploads\/4E0A0317-740x390.jpg","card-width":740,"card-height":390,"square":"https:\/\/www.hilase.cz\/wp-content\/uploads\/4E0A0317-360x360.jpg","square-width":360,"square-height":360}},"nadpis":"Laser Shock Peening (LSP) target area ","zvyraznit_nadpis":false,"text":"","tag":"","typ_odkazu":"odkaz","odkaz":"https:\/\/www.hilase.cz\/en\/laser-shock-peening-lsp-target-area\/","stranka":false,"soubor":false},{"obrazek":{"ID":9800,"id":9800,"title":"DSC03896","filename":"DSC03896.jpg","filesize":229600,"url":"https:\/\/www.hilase.cz\/wp-content\/uploads\/DSC03896.jpg","link":"https:\/\/www.hilase.cz\/en\/prestigious-award-for-petr-hauschwitz\/dsc03896\/","alt":"","author":"15","description":"","caption":"","name":"dsc03896","status":"inherit","uploaded_to":9798,"date":"2020-10-15 09:22:38","modified":"2023-01-09 14:10:40","menu_order":0,"mime_type":"image\/jpeg","type":"image","subtype":"jpeg","icon":"https:\/\/www.hilase.cz\/wp-includes\/images\/media\/default.png","width":1500,"height":1000,"sizes":{"thumbnail":"https:\/\/www.hilase.cz\/wp-content\/uploads\/DSC03896-175x175.jpg","thumbnail-width":175,"thumbnail-height":175,"medium":"https:\/\/www.hilase.cz\/wp-content\/uploads\/DSC03896-600x400.jpg","medium-width":600,"medium-height":400,"medium_large":"https:\/\/www.hilase.cz\/wp-content\/uploads\/DSC03896-768x512.jpg","medium_large-width":768,"medium_large-height":512,"large":"https:\/\/www.hilase.cz\/wp-content\/uploads\/DSC03896.jpg","large-width":1500,"large-height":1000,"1536x1536":"https:\/\/www.hilase.cz\/wp-content\/uploads\/DSC03896.jpg","1536x1536-width":1500,"1536x1536-height":1000,"2048x2048":"https:\/\/www.hilase.cz\/wp-content\/uploads\/DSC03896.jpg","2048x2048-width":1500,"2048x2048-height":1000,"image":"https:\/\/www.hilase.cz\/wp-content\/uploads\/DSC03896-1170x484.jpg","image-width":1170,"image-height":484,"gallery":"https:\/\/www.hilase.cz\/wp-content\/uploads\/DSC03896-273x210.jpg","gallery-width":273,"gallery-height":210,"card":"https:\/\/www.hilase.cz\/wp-content\/uploads\/DSC03896-740x390.jpg","card-width":740,"card-height":390,"square":"https:\/\/www.hilase.cz\/wp-content\/uploads\/DSC03896-360x360.jpg","square-width":360,"square-height":360}},"nadpis":"Laser micro\u2010machining target area with PERLA\u00ae C ","zvyraznit_nadpis":false,"text":"","tag":"","typ_odkazu":"odkaz","odkaz":"https:\/\/www.hilase.cz\/en\/laser-micro%e2%80%90machining-target-area-with-perla-c\/","stranka":false,"soubor":false},{"obrazek":{"ID":25633,"id":25633,"title":"MTH_2403","filename":"MTH_2403.png","filesize":5444094,"url":"https:\/\/www.hilase.cz\/wp-content\/uploads\/MTH_2403.png","link":"https:\/\/www.hilase.cz\/en\/vyzkumna-infrastruktura-pro-open-access\/mth_2403\/","alt":"","author":"15","description":"","caption":"","name":"mth_2403","status":"inherit","uploaded_to":10918,"date":"2023-02-28 13:37:47","modified":"2023-02-28 13:37:47","menu_order":0,"mime_type":"image\/png","type":"image","subtype":"png","icon":"https:\/\/www.hilase.cz\/wp-includes\/images\/media\/default.png","width":1290,"height":858,"sizes":{"thumbnail":"https:\/\/www.hilase.cz\/wp-content\/uploads\/MTH_2403-175x175.png","thumbnail-width":175,"thumbnail-height":175,"medium":"https:\/\/www.hilase.cz\/wp-content\/uploads\/MTH_2403-600x399.png","medium-width":600,"medium-height":399,"medium_large":"https:\/\/www.hilase.cz\/wp-content\/uploads\/MTH_2403-768x511.png","medium_large-width":768,"medium_large-height":511,"large":"https:\/\/www.hilase.cz\/wp-content\/uploads\/MTH_2403.png","large-width":1290,"large-height":858,"1536x1536":"https:\/\/www.hilase.cz\/wp-content\/uploads\/MTH_2403.png","1536x1536-width":1290,"1536x1536-height":858,"2048x2048":"https:\/\/www.hilase.cz\/wp-content\/uploads\/MTH_2403.png","2048x2048-width":1290,"2048x2048-height":858,"image":"https:\/\/www.hilase.cz\/wp-content\/uploads\/MTH_2403-1170x484.png","image-width":1170,"image-height":484,"gallery":"https:\/\/www.hilase.cz\/wp-content\/uploads\/MTH_2403-273x210.png","gallery-width":273,"gallery-height":210,"card":"https:\/\/www.hilase.cz\/wp-content\/uploads\/MTH_2403-740x390.png","card-width":740,"card-height":390,"square":"https:\/\/www.hilase.cz\/wp-content\/uploads\/MTH_2403-360x360.png","square-width":360,"square-height":360}},"nadpis":"Ultrafast laser facility (COHERENT ASTRELLA) for volumetric modification ","zvyraznit_nadpis":false,"text":"","tag":"","typ_odkazu":"odkaz","odkaz":"https:\/\/www.hilase.cz\/en\/astrella\/","stranka":false,"soubor":false}]},{"acf_fc_layout":"text","text":"<h2>Characterization Devices &amp; Others<\/h2>\n","oddelovace":"none"},{"acf_fc_layout":"karty","vzhled":"4","karty":[{"obrazek":false,"nadpis":"Scanning Electron Microscope (SEM)","zvyraznit_nadpis":false,"text":"","tag":"","typ_odkazu":"odkaz","odkaz":"https:\/\/www.hilase.cz\/en\/scanning-electron-microscope-sem\/","stranka":false,"soubor":false},{"obrazek":false,"nadpis":"Laser Scanning Confocal Microscope ","zvyraznit_nadpis":false,"text":"","tag":"","typ_odkazu":"odkaz","odkaz":"https:\/\/www.hilase.cz\/en\/laser-scanning-confocal-microscope\/","stranka":false,"soubor":false}]}]},"yoast_head":"<!-- This site is optimized with the Yoast SEO plugin v23.9 - https:\/\/yoast.com\/wordpress\/plugins\/seo\/ -->\n<title>Research Infrastructure - HiLASE<\/title>\n<meta name=\"robots\" content=\"index, follow, max-snippet:-1, max-image-preview:large, max-video-preview:-1\" \/>\n<link rel=\"canonical\" href=\"https:\/\/www.hilase.cz\/en\/research-infrastructure-for-open-access\/\" \/>\n<meta property=\"og:locale\" content=\"en_US\" \/>\n<meta property=\"og:type\" content=\"article\" \/>\n<meta property=\"og:title\" content=\"Research Infrastructure - HiLASE\" \/>\n<meta property=\"og:url\" content=\"https:\/\/www.hilase.cz\/en\/research-infrastructure-for-open-access\/\" \/>\n<meta property=\"og:site_name\" content=\"HiLASE\" \/>\n<meta property=\"article:modified_time\" content=\"2026-03-30T13:07:30+00:00\" \/>\n<meta name=\"twitter:card\" content=\"summary_large_image\" \/>\n<script type=\"application\/ld+json\" class=\"yoast-schema-graph\">{\"@context\":\"https:\/\/schema.org\",\"@graph\":[{\"@type\":\"WebPage\",\"@id\":\"https:\/\/www.hilase.cz\/en\/research-infrastructure-for-open-access\/\",\"url\":\"https:\/\/www.hilase.cz\/en\/research-infrastructure-for-open-access\/\",\"name\":\"Research Infrastructure - HiLASE\",\"isPartOf\":{\"@id\":\"https:\/\/www.hilase.cz\/#website\"},\"datePublished\":\"2021-01-11T21:19:22+00:00\",\"dateModified\":\"2026-03-30T13:07:30+00:00\",\"breadcrumb\":{\"@id\":\"https:\/\/www.hilase.cz\/en\/research-infrastructure-for-open-access\/#breadcrumb\"},\"inLanguage\":\"en-US\",\"potentialAction\":[{\"@type\":\"ReadAction\",\"target\":[\"https:\/\/www.hilase.cz\/en\/research-infrastructure-for-open-access\/\"]}]},{\"@type\":\"BreadcrumbList\",\"@id\":\"https:\/\/www.hilase.cz\/en\/research-infrastructure-for-open-access\/#breadcrumb\",\"itemListElement\":[{\"@type\":\"ListItem\",\"position\":1,\"name\":\"Dom\u016f\",\"item\":\"https:\/\/www.hilase.cz\/en\/\"},{\"@type\":\"ListItem\",\"position\":2,\"name\":\"Research Infrastructure\"}]},{\"@type\":\"WebSite\",\"@id\":\"https:\/\/www.hilase.cz\/#website\",\"url\":\"https:\/\/www.hilase.cz\/\",\"name\":\"HiLASE\",\"description\":\"Hi-tech laserov\u00e9 v\u00fdzkumn\u00e9 centrum\",\"potentialAction\":[{\"@type\":\"SearchAction\",\"target\":{\"@type\":\"EntryPoint\",\"urlTemplate\":\"https:\/\/www.hilase.cz\/?s={search_term_string}\"},\"query-input\":{\"@type\":\"PropertyValueSpecification\",\"valueRequired\":true,\"valueName\":\"search_term_string\"}}],\"inLanguage\":\"en-US\"}]}<\/script>\n<!-- \/ Yoast SEO plugin. -->","yoast_head_json":{"title":"Research Infrastructure - HiLASE","robots":{"index":"index","follow":"follow","max-snippet":"max-snippet:-1","max-image-preview":"max-image-preview:large","max-video-preview":"max-video-preview:-1"},"canonical":"https:\/\/www.hilase.cz\/en\/research-infrastructure-for-open-access\/","og_locale":"en_US","og_type":"article","og_title":"Research Infrastructure - HiLASE","og_url":"https:\/\/www.hilase.cz\/en\/research-infrastructure-for-open-access\/","og_site_name":"HiLASE","article_modified_time":"2026-03-30T13:07:30+00:00","twitter_card":"summary_large_image","schema":{"@context":"https:\/\/schema.org","@graph":[{"@type":"WebPage","@id":"https:\/\/www.hilase.cz\/en\/research-infrastructure-for-open-access\/","url":"https:\/\/www.hilase.cz\/en\/research-infrastructure-for-open-access\/","name":"Research Infrastructure - HiLASE","isPartOf":{"@id":"https:\/\/www.hilase.cz\/#website"},"datePublished":"2021-01-11T21:19:22+00:00","dateModified":"2026-03-30T13:07:30+00:00","breadcrumb":{"@id":"https:\/\/www.hilase.cz\/en\/research-infrastructure-for-open-access\/#breadcrumb"},"inLanguage":"en-US","potentialAction":[{"@type":"ReadAction","target":["https:\/\/www.hilase.cz\/en\/research-infrastructure-for-open-access\/"]}]},{"@type":"BreadcrumbList","@id":"https:\/\/www.hilase.cz\/en\/research-infrastructure-for-open-access\/#breadcrumb","itemListElement":[{"@type":"ListItem","position":1,"name":"Dom\u016f","item":"https:\/\/www.hilase.cz\/en\/"},{"@type":"ListItem","position":2,"name":"Research Infrastructure"}]},{"@type":"WebSite","@id":"https:\/\/www.hilase.cz\/#website","url":"https:\/\/www.hilase.cz\/","name":"HiLASE","description":"Hi-tech laserov\u00e9 v\u00fdzkumn\u00e9 centrum","potentialAction":[{"@type":"SearchAction","target":{"@type":"EntryPoint","urlTemplate":"https:\/\/www.hilase.cz\/?s={search_term_string}"},"query-input":{"@type":"PropertyValueSpecification","valueRequired":true,"valueName":"search_term_string"}}],"inLanguage":"en-US"}]}},"_links":{"self":[{"href":"https:\/\/www.hilase.cz\/en\/wp-json\/wp\/v2\/pages\/10410","targetHints":{"allow":["GET"]}}],"collection":[{"href":"https:\/\/www.hilase.cz\/en\/wp-json\/wp\/v2\/pages"}],"about":[{"href":"https:\/\/www.hilase.cz\/en\/wp-json\/wp\/v2\/types\/page"}],"author":[{"embeddable":true,"href":"https:\/\/www.hilase.cz\/en\/wp-json\/wp\/v2\/users\/15"}],"replies":[{"embeddable":true,"href":"https:\/\/www.hilase.cz\/en\/wp-json\/wp\/v2\/comments?post=10410"}],"version-history":[{"count":46,"href":"https:\/\/www.hilase.cz\/en\/wp-json\/wp\/v2\/pages\/10410\/revisions"}],"predecessor-version":[{"id":38660,"href":"https:\/\/www.hilase.cz\/en\/wp-json\/wp\/v2\/pages\/10410\/revisions\/38660"}],"wp:attachment":[{"href":"https:\/\/www.hilase.cz\/en\/wp-json\/wp\/v2\/media?parent=10410"}],"curies":[{"name":"wp","href":"https:\/\/api.w.org\/{rel}","templated":true}]}}