{"id":10422,"date":"2021-01-11T22:09:42","date_gmt":"2021-01-11T21:09:42","guid":{"rendered":"https:\/\/www.hilase.cz\/?page_id=10422"},"modified":"2025-07-03T11:05:04","modified_gmt":"2025-07-03T09:05:04","slug":"high-energy-nanosecond-bivoj-laser","status":"publish","type":"page","link":"https:\/\/www.hilase.cz\/en\/high-energy-nanosecond-bivoj-laser\/","title":{"rendered":"High energy nanosecond BIVOJ laser"},"content":{"rendered":"","protected":false},"excerpt":{"rendered":"","protected":false},"author":15,"featured_media":0,"parent":0,"menu_order":0,"comment_status":"closed","ping_status":"closed","template":"","meta":{"_acf_changed":false,"_monsterinsights_skip_tracking":false,"_monsterinsights_sitenote_active":false,"_monsterinsights_sitenote_note":"","_monsterinsights_sitenote_category":0,"footnotes":""},"class_list":["post-10422","page","type-page","status-publish","hentry"],"acf":{"obsah":[{"acf_fc_layout":"text","text":"<h3>10 J<\/h3>\n<ul>\n<li>Repetition rate: 1 Hz and 10 Hz<\/li>\n<li>Pulse length: any between 2-14 ns with various shapes (energy may be limited for some shapes)<\/li>\n<li>Wavelength: 1030 nm, 515 nm &amp; 343 nm<\/li>\n<li>Energy at 1030 nm: 7 J @ 10 ns in target areas.<\/li>\n<li>Energy at 515 nm: 2.5 J @ 10 ns in target areas.<\/li>\n<li>Energy at 343 nm: 2 J @ 10 ns in LIDT station<\/li>\n<li>Beam dimensions: 22 mm x 22 mm (square)<\/li>\n<li>Polarization: linearly polarized<\/li>\n<li>Availability: 10 am \u2010 6 pm<\/li>\n<li>Pulse to pulse energy stability: 3% (5% at 515 nm)<\/li>\n<\/ul>\n<h3>100 J<\/h3>\n<ul>\n<li>Repetition rate: 1 Hz and 10 Hz<\/li>\n<li>Pulse length: any between 2-14 ns with various shapes (energy may be limited for some shapes)<\/li>\n<li>Wavelength: 1030 nm, 515 nm<\/li>\n<li>Energy at 1030 nm: 80 J @ 10 ns<\/li>\n<li>Energy at 515 nm: 60 J @ 10 ns<\/li>\n<li>Energy at 343nm: 30 J @ 10 ns (beam available only after conversion crystal, no beam distribution to any interaction chamber)<\/li>\n<li>Beam dimensions: 60 mm x 60 mm (square)<\/li>\n<li>Polarization: 97% linearly polarized<\/li>\n<li>Availability: 11 am \u2010 6 pm<\/li>\n<li>Pulse to pulse energy stability: 3% (5% at 515 nm)<\/li>\n<\/ul>\n","oddelovace":"none"},{"acf_fc_layout":"obrazek","obrazek":{"ID":10419,"id":10419,"title":"DSC02634","filename":"DSC02634.jpg","filesize":457780,"url":"https:\/\/www.hilase.cz\/wp-content\/uploads\/DSC02634.jpg","link":"https:\/\/www.hilase.cz\/en\/research-infrastructure-for-open-access\/dsc02634\/","alt":"","author":"15","description":"","caption":"","name":"dsc02634","status":"inherit","uploaded_to":10410,"date":"2021-01-11 21:02:05","modified":"2021-01-11 21:02:05","menu_order":0,"mime_type":"image\/jpeg","type":"image","subtype":"jpeg","icon":"https:\/\/www.hilase.cz\/wp-includes\/images\/media\/default.png","width":1500,"height":1000,"sizes":{"thumbnail":"https:\/\/www.hilase.cz\/wp-content\/uploads\/DSC02634-175x175.jpg","thumbnail-width":175,"thumbnail-height":175,"medium":"https:\/\/www.hilase.cz\/wp-content\/uploads\/DSC02634-600x400.jpg","medium-width":600,"medium-height":400,"medium_large":"https:\/\/www.hilase.cz\/wp-content\/uploads\/DSC02634-768x512.jpg","medium_large-width":768,"medium_large-height":512,"large":"https:\/\/www.hilase.cz\/wp-content\/uploads\/DSC02634.jpg","large-width":1500,"large-height":1000,"1536x1536":"https:\/\/www.hilase.cz\/wp-content\/uploads\/DSC02634.jpg","1536x1536-width":1500,"1536x1536-height":1000,"2048x2048":"https:\/\/www.hilase.cz\/wp-content\/uploads\/DSC02634.jpg","2048x2048-width":1500,"2048x2048-height":1000,"image":"https:\/\/www.hilase.cz\/wp-content\/uploads\/DSC02634-1170x484.jpg","image-width":1170,"image-height":484,"gallery":"https:\/\/www.hilase.cz\/wp-content\/uploads\/DSC02634-273x210.jpg","gallery-width":273,"gallery-height":210,"card":"https:\/\/www.hilase.cz\/wp-content\/uploads\/DSC02634-740x390.jpg","card-width":740,"card-height":390,"square":"https:\/\/www.hilase.cz\/wp-content\/uploads\/DSC02634-360x360.jpg","square-width":360,"square-height":360}},"popis":"","centrovat_popis":[]},{"acf_fc_layout":"pribeh","obrazek":{"ID":708,"id":708,"title":"Divok\u00fd Martin","filename":"Divok\u00fd-Martin-e1534320658305.jpg","filesize":387399,"url":"https:\/\/www.hilase.cz\/wp-content\/uploads\/Divok\u00fd-Martin-e1534320658305.jpg","link":"https:\/\/www.hilase.cz\/tym\/ing-martin-divoky-ph-d\/divoky-martin\/","alt":"","author":"15","description":"","caption":"","name":"divoky-martin","status":"inherit","uploaded_to":707,"date":"2018-08-15 08:10:19","modified":"2018-08-15 08:11:03","menu_order":0,"mime_type":"image\/jpeg","type":"image","subtype":"jpeg","icon":"https:\/\/www.hilase.cz\/wp-includes\/images\/media\/default.png","width":1984,"height":2071,"sizes":{"thumbnail":"https:\/\/www.hilase.cz\/wp-content\/uploads\/Divok\u00fd-Martin-e1534320658305-175x175.jpg","thumbnail-width":175,"thumbnail-height":175,"medium":"https:\/\/www.hilase.cz\/wp-content\/uploads\/Divok\u00fd-Martin-e1534320658305-575x600.jpg","medium-width":575,"medium-height":600,"medium_large":"https:\/\/www.hilase.cz\/wp-content\/uploads\/Divok\u00fd-Martin-e1534320658305-768x802.jpg","medium_large-width":768,"medium_large-height":802,"large":"https:\/\/www.hilase.cz\/wp-content\/uploads\/Divok\u00fd-Martin-e1534320658305-1724x1800.jpg","large-width":1724,"large-height":1800,"1536x1536":"https:\/\/www.hilase.cz\/wp-content\/uploads\/Divok\u00fd-Martin-e1534320658305.jpg","1536x1536-width":1471,"1536x1536-height":1536,"2048x2048":"https:\/\/www.hilase.cz\/wp-content\/uploads\/Divok\u00fd-Martin-e1534320658305.jpg","2048x2048-width":1962,"2048x2048-height":2048,"image":"https:\/\/www.hilase.cz\/wp-content\/uploads\/Divok\u00fd-Martin-e1534320658305-1170x484.jpg","image-width":1170,"image-height":484,"gallery":"https:\/\/www.hilase.cz\/wp-content\/uploads\/Divok\u00fd-Martin-e1534320658305-273x210.jpg","gallery-width":273,"gallery-height":210,"card":"https:\/\/www.hilase.cz\/wp-content\/uploads\/Divok\u00fd-Martin-e1534320658305-740x390.jpg","card-width":740,"card-height":390,"square":"https:\/\/www.hilase.cz\/wp-content\/uploads\/Divok\u00fd-Martin-e1534320658305-360x360.jpg","square-width":360,"square-height":360}},"nadpis":"Dr. Martin Divok\u00fd","zvyraznit_nadpis":false,"text":"Team Leader: High Energy Slab Lasers;                                                                                                                                                          martin.divoky(at)hilase.cz;\r\n+420 314 007 721 "},{"acf_fc_layout":"text","text":"<p>The BIVOJ laser system is a kW-class nanosecond pulsed diode pumped solid state laser (DPSSL). First operation of the laser at the end of 2016 demonstrated amplification of 10 ns pulses at 10 Hz pulse repetition rate to the energy of 105 J at 1029.5 nm, representing the world\u2019s first kW average power, high-energy, nanosecond pulsed DPSSL. In 2021, Bivoj broke his own record by reaching over 145 J &#8211; <a href=\"https:\/\/www.hilase.cz\/en\/a-new-world-record-for-bivoj-laser\/\">read more<\/a>. The name &#8220;Bivoj&#8221; was chosen in a reader&#8217;s poll of the magazine Vesm\u00edr and it reminds of the mythical Czech strongman.<\/p>\n<p>Other achievments: <a href=\"https:\/\/www.hilase.cz\/en\/hilase-centre-is-celebrating-its-third-world-record-on-the-bivoj-laser-system\/\">second harmonic frequency conversion<\/a><strong>, <\/strong><a href=\"https:\/\/www.hilase.cz\/en\/a-new-world-record-on-the-bivoj-laser-system-achieved-on-the-green\/\">record on the green<\/a><\/p>\n","oddelovace":"none"}]},"yoast_head":"<!-- This site is optimized with the Yoast SEO plugin v23.9 - https:\/\/yoast.com\/wordpress\/plugins\/seo\/ -->\n<title>High energy nanosecond BIVOJ laser - HiLASE<\/title>\n<meta name=\"robots\" content=\"index, follow, max-snippet:-1, max-image-preview:large, max-video-preview:-1\" \/>\n<link rel=\"canonical\" href=\"https:\/\/www.hilase.cz\/en\/high-energy-nanosecond-bivoj-laser\/\" \/>\n<meta property=\"og:locale\" content=\"en_US\" \/>\n<meta property=\"og:type\" content=\"article\" \/>\n<meta property=\"og:title\" content=\"High energy nanosecond BIVOJ laser - HiLASE\" \/>\n<meta property=\"og:url\" content=\"https:\/\/www.hilase.cz\/en\/high-energy-nanosecond-bivoj-laser\/\" \/>\n<meta property=\"og:site_name\" content=\"HiLASE\" \/>\n<meta property=\"article:modified_time\" content=\"2025-07-03T09:05:04+00:00\" \/>\n<meta name=\"twitter:card\" content=\"summary_large_image\" \/>\n<script type=\"application\/ld+json\" class=\"yoast-schema-graph\">{\"@context\":\"https:\/\/schema.org\",\"@graph\":[{\"@type\":\"WebPage\",\"@id\":\"https:\/\/www.hilase.cz\/en\/high-energy-nanosecond-bivoj-laser\/\",\"url\":\"https:\/\/www.hilase.cz\/en\/high-energy-nanosecond-bivoj-laser\/\",\"name\":\"High energy nanosecond BIVOJ laser - HiLASE\",\"isPartOf\":{\"@id\":\"https:\/\/www.hilase.cz\/#website\"},\"datePublished\":\"2021-01-11T21:09:42+00:00\",\"dateModified\":\"2025-07-03T09:05:04+00:00\",\"breadcrumb\":{\"@id\":\"https:\/\/www.hilase.cz\/en\/high-energy-nanosecond-bivoj-laser\/#breadcrumb\"},\"inLanguage\":\"en-US\",\"potentialAction\":[{\"@type\":\"ReadAction\",\"target\":[\"https:\/\/www.hilase.cz\/en\/high-energy-nanosecond-bivoj-laser\/\"]}]},{\"@type\":\"BreadcrumbList\",\"@id\":\"https:\/\/www.hilase.cz\/en\/high-energy-nanosecond-bivoj-laser\/#breadcrumb\",\"itemListElement\":[{\"@type\":\"ListItem\",\"position\":1,\"name\":\"Dom\u016f\",\"item\":\"https:\/\/www.hilase.cz\/en\/\"},{\"@type\":\"ListItem\",\"position\":2,\"name\":\"High energy nanosecond BIVOJ laser\"}]},{\"@type\":\"WebSite\",\"@id\":\"https:\/\/www.hilase.cz\/#website\",\"url\":\"https:\/\/www.hilase.cz\/\",\"name\":\"HiLASE\",\"description\":\"Hi-tech laserov\u00e9 v\u00fdzkumn\u00e9 centrum\",\"potentialAction\":[{\"@type\":\"SearchAction\",\"target\":{\"@type\":\"EntryPoint\",\"urlTemplate\":\"https:\/\/www.hilase.cz\/?s={search_term_string}\"},\"query-input\":{\"@type\":\"PropertyValueSpecification\",\"valueRequired\":true,\"valueName\":\"search_term_string\"}}],\"inLanguage\":\"en-US\"}]}<\/script>\n<!-- \/ Yoast SEO plugin. -->","yoast_head_json":{"title":"High energy nanosecond BIVOJ laser - HiLASE","robots":{"index":"index","follow":"follow","max-snippet":"max-snippet:-1","max-image-preview":"max-image-preview:large","max-video-preview":"max-video-preview:-1"},"canonical":"https:\/\/www.hilase.cz\/en\/high-energy-nanosecond-bivoj-laser\/","og_locale":"en_US","og_type":"article","og_title":"High energy nanosecond BIVOJ laser - HiLASE","og_url":"https:\/\/www.hilase.cz\/en\/high-energy-nanosecond-bivoj-laser\/","og_site_name":"HiLASE","article_modified_time":"2025-07-03T09:05:04+00:00","twitter_card":"summary_large_image","schema":{"@context":"https:\/\/schema.org","@graph":[{"@type":"WebPage","@id":"https:\/\/www.hilase.cz\/en\/high-energy-nanosecond-bivoj-laser\/","url":"https:\/\/www.hilase.cz\/en\/high-energy-nanosecond-bivoj-laser\/","name":"High energy nanosecond BIVOJ laser - HiLASE","isPartOf":{"@id":"https:\/\/www.hilase.cz\/#website"},"datePublished":"2021-01-11T21:09:42+00:00","dateModified":"2025-07-03T09:05:04+00:00","breadcrumb":{"@id":"https:\/\/www.hilase.cz\/en\/high-energy-nanosecond-bivoj-laser\/#breadcrumb"},"inLanguage":"en-US","potentialAction":[{"@type":"ReadAction","target":["https:\/\/www.hilase.cz\/en\/high-energy-nanosecond-bivoj-laser\/"]}]},{"@type":"BreadcrumbList","@id":"https:\/\/www.hilase.cz\/en\/high-energy-nanosecond-bivoj-laser\/#breadcrumb","itemListElement":[{"@type":"ListItem","position":1,"name":"Dom\u016f","item":"https:\/\/www.hilase.cz\/en\/"},{"@type":"ListItem","position":2,"name":"High energy nanosecond BIVOJ laser"}]},{"@type":"WebSite","@id":"https:\/\/www.hilase.cz\/#website","url":"https:\/\/www.hilase.cz\/","name":"HiLASE","description":"Hi-tech laserov\u00e9 v\u00fdzkumn\u00e9 centrum","potentialAction":[{"@type":"SearchAction","target":{"@type":"EntryPoint","urlTemplate":"https:\/\/www.hilase.cz\/?s={search_term_string}"},"query-input":{"@type":"PropertyValueSpecification","valueRequired":true,"valueName":"search_term_string"}}],"inLanguage":"en-US"}]}},"_links":{"self":[{"href":"https:\/\/www.hilase.cz\/en\/wp-json\/wp\/v2\/pages\/10422","targetHints":{"allow":["GET"]}}],"collection":[{"href":"https:\/\/www.hilase.cz\/en\/wp-json\/wp\/v2\/pages"}],"about":[{"href":"https:\/\/www.hilase.cz\/en\/wp-json\/wp\/v2\/types\/page"}],"author":[{"embeddable":true,"href":"https:\/\/www.hilase.cz\/en\/wp-json\/wp\/v2\/users\/15"}],"replies":[{"embeddable":true,"href":"https:\/\/www.hilase.cz\/en\/wp-json\/wp\/v2\/comments?post=10422"}],"version-history":[{"count":17,"href":"https:\/\/www.hilase.cz\/en\/wp-json\/wp\/v2\/pages\/10422\/revisions"}],"predecessor-version":[{"id":36313,"href":"https:\/\/www.hilase.cz\/en\/wp-json\/wp\/v2\/pages\/10422\/revisions\/36313"}],"wp:attachment":[{"href":"https:\/\/www.hilase.cz\/en\/wp-json\/wp\/v2\/media?parent=10422"}],"curies":[{"name":"wp","href":"https:\/\/api.w.org\/{rel}","templated":true}]}}