{"id":10432,"date":"2021-01-11T22:25:31","date_gmt":"2021-01-11T21:25:31","guid":{"rendered":"https:\/\/www.hilase.cz\/?page_id=10432"},"modified":"2024-10-03T15:29:32","modified_gmt":"2024-10-03T13:29:32","slug":"high-repetition-rate-picosecond-perla-b-laser","status":"publish","type":"page","link":"https:\/\/www.hilase.cz\/en\/high-repetition-rate-picosecond-perla-b-laser\/","title":{"rendered":"High repetition rate picosecond PERLA\u00ae B laser"},"content":{"rendered":"","protected":false},"excerpt":{"rendered":"","protected":false},"author":15,"featured_media":0,"parent":0,"menu_order":0,"comment_status":"closed","ping_status":"closed","template":"","meta":{"_acf_changed":false,"_monsterinsights_skip_tracking":false,"_monsterinsights_sitenote_active":false,"_monsterinsights_sitenote_note":"","_monsterinsights_sitenote_category":0,"footnotes":""},"class_list":["post-10432","page","type-page","status-publish","hentry"],"acf":{"obsah":[{"acf_fc_layout":"text","text":"<ul>\n<li>Wavelength: <span style=\"color: #ff0000;\">1030 nm<\/span>, <span style=\"color: #339966;\">515 nm<\/span><\/li>\n<li>Pulse energy: <span style=\"color: #ff0000;\">10 (1) mJ<\/span>, <span style=\"color: #339966;\">2 (0.2) mJ<\/span><\/li>\n<li>Beam quality: M2 = &lt; <span style=\"color: #ff0000;\">1.2<\/span>, <span style=\"color: #339966;\">1.5<\/span><\/li>\n<li>Repetition rate: 1 (or 10) kHz<\/li>\n<li>Pulse length: 1.3 ps<\/li>\n<li>Default beam diameter: &lt;4 mm (collimated)<\/li>\n<li>Polarization: linear<\/li>\n<li>Long-term power stability: &lt;1 % RMS<\/li>\n<li>Availability: 8 hours\/day<\/li>\n<\/ul>\n","oddelovace":"none"},{"acf_fc_layout":"obrazek","obrazek":{"ID":10433,"id":10433,"title":"DSC_0734-2","filename":"DSC_0734-2.jpg","filesize":136851,"url":"https:\/\/www.hilase.cz\/wp-content\/uploads\/DSC_0734-2.jpg","link":"https:\/\/www.hilase.cz\/en\/high-repetition-rate-picosecond-perla-b-laser\/dsc_0734-2\/","alt":"","author":"15","description":"","caption":"","name":"dsc_0734-2","status":"inherit","uploaded_to":10432,"date":"2021-01-11 21:23:15","modified":"2021-01-11 21:23:15","menu_order":0,"mime_type":"image\/jpeg","type":"image","subtype":"jpeg","icon":"https:\/\/www.hilase.cz\/wp-includes\/images\/media\/default.png","width":1620,"height":1080,"sizes":{"thumbnail":"https:\/\/www.hilase.cz\/wp-content\/uploads\/DSC_0734-2-175x175.jpg","thumbnail-width":175,"thumbnail-height":175,"medium":"https:\/\/www.hilase.cz\/wp-content\/uploads\/DSC_0734-2-600x400.jpg","medium-width":600,"medium-height":400,"medium_large":"https:\/\/www.hilase.cz\/wp-content\/uploads\/DSC_0734-2-768x512.jpg","medium_large-width":768,"medium_large-height":512,"large":"https:\/\/www.hilase.cz\/wp-content\/uploads\/DSC_0734-2.jpg","large-width":1620,"large-height":1080,"1536x1536":"https:\/\/www.hilase.cz\/wp-content\/uploads\/DSC_0734-2-1536x1024.jpg","1536x1536-width":1536,"1536x1536-height":1024,"2048x2048":"https:\/\/www.hilase.cz\/wp-content\/uploads\/DSC_0734-2.jpg","2048x2048-width":1620,"2048x2048-height":1080,"image":"https:\/\/www.hilase.cz\/wp-content\/uploads\/DSC_0734-2-1170x484.jpg","image-width":1170,"image-height":484,"gallery":"https:\/\/www.hilase.cz\/wp-content\/uploads\/DSC_0734-2-273x210.jpg","gallery-width":273,"gallery-height":210,"card":"https:\/\/www.hilase.cz\/wp-content\/uploads\/DSC_0734-2-740x390.jpg","card-width":740,"card-height":390,"square":"https:\/\/www.hilase.cz\/wp-content\/uploads\/DSC_0734-2-360x360.jpg","square-width":360,"square-height":360}},"popis":"","centrovat_popis":[]},{"acf_fc_layout":"pribeh","obrazek":{"ID":737,"id":737,"title":"Huynh J\u00e1ra","filename":"Huynh-J\u00e1ra.jpg","filesize":529513,"url":"https:\/\/www.hilase.cz\/wp-content\/uploads\/Huynh-J\u00e1ra.jpg","link":"https:\/\/www.hilase.cz\/tym\/ing-jaroslav-huynh\/huynh-jara\/","alt":"","author":"15","description":"","caption":"","name":"huynh-jara","status":"inherit","uploaded_to":736,"date":"2018-08-15 09:22:33","modified":"2018-08-15 09:22:38","menu_order":0,"mime_type":"image\/jpeg","type":"image","subtype":"jpeg","icon":"https:\/\/www.hilase.cz\/wp-includes\/images\/media\/default.png","width":2057,"height":2057,"sizes":{"thumbnail":"https:\/\/www.hilase.cz\/wp-content\/uploads\/Huynh-J\u00e1ra-175x175.jpg","thumbnail-width":175,"thumbnail-height":175,"medium":"https:\/\/www.hilase.cz\/wp-content\/uploads\/Huynh-J\u00e1ra-600x600.jpg","medium-width":600,"medium-height":600,"medium_large":"https:\/\/www.hilase.cz\/wp-content\/uploads\/Huynh-J\u00e1ra-768x768.jpg","medium_large-width":768,"medium_large-height":768,"large":"https:\/\/www.hilase.cz\/wp-content\/uploads\/Huynh-J\u00e1ra-1800x1800.jpg","large-width":1800,"large-height":1800,"1536x1536":"https:\/\/www.hilase.cz\/wp-content\/uploads\/Huynh-J\u00e1ra.jpg","1536x1536-width":1536,"1536x1536-height":1536,"2048x2048":"https:\/\/www.hilase.cz\/wp-content\/uploads\/Huynh-J\u00e1ra.jpg","2048x2048-width":2048,"2048x2048-height":2048,"image":"https:\/\/www.hilase.cz\/wp-content\/uploads\/Huynh-J\u00e1ra-1170x484.jpg","image-width":1170,"image-height":484,"gallery":"https:\/\/www.hilase.cz\/wp-content\/uploads\/Huynh-J\u00e1ra-273x210.jpg","gallery-width":273,"gallery-height":210,"card":"https:\/\/www.hilase.cz\/wp-content\/uploads\/Huynh-J\u00e1ra-740x390.jpg","card-width":740,"card-height":390,"square":"https:\/\/www.hilase.cz\/wp-content\/uploads\/Huynh-J\u00e1ra-360x360.jpg","square-width":360,"square-height":360}},"nadpis":"Jaroslav Huynh","zvyraznit_nadpis":false,"text":"Junior Researcher; jaroslav.huynh(at)hilase.cz; +420 314 007 706"}]},"yoast_head":"<!-- This site is optimized with the Yoast SEO plugin v23.9 - https:\/\/yoast.com\/wordpress\/plugins\/seo\/ -->\n<title>High repetition rate picosecond PERLA\u00ae B laser - HiLASE<\/title>\n<meta name=\"robots\" content=\"index, follow, max-snippet:-1, max-image-preview:large, max-video-preview:-1\" \/>\n<link rel=\"canonical\" href=\"https:\/\/www.hilase.cz\/en\/high-repetition-rate-picosecond-perla-b-laser\/\" \/>\n<meta property=\"og:locale\" content=\"en_US\" \/>\n<meta property=\"og:type\" content=\"article\" \/>\n<meta property=\"og:title\" content=\"High repetition rate picosecond PERLA\u00ae B laser - HiLASE\" \/>\n<meta property=\"og:url\" content=\"https:\/\/www.hilase.cz\/en\/high-repetition-rate-picosecond-perla-b-laser\/\" \/>\n<meta property=\"og:site_name\" content=\"HiLASE\" \/>\n<meta property=\"article:modified_time\" content=\"2024-10-03T13:29:32+00:00\" \/>\n<meta name=\"twitter:card\" content=\"summary_large_image\" \/>\n<script type=\"application\/ld+json\" class=\"yoast-schema-graph\">{\"@context\":\"https:\/\/schema.org\",\"@graph\":[{\"@type\":\"WebPage\",\"@id\":\"https:\/\/www.hilase.cz\/en\/high-repetition-rate-picosecond-perla-b-laser\/\",\"url\":\"https:\/\/www.hilase.cz\/en\/high-repetition-rate-picosecond-perla-b-laser\/\",\"name\":\"High repetition rate picosecond PERLA\u00ae B laser - HiLASE\",\"isPartOf\":{\"@id\":\"https:\/\/www.hilase.cz\/#website\"},\"datePublished\":\"2021-01-11T21:25:31+00:00\",\"dateModified\":\"2024-10-03T13:29:32+00:00\",\"breadcrumb\":{\"@id\":\"https:\/\/www.hilase.cz\/en\/high-repetition-rate-picosecond-perla-b-laser\/#breadcrumb\"},\"inLanguage\":\"en-US\",\"potentialAction\":[{\"@type\":\"ReadAction\",\"target\":[\"https:\/\/www.hilase.cz\/en\/high-repetition-rate-picosecond-perla-b-laser\/\"]}]},{\"@type\":\"BreadcrumbList\",\"@id\":\"https:\/\/www.hilase.cz\/en\/high-repetition-rate-picosecond-perla-b-laser\/#breadcrumb\",\"itemListElement\":[{\"@type\":\"ListItem\",\"position\":1,\"name\":\"Dom\u016f\",\"item\":\"https:\/\/www.hilase.cz\/en\/\"},{\"@type\":\"ListItem\",\"position\":2,\"name\":\"High repetition rate picosecond PERLA\u00ae B laser\"}]},{\"@type\":\"WebSite\",\"@id\":\"https:\/\/www.hilase.cz\/#website\",\"url\":\"https:\/\/www.hilase.cz\/\",\"name\":\"HiLASE\",\"description\":\"Hi-tech laserov\u00e9 v\u00fdzkumn\u00e9 centrum\",\"potentialAction\":[{\"@type\":\"SearchAction\",\"target\":{\"@type\":\"EntryPoint\",\"urlTemplate\":\"https:\/\/www.hilase.cz\/?s={search_term_string}\"},\"query-input\":{\"@type\":\"PropertyValueSpecification\",\"valueRequired\":true,\"valueName\":\"search_term_string\"}}],\"inLanguage\":\"en-US\"}]}<\/script>\n<!-- \/ Yoast SEO plugin. -->","yoast_head_json":{"title":"High repetition rate picosecond PERLA\u00ae B laser - HiLASE","robots":{"index":"index","follow":"follow","max-snippet":"max-snippet:-1","max-image-preview":"max-image-preview:large","max-video-preview":"max-video-preview:-1"},"canonical":"https:\/\/www.hilase.cz\/en\/high-repetition-rate-picosecond-perla-b-laser\/","og_locale":"en_US","og_type":"article","og_title":"High repetition rate picosecond PERLA\u00ae B laser - HiLASE","og_url":"https:\/\/www.hilase.cz\/en\/high-repetition-rate-picosecond-perla-b-laser\/","og_site_name":"HiLASE","article_modified_time":"2024-10-03T13:29:32+00:00","twitter_card":"summary_large_image","schema":{"@context":"https:\/\/schema.org","@graph":[{"@type":"WebPage","@id":"https:\/\/www.hilase.cz\/en\/high-repetition-rate-picosecond-perla-b-laser\/","url":"https:\/\/www.hilase.cz\/en\/high-repetition-rate-picosecond-perla-b-laser\/","name":"High repetition rate picosecond PERLA\u00ae B laser - HiLASE","isPartOf":{"@id":"https:\/\/www.hilase.cz\/#website"},"datePublished":"2021-01-11T21:25:31+00:00","dateModified":"2024-10-03T13:29:32+00:00","breadcrumb":{"@id":"https:\/\/www.hilase.cz\/en\/high-repetition-rate-picosecond-perla-b-laser\/#breadcrumb"},"inLanguage":"en-US","potentialAction":[{"@type":"ReadAction","target":["https:\/\/www.hilase.cz\/en\/high-repetition-rate-picosecond-perla-b-laser\/"]}]},{"@type":"BreadcrumbList","@id":"https:\/\/www.hilase.cz\/en\/high-repetition-rate-picosecond-perla-b-laser\/#breadcrumb","itemListElement":[{"@type":"ListItem","position":1,"name":"Dom\u016f","item":"https:\/\/www.hilase.cz\/en\/"},{"@type":"ListItem","position":2,"name":"High repetition rate picosecond PERLA\u00ae B laser"}]},{"@type":"WebSite","@id":"https:\/\/www.hilase.cz\/#website","url":"https:\/\/www.hilase.cz\/","name":"HiLASE","description":"Hi-tech laserov\u00e9 v\u00fdzkumn\u00e9 centrum","potentialAction":[{"@type":"SearchAction","target":{"@type":"EntryPoint","urlTemplate":"https:\/\/www.hilase.cz\/?s={search_term_string}"},"query-input":{"@type":"PropertyValueSpecification","valueRequired":true,"valueName":"search_term_string"}}],"inLanguage":"en-US"}]}},"_links":{"self":[{"href":"https:\/\/www.hilase.cz\/en\/wp-json\/wp\/v2\/pages\/10432","targetHints":{"allow":["GET"]}}],"collection":[{"href":"https:\/\/www.hilase.cz\/en\/wp-json\/wp\/v2\/pages"}],"about":[{"href":"https:\/\/www.hilase.cz\/en\/wp-json\/wp\/v2\/types\/page"}],"author":[{"embeddable":true,"href":"https:\/\/www.hilase.cz\/en\/wp-json\/wp\/v2\/users\/15"}],"replies":[{"embeddable":true,"href":"https:\/\/www.hilase.cz\/en\/wp-json\/wp\/v2\/comments?post=10432"}],"version-history":[{"count":6,"href":"https:\/\/www.hilase.cz\/en\/wp-json\/wp\/v2\/pages\/10432\/revisions"}],"predecessor-version":[{"id":33133,"href":"https:\/\/www.hilase.cz\/en\/wp-json\/wp\/v2\/pages\/10432\/revisions\/33133"}],"wp:attachment":[{"href":"https:\/\/www.hilase.cz\/en\/wp-json\/wp\/v2\/media?parent=10432"}],"curies":[{"name":"wp","href":"https:\/\/api.w.org\/{rel}","templated":true}]}}