{"id":10438,"date":"2021-01-11T22:34:37","date_gmt":"2021-01-11T21:34:37","guid":{"rendered":"https:\/\/www.hilase.cz\/?page_id=10438"},"modified":"2023-03-27T15:59:45","modified_gmt":"2023-03-27T13:59:45","slug":"high-repetition-rate-picosecond-perla-c-laser","status":"publish","type":"page","link":"https:\/\/www.hilase.cz\/en\/high-repetition-rate-picosecond-perla-c-laser\/","title":{"rendered":"High repetition rate picosecond PERLA\u00ae C laser"},"content":{"rendered":"","protected":false},"excerpt":{"rendered":"","protected":false},"author":15,"featured_media":0,"parent":0,"menu_order":0,"comment_status":"closed","ping_status":"closed","template":"","meta":{"_acf_changed":false,"_monsterinsights_skip_tracking":false,"_monsterinsights_sitenote_active":false,"_monsterinsights_sitenote_note":"","_monsterinsights_sitenote_category":0,"footnotes":""},"class_list":["post-10438","page","type-page","status-publish","hentry"],"acf":{"obsah":[{"acf_fc_layout":"text","text":"<ul>\n<li>Max. repetition rate: 100 kHz<\/li>\n<li>Pulse length: 0.3 \u2013 2 \u00a0ps<\/li>\n<li>Wavelength: <span style=\"color: #ff0000;\">1030 nm<\/span> + <span style=\"color: #99cc00;\">515 nm<\/span> + <span style=\"color: #3366ff;\">257.5 nm<\/span> + <span style=\"color: #800080;\">206 nm<\/span><\/li>\n<li>Max energy: <span style=\"color: #ff0000;\">5 mJ<\/span>, <span style=\"color: #99cc00;\">1 mJ<\/span>, <span style=\"color: #3366ff;\">0.1 mJ<\/span>, <span style=\"color: #800080;\">0.01 mJ<\/span> for respective wavelengths<\/li>\n<li>Beam diameter: approx. 4 mm (it can be modified)<\/li>\n<li>Polarization: linear<\/li>\n<li>Availability: 8 hours\/day<\/li>\n<li>Long\u2010term power stability: &lt;1.2 % RMS over 6 hours<\/li>\n<li>Beam quality: M<sup>2<\/sup> = 1.4<\/li>\n<\/ul>\n<p>&nbsp;<\/p>\n<p>&nbsp;<\/p>\n","oddelovace":"none"},{"acf_fc_layout":"obrazek","obrazek":{"ID":395,"id":395,"title":"4E0A9982","filename":"4E0A9982.jpg","filesize":257735,"url":"https:\/\/www.hilase.cz\/wp-content\/uploads\/4E0A9982.jpg","link":"https:\/\/www.hilase.cz\/en\/vyzkumna-infrastruktura-pro-open-access\/4e0a9982\/","alt":"","author":"1","description":"","caption":"","name":"4e0a9982","status":"inherit","uploaded_to":10918,"date":"2018-05-22 06:22:53","modified":"2021-01-11 20:58:09","menu_order":0,"mime_type":"image\/jpeg","type":"image","subtype":"jpeg","icon":"https:\/\/www.hilase.cz\/wp-includes\/images\/media\/default.png","width":1800,"height":1200,"sizes":{"thumbnail":"https:\/\/www.hilase.cz\/wp-content\/uploads\/4E0A9982-175x175.jpg","thumbnail-width":175,"thumbnail-height":175,"medium":"https:\/\/www.hilase.cz\/wp-content\/uploads\/4E0A9982-600x400.jpg","medium-width":600,"medium-height":400,"medium_large":"https:\/\/www.hilase.cz\/wp-content\/uploads\/4E0A9982-768x512.jpg","medium_large-width":768,"medium_large-height":512,"large":"https:\/\/www.hilase.cz\/wp-content\/uploads\/4E0A9982-1800x1200.jpg","large-width":1800,"large-height":1200,"1536x1536":"https:\/\/www.hilase.cz\/wp-content\/uploads\/4E0A9982.jpg","1536x1536-width":1536,"1536x1536-height":1024,"2048x2048":"https:\/\/www.hilase.cz\/wp-content\/uploads\/4E0A9982.jpg","2048x2048-width":1800,"2048x2048-height":1200,"image":"https:\/\/www.hilase.cz\/wp-content\/uploads\/4E0A9982-1170x484.jpg","image-width":1170,"image-height":484,"gallery":"https:\/\/www.hilase.cz\/wp-content\/uploads\/4E0A9982-273x210.jpg","gallery-width":273,"gallery-height":210,"card":"https:\/\/www.hilase.cz\/wp-content\/uploads\/4E0A9982-740x390.jpg","card-width":740,"card-height":390,"square":"https:\/\/www.hilase.cz\/wp-content\/uploads\/4E0A9982-360x360.jpg","square-width":360,"square-height":360}},"popis":"","centrovat_popis":[]},{"acf_fc_layout":"pribeh","obrazek":{"ID":9035,"id":9035,"title":"Muzik Jiri","filename":"Muzik-Jiri-scaled-e1591705862760.jpg","filesize":310742,"url":"https:\/\/www.hilase.cz\/wp-content\/uploads\/Muzik-Jiri-scaled-e1591705862760.jpg","link":"https:\/\/www.hilase.cz\/tym\/ing-jiri-muzik\/muzik-jiri\/","alt":"","author":"15","description":"","caption":"","name":"muzik-jiri","status":"inherit","uploaded_to":787,"date":"2020-06-09 12:30:01","modified":"2020-06-09 12:30:01","menu_order":0,"mime_type":"image\/jpeg","type":"image","subtype":"jpeg","icon":"https:\/\/www.hilase.cz\/wp-includes\/images\/media\/default.png","width":1772,"height":1625,"sizes":{"thumbnail":"https:\/\/www.hilase.cz\/wp-content\/uploads\/Muzik-Jiri-scaled-e1591705862760-175x175.jpg","thumbnail-width":175,"thumbnail-height":175,"medium":"https:\/\/www.hilase.cz\/wp-content\/uploads\/Muzik-Jiri-scaled-e1591705862760-600x550.jpg","medium-width":600,"medium-height":550,"medium_large":"https:\/\/www.hilase.cz\/wp-content\/uploads\/Muzik-Jiri-scaled-e1591705862760-768x704.jpg","medium_large-width":768,"medium_large-height":704,"large":"https:\/\/www.hilase.cz\/wp-content\/uploads\/Muzik-Jiri-1800x1350.jpg","large-width":1800,"large-height":1350,"1536x1536":"https:\/\/www.hilase.cz\/wp-content\/uploads\/Muzik-Jiri-scaled-e1591705862760-1536x1409.jpg","1536x1536-width":1536,"1536x1536-height":1409,"2048x2048":"https:\/\/www.hilase.cz\/wp-content\/uploads\/Muzik-Jiri-2048x1536.jpg","2048x2048-width":2048,"2048x2048-height":1536,"image":"https:\/\/www.hilase.cz\/wp-content\/uploads\/Muzik-Jiri-scaled-e1591705862760-1170x484.jpg","image-width":1170,"image-height":484,"gallery":"https:\/\/www.hilase.cz\/wp-content\/uploads\/Muzik-Jiri-scaled-e1591705862760-273x210.jpg","gallery-width":273,"gallery-height":210,"card":"https:\/\/www.hilase.cz\/wp-content\/uploads\/Muzik-Jiri-scaled-e1591705862760-740x390.jpg","card-width":740,"card-height":390,"square":"https:\/\/www.hilase.cz\/wp-content\/uploads\/Muzik-Jiri-scaled-e1591705862760-360x360.jpg","square-width":360,"square-height":360}},"nadpis":"Jiri Muzik","zvyraznit_nadpis":false,"text":"Perla C; jiri.muzik@hilase.cz; +420 314 007 711"}]},"yoast_head":"<!-- This site is optimized with the Yoast SEO plugin v23.9 - https:\/\/yoast.com\/wordpress\/plugins\/seo\/ -->\n<title>High repetition rate picosecond PERLA\u00ae C laser - HiLASE<\/title>\n<meta name=\"robots\" content=\"index, follow, max-snippet:-1, max-image-preview:large, max-video-preview:-1\" \/>\n<link rel=\"canonical\" href=\"https:\/\/www.hilase.cz\/en\/high-repetition-rate-picosecond-perla-c-laser\/\" \/>\n<meta property=\"og:locale\" content=\"en_US\" \/>\n<meta property=\"og:type\" content=\"article\" \/>\n<meta property=\"og:title\" content=\"High repetition rate picosecond PERLA\u00ae C laser - HiLASE\" \/>\n<meta property=\"og:url\" content=\"https:\/\/www.hilase.cz\/en\/high-repetition-rate-picosecond-perla-c-laser\/\" \/>\n<meta property=\"og:site_name\" content=\"HiLASE\" \/>\n<meta property=\"article:modified_time\" content=\"2023-03-27T13:59:45+00:00\" \/>\n<meta name=\"twitter:card\" content=\"summary_large_image\" \/>\n<script type=\"application\/ld+json\" class=\"yoast-schema-graph\">{\"@context\":\"https:\/\/schema.org\",\"@graph\":[{\"@type\":\"WebPage\",\"@id\":\"https:\/\/www.hilase.cz\/en\/high-repetition-rate-picosecond-perla-c-laser\/\",\"url\":\"https:\/\/www.hilase.cz\/en\/high-repetition-rate-picosecond-perla-c-laser\/\",\"name\":\"High repetition rate picosecond PERLA\u00ae C laser - HiLASE\",\"isPartOf\":{\"@id\":\"https:\/\/www.hilase.cz\/#website\"},\"datePublished\":\"2021-01-11T21:34:37+00:00\",\"dateModified\":\"2023-03-27T13:59:45+00:00\",\"breadcrumb\":{\"@id\":\"https:\/\/www.hilase.cz\/en\/high-repetition-rate-picosecond-perla-c-laser\/#breadcrumb\"},\"inLanguage\":\"en-US\",\"potentialAction\":[{\"@type\":\"ReadAction\",\"target\":[\"https:\/\/www.hilase.cz\/en\/high-repetition-rate-picosecond-perla-c-laser\/\"]}]},{\"@type\":\"BreadcrumbList\",\"@id\":\"https:\/\/www.hilase.cz\/en\/high-repetition-rate-picosecond-perla-c-laser\/#breadcrumb\",\"itemListElement\":[{\"@type\":\"ListItem\",\"position\":1,\"name\":\"Dom\u016f\",\"item\":\"https:\/\/www.hilase.cz\/en\/\"},{\"@type\":\"ListItem\",\"position\":2,\"name\":\"High repetition rate picosecond PERLA\u00ae C laser\"}]},{\"@type\":\"WebSite\",\"@id\":\"https:\/\/www.hilase.cz\/#website\",\"url\":\"https:\/\/www.hilase.cz\/\",\"name\":\"HiLASE\",\"description\":\"Hi-tech laserov\u00e9 v\u00fdzkumn\u00e9 centrum\",\"potentialAction\":[{\"@type\":\"SearchAction\",\"target\":{\"@type\":\"EntryPoint\",\"urlTemplate\":\"https:\/\/www.hilase.cz\/?s={search_term_string}\"},\"query-input\":{\"@type\":\"PropertyValueSpecification\",\"valueRequired\":true,\"valueName\":\"search_term_string\"}}],\"inLanguage\":\"en-US\"}]}<\/script>\n<!-- \/ Yoast SEO plugin. -->","yoast_head_json":{"title":"High repetition rate picosecond PERLA\u00ae C laser - HiLASE","robots":{"index":"index","follow":"follow","max-snippet":"max-snippet:-1","max-image-preview":"max-image-preview:large","max-video-preview":"max-video-preview:-1"},"canonical":"https:\/\/www.hilase.cz\/en\/high-repetition-rate-picosecond-perla-c-laser\/","og_locale":"en_US","og_type":"article","og_title":"High repetition rate picosecond PERLA\u00ae C laser - HiLASE","og_url":"https:\/\/www.hilase.cz\/en\/high-repetition-rate-picosecond-perla-c-laser\/","og_site_name":"HiLASE","article_modified_time":"2023-03-27T13:59:45+00:00","twitter_card":"summary_large_image","schema":{"@context":"https:\/\/schema.org","@graph":[{"@type":"WebPage","@id":"https:\/\/www.hilase.cz\/en\/high-repetition-rate-picosecond-perla-c-laser\/","url":"https:\/\/www.hilase.cz\/en\/high-repetition-rate-picosecond-perla-c-laser\/","name":"High repetition rate picosecond PERLA\u00ae C laser - HiLASE","isPartOf":{"@id":"https:\/\/www.hilase.cz\/#website"},"datePublished":"2021-01-11T21:34:37+00:00","dateModified":"2023-03-27T13:59:45+00:00","breadcrumb":{"@id":"https:\/\/www.hilase.cz\/en\/high-repetition-rate-picosecond-perla-c-laser\/#breadcrumb"},"inLanguage":"en-US","potentialAction":[{"@type":"ReadAction","target":["https:\/\/www.hilase.cz\/en\/high-repetition-rate-picosecond-perla-c-laser\/"]}]},{"@type":"BreadcrumbList","@id":"https:\/\/www.hilase.cz\/en\/high-repetition-rate-picosecond-perla-c-laser\/#breadcrumb","itemListElement":[{"@type":"ListItem","position":1,"name":"Dom\u016f","item":"https:\/\/www.hilase.cz\/en\/"},{"@type":"ListItem","position":2,"name":"High repetition rate picosecond PERLA\u00ae C laser"}]},{"@type":"WebSite","@id":"https:\/\/www.hilase.cz\/#website","url":"https:\/\/www.hilase.cz\/","name":"HiLASE","description":"Hi-tech laserov\u00e9 v\u00fdzkumn\u00e9 centrum","potentialAction":[{"@type":"SearchAction","target":{"@type":"EntryPoint","urlTemplate":"https:\/\/www.hilase.cz\/?s={search_term_string}"},"query-input":{"@type":"PropertyValueSpecification","valueRequired":true,"valueName":"search_term_string"}}],"inLanguage":"en-US"}]}},"_links":{"self":[{"href":"https:\/\/www.hilase.cz\/en\/wp-json\/wp\/v2\/pages\/10438","targetHints":{"allow":["GET"]}}],"collection":[{"href":"https:\/\/www.hilase.cz\/en\/wp-json\/wp\/v2\/pages"}],"about":[{"href":"https:\/\/www.hilase.cz\/en\/wp-json\/wp\/v2\/types\/page"}],"author":[{"embeddable":true,"href":"https:\/\/www.hilase.cz\/en\/wp-json\/wp\/v2\/users\/15"}],"replies":[{"embeddable":true,"href":"https:\/\/www.hilase.cz\/en\/wp-json\/wp\/v2\/comments?post=10438"}],"version-history":[{"count":9,"href":"https:\/\/www.hilase.cz\/en\/wp-json\/wp\/v2\/pages\/10438\/revisions"}],"predecessor-version":[{"id":26498,"href":"https:\/\/www.hilase.cz\/en\/wp-json\/wp\/v2\/pages\/10438\/revisions\/26498"}],"wp:attachment":[{"href":"https:\/\/www.hilase.cz\/en\/wp-json\/wp\/v2\/media?parent=10438"}],"curies":[{"name":"wp","href":"https:\/\/api.w.org\/{rel}","templated":true}]}}