{"id":10447,"date":"2021-01-11T22:50:29","date_gmt":"2021-01-11T21:50:29","guid":{"rendered":"https:\/\/www.hilase.cz\/?page_id=10447"},"modified":"2022-04-28T08:36:29","modified_gmt":"2022-04-28T06:36:29","slug":"laser%e2%80%90induced-damage-threshold-lidt-target-area","status":"publish","type":"page","link":"https:\/\/www.hilase.cz\/en\/laser%e2%80%90induced-damage-threshold-lidt-target-area\/","title":{"rendered":"Laser\u2010Induced Damage Threshold (LIDT) target area"},"content":{"rendered":"","protected":false},"excerpt":{"rendered":"","protected":false},"author":15,"featured_media":0,"parent":0,"menu_order":0,"comment_status":"closed","ping_status":"closed","template":"","meta":{"_acf_changed":false,"_monsterinsights_skip_tracking":false,"_monsterinsights_sitenote_active":false,"_monsterinsights_sitenote_note":"","_monsterinsights_sitenote_category":0,"footnotes":""},"class_list":["post-10447","page","type-page","status-publish","hentry"],"acf":{"obsah":[{"acf_fc_layout":"text","text":"<ul>\n<li><a href=\"https:\/\/www.hilase.cz\/wp-content\/uploads\/ISO-9001-certifikat-aj.pdf\">ISO certified<\/a> laboratory<\/li>\n<li>ISO 21254-compliant LIDT tests 1\u2010on\u20101, s\u2010on\u20101 type 1 and 2, r\u2010on\u20101, raster scan<\/li>\n<li>ISO 7 clean room environment<\/li>\n<li>Samples size up to 100x100x100 mm (it can be increased in special cases)<\/li>\n<li>Samples weight up to 1,5 kg<\/li>\n<li>Angle of incidence 0\u00b0 to 60\u00b0<\/li>\n<li>Pulsed laser at 1030 nm and 515 nm, 10 ns, 10 Hz, up to 5 J @ 1030 nm and 2 J @515 nm<\/li>\n<li>400 \u00b5m spot size round Gaussian or 3&#215;3 mm2 square top\u2010hat<\/li>\n<li>Pulsed laser at 1030 nm, 1.8 ps, 1 kHz, up to 10 mJ<\/li>\n<li>Variable spot size, round, Gaussian<\/li>\n<li>Online fast camera 1000 fps<\/li>\n<li>Post\u2010test analysis with laser scanning microscope<\/li>\n<\/ul>\n","oddelovace":"none"},{"acf_fc_layout":"obrazek","obrazek":{"ID":8417,"id":8417,"title":"LIDT new","filename":"LIDT-new-e1643204301823.jpg","filesize":136699,"url":"https:\/\/www.hilase.cz\/wp-content\/uploads\/LIDT-new-e1643204301823.jpg","link":"https:\/\/www.hilase.cz\/en\/nabizime\/pristrojove-vybaveni\/experimentalni-stanice\/lidt-new\/","alt":"","author":"15","description":"","caption":"","name":"lidt-new","status":"inherit","uploaded_to":5124,"date":"2020-01-30 11:14:45","modified":"2022-03-15 14:46:47","menu_order":0,"mime_type":"image\/jpeg","type":"image","subtype":"jpeg","icon":"https:\/\/www.hilase.cz\/wp-includes\/images\/media\/default.png","width":1385,"height":640,"sizes":{"thumbnail":"https:\/\/www.hilase.cz\/wp-content\/uploads\/LIDT-new-e1643204301823-175x175.jpg","thumbnail-width":175,"thumbnail-height":175,"medium":"https:\/\/www.hilase.cz\/wp-content\/uploads\/LIDT-new-e1643204301823-600x277.jpg","medium-width":600,"medium-height":277,"medium_large":"https:\/\/www.hilase.cz\/wp-content\/uploads\/LIDT-new-e1643204301823-768x355.jpg","medium_large-width":768,"medium_large-height":355,"large":"https:\/\/www.hilase.cz\/wp-content\/uploads\/LIDT-new-e1643204301823.jpg","large-width":1385,"large-height":640,"1536x1536":"https:\/\/www.hilase.cz\/wp-content\/uploads\/LIDT-new-e1643204301823.jpg","1536x1536-width":1385,"1536x1536-height":640,"2048x2048":"https:\/\/www.hilase.cz\/wp-content\/uploads\/LIDT-new-e1643204301823.jpg","2048x2048-width":1385,"2048x2048-height":640,"image":"https:\/\/www.hilase.cz\/wp-content\/uploads\/LIDT-new-e1643204301823-1170x484.jpg","image-width":1170,"image-height":484,"gallery":"https:\/\/www.hilase.cz\/wp-content\/uploads\/LIDT-new-e1643204301823-273x210.jpg","gallery-width":273,"gallery-height":210,"card":"https:\/\/www.hilase.cz\/wp-content\/uploads\/LIDT-new-e1643204301823-740x390.jpg","card-width":740,"card-height":390,"square":"https:\/\/www.hilase.cz\/wp-content\/uploads\/LIDT-new-e1643204301823-360x360.jpg","square-width":360,"square-height":360}},"popis":"","centrovat_popis":[]},{"acf_fc_layout":"pribeh","obrazek":{"ID":1029,"id":1029,"title":"Vanda Jan","filename":"Vanda-Jan.jpg","filesize":275608,"url":"https:\/\/www.hilase.cz\/wp-content\/uploads\/Vanda-Jan.jpg","link":"https:\/\/www.hilase.cz\/tym\/ing-jan-vanda-ph-d\/vanda-jan\/","alt":"","author":"15","description":"","caption":"","name":"vanda-jan","status":"inherit","uploaded_to":1028,"date":"2018-10-09 10:16:03","modified":"2018-10-09 10:16:11","menu_order":0,"mime_type":"image\/jpeg","type":"image","subtype":"jpeg","icon":"https:\/\/www.hilase.cz\/wp-includes\/images\/media\/default.png","width":1084,"height":1133,"sizes":{"thumbnail":"https:\/\/www.hilase.cz\/wp-content\/uploads\/Vanda-Jan-175x175.jpg","thumbnail-width":175,"thumbnail-height":175,"medium":"https:\/\/www.hilase.cz\/wp-content\/uploads\/Vanda-Jan-574x600.jpg","medium-width":574,"medium-height":600,"medium_large":"https:\/\/www.hilase.cz\/wp-content\/uploads\/Vanda-Jan-768x803.jpg","medium_large-width":768,"medium_large-height":803,"large":"https:\/\/www.hilase.cz\/wp-content\/uploads\/Vanda-Jan.jpg","large-width":1084,"large-height":1133,"1536x1536":"https:\/\/www.hilase.cz\/wp-content\/uploads\/Vanda-Jan.jpg","1536x1536-width":1084,"1536x1536-height":1133,"2048x2048":"https:\/\/www.hilase.cz\/wp-content\/uploads\/Vanda-Jan.jpg","2048x2048-width":1084,"2048x2048-height":1133,"image":"https:\/\/www.hilase.cz\/wp-content\/uploads\/Vanda-Jan-1084x484.jpg","image-width":1084,"image-height":484,"gallery":"https:\/\/www.hilase.cz\/wp-content\/uploads\/Vanda-Jan-273x210.jpg","gallery-width":273,"gallery-height":210,"card":"https:\/\/www.hilase.cz\/wp-content\/uploads\/Vanda-Jan-740x390.jpg","card-width":740,"card-height":390,"square":"https:\/\/www.hilase.cz\/wp-content\/uploads\/Vanda-Jan-360x360.jpg","square-width":360,"square-height":360}},"nadpis":"Dr. Jan Vanda","zvyraznit_nadpis":false,"text":"Deputy Head of Industrial Laser Applications Department; jan.vanda(at)hilase.cz; +420 314 007 747 "}]},"yoast_head":"<!-- This site is optimized with the Yoast SEO plugin v23.9 - https:\/\/yoast.com\/wordpress\/plugins\/seo\/ -->\n<title>Laser\u2010Induced Damage Threshold (LIDT) target area - HiLASE<\/title>\n<meta name=\"robots\" content=\"index, follow, max-snippet:-1, max-image-preview:large, max-video-preview:-1\" \/>\n<link rel=\"canonical\" href=\"https:\/\/www.hilase.cz\/en\/laser\u2010induced-damage-threshold-lidt-target-area\/\" \/>\n<meta property=\"og:locale\" content=\"en_US\" \/>\n<meta property=\"og:type\" content=\"article\" \/>\n<meta property=\"og:title\" content=\"Laser\u2010Induced Damage Threshold (LIDT) target area - HiLASE\" \/>\n<meta property=\"og:url\" content=\"https:\/\/www.hilase.cz\/en\/laser\u2010induced-damage-threshold-lidt-target-area\/\" \/>\n<meta property=\"og:site_name\" content=\"HiLASE\" \/>\n<meta property=\"article:modified_time\" content=\"2022-04-28T06:36:29+00:00\" \/>\n<meta name=\"twitter:card\" content=\"summary_large_image\" \/>\n<script type=\"application\/ld+json\" class=\"yoast-schema-graph\">{\"@context\":\"https:\/\/schema.org\",\"@graph\":[{\"@type\":\"WebPage\",\"@id\":\"https:\/\/www.hilase.cz\/en\/laser%e2%80%90induced-damage-threshold-lidt-target-area\/\",\"url\":\"https:\/\/www.hilase.cz\/en\/laser%e2%80%90induced-damage-threshold-lidt-target-area\/\",\"name\":\"Laser\u2010Induced Damage Threshold (LIDT) target area - HiLASE\",\"isPartOf\":{\"@id\":\"https:\/\/www.hilase.cz\/#website\"},\"datePublished\":\"2021-01-11T21:50:29+00:00\",\"dateModified\":\"2022-04-28T06:36:29+00:00\",\"breadcrumb\":{\"@id\":\"https:\/\/www.hilase.cz\/en\/laser%e2%80%90induced-damage-threshold-lidt-target-area\/#breadcrumb\"},\"inLanguage\":\"en-US\",\"potentialAction\":[{\"@type\":\"ReadAction\",\"target\":[\"https:\/\/www.hilase.cz\/en\/laser%e2%80%90induced-damage-threshold-lidt-target-area\/\"]}]},{\"@type\":\"BreadcrumbList\",\"@id\":\"https:\/\/www.hilase.cz\/en\/laser%e2%80%90induced-damage-threshold-lidt-target-area\/#breadcrumb\",\"itemListElement\":[{\"@type\":\"ListItem\",\"position\":1,\"name\":\"Dom\u016f\",\"item\":\"https:\/\/www.hilase.cz\/en\/\"},{\"@type\":\"ListItem\",\"position\":2,\"name\":\"Laser\u2010Induced Damage Threshold (LIDT) target area\"}]},{\"@type\":\"WebSite\",\"@id\":\"https:\/\/www.hilase.cz\/#website\",\"url\":\"https:\/\/www.hilase.cz\/\",\"name\":\"HiLASE\",\"description\":\"Hi-tech laserov\u00e9 v\u00fdzkumn\u00e9 centrum\",\"potentialAction\":[{\"@type\":\"SearchAction\",\"target\":{\"@type\":\"EntryPoint\",\"urlTemplate\":\"https:\/\/www.hilase.cz\/?s={search_term_string}\"},\"query-input\":{\"@type\":\"PropertyValueSpecification\",\"valueRequired\":true,\"valueName\":\"search_term_string\"}}],\"inLanguage\":\"en-US\"}]}<\/script>\n<!-- \/ Yoast SEO plugin. -->","yoast_head_json":{"title":"Laser\u2010Induced Damage Threshold (LIDT) target area - HiLASE","robots":{"index":"index","follow":"follow","max-snippet":"max-snippet:-1","max-image-preview":"max-image-preview:large","max-video-preview":"max-video-preview:-1"},"canonical":"https:\/\/www.hilase.cz\/en\/laser\u2010induced-damage-threshold-lidt-target-area\/","og_locale":"en_US","og_type":"article","og_title":"Laser\u2010Induced Damage Threshold (LIDT) target area - HiLASE","og_url":"https:\/\/www.hilase.cz\/en\/laser\u2010induced-damage-threshold-lidt-target-area\/","og_site_name":"HiLASE","article_modified_time":"2022-04-28T06:36:29+00:00","twitter_card":"summary_large_image","schema":{"@context":"https:\/\/schema.org","@graph":[{"@type":"WebPage","@id":"https:\/\/www.hilase.cz\/en\/laser%e2%80%90induced-damage-threshold-lidt-target-area\/","url":"https:\/\/www.hilase.cz\/en\/laser%e2%80%90induced-damage-threshold-lidt-target-area\/","name":"Laser\u2010Induced Damage Threshold (LIDT) target area - HiLASE","isPartOf":{"@id":"https:\/\/www.hilase.cz\/#website"},"datePublished":"2021-01-11T21:50:29+00:00","dateModified":"2022-04-28T06:36:29+00:00","breadcrumb":{"@id":"https:\/\/www.hilase.cz\/en\/laser%e2%80%90induced-damage-threshold-lidt-target-area\/#breadcrumb"},"inLanguage":"en-US","potentialAction":[{"@type":"ReadAction","target":["https:\/\/www.hilase.cz\/en\/laser%e2%80%90induced-damage-threshold-lidt-target-area\/"]}]},{"@type":"BreadcrumbList","@id":"https:\/\/www.hilase.cz\/en\/laser%e2%80%90induced-damage-threshold-lidt-target-area\/#breadcrumb","itemListElement":[{"@type":"ListItem","position":1,"name":"Dom\u016f","item":"https:\/\/www.hilase.cz\/en\/"},{"@type":"ListItem","position":2,"name":"Laser\u2010Induced Damage Threshold (LIDT) target area"}]},{"@type":"WebSite","@id":"https:\/\/www.hilase.cz\/#website","url":"https:\/\/www.hilase.cz\/","name":"HiLASE","description":"Hi-tech laserov\u00e9 v\u00fdzkumn\u00e9 centrum","potentialAction":[{"@type":"SearchAction","target":{"@type":"EntryPoint","urlTemplate":"https:\/\/www.hilase.cz\/?s={search_term_string}"},"query-input":{"@type":"PropertyValueSpecification","valueRequired":true,"valueName":"search_term_string"}}],"inLanguage":"en-US"}]}},"_links":{"self":[{"href":"https:\/\/www.hilase.cz\/en\/wp-json\/wp\/v2\/pages\/10447","targetHints":{"allow":["GET"]}}],"collection":[{"href":"https:\/\/www.hilase.cz\/en\/wp-json\/wp\/v2\/pages"}],"about":[{"href":"https:\/\/www.hilase.cz\/en\/wp-json\/wp\/v2\/types\/page"}],"author":[{"embeddable":true,"href":"https:\/\/www.hilase.cz\/en\/wp-json\/wp\/v2\/users\/15"}],"replies":[{"embeddable":true,"href":"https:\/\/www.hilase.cz\/en\/wp-json\/wp\/v2\/comments?post=10447"}],"version-history":[{"count":7,"href":"https:\/\/www.hilase.cz\/en\/wp-json\/wp\/v2\/pages\/10447\/revisions"}],"predecessor-version":[{"id":20466,"href":"https:\/\/www.hilase.cz\/en\/wp-json\/wp\/v2\/pages\/10447\/revisions\/20466"}],"wp:attachment":[{"href":"https:\/\/www.hilase.cz\/en\/wp-json\/wp\/v2\/media?parent=10447"}],"curies":[{"name":"wp","href":"https:\/\/api.w.org\/{rel}","templated":true}]}}