{"id":10458,"date":"2021-01-11T23:04:44","date_gmt":"2021-01-11T22:04:44","guid":{"rendered":"https:\/\/www.hilase.cz\/?page_id=10458"},"modified":"2023-03-27T16:00:22","modified_gmt":"2023-03-27T14:00:22","slug":"laser-micro%e2%80%90machining-target-area-with-perla-c","status":"publish","type":"page","link":"https:\/\/www.hilase.cz\/en\/laser-micro%e2%80%90machining-target-area-with-perla-c\/","title":{"rendered":"Laser micro\u2010machining target area with PERLA\u00ae C"},"content":{"rendered":"","protected":false},"excerpt":{"rendered":"","protected":false},"author":15,"featured_media":0,"parent":0,"menu_order":0,"comment_status":"closed","ping_status":"closed","template":"","meta":{"_acf_changed":false,"_monsterinsights_skip_tracking":false,"_monsterinsights_sitenote_active":false,"_monsterinsights_sitenote_note":"","_monsterinsights_sitenote_category":0,"footnotes":""},"class_list":["post-10458","page","type-page","status-publish","hentry"],"acf":{"obsah":[{"acf_fc_layout":"text","text":"<ul>\n<li>Position precision : up to 2 microns<\/li>\n<li>High precision and sharp edges<\/li>\n<\/ul>\n","oddelovace":"none"},{"acf_fc_layout":"obrazek","obrazek":{"ID":10459,"id":10459,"title":"79000711_814356072344799_4182710045022093312_n","filename":"79000711_814356072344799_4182710045022093312_n.jpg","filesize":100206,"url":"https:\/\/www.hilase.cz\/wp-content\/uploads\/79000711_814356072344799_4182710045022093312_n.jpg","link":"https:\/\/www.hilase.cz\/en\/laser-micro%e2%80%90machining-target-area-with-perla-c\/79000711_814356072344799_4182710045022093312_n\/","alt":"","author":"15","description":"","caption":"","name":"79000711_814356072344799_4182710045022093312_n","status":"inherit","uploaded_to":10458,"date":"2021-01-11 22:04:21","modified":"2021-01-11 22:04:21","menu_order":0,"mime_type":"image\/jpeg","type":"image","subtype":"jpeg","icon":"https:\/\/www.hilase.cz\/wp-includes\/images\/media\/default.png","width":1920,"height":1080,"sizes":{"thumbnail":"https:\/\/www.hilase.cz\/wp-content\/uploads\/79000711_814356072344799_4182710045022093312_n-175x175.jpg","thumbnail-width":175,"thumbnail-height":175,"medium":"https:\/\/www.hilase.cz\/wp-content\/uploads\/79000711_814356072344799_4182710045022093312_n-600x338.jpg","medium-width":600,"medium-height":338,"medium_large":"https:\/\/www.hilase.cz\/wp-content\/uploads\/79000711_814356072344799_4182710045022093312_n-768x432.jpg","medium_large-width":768,"medium_large-height":432,"large":"https:\/\/www.hilase.cz\/wp-content\/uploads\/79000711_814356072344799_4182710045022093312_n-1800x1013.jpg","large-width":1800,"large-height":1013,"1536x1536":"https:\/\/www.hilase.cz\/wp-content\/uploads\/79000711_814356072344799_4182710045022093312_n-1536x864.jpg","1536x1536-width":1536,"1536x1536-height":864,"2048x2048":"https:\/\/www.hilase.cz\/wp-content\/uploads\/79000711_814356072344799_4182710045022093312_n.jpg","2048x2048-width":1920,"2048x2048-height":1080,"image":"https:\/\/www.hilase.cz\/wp-content\/uploads\/79000711_814356072344799_4182710045022093312_n-1170x484.jpg","image-width":1170,"image-height":484,"gallery":"https:\/\/www.hilase.cz\/wp-content\/uploads\/79000711_814356072344799_4182710045022093312_n-273x210.jpg","gallery-width":273,"gallery-height":210,"card":"https:\/\/www.hilase.cz\/wp-content\/uploads\/79000711_814356072344799_4182710045022093312_n-740x390.jpg","card-width":740,"card-height":390,"square":"https:\/\/www.hilase.cz\/wp-content\/uploads\/79000711_814356072344799_4182710045022093312_n-360x360.jpg","square-width":360,"square-height":360}},"popis":"","centrovat_popis":[]},{"acf_fc_layout":"pribeh","obrazek":{"ID":9795,"id":9795,"title":"Hauschwitz Petr Hilase web","filename":"Hauschwitz-Petr-Hilase-web-e1612435515872.jpg","filesize":85830,"url":"https:\/\/www.hilase.cz\/wp-content\/uploads\/Hauschwitz-Petr-Hilase-web-e1612435515872.jpg","link":"https:\/\/www.hilase.cz\/tym\/ing-petr-hauschwitz\/hauschwitz-petr-hilase-web\/","alt":"","author":"15","description":"","caption":"","name":"hauschwitz-petr-hilase-web","status":"inherit","uploaded_to":1154,"date":"2020-10-15 09:05:47","modified":"2020-10-15 09:21:33","menu_order":0,"mime_type":"image\/jpeg","type":"image","subtype":"jpeg","icon":"https:\/\/www.hilase.cz\/wp-includes\/images\/media\/default.png","width":824,"height":734,"sizes":{"thumbnail":"https:\/\/www.hilase.cz\/wp-content\/uploads\/Hauschwitz-Petr-Hilase-web-e1612435515872-175x175.jpg","thumbnail-width":175,"thumbnail-height":175,"medium":"https:\/\/www.hilase.cz\/wp-content\/uploads\/Hauschwitz-Petr-Hilase-web-e1612435515872-600x534.jpg","medium-width":600,"medium-height":534,"medium_large":"https:\/\/www.hilase.cz\/wp-content\/uploads\/Hauschwitz-Petr-Hilase-web-e1612435515872-768x684.jpg","medium_large-width":768,"medium_large-height":684,"large":"https:\/\/www.hilase.cz\/wp-content\/uploads\/Hauschwitz-Petr-Hilase-web-e1612435515872.jpg","large-width":824,"large-height":734,"1536x1536":"https:\/\/www.hilase.cz\/wp-content\/uploads\/Hauschwitz-Petr-Hilase-web-e1612435515872.jpg","1536x1536-width":824,"1536x1536-height":734,"2048x2048":"https:\/\/www.hilase.cz\/wp-content\/uploads\/Hauschwitz-Petr-Hilase-web-e1612435515872.jpg","2048x2048-width":824,"2048x2048-height":734,"image":"https:\/\/www.hilase.cz\/wp-content\/uploads\/Hauschwitz-Petr-Hilase-web-e1612435515872-824x484.jpg","image-width":824,"image-height":484,"gallery":"https:\/\/www.hilase.cz\/wp-content\/uploads\/Hauschwitz-Petr-Hilase-web-e1612435515872-273x210.jpg","gallery-width":273,"gallery-height":210,"card":"https:\/\/www.hilase.cz\/wp-content\/uploads\/Hauschwitz-Petr-Hilase-web-e1612435515872-740x390.jpg","card-width":740,"card-height":390,"square":"https:\/\/www.hilase.cz\/wp-content\/uploads\/Hauschwitz-Petr-Hilase-web-e1612435515872-360x360.jpg","square-width":360,"square-height":360}},"nadpis":"Ing. petr Hauschwitz","zvyraznit_nadpis":false,"text":"Surface functionalization and micromachining; petr.hauschwitz(at)hilase.cz; +420 314 007 758\r\n"}]},"yoast_head":"<!-- This site is optimized with the Yoast SEO plugin v23.9 - https:\/\/yoast.com\/wordpress\/plugins\/seo\/ -->\n<title>Laser micro\u2010machining target area with PERLA\u00ae C - HiLASE<\/title>\n<meta name=\"robots\" content=\"index, follow, max-snippet:-1, max-image-preview:large, max-video-preview:-1\" \/>\n<link rel=\"canonical\" href=\"https:\/\/www.hilase.cz\/en\/laser-micro\u2010machining-target-area-with-perla-c\/\" \/>\n<meta property=\"og:locale\" content=\"en_US\" \/>\n<meta property=\"og:type\" content=\"article\" \/>\n<meta property=\"og:title\" content=\"Laser micro\u2010machining target area with PERLA\u00ae C - HiLASE\" \/>\n<meta property=\"og:url\" content=\"https:\/\/www.hilase.cz\/en\/laser-micro\u2010machining-target-area-with-perla-c\/\" \/>\n<meta property=\"og:site_name\" content=\"HiLASE\" \/>\n<meta property=\"article:modified_time\" content=\"2023-03-27T14:00:22+00:00\" \/>\n<meta name=\"twitter:card\" content=\"summary_large_image\" \/>\n<script type=\"application\/ld+json\" class=\"yoast-schema-graph\">{\"@context\":\"https:\/\/schema.org\",\"@graph\":[{\"@type\":\"WebPage\",\"@id\":\"https:\/\/www.hilase.cz\/en\/laser-micro%e2%80%90machining-target-area-with-perla-c\/\",\"url\":\"https:\/\/www.hilase.cz\/en\/laser-micro%e2%80%90machining-target-area-with-perla-c\/\",\"name\":\"Laser micro\u2010machining target area with PERLA\u00ae C - HiLASE\",\"isPartOf\":{\"@id\":\"https:\/\/www.hilase.cz\/#website\"},\"datePublished\":\"2021-01-11T22:04:44+00:00\",\"dateModified\":\"2023-03-27T14:00:22+00:00\",\"breadcrumb\":{\"@id\":\"https:\/\/www.hilase.cz\/en\/laser-micro%e2%80%90machining-target-area-with-perla-c\/#breadcrumb\"},\"inLanguage\":\"en-US\",\"potentialAction\":[{\"@type\":\"ReadAction\",\"target\":[\"https:\/\/www.hilase.cz\/en\/laser-micro%e2%80%90machining-target-area-with-perla-c\/\"]}]},{\"@type\":\"BreadcrumbList\",\"@id\":\"https:\/\/www.hilase.cz\/en\/laser-micro%e2%80%90machining-target-area-with-perla-c\/#breadcrumb\",\"itemListElement\":[{\"@type\":\"ListItem\",\"position\":1,\"name\":\"Dom\u016f\",\"item\":\"https:\/\/www.hilase.cz\/en\/\"},{\"@type\":\"ListItem\",\"position\":2,\"name\":\"Laser micro\u2010machining target area with PERLA\u00ae C\"}]},{\"@type\":\"WebSite\",\"@id\":\"https:\/\/www.hilase.cz\/#website\",\"url\":\"https:\/\/www.hilase.cz\/\",\"name\":\"HiLASE\",\"description\":\"Hi-tech laserov\u00e9 v\u00fdzkumn\u00e9 centrum\",\"potentialAction\":[{\"@type\":\"SearchAction\",\"target\":{\"@type\":\"EntryPoint\",\"urlTemplate\":\"https:\/\/www.hilase.cz\/?s={search_term_string}\"},\"query-input\":{\"@type\":\"PropertyValueSpecification\",\"valueRequired\":true,\"valueName\":\"search_term_string\"}}],\"inLanguage\":\"en-US\"}]}<\/script>\n<!-- \/ Yoast SEO plugin. -->","yoast_head_json":{"title":"Laser micro\u2010machining target area with PERLA\u00ae C - HiLASE","robots":{"index":"index","follow":"follow","max-snippet":"max-snippet:-1","max-image-preview":"max-image-preview:large","max-video-preview":"max-video-preview:-1"},"canonical":"https:\/\/www.hilase.cz\/en\/laser-micro\u2010machining-target-area-with-perla-c\/","og_locale":"en_US","og_type":"article","og_title":"Laser micro\u2010machining target area with PERLA\u00ae C - HiLASE","og_url":"https:\/\/www.hilase.cz\/en\/laser-micro\u2010machining-target-area-with-perla-c\/","og_site_name":"HiLASE","article_modified_time":"2023-03-27T14:00:22+00:00","twitter_card":"summary_large_image","schema":{"@context":"https:\/\/schema.org","@graph":[{"@type":"WebPage","@id":"https:\/\/www.hilase.cz\/en\/laser-micro%e2%80%90machining-target-area-with-perla-c\/","url":"https:\/\/www.hilase.cz\/en\/laser-micro%e2%80%90machining-target-area-with-perla-c\/","name":"Laser micro\u2010machining target area with PERLA\u00ae C - HiLASE","isPartOf":{"@id":"https:\/\/www.hilase.cz\/#website"},"datePublished":"2021-01-11T22:04:44+00:00","dateModified":"2023-03-27T14:00:22+00:00","breadcrumb":{"@id":"https:\/\/www.hilase.cz\/en\/laser-micro%e2%80%90machining-target-area-with-perla-c\/#breadcrumb"},"inLanguage":"en-US","potentialAction":[{"@type":"ReadAction","target":["https:\/\/www.hilase.cz\/en\/laser-micro%e2%80%90machining-target-area-with-perla-c\/"]}]},{"@type":"BreadcrumbList","@id":"https:\/\/www.hilase.cz\/en\/laser-micro%e2%80%90machining-target-area-with-perla-c\/#breadcrumb","itemListElement":[{"@type":"ListItem","position":1,"name":"Dom\u016f","item":"https:\/\/www.hilase.cz\/en\/"},{"@type":"ListItem","position":2,"name":"Laser micro\u2010machining target area with PERLA\u00ae C"}]},{"@type":"WebSite","@id":"https:\/\/www.hilase.cz\/#website","url":"https:\/\/www.hilase.cz\/","name":"HiLASE","description":"Hi-tech laserov\u00e9 v\u00fdzkumn\u00e9 centrum","potentialAction":[{"@type":"SearchAction","target":{"@type":"EntryPoint","urlTemplate":"https:\/\/www.hilase.cz\/?s={search_term_string}"},"query-input":{"@type":"PropertyValueSpecification","valueRequired":true,"valueName":"search_term_string"}}],"inLanguage":"en-US"}]}},"_links":{"self":[{"href":"https:\/\/www.hilase.cz\/en\/wp-json\/wp\/v2\/pages\/10458","targetHints":{"allow":["GET"]}}],"collection":[{"href":"https:\/\/www.hilase.cz\/en\/wp-json\/wp\/v2\/pages"}],"about":[{"href":"https:\/\/www.hilase.cz\/en\/wp-json\/wp\/v2\/types\/page"}],"author":[{"embeddable":true,"href":"https:\/\/www.hilase.cz\/en\/wp-json\/wp\/v2\/users\/15"}],"replies":[{"embeddable":true,"href":"https:\/\/www.hilase.cz\/en\/wp-json\/wp\/v2\/comments?post=10458"}],"version-history":[{"count":3,"href":"https:\/\/www.hilase.cz\/en\/wp-json\/wp\/v2\/pages\/10458\/revisions"}],"predecessor-version":[{"id":26499,"href":"https:\/\/www.hilase.cz\/en\/wp-json\/wp\/v2\/pages\/10458\/revisions\/26499"}],"wp:attachment":[{"href":"https:\/\/www.hilase.cz\/en\/wp-json\/wp\/v2\/media?parent=10458"}],"curies":[{"name":"wp","href":"https:\/\/api.w.org\/{rel}","templated":true}]}}