{"id":10479,"date":"2021-01-12T13:42:50","date_gmt":"2021-01-12T12:42:50","guid":{"rendered":"https:\/\/www.hilase.cz\/?page_id=10479"},"modified":"2026-02-27T12:43:36","modified_gmt":"2026-02-27T11:43:36","slug":"scanning-electron-microscope-sem","status":"publish","type":"page","link":"https:\/\/www.hilase.cz\/en\/scanning-electron-microscope-sem\/","title":{"rendered":"Scanning Electron Microscope (SEM)"},"content":{"rendered":"","protected":false},"excerpt":{"rendered":"","protected":false},"author":15,"featured_media":0,"parent":0,"menu_order":0,"comment_status":"closed","ping_status":"closed","template":"","meta":{"_acf_changed":false,"_monsterinsights_skip_tracking":false,"_monsterinsights_sitenote_active":false,"_monsterinsights_sitenote_note":"","_monsterinsights_sitenote_category":0,"footnotes":""},"class_list":["post-10479","page","type-page","status-publish","hentry"],"acf":{"obsah":[{"acf_fc_layout":"text","text":"<ul>\n<li>TESCAN MIRA3 LHM<\/li>\n<li>Landing energy: 200 eV \u2013 30 keV (down to 50 eV with BDT)<\/li>\n<li>Probe current: 6 pA \u2013 150 nA<\/li>\n<li>Schottky field electron emitter<\/li>\n<li>Resolution: 1.5 nm @ 15 keV, 4.5 nm @ 1 keV, 0.8 nm @ 30 keV (STEM)<\/li>\n<li>Beam deceleration option to enhance low keV performance<\/li>\n<li>Motorized, 5-axis goniometer stage (XY 80 x 60 mm)<\/li>\n<li>Multi-ported large (\u00d8 230 mm) specimen chamber<\/li>\n<li>Scanning transmission electron imaging (STEM)<\/li>\n<li>EDS elemental analysis, imaging and mapping<\/li>\n<li>High and Low vacuum mode<\/li>\n<li>Detectors:\n<ul>\n<li>Secondary electrons: in-chamber, in-beam<\/li>\n<li>Back-scattered electrons: in-chamber, in-beam LE-BSE<\/li>\n<li>Transmitted electrons: STEM BF \/ DF \/ HAADF<\/li>\n<li>EDS: Oxford Ultim Max + Ultim Extreme<\/li>\n<\/ul>\n<\/li>\n<li>Sputter coater available for depositing thin metal films (Au, Ag, Pt) for imaging of insulating materials<\/li>\n<\/ul>\n","oddelovace":"none"},{"acf_fc_layout":"pribeh","obrazek":{"ID":35646,"id":35646,"title":"man","filename":"man.png","filesize":382128,"url":"https:\/\/www.hilase.cz\/wp-content\/uploads\/man.png","link":"https:\/\/www.hilase.cz\/en\/man-2\/","alt":"","author":"15","description":"","caption":"","name":"man-2","status":"inherit","uploaded_to":0,"date":"2025-05-30 08:30:29","modified":"2025-05-30 08:30:29","menu_order":0,"mime_type":"image\/png","type":"image","subtype":"png","icon":"https:\/\/www.hilase.cz\/wp-includes\/images\/media\/default.png","width":800,"height":800,"sizes":{"thumbnail":"https:\/\/www.hilase.cz\/wp-content\/uploads\/man-175x175.png","thumbnail-width":175,"thumbnail-height":175,"medium":"https:\/\/www.hilase.cz\/wp-content\/uploads\/man-600x600.png","medium-width":600,"medium-height":600,"medium_large":"https:\/\/www.hilase.cz\/wp-content\/uploads\/man-768x768.png","medium_large-width":768,"medium_large-height":768,"large":"https:\/\/www.hilase.cz\/wp-content\/uploads\/man.png","large-width":800,"large-height":800,"1536x1536":"https:\/\/www.hilase.cz\/wp-content\/uploads\/man.png","1536x1536-width":800,"1536x1536-height":800,"2048x2048":"https:\/\/www.hilase.cz\/wp-content\/uploads\/man.png","2048x2048-width":800,"2048x2048-height":800,"image":"https:\/\/www.hilase.cz\/wp-content\/uploads\/man-800x484.png","image-width":800,"image-height":484,"gallery":"https:\/\/www.hilase.cz\/wp-content\/uploads\/man-273x210.png","gallery-width":273,"gallery-height":210,"card":"https:\/\/www.hilase.cz\/wp-content\/uploads\/man-740x390.png","card-width":740,"card-height":390,"square":"https:\/\/www.hilase.cz\/wp-content\/uploads\/man-360x360.png","square-width":360,"square-height":360}},"nadpis":"Ing. Juraj Sl\u00e1dek, Ph.D.","zvyraznit_nadpis":false,"text":"LMM: Team Leader of Precision Laser Manufacturing | +420 314 007 734, juraj.sladek(at)hilase.cz"}]},"yoast_head":"<!-- This site is optimized with the Yoast SEO plugin v23.9 - https:\/\/yoast.com\/wordpress\/plugins\/seo\/ -->\n<title>Scanning Electron Microscope (SEM) - HiLASE<\/title>\n<meta name=\"robots\" content=\"index, follow, max-snippet:-1, max-image-preview:large, max-video-preview:-1\" \/>\n<link rel=\"canonical\" href=\"https:\/\/www.hilase.cz\/en\/scanning-electron-microscope-sem\/\" \/>\n<meta property=\"og:locale\" content=\"en_US\" \/>\n<meta property=\"og:type\" content=\"article\" \/>\n<meta property=\"og:title\" content=\"Scanning Electron Microscope (SEM) - HiLASE\" \/>\n<meta property=\"og:url\" content=\"https:\/\/www.hilase.cz\/en\/scanning-electron-microscope-sem\/\" \/>\n<meta property=\"og:site_name\" content=\"HiLASE\" \/>\n<meta property=\"article:modified_time\" content=\"2026-02-27T11:43:36+00:00\" \/>\n<meta name=\"twitter:card\" content=\"summary_large_image\" \/>\n<script type=\"application\/ld+json\" class=\"yoast-schema-graph\">{\"@context\":\"https:\/\/schema.org\",\"@graph\":[{\"@type\":\"WebPage\",\"@id\":\"https:\/\/www.hilase.cz\/en\/scanning-electron-microscope-sem\/\",\"url\":\"https:\/\/www.hilase.cz\/en\/scanning-electron-microscope-sem\/\",\"name\":\"Scanning Electron Microscope (SEM) - HiLASE\",\"isPartOf\":{\"@id\":\"https:\/\/www.hilase.cz\/#website\"},\"datePublished\":\"2021-01-12T12:42:50+00:00\",\"dateModified\":\"2026-02-27T11:43:36+00:00\",\"breadcrumb\":{\"@id\":\"https:\/\/www.hilase.cz\/en\/scanning-electron-microscope-sem\/#breadcrumb\"},\"inLanguage\":\"en-US\",\"potentialAction\":[{\"@type\":\"ReadAction\",\"target\":[\"https:\/\/www.hilase.cz\/en\/scanning-electron-microscope-sem\/\"]}]},{\"@type\":\"BreadcrumbList\",\"@id\":\"https:\/\/www.hilase.cz\/en\/scanning-electron-microscope-sem\/#breadcrumb\",\"itemListElement\":[{\"@type\":\"ListItem\",\"position\":1,\"name\":\"Dom\u016f\",\"item\":\"https:\/\/www.hilase.cz\/en\/\"},{\"@type\":\"ListItem\",\"position\":2,\"name\":\"Scanning Electron Microscope (SEM)\"}]},{\"@type\":\"WebSite\",\"@id\":\"https:\/\/www.hilase.cz\/#website\",\"url\":\"https:\/\/www.hilase.cz\/\",\"name\":\"HiLASE\",\"description\":\"Hi-tech laserov\u00e9 v\u00fdzkumn\u00e9 centrum\",\"potentialAction\":[{\"@type\":\"SearchAction\",\"target\":{\"@type\":\"EntryPoint\",\"urlTemplate\":\"https:\/\/www.hilase.cz\/?s={search_term_string}\"},\"query-input\":{\"@type\":\"PropertyValueSpecification\",\"valueRequired\":true,\"valueName\":\"search_term_string\"}}],\"inLanguage\":\"en-US\"}]}<\/script>\n<!-- \/ Yoast SEO plugin. -->","yoast_head_json":{"title":"Scanning Electron Microscope (SEM) - HiLASE","robots":{"index":"index","follow":"follow","max-snippet":"max-snippet:-1","max-image-preview":"max-image-preview:large","max-video-preview":"max-video-preview:-1"},"canonical":"https:\/\/www.hilase.cz\/en\/scanning-electron-microscope-sem\/","og_locale":"en_US","og_type":"article","og_title":"Scanning Electron Microscope (SEM) - HiLASE","og_url":"https:\/\/www.hilase.cz\/en\/scanning-electron-microscope-sem\/","og_site_name":"HiLASE","article_modified_time":"2026-02-27T11:43:36+00:00","twitter_card":"summary_large_image","schema":{"@context":"https:\/\/schema.org","@graph":[{"@type":"WebPage","@id":"https:\/\/www.hilase.cz\/en\/scanning-electron-microscope-sem\/","url":"https:\/\/www.hilase.cz\/en\/scanning-electron-microscope-sem\/","name":"Scanning Electron Microscope (SEM) - HiLASE","isPartOf":{"@id":"https:\/\/www.hilase.cz\/#website"},"datePublished":"2021-01-12T12:42:50+00:00","dateModified":"2026-02-27T11:43:36+00:00","breadcrumb":{"@id":"https:\/\/www.hilase.cz\/en\/scanning-electron-microscope-sem\/#breadcrumb"},"inLanguage":"en-US","potentialAction":[{"@type":"ReadAction","target":["https:\/\/www.hilase.cz\/en\/scanning-electron-microscope-sem\/"]}]},{"@type":"BreadcrumbList","@id":"https:\/\/www.hilase.cz\/en\/scanning-electron-microscope-sem\/#breadcrumb","itemListElement":[{"@type":"ListItem","position":1,"name":"Dom\u016f","item":"https:\/\/www.hilase.cz\/en\/"},{"@type":"ListItem","position":2,"name":"Scanning Electron Microscope (SEM)"}]},{"@type":"WebSite","@id":"https:\/\/www.hilase.cz\/#website","url":"https:\/\/www.hilase.cz\/","name":"HiLASE","description":"Hi-tech laserov\u00e9 v\u00fdzkumn\u00e9 centrum","potentialAction":[{"@type":"SearchAction","target":{"@type":"EntryPoint","urlTemplate":"https:\/\/www.hilase.cz\/?s={search_term_string}"},"query-input":{"@type":"PropertyValueSpecification","valueRequired":true,"valueName":"search_term_string"}}],"inLanguage":"en-US"}]}},"_links":{"self":[{"href":"https:\/\/www.hilase.cz\/en\/wp-json\/wp\/v2\/pages\/10479","targetHints":{"allow":["GET"]}}],"collection":[{"href":"https:\/\/www.hilase.cz\/en\/wp-json\/wp\/v2\/pages"}],"about":[{"href":"https:\/\/www.hilase.cz\/en\/wp-json\/wp\/v2\/types\/page"}],"author":[{"embeddable":true,"href":"https:\/\/www.hilase.cz\/en\/wp-json\/wp\/v2\/users\/15"}],"replies":[{"embeddable":true,"href":"https:\/\/www.hilase.cz\/en\/wp-json\/wp\/v2\/comments?post=10479"}],"version-history":[{"count":7,"href":"https:\/\/www.hilase.cz\/en\/wp-json\/wp\/v2\/pages\/10479\/revisions"}],"predecessor-version":[{"id":38534,"href":"https:\/\/www.hilase.cz\/en\/wp-json\/wp\/v2\/pages\/10479\/revisions\/38534"}],"wp:attachment":[{"href":"https:\/\/www.hilase.cz\/en\/wp-json\/wp\/v2\/media?parent=10479"}],"curies":[{"name":"wp","href":"https:\/\/api.w.org\/{rel}","templated":true}]}}