{"id":10501,"date":"2021-01-12T13:58:48","date_gmt":"2021-01-12T12:58:48","guid":{"rendered":"https:\/\/www.hilase.cz\/?page_id=10501"},"modified":"2021-01-12T13:58:48","modified_gmt":"2021-01-12T12:58:48","slug":"laser-scanning-confocal-microscope","status":"publish","type":"page","link":"https:\/\/www.hilase.cz\/en\/laser-scanning-confocal-microscope\/","title":{"rendered":"Laser Scanning Confocal Microscope"},"content":{"rendered":"","protected":false},"excerpt":{"rendered":"","protected":false},"author":15,"featured_media":0,"parent":0,"menu_order":0,"comment_status":"closed","ping_status":"closed","template":"","meta":{"_acf_changed":false,"_monsterinsights_skip_tracking":false,"_monsterinsights_sitenote_active":false,"_monsterinsights_sitenote_note":"","_monsterinsights_sitenote_category":0,"footnotes":""},"class_list":["post-10501","page","type-page","status-publish","hentry"],"acf":{"obsah":[{"acf_fc_layout":"text","text":"<ul>\n<li>Objective lens magnifications: from 5x\u2010100x<\/li>\n<li>Total Magnification capability: 5x\u201017,280x<\/li>\n<li>Color imaging mode: White LED light source with 2 Mega Pixel ccd<\/li>\n<li>Laser imaging mode: 405 nm laser with photomultiplier detector<\/li>\n<li>Minimum Z\u2010resolution: 10 nm<\/li>\n<li>Minimum XY\u2010Resolution 120 nm<\/li>\n<\/ul>\n","oddelovace":"none"},{"acf_fc_layout":"pribeh","obrazek":{"ID":1029,"id":1029,"title":"Vanda Jan","filename":"Vanda-Jan.jpg","filesize":275608,"url":"https:\/\/www.hilase.cz\/wp-content\/uploads\/Vanda-Jan.jpg","link":"https:\/\/www.hilase.cz\/tym\/ing-jan-vanda-ph-d\/vanda-jan\/","alt":"","author":"15","description":"","caption":"","name":"vanda-jan","status":"inherit","uploaded_to":1028,"date":"2018-10-09 10:16:03","modified":"2018-10-09 10:16:11","menu_order":0,"mime_type":"image\/jpeg","type":"image","subtype":"jpeg","icon":"https:\/\/www.hilase.cz\/wp-includes\/images\/media\/default.png","width":1084,"height":1133,"sizes":{"thumbnail":"https:\/\/www.hilase.cz\/wp-content\/uploads\/Vanda-Jan-175x175.jpg","thumbnail-width":175,"thumbnail-height":175,"medium":"https:\/\/www.hilase.cz\/wp-content\/uploads\/Vanda-Jan-574x600.jpg","medium-width":574,"medium-height":600,"medium_large":"https:\/\/www.hilase.cz\/wp-content\/uploads\/Vanda-Jan-768x803.jpg","medium_large-width":768,"medium_large-height":803,"large":"https:\/\/www.hilase.cz\/wp-content\/uploads\/Vanda-Jan.jpg","large-width":1084,"large-height":1133,"1536x1536":"https:\/\/www.hilase.cz\/wp-content\/uploads\/Vanda-Jan.jpg","1536x1536-width":1084,"1536x1536-height":1133,"2048x2048":"https:\/\/www.hilase.cz\/wp-content\/uploads\/Vanda-Jan.jpg","2048x2048-width":1084,"2048x2048-height":1133,"image":"https:\/\/www.hilase.cz\/wp-content\/uploads\/Vanda-Jan-1084x484.jpg","image-width":1084,"image-height":484,"gallery":"https:\/\/www.hilase.cz\/wp-content\/uploads\/Vanda-Jan-273x210.jpg","gallery-width":273,"gallery-height":210,"card":"https:\/\/www.hilase.cz\/wp-content\/uploads\/Vanda-Jan-740x390.jpg","card-width":740,"card-height":390,"square":"https:\/\/www.hilase.cz\/wp-content\/uploads\/Vanda-Jan-360x360.jpg","square-width":360,"square-height":360}},"nadpis":"Dr. Jan Vanda","zvyraznit_nadpis":false,"text":"Deputy Head of Department Industrial Laser Applications; jan.vanda(at)hilase.cz; +420 314 007 747\r\n"}]},"yoast_head":"<!-- This site is optimized with the Yoast SEO plugin v23.9 - https:\/\/yoast.com\/wordpress\/plugins\/seo\/ -->\n<title>Laser Scanning Confocal Microscope - HiLASE<\/title>\n<meta name=\"robots\" content=\"index, follow, max-snippet:-1, max-image-preview:large, max-video-preview:-1\" \/>\n<link rel=\"canonical\" href=\"https:\/\/www.hilase.cz\/en\/laser-scanning-confocal-microscope\/\" \/>\n<meta property=\"og:locale\" content=\"en_US\" \/>\n<meta property=\"og:type\" content=\"article\" \/>\n<meta property=\"og:title\" content=\"Laser Scanning Confocal Microscope - HiLASE\" \/>\n<meta property=\"og:url\" content=\"https:\/\/www.hilase.cz\/en\/laser-scanning-confocal-microscope\/\" \/>\n<meta property=\"og:site_name\" content=\"HiLASE\" \/>\n<meta name=\"twitter:card\" content=\"summary_large_image\" \/>\n<script type=\"application\/ld+json\" class=\"yoast-schema-graph\">{\"@context\":\"https:\/\/schema.org\",\"@graph\":[{\"@type\":\"WebPage\",\"@id\":\"https:\/\/www.hilase.cz\/en\/laser-scanning-confocal-microscope\/\",\"url\":\"https:\/\/www.hilase.cz\/en\/laser-scanning-confocal-microscope\/\",\"name\":\"Laser Scanning Confocal Microscope - HiLASE\",\"isPartOf\":{\"@id\":\"https:\/\/www.hilase.cz\/#website\"},\"datePublished\":\"2021-01-12T12:58:48+00:00\",\"dateModified\":\"2021-01-12T12:58:48+00:00\",\"breadcrumb\":{\"@id\":\"https:\/\/www.hilase.cz\/en\/laser-scanning-confocal-microscope\/#breadcrumb\"},\"inLanguage\":\"en-US\",\"potentialAction\":[{\"@type\":\"ReadAction\",\"target\":[\"https:\/\/www.hilase.cz\/en\/laser-scanning-confocal-microscope\/\"]}]},{\"@type\":\"BreadcrumbList\",\"@id\":\"https:\/\/www.hilase.cz\/en\/laser-scanning-confocal-microscope\/#breadcrumb\",\"itemListElement\":[{\"@type\":\"ListItem\",\"position\":1,\"name\":\"Dom\u016f\",\"item\":\"https:\/\/www.hilase.cz\/en\/\"},{\"@type\":\"ListItem\",\"position\":2,\"name\":\"Laser Scanning Confocal Microscope\"}]},{\"@type\":\"WebSite\",\"@id\":\"https:\/\/www.hilase.cz\/#website\",\"url\":\"https:\/\/www.hilase.cz\/\",\"name\":\"HiLASE\",\"description\":\"Hi-tech laserov\u00e9 v\u00fdzkumn\u00e9 centrum\",\"potentialAction\":[{\"@type\":\"SearchAction\",\"target\":{\"@type\":\"EntryPoint\",\"urlTemplate\":\"https:\/\/www.hilase.cz\/?s={search_term_string}\"},\"query-input\":{\"@type\":\"PropertyValueSpecification\",\"valueRequired\":true,\"valueName\":\"search_term_string\"}}],\"inLanguage\":\"en-US\"}]}<\/script>\n<!-- \/ Yoast SEO plugin. -->","yoast_head_json":{"title":"Laser Scanning Confocal Microscope - HiLASE","robots":{"index":"index","follow":"follow","max-snippet":"max-snippet:-1","max-image-preview":"max-image-preview:large","max-video-preview":"max-video-preview:-1"},"canonical":"https:\/\/www.hilase.cz\/en\/laser-scanning-confocal-microscope\/","og_locale":"en_US","og_type":"article","og_title":"Laser Scanning Confocal Microscope - HiLASE","og_url":"https:\/\/www.hilase.cz\/en\/laser-scanning-confocal-microscope\/","og_site_name":"HiLASE","twitter_card":"summary_large_image","schema":{"@context":"https:\/\/schema.org","@graph":[{"@type":"WebPage","@id":"https:\/\/www.hilase.cz\/en\/laser-scanning-confocal-microscope\/","url":"https:\/\/www.hilase.cz\/en\/laser-scanning-confocal-microscope\/","name":"Laser Scanning Confocal Microscope - HiLASE","isPartOf":{"@id":"https:\/\/www.hilase.cz\/#website"},"datePublished":"2021-01-12T12:58:48+00:00","dateModified":"2021-01-12T12:58:48+00:00","breadcrumb":{"@id":"https:\/\/www.hilase.cz\/en\/laser-scanning-confocal-microscope\/#breadcrumb"},"inLanguage":"en-US","potentialAction":[{"@type":"ReadAction","target":["https:\/\/www.hilase.cz\/en\/laser-scanning-confocal-microscope\/"]}]},{"@type":"BreadcrumbList","@id":"https:\/\/www.hilase.cz\/en\/laser-scanning-confocal-microscope\/#breadcrumb","itemListElement":[{"@type":"ListItem","position":1,"name":"Dom\u016f","item":"https:\/\/www.hilase.cz\/en\/"},{"@type":"ListItem","position":2,"name":"Laser Scanning Confocal Microscope"}]},{"@type":"WebSite","@id":"https:\/\/www.hilase.cz\/#website","url":"https:\/\/www.hilase.cz\/","name":"HiLASE","description":"Hi-tech laserov\u00e9 v\u00fdzkumn\u00e9 centrum","potentialAction":[{"@type":"SearchAction","target":{"@type":"EntryPoint","urlTemplate":"https:\/\/www.hilase.cz\/?s={search_term_string}"},"query-input":{"@type":"PropertyValueSpecification","valueRequired":true,"valueName":"search_term_string"}}],"inLanguage":"en-US"}]}},"_links":{"self":[{"href":"https:\/\/www.hilase.cz\/en\/wp-json\/wp\/v2\/pages\/10501","targetHints":{"allow":["GET"]}}],"collection":[{"href":"https:\/\/www.hilase.cz\/en\/wp-json\/wp\/v2\/pages"}],"about":[{"href":"https:\/\/www.hilase.cz\/en\/wp-json\/wp\/v2\/types\/page"}],"author":[{"embeddable":true,"href":"https:\/\/www.hilase.cz\/en\/wp-json\/wp\/v2\/users\/15"}],"replies":[{"embeddable":true,"href":"https:\/\/www.hilase.cz\/en\/wp-json\/wp\/v2\/comments?post=10501"}],"version-history":[{"count":2,"href":"https:\/\/www.hilase.cz\/en\/wp-json\/wp\/v2\/pages\/10501\/revisions"}],"predecessor-version":[{"id":10928,"href":"https:\/\/www.hilase.cz\/en\/wp-json\/wp\/v2\/pages\/10501\/revisions\/10928"}],"wp:attachment":[{"href":"https:\/\/www.hilase.cz\/en\/wp-json\/wp\/v2\/media?parent=10501"}],"curies":[{"name":"wp","href":"https:\/\/api.w.org\/{rel}","templated":true}]}}