{"id":12047,"date":"2021-03-10T12:05:01","date_gmt":"2021-03-10T11:05:01","guid":{"rendered":"https:\/\/www.hilase.cz\/?page_id=12047"},"modified":"2023-03-22T21:43:28","modified_gmt":"2023-03-22T20:43:28","slug":"students-graduates","status":"publish","type":"page","link":"https:\/\/www.hilase.cz\/en\/cooperation\/students-graduates\/","title":{"rendered":"Students &#038; Graduates"},"content":{"rendered":"","protected":false},"excerpt":{"rendered":"","protected":false},"author":10,"featured_media":0,"parent":821,"menu_order":4,"comment_status":"closed","ping_status":"closed","template":"","meta":{"_acf_changed":false,"_monsterinsights_skip_tracking":false,"_monsterinsights_sitenote_active":false,"_monsterinsights_sitenote_note":"","_monsterinsights_sitenote_category":0,"footnotes":""},"class_list":["post-12047","page","type-page","status-publish","hentry"],"acf":{"obsah":[{"acf_fc_layout":"text","text":"<blockquote><p>HiLASE Centre perceives cooperation with students very positively. \u201ePopularization and educational activities are taking place for the general public, and we also place great emphasis on cooperation with primary and secondary schools, but, most importantly, we engage with universities, \u201d says Ing. Tom\u00e1\u0161 Mocek, Ph.D., Head of the HiLASE Centre.<\/p><\/blockquote>\n<h5><strong>Secondary and High schools<\/strong><\/h5>\n<p>For several years, high school students have been able to participate in the <a href=\"http:\/\/www.talentovka.cz\/\">Talent Academy<\/a> and <a href=\"https:\/\/www.sciencechallenge.cz\/\">Science Challenge<\/a> projects. They are activities of researchers from the HiLASE Centre and ELI Beamlines Facility, who are thus trying to educate the next generation of new scientists and attract young people to the field of natural sciences, especially laser physics, optics, engineering, chemistry, design, programming and 3D printing. They present an opportunity to improve knowledge and skills in laser physics and optics. Currently, it complements the initiative of the Academy of Sciences &#8220;<a href=\"https:\/\/www.avcr.cz\/cs\/pro-verejnost\/veda-na-doma\/\">Science at Home<\/a>&#8220;, which is also focused on the popularization of science.<\/p>\n<h5><strong>Universities<\/strong><\/h5>\n<p>We passionately believe in the importance of investing in talented young people and preparing them for their future careers. We are looking for active and capable students and graduates who are passionate about Science, laser technology and dream of a career as a Scientist, Researcher, or Technician.<\/p>\n<p><strong>Our offer to university students and graduates<\/strong><\/p>\n<ul>\n<li><strong>Help with starting a scientific career<\/strong>.<\/li>\n<li><strong>Internship<\/strong> during their studies &#8211; will give them an amazing insight into life and work at the HiLASE Center.<\/li>\n<li><strong>Unique topics of bachelor&#8217;s, diploma, and Ph.D. thesis<\/strong> and <strong>support from our scientists during the writing<\/strong>.<\/li>\n<li><strong>Full\/part-time job offer<\/strong> and the opportunity to work in the international environment of a state-of-the-art laser center.<\/li>\n<li><strong>Direct cooperation with our researchers<\/strong> and the opportunity to gain experience from top scientific experts.<\/li>\n<li><strong>For more details click <a href=\"https:\/\/www.hilase.cz\/wp-content\/uploads\/HiLASE-Centre-for-students-EN-v-1.pdf\">here<\/a>.<\/strong><\/li>\n<\/ul>\n","oddelovace":"none"},{"acf_fc_layout":"karty","vzhled":"1","karty":[{"obrazek":{"ID":12395,"id":12395,"title":"thesis2_mt (7)","filename":"thesis2_mt-7.png","filesize":250245,"url":"https:\/\/www.hilase.cz\/wp-content\/uploads\/thesis2_mt-7.png","link":"https:\/\/www.hilase.cz\/en\/cooperation\/students-graduates\/thesis2_mt-7\/","alt":"","author":"10","description":"","caption":"","name":"thesis2_mt-7","status":"inherit","uploaded_to":12047,"date":"2021-03-09 16:22:24","modified":"2021-03-09 16:22:45","menu_order":0,"mime_type":"image\/png","type":"image","subtype":"png","icon":"https:\/\/www.hilase.cz\/wp-includes\/images\/media\/default.png","width":550,"height":390,"sizes":{"thumbnail":"https:\/\/www.hilase.cz\/wp-content\/uploads\/thesis2_mt-7-175x175.png","thumbnail-width":175,"thumbnail-height":175,"medium":"https:\/\/www.hilase.cz\/wp-content\/uploads\/thesis2_mt-7.png","medium-width":550,"medium-height":390,"medium_large":"https:\/\/www.hilase.cz\/wp-content\/uploads\/thesis2_mt-7.png","medium_large-width":550,"medium_large-height":390,"large":"https:\/\/www.hilase.cz\/wp-content\/uploads\/thesis2_mt-7.png","large-width":550,"large-height":390,"1536x1536":"https:\/\/www.hilase.cz\/wp-content\/uploads\/thesis2_mt-7.png","1536x1536-width":550,"1536x1536-height":390,"2048x2048":"https:\/\/www.hilase.cz\/wp-content\/uploads\/thesis2_mt-7.png","2048x2048-width":550,"2048x2048-height":390,"image":"https:\/\/www.hilase.cz\/wp-content\/uploads\/thesis2_mt-7.png","image-width":550,"image-height":390,"gallery":"https:\/\/www.hilase.cz\/wp-content\/uploads\/thesis2_mt-7-273x210.png","gallery-width":273,"gallery-height":210,"card":"https:\/\/www.hilase.cz\/wp-content\/uploads\/thesis2_mt-7.png","card-width":550,"card-height":390,"square":"https:\/\/www.hilase.cz\/wp-content\/uploads\/thesis2_mt-7-360x360.png","square-width":360,"square-height":360}},"nadpis":"Bachelor thesis topics 2023","zvyraznit_nadpis":false,"text":"","tag":"","typ_odkazu":"odkaz","odkaz":"https:\/\/www.hilase.cz\/en\/list-of-bachelors-thesis-topics\/","stranka":false,"soubor":false},{"obrazek":{"ID":12393,"id":12393,"title":"thesis2_mt (3)","filename":"thesis2_mt-3.png","filesize":274077,"url":"https:\/\/www.hilase.cz\/wp-content\/uploads\/thesis2_mt-3.png","link":"https:\/\/www.hilase.cz\/en\/cooperation\/students-graduates\/thesis2_mt-3\/","alt":"","author":"10","description":"","caption":"","name":"thesis2_mt-3","status":"inherit","uploaded_to":12047,"date":"2021-03-09 16:19:56","modified":"2021-03-09 16:21:06","menu_order":0,"mime_type":"image\/png","type":"image","subtype":"png","icon":"https:\/\/www.hilase.cz\/wp-includes\/images\/media\/default.png","width":550,"height":390,"sizes":{"thumbnail":"https:\/\/www.hilase.cz\/wp-content\/uploads\/thesis2_mt-3-175x175.png","thumbnail-width":175,"thumbnail-height":175,"medium":"https:\/\/www.hilase.cz\/wp-content\/uploads\/thesis2_mt-3.png","medium-width":550,"medium-height":390,"medium_large":"https:\/\/www.hilase.cz\/wp-content\/uploads\/thesis2_mt-3.png","medium_large-width":550,"medium_large-height":390,"large":"https:\/\/www.hilase.cz\/wp-content\/uploads\/thesis2_mt-3.png","large-width":550,"large-height":390,"1536x1536":"https:\/\/www.hilase.cz\/wp-content\/uploads\/thesis2_mt-3.png","1536x1536-width":550,"1536x1536-height":390,"2048x2048":"https:\/\/www.hilase.cz\/wp-content\/uploads\/thesis2_mt-3.png","2048x2048-width":550,"2048x2048-height":390,"image":"https:\/\/www.hilase.cz\/wp-content\/uploads\/thesis2_mt-3.png","image-width":550,"image-height":390,"gallery":"https:\/\/www.hilase.cz\/wp-content\/uploads\/thesis2_mt-3-273x210.png","gallery-width":273,"gallery-height":210,"card":"https:\/\/www.hilase.cz\/wp-content\/uploads\/thesis2_mt-3.png","card-width":550,"card-height":390,"square":"https:\/\/www.hilase.cz\/wp-content\/uploads\/thesis2_mt-3-360x360.png","square-width":360,"square-height":360}},"nadpis":"Master thesis topics 2023","zvyraznit_nadpis":false,"text":"","tag":"","typ_odkazu":"odkaz","odkaz":"https:\/\/www.hilase.cz\/en\/list-of-master-thesis-topics","stranka":false,"soubor":false},{"obrazek":{"ID":12392,"id":12392,"title":"thesis2_mt (5)","filename":"thesis2_mt-5.png","filesize":269843,"url":"https:\/\/www.hilase.cz\/wp-content\/uploads\/thesis2_mt-5.png","link":"https:\/\/www.hilase.cz\/en\/cooperation\/students-graduates\/thesis2_mt-5\/","alt":"","author":"10","description":"","caption":"","name":"thesis2_mt-5","status":"inherit","uploaded_to":12047,"date":"2021-03-09 16:19:55","modified":"2021-03-09 16:21:06","menu_order":0,"mime_type":"image\/png","type":"image","subtype":"png","icon":"https:\/\/www.hilase.cz\/wp-includes\/images\/media\/default.png","width":550,"height":390,"sizes":{"thumbnail":"https:\/\/www.hilase.cz\/wp-content\/uploads\/thesis2_mt-5-175x175.png","thumbnail-width":175,"thumbnail-height":175,"medium":"https:\/\/www.hilase.cz\/wp-content\/uploads\/thesis2_mt-5.png","medium-width":550,"medium-height":390,"medium_large":"https:\/\/www.hilase.cz\/wp-content\/uploads\/thesis2_mt-5.png","medium_large-width":550,"medium_large-height":390,"large":"https:\/\/www.hilase.cz\/wp-content\/uploads\/thesis2_mt-5.png","large-width":550,"large-height":390,"1536x1536":"https:\/\/www.hilase.cz\/wp-content\/uploads\/thesis2_mt-5.png","1536x1536-width":550,"1536x1536-height":390,"2048x2048":"https:\/\/www.hilase.cz\/wp-content\/uploads\/thesis2_mt-5.png","2048x2048-width":550,"2048x2048-height":390,"image":"https:\/\/www.hilase.cz\/wp-content\/uploads\/thesis2_mt-5.png","image-width":550,"image-height":390,"gallery":"https:\/\/www.hilase.cz\/wp-content\/uploads\/thesis2_mt-5-273x210.png","gallery-width":273,"gallery-height":210,"card":"https:\/\/www.hilase.cz\/wp-content\/uploads\/thesis2_mt-5.png","card-width":550,"card-height":390,"square":"https:\/\/www.hilase.cz\/wp-content\/uploads\/thesis2_mt-5-360x360.png","square-width":360,"square-height":360}},"nadpis":"Doctoral thesis topics 2023","zvyraznit_nadpis":false,"text":"","tag":"","typ_odkazu":"odkaz","odkaz":" https:\/\/www.hilase.cz\/en\/list-of-ph-d-thesis-topics\/","stranka":false,"soubor":false},{"obrazek":{"ID":14065,"id":14065,"title":"thesis2_mt (8)","filename":"thesis2_mt-8.png","filesize":239869,"url":"https:\/\/www.hilase.cz\/wp-content\/uploads\/thesis2_mt-8.png","link":"https:\/\/www.hilase.cz\/en\/cooperation\/students-graduates\/thesis2_mt-8\/","alt":"","author":"10","description":"","caption":"","name":"thesis2_mt-8","status":"inherit","uploaded_to":12047,"date":"2021-06-15 16:44:54","modified":"2021-06-15 16:50:42","menu_order":0,"mime_type":"image\/png","type":"image","subtype":"png","icon":"https:\/\/www.hilase.cz\/wp-includes\/images\/media\/default.png","width":550,"height":390,"sizes":{"thumbnail":"https:\/\/www.hilase.cz\/wp-content\/uploads\/thesis2_mt-8-175x175.png","thumbnail-width":175,"thumbnail-height":175,"medium":"https:\/\/www.hilase.cz\/wp-content\/uploads\/thesis2_mt-8.png","medium-width":550,"medium-height":390,"medium_large":"https:\/\/www.hilase.cz\/wp-content\/uploads\/thesis2_mt-8.png","medium_large-width":550,"medium_large-height":390,"large":"https:\/\/www.hilase.cz\/wp-content\/uploads\/thesis2_mt-8.png","large-width":550,"large-height":390,"1536x1536":"https:\/\/www.hilase.cz\/wp-content\/uploads\/thesis2_mt-8.png","1536x1536-width":550,"1536x1536-height":390,"2048x2048":"https:\/\/www.hilase.cz\/wp-content\/uploads\/thesis2_mt-8.png","2048x2048-width":550,"2048x2048-height":390,"image":"https:\/\/www.hilase.cz\/wp-content\/uploads\/thesis2_mt-8.png","image-width":550,"image-height":390,"gallery":"https:\/\/www.hilase.cz\/wp-content\/uploads\/thesis2_mt-8-273x210.png","gallery-width":273,"gallery-height":210,"card":"https:\/\/www.hilase.cz\/wp-content\/uploads\/thesis2_mt-8.png","card-width":550,"card-height":390,"square":"https:\/\/www.hilase.cz\/wp-content\/uploads\/thesis2_mt-8-360x360.png","square-width":360,"square-height":360}},"nadpis":"Defended PhD theses","zvyraznit_nadpis":false,"text":"","tag":"","typ_odkazu":"odkaz","odkaz":"https:\/\/www.hilase.cz\/en\/list-of-ph-d-theses-defended-by-hilase-employees\/","stranka":false,"soubor":false}]}]},"yoast_head":"<!-- This site is optimized with the Yoast SEO plugin v23.9 - https:\/\/yoast.com\/wordpress\/plugins\/seo\/ -->\n<title>Students &amp; Graduates - HiLASE<\/title>\n<meta name=\"robots\" content=\"index, follow, max-snippet:-1, max-image-preview:large, max-video-preview:-1\" \/>\n<link rel=\"canonical\" href=\"https:\/\/www.hilase.cz\/en\/cooperation\/students-graduates\/\" \/>\n<meta property=\"og:locale\" content=\"en_US\" \/>\n<meta property=\"og:type\" content=\"article\" \/>\n<meta property=\"og:title\" content=\"Students &amp; Graduates - HiLASE\" \/>\n<meta property=\"og:url\" content=\"https:\/\/www.hilase.cz\/en\/cooperation\/students-graduates\/\" \/>\n<meta property=\"og:site_name\" content=\"HiLASE\" \/>\n<meta property=\"article:modified_time\" content=\"2023-03-22T20:43:28+00:00\" \/>\n<meta name=\"twitter:card\" content=\"summary_large_image\" \/>\n<script type=\"application\/ld+json\" class=\"yoast-schema-graph\">{\"@context\":\"https:\/\/schema.org\",\"@graph\":[{\"@type\":\"WebPage\",\"@id\":\"https:\/\/www.hilase.cz\/en\/cooperation\/students-graduates\/\",\"url\":\"https:\/\/www.hilase.cz\/en\/cooperation\/students-graduates\/\",\"name\":\"Students & Graduates - HiLASE\",\"isPartOf\":{\"@id\":\"https:\/\/www.hilase.cz\/#website\"},\"datePublished\":\"2021-03-10T11:05:01+00:00\",\"dateModified\":\"2023-03-22T20:43:28+00:00\",\"breadcrumb\":{\"@id\":\"https:\/\/www.hilase.cz\/en\/cooperation\/students-graduates\/#breadcrumb\"},\"inLanguage\":\"en-US\",\"potentialAction\":[{\"@type\":\"ReadAction\",\"target\":[\"https:\/\/www.hilase.cz\/en\/cooperation\/students-graduates\/\"]}]},{\"@type\":\"BreadcrumbList\",\"@id\":\"https:\/\/www.hilase.cz\/en\/cooperation\/students-graduates\/#breadcrumb\",\"itemListElement\":[{\"@type\":\"ListItem\",\"position\":1,\"name\":\"Dom\u016f\",\"item\":\"https:\/\/www.hilase.cz\/en\/\"},{\"@type\":\"ListItem\",\"position\":2,\"name\":\"Cooperation\",\"item\":\"https:\/\/www.hilase.cz\/en\/cooperation\/\"},{\"@type\":\"ListItem\",\"position\":3,\"name\":\"Students &#038; Graduates\"}]},{\"@type\":\"WebSite\",\"@id\":\"https:\/\/www.hilase.cz\/#website\",\"url\":\"https:\/\/www.hilase.cz\/\",\"name\":\"HiLASE\",\"description\":\"Hi-tech laserov\u00e9 v\u00fdzkumn\u00e9 centrum\",\"potentialAction\":[{\"@type\":\"SearchAction\",\"target\":{\"@type\":\"EntryPoint\",\"urlTemplate\":\"https:\/\/www.hilase.cz\/?s={search_term_string}\"},\"query-input\":{\"@type\":\"PropertyValueSpecification\",\"valueRequired\":true,\"valueName\":\"search_term_string\"}}],\"inLanguage\":\"en-US\"}]}<\/script>\n<!-- \/ Yoast SEO plugin. -->","yoast_head_json":{"title":"Students & Graduates - HiLASE","robots":{"index":"index","follow":"follow","max-snippet":"max-snippet:-1","max-image-preview":"max-image-preview:large","max-video-preview":"max-video-preview:-1"},"canonical":"https:\/\/www.hilase.cz\/en\/cooperation\/students-graduates\/","og_locale":"en_US","og_type":"article","og_title":"Students & Graduates - HiLASE","og_url":"https:\/\/www.hilase.cz\/en\/cooperation\/students-graduates\/","og_site_name":"HiLASE","article_modified_time":"2023-03-22T20:43:28+00:00","twitter_card":"summary_large_image","schema":{"@context":"https:\/\/schema.org","@graph":[{"@type":"WebPage","@id":"https:\/\/www.hilase.cz\/en\/cooperation\/students-graduates\/","url":"https:\/\/www.hilase.cz\/en\/cooperation\/students-graduates\/","name":"Students & Graduates - HiLASE","isPartOf":{"@id":"https:\/\/www.hilase.cz\/#website"},"datePublished":"2021-03-10T11:05:01+00:00","dateModified":"2023-03-22T20:43:28+00:00","breadcrumb":{"@id":"https:\/\/www.hilase.cz\/en\/cooperation\/students-graduates\/#breadcrumb"},"inLanguage":"en-US","potentialAction":[{"@type":"ReadAction","target":["https:\/\/www.hilase.cz\/en\/cooperation\/students-graduates\/"]}]},{"@type":"BreadcrumbList","@id":"https:\/\/www.hilase.cz\/en\/cooperation\/students-graduates\/#breadcrumb","itemListElement":[{"@type":"ListItem","position":1,"name":"Dom\u016f","item":"https:\/\/www.hilase.cz\/en\/"},{"@type":"ListItem","position":2,"name":"Cooperation","item":"https:\/\/www.hilase.cz\/en\/cooperation\/"},{"@type":"ListItem","position":3,"name":"Students &#038; Graduates"}]},{"@type":"WebSite","@id":"https:\/\/www.hilase.cz\/#website","url":"https:\/\/www.hilase.cz\/","name":"HiLASE","description":"Hi-tech laserov\u00e9 v\u00fdzkumn\u00e9 centrum","potentialAction":[{"@type":"SearchAction","target":{"@type":"EntryPoint","urlTemplate":"https:\/\/www.hilase.cz\/?s={search_term_string}"},"query-input":{"@type":"PropertyValueSpecification","valueRequired":true,"valueName":"search_term_string"}}],"inLanguage":"en-US"}]}},"_links":{"self":[{"href":"https:\/\/www.hilase.cz\/en\/wp-json\/wp\/v2\/pages\/12047","targetHints":{"allow":["GET"]}}],"collection":[{"href":"https:\/\/www.hilase.cz\/en\/wp-json\/wp\/v2\/pages"}],"about":[{"href":"https:\/\/www.hilase.cz\/en\/wp-json\/wp\/v2\/types\/page"}],"author":[{"embeddable":true,"href":"https:\/\/www.hilase.cz\/en\/wp-json\/wp\/v2\/users\/10"}],"replies":[{"embeddable":true,"href":"https:\/\/www.hilase.cz\/en\/wp-json\/wp\/v2\/comments?post=12047"}],"version-history":[{"count":35,"href":"https:\/\/www.hilase.cz\/en\/wp-json\/wp\/v2\/pages\/12047\/revisions"}],"predecessor-version":[{"id":26325,"href":"https:\/\/www.hilase.cz\/en\/wp-json\/wp\/v2\/pages\/12047\/revisions\/26325"}],"up":[{"embeddable":true,"href":"https:\/\/www.hilase.cz\/en\/wp-json\/wp\/v2\/pages\/821"}],"wp:attachment":[{"href":"https:\/\/www.hilase.cz\/en\/wp-json\/wp\/v2\/media?parent=12047"}],"curies":[{"name":"wp","href":"https:\/\/api.w.org\/{rel}","templated":true}]}}