{"id":12126,"date":"2021-02-25T11:06:45","date_gmt":"2021-02-25T10:06:45","guid":{"rendered":"https:\/\/www.hilase.cz\/?page_id=12126"},"modified":"2022-06-28T11:28:18","modified_gmt":"2022-06-28T09:28:18","slug":"company-documents","status":"publish","type":"page","link":"https:\/\/www.hilase.cz\/en\/about-us\/company-documents\/","title":{"rendered":"Company Documents"},"content":{"rendered":"","protected":false},"excerpt":{"rendered":"","protected":false},"author":10,"featured_media":0,"parent":142,"menu_order":6,"comment_status":"closed","ping_status":"closed","template":"sekce.php","meta":{"_acf_changed":false,"_monsterinsights_skip_tracking":false,"_monsterinsights_sitenote_active":false,"_monsterinsights_sitenote_note":"","_monsterinsights_sitenote_category":0,"footnotes":""},"class_list":["post-12126","page","type-page","status-publish","hentry"],"acf":{"obsah":[{"acf_fc_layout":"ke_stazeni","nadpis":"","zvyraznit_nadpis":false,"soubory":[{"soubor":"https:\/\/www.hilase.cz\/wp-content\/uploads\/HiLASE_Strategie_440x290mm_20190902.pdf","popis":"HiLASE Centre Strategy"},{"soubor":"https:\/\/www.hilase.cz\/wp-content\/uploads\/Code_of_Ethics_HiLASE_Centre.pdf","popis":"Code of Ethics"},{"soubor":"https:\/\/www.hilase.cz\/wp-content\/uploads\/General-Terms-and-Conditions-HiLASE.pdf","popis":"General Terms and Conditions "},{"soubor":"https:\/\/www.hilase.cz\/wp-content\/uploads\/ISO-9001-certifikat-aj.pdf","popis":"ISO 9001 Certification | LIDT laboratory"},{"soubor":"https:\/\/www.hilase.cz\/wp-content\/uploads\/Research-TCs-HiLASE-Centre-ENG.pdf","popis":"Research Terms and Conditions"}]}],"banner_obrazek":"https:\/\/www.hilase.cz\/wp-content\/uploads\/Firemni-dokumenty_mt-2.png","banner_nadpis":""},"yoast_head":"<!-- This site is optimized with the Yoast SEO plugin v23.9 - https:\/\/yoast.com\/wordpress\/plugins\/seo\/ -->\n<title>Company Documents - HiLASE<\/title>\n<meta name=\"robots\" content=\"index, follow, max-snippet:-1, max-image-preview:large, max-video-preview:-1\" \/>\n<link rel=\"canonical\" href=\"https:\/\/www.hilase.cz\/en\/about-us\/company-documents\/\" \/>\n<meta property=\"og:locale\" content=\"en_US\" \/>\n<meta property=\"og:type\" content=\"article\" \/>\n<meta property=\"og:title\" content=\"Company Documents - HiLASE\" \/>\n<meta property=\"og:url\" content=\"https:\/\/www.hilase.cz\/en\/about-us\/company-documents\/\" \/>\n<meta property=\"og:site_name\" content=\"HiLASE\" \/>\n<meta property=\"article:modified_time\" content=\"2022-06-28T09:28:18+00:00\" \/>\n<meta name=\"twitter:card\" content=\"summary_large_image\" \/>\n<script type=\"application\/ld+json\" class=\"yoast-schema-graph\">{\"@context\":\"https:\/\/schema.org\",\"@graph\":[{\"@type\":\"WebPage\",\"@id\":\"https:\/\/www.hilase.cz\/en\/about-us\/company-documents\/\",\"url\":\"https:\/\/www.hilase.cz\/en\/about-us\/company-documents\/\",\"name\":\"Company Documents - HiLASE\",\"isPartOf\":{\"@id\":\"https:\/\/www.hilase.cz\/#website\"},\"datePublished\":\"2021-02-25T10:06:45+00:00\",\"dateModified\":\"2022-06-28T09:28:18+00:00\",\"breadcrumb\":{\"@id\":\"https:\/\/www.hilase.cz\/en\/about-us\/company-documents\/#breadcrumb\"},\"inLanguage\":\"en-US\",\"potentialAction\":[{\"@type\":\"ReadAction\",\"target\":[\"https:\/\/www.hilase.cz\/en\/about-us\/company-documents\/\"]}]},{\"@type\":\"BreadcrumbList\",\"@id\":\"https:\/\/www.hilase.cz\/en\/about-us\/company-documents\/#breadcrumb\",\"itemListElement\":[{\"@type\":\"ListItem\",\"position\":1,\"name\":\"Dom\u016f\",\"item\":\"https:\/\/www.hilase.cz\/en\/\"},{\"@type\":\"ListItem\",\"position\":2,\"name\":\"About Us\",\"item\":\"https:\/\/www.hilase.cz\/en\/about-us\/\"},{\"@type\":\"ListItem\",\"position\":3,\"name\":\"Company Documents\"}]},{\"@type\":\"WebSite\",\"@id\":\"https:\/\/www.hilase.cz\/#website\",\"url\":\"https:\/\/www.hilase.cz\/\",\"name\":\"HiLASE\",\"description\":\"Hi-tech laserov\u00e9 v\u00fdzkumn\u00e9 centrum\",\"potentialAction\":[{\"@type\":\"SearchAction\",\"target\":{\"@type\":\"EntryPoint\",\"urlTemplate\":\"https:\/\/www.hilase.cz\/?s={search_term_string}\"},\"query-input\":{\"@type\":\"PropertyValueSpecification\",\"valueRequired\":true,\"valueName\":\"search_term_string\"}}],\"inLanguage\":\"en-US\"}]}<\/script>\n<!-- \/ Yoast SEO plugin. -->","yoast_head_json":{"title":"Company Documents - HiLASE","robots":{"index":"index","follow":"follow","max-snippet":"max-snippet:-1","max-image-preview":"max-image-preview:large","max-video-preview":"max-video-preview:-1"},"canonical":"https:\/\/www.hilase.cz\/en\/about-us\/company-documents\/","og_locale":"en_US","og_type":"article","og_title":"Company Documents - HiLASE","og_url":"https:\/\/www.hilase.cz\/en\/about-us\/company-documents\/","og_site_name":"HiLASE","article_modified_time":"2022-06-28T09:28:18+00:00","twitter_card":"summary_large_image","schema":{"@context":"https:\/\/schema.org","@graph":[{"@type":"WebPage","@id":"https:\/\/www.hilase.cz\/en\/about-us\/company-documents\/","url":"https:\/\/www.hilase.cz\/en\/about-us\/company-documents\/","name":"Company Documents - HiLASE","isPartOf":{"@id":"https:\/\/www.hilase.cz\/#website"},"datePublished":"2021-02-25T10:06:45+00:00","dateModified":"2022-06-28T09:28:18+00:00","breadcrumb":{"@id":"https:\/\/www.hilase.cz\/en\/about-us\/company-documents\/#breadcrumb"},"inLanguage":"en-US","potentialAction":[{"@type":"ReadAction","target":["https:\/\/www.hilase.cz\/en\/about-us\/company-documents\/"]}]},{"@type":"BreadcrumbList","@id":"https:\/\/www.hilase.cz\/en\/about-us\/company-documents\/#breadcrumb","itemListElement":[{"@type":"ListItem","position":1,"name":"Dom\u016f","item":"https:\/\/www.hilase.cz\/en\/"},{"@type":"ListItem","position":2,"name":"About Us","item":"https:\/\/www.hilase.cz\/en\/about-us\/"},{"@type":"ListItem","position":3,"name":"Company Documents"}]},{"@type":"WebSite","@id":"https:\/\/www.hilase.cz\/#website","url":"https:\/\/www.hilase.cz\/","name":"HiLASE","description":"Hi-tech laserov\u00e9 v\u00fdzkumn\u00e9 centrum","potentialAction":[{"@type":"SearchAction","target":{"@type":"EntryPoint","urlTemplate":"https:\/\/www.hilase.cz\/?s={search_term_string}"},"query-input":{"@type":"PropertyValueSpecification","valueRequired":true,"valueName":"search_term_string"}}],"inLanguage":"en-US"}]}},"_links":{"self":[{"href":"https:\/\/www.hilase.cz\/en\/wp-json\/wp\/v2\/pages\/12126","targetHints":{"allow":["GET"]}}],"collection":[{"href":"https:\/\/www.hilase.cz\/en\/wp-json\/wp\/v2\/pages"}],"about":[{"href":"https:\/\/www.hilase.cz\/en\/wp-json\/wp\/v2\/types\/page"}],"author":[{"embeddable":true,"href":"https:\/\/www.hilase.cz\/en\/wp-json\/wp\/v2\/users\/10"}],"replies":[{"embeddable":true,"href":"https:\/\/www.hilase.cz\/en\/wp-json\/wp\/v2\/comments?post=12126"}],"version-history":[{"count":9,"href":"https:\/\/www.hilase.cz\/en\/wp-json\/wp\/v2\/pages\/12126\/revisions"}],"predecessor-version":[{"id":21615,"href":"https:\/\/www.hilase.cz\/en\/wp-json\/wp\/v2\/pages\/12126\/revisions\/21615"}],"up":[{"embeddable":true,"href":"https:\/\/www.hilase.cz\/en\/wp-json\/wp\/v2\/pages\/142"}],"wp:attachment":[{"href":"https:\/\/www.hilase.cz\/en\/wp-json\/wp\/v2\/media?parent=12126"}],"curies":[{"name":"wp","href":"https:\/\/api.w.org\/{rel}","templated":true}]}}