{"id":12301,"date":"2021-03-10T12:06:02","date_gmt":"2021-03-10T11:06:02","guid":{"rendered":"https:\/\/www.hilase.cz\/?page_id=12301"},"modified":"2023-03-22T21:30:57","modified_gmt":"2023-03-22T20:30:57","slug":"list-of-ph-d-thesis-topics","status":"publish","type":"page","link":"https:\/\/www.hilase.cz\/en\/list-of-ph-d-thesis-topics\/","title":{"rendered":"List of Ph.D. thesis topics 2023"},"content":{"rendered":"","protected":false},"excerpt":{"rendered":"","protected":false},"author":10,"featured_media":0,"parent":0,"menu_order":0,"comment_status":"closed","ping_status":"closed","template":"","meta":{"_acf_changed":false,"_monsterinsights_skip_tracking":false,"_monsterinsights_sitenote_active":false,"_monsterinsights_sitenote_note":"","_monsterinsights_sitenote_category":0,"footnotes":""},"class_list":["post-12301","page","type-page","status-publish","hentry"],"acf":{"obsah":[{"acf_fc_layout":"tabulka","nadpis":"","zvyraznit_nadpis":false,"typ":"multicol","tabulka":{"use_header":true,"header":[{"c":"TOPIC"},{"c":"SUPERVISOR"},{"c":"TEAM"}],"caption":false,"body":[[{"c":"Interference micropatterning for surface functionalization"},{"c":"Ing. Petr Hauschwitz, Ph.D."},{"c":"ILA"}],[{"c":"Real-time monitoring as a preparation for AI and machinelearning in laser\nmicromachining"},{"c":"Ing. Petr Hauschwitz, Ph.D."},{"c":"ILA"}],[{"c":"Advanced beam shaping for efficient micro\/nanostructuring"},{"c":"Ing. Petr Hauschwitz, Ph.D."},{"c":"ILA"}],[{"c":"Efficient micro\/nanostructuring using advanced beam manipulation technologies"},{"c":"Ing. Petr Hauschwitz, Ph.D."},{"c":"ILA"}]]}},{"acf_fc_layout":"zvyrazneni","zvyrazneni":"<p>Choosing the right topic of the dissertation work is the basis of success and one of the most important stages on the path to the successful completion of studies.<br \/>\nWhen choosing a topic, therefore, try to choose the one you are interested in and which is close to you.<br \/>\nIf none of the listed topics suits you and you would like to process <strong>YOUR OWN TOPIC<\/strong>, please, contact us at <a href=\"mailto:joinus@hilase.cz\">joinus@hilase.cz<\/a>.<\/p>\n"}]},"yoast_head":"<!-- This site is optimized with the Yoast SEO plugin v23.9 - https:\/\/yoast.com\/wordpress\/plugins\/seo\/ -->\n<title>List of Ph.D. thesis topics 2023 - HiLASE<\/title>\n<meta name=\"robots\" content=\"index, follow, max-snippet:-1, max-image-preview:large, max-video-preview:-1\" \/>\n<link rel=\"canonical\" href=\"https:\/\/www.hilase.cz\/en\/list-of-ph-d-thesis-topics\/\" \/>\n<meta property=\"og:locale\" content=\"en_US\" \/>\n<meta property=\"og:type\" content=\"article\" \/>\n<meta property=\"og:title\" content=\"List of Ph.D. thesis topics 2023 - HiLASE\" \/>\n<meta property=\"og:url\" content=\"https:\/\/www.hilase.cz\/en\/list-of-ph-d-thesis-topics\/\" \/>\n<meta property=\"og:site_name\" content=\"HiLASE\" \/>\n<meta property=\"article:modified_time\" content=\"2023-03-22T20:30:57+00:00\" \/>\n<meta name=\"twitter:card\" content=\"summary_large_image\" \/>\n<script type=\"application\/ld+json\" class=\"yoast-schema-graph\">{\"@context\":\"https:\/\/schema.org\",\"@graph\":[{\"@type\":\"WebPage\",\"@id\":\"https:\/\/www.hilase.cz\/en\/list-of-ph-d-thesis-topics\/\",\"url\":\"https:\/\/www.hilase.cz\/en\/list-of-ph-d-thesis-topics\/\",\"name\":\"List of Ph.D. thesis topics 2023 - HiLASE\",\"isPartOf\":{\"@id\":\"https:\/\/www.hilase.cz\/#website\"},\"datePublished\":\"2021-03-10T11:06:02+00:00\",\"dateModified\":\"2023-03-22T20:30:57+00:00\",\"breadcrumb\":{\"@id\":\"https:\/\/www.hilase.cz\/en\/list-of-ph-d-thesis-topics\/#breadcrumb\"},\"inLanguage\":\"en-US\",\"potentialAction\":[{\"@type\":\"ReadAction\",\"target\":[\"https:\/\/www.hilase.cz\/en\/list-of-ph-d-thesis-topics\/\"]}]},{\"@type\":\"BreadcrumbList\",\"@id\":\"https:\/\/www.hilase.cz\/en\/list-of-ph-d-thesis-topics\/#breadcrumb\",\"itemListElement\":[{\"@type\":\"ListItem\",\"position\":1,\"name\":\"Dom\u016f\",\"item\":\"https:\/\/www.hilase.cz\/en\/\"},{\"@type\":\"ListItem\",\"position\":2,\"name\":\"List of Ph.D. thesis topics 2023\"}]},{\"@type\":\"WebSite\",\"@id\":\"https:\/\/www.hilase.cz\/#website\",\"url\":\"https:\/\/www.hilase.cz\/\",\"name\":\"HiLASE\",\"description\":\"Hi-tech laserov\u00e9 v\u00fdzkumn\u00e9 centrum\",\"potentialAction\":[{\"@type\":\"SearchAction\",\"target\":{\"@type\":\"EntryPoint\",\"urlTemplate\":\"https:\/\/www.hilase.cz\/?s={search_term_string}\"},\"query-input\":{\"@type\":\"PropertyValueSpecification\",\"valueRequired\":true,\"valueName\":\"search_term_string\"}}],\"inLanguage\":\"en-US\"}]}<\/script>\n<!-- \/ Yoast SEO plugin. -->","yoast_head_json":{"title":"List of Ph.D. thesis topics 2023 - HiLASE","robots":{"index":"index","follow":"follow","max-snippet":"max-snippet:-1","max-image-preview":"max-image-preview:large","max-video-preview":"max-video-preview:-1"},"canonical":"https:\/\/www.hilase.cz\/en\/list-of-ph-d-thesis-topics\/","og_locale":"en_US","og_type":"article","og_title":"List of Ph.D. thesis topics 2023 - HiLASE","og_url":"https:\/\/www.hilase.cz\/en\/list-of-ph-d-thesis-topics\/","og_site_name":"HiLASE","article_modified_time":"2023-03-22T20:30:57+00:00","twitter_card":"summary_large_image","schema":{"@context":"https:\/\/schema.org","@graph":[{"@type":"WebPage","@id":"https:\/\/www.hilase.cz\/en\/list-of-ph-d-thesis-topics\/","url":"https:\/\/www.hilase.cz\/en\/list-of-ph-d-thesis-topics\/","name":"List of Ph.D. thesis topics 2023 - HiLASE","isPartOf":{"@id":"https:\/\/www.hilase.cz\/#website"},"datePublished":"2021-03-10T11:06:02+00:00","dateModified":"2023-03-22T20:30:57+00:00","breadcrumb":{"@id":"https:\/\/www.hilase.cz\/en\/list-of-ph-d-thesis-topics\/#breadcrumb"},"inLanguage":"en-US","potentialAction":[{"@type":"ReadAction","target":["https:\/\/www.hilase.cz\/en\/list-of-ph-d-thesis-topics\/"]}]},{"@type":"BreadcrumbList","@id":"https:\/\/www.hilase.cz\/en\/list-of-ph-d-thesis-topics\/#breadcrumb","itemListElement":[{"@type":"ListItem","position":1,"name":"Dom\u016f","item":"https:\/\/www.hilase.cz\/en\/"},{"@type":"ListItem","position":2,"name":"List of Ph.D. thesis topics 2023"}]},{"@type":"WebSite","@id":"https:\/\/www.hilase.cz\/#website","url":"https:\/\/www.hilase.cz\/","name":"HiLASE","description":"Hi-tech laserov\u00e9 v\u00fdzkumn\u00e9 centrum","potentialAction":[{"@type":"SearchAction","target":{"@type":"EntryPoint","urlTemplate":"https:\/\/www.hilase.cz\/?s={search_term_string}"},"query-input":{"@type":"PropertyValueSpecification","valueRequired":true,"valueName":"search_term_string"}}],"inLanguage":"en-US"}]}},"_links":{"self":[{"href":"https:\/\/www.hilase.cz\/en\/wp-json\/wp\/v2\/pages\/12301","targetHints":{"allow":["GET"]}}],"collection":[{"href":"https:\/\/www.hilase.cz\/en\/wp-json\/wp\/v2\/pages"}],"about":[{"href":"https:\/\/www.hilase.cz\/en\/wp-json\/wp\/v2\/types\/page"}],"author":[{"embeddable":true,"href":"https:\/\/www.hilase.cz\/en\/wp-json\/wp\/v2\/users\/10"}],"replies":[{"embeddable":true,"href":"https:\/\/www.hilase.cz\/en\/wp-json\/wp\/v2\/comments?post=12301"}],"version-history":[{"count":28,"href":"https:\/\/www.hilase.cz\/en\/wp-json\/wp\/v2\/pages\/12301\/revisions"}],"predecessor-version":[{"id":26321,"href":"https:\/\/www.hilase.cz\/en\/wp-json\/wp\/v2\/pages\/12301\/revisions\/26321"}],"wp:attachment":[{"href":"https:\/\/www.hilase.cz\/en\/wp-json\/wp\/v2\/media?parent=12301"}],"curies":[{"name":"wp","href":"https:\/\/api.w.org\/{rel}","templated":true}]}}