{"id":14053,"date":"2021-06-15T18:53:24","date_gmt":"2021-06-15T16:53:24","guid":{"rendered":"https:\/\/www.hilase.cz\/?page_id=14053"},"modified":"2023-04-21T12:35:40","modified_gmt":"2023-04-21T10:35:40","slug":"list-of-ph-d-theses-defended-by-hilase-employees","status":"publish","type":"page","link":"https:\/\/www.hilase.cz\/en\/list-of-ph-d-theses-defended-by-hilase-employees\/","title":{"rendered":"List of Ph.D. theses defended by HiLASE employees"},"content":{"rendered":"","protected":false},"excerpt":{"rendered":"","protected":false},"author":10,"featured_media":0,"parent":0,"menu_order":0,"comment_status":"closed","ping_status":"closed","template":"","meta":{"_acf_changed":false,"_monsterinsights_skip_tracking":false,"_monsterinsights_sitenote_active":false,"_monsterinsights_sitenote_note":"","_monsterinsights_sitenote_category":0,"footnotes":""},"class_list":["post-14053","page","type-page","status-publish","hentry"],"acf":{"obsah":[{"acf_fc_layout":"tabulka","nadpis":"","zvyraznit_nadpis":false,"typ":"multicol","tabulka":{"use_header":false,"header":false,"caption":false,"body":[[{"c":"<span class=\"txt-primary\"> <b>TEAM <\/b><\/span> "},{"c":"<span class=\"txt-primary\"> <b>TITLE OF THESIS <\/b><\/span> "},{"c":"<span class=\"txt-primary\"> <b>AUTHOR <\/b><\/span> "},{"c":"<span class=\"txt-primary\"> <b>YEAR <\/b><\/span> "}],[{"c":"ILA"},{"c":"Formation of surface structures by femtosecond laser pulses for applications"},{"c":"Laura Gemini"},{"c":"2015"}],[{"c":"ILA"},{"c":"Effect of laser shock processing technology on surface integrity"},{"c":"Jan Brajer"},{"c":"2018"}],[{"c":"ILA"},{"c":"Large surface functionalization by laser-induced micro and nanostructures"},{"c":"Petr Hauschwitz"},{"c":"2021"}],[{"c":"ILA"},{"c":"Influence of Laser Shock Peening on Corrosion resistance and Stress Corrosion Cracking of Aluminium Alloys"},{"c":"Jan Kaufman"},{"c":"2021"}],[{"c":"HESL"},{"c":"Disperzn\u00ed syst\u00e9my pro velmi kr\u00e1tk\u00e9 optick\u00e9 pulzy"},{"c":"Martin Divok\u00fd"},{"c":"2012"}],[{"c":"HESL"},{"c":"Advanced pumping of diode pumped repetition rate lasers"},{"c":"Magdalena Sawick\u00e1-Chyla"},{"c":"2015"}],[{"c":"HESL"},{"c":"Adaptive optics systems for high average power lasers"},{"c":"Jan Pila\u0159"},{"c":"2017"}],[{"c":"HESL"},{"c":"Self-pulsing and self-sweeping of fiber laser wavelength"},{"c":"Petr Navr\u00e1til"},{"c":"2018"}],[{"c":"HESL"},{"c":"Optimalizace Yb:YAG tenk\u00e9ho disku pro vysokov\u00fdkonov\u00e9 zesilova\u010de"},{"c":"Patricie Severov\u00e1"},{"c":"2019"}],[{"c":"ALD"},{"c":"Regenerative thin-disk amplifier for high-power kW-class laser"},{"c":"Michal Chyla"},{"c":"2015"}],[{"c":"ALD"},{"c":"Research on compact and high beam quality cryogenically cooled picosecond laser amplifiers"},{"c":"Pawel Sikocinski"},{"c":"2017"}],[{"c":"ALD"},{"c":"Study on development of compact kilohertz joule level laser amplifier at room temperature"},{"c":"Siva Sankar Nagisetty"},{"c":"2021"}],[{"c":"ALD"},{"c":"Absorption of EUV radiation in matter and related processes"},{"c":"Chiara Liberatore"},{"c":"2015"}],[{"c":"ALD"},{"c":"Diagnostika \u010dasov\u00e9ho pr\u016fb\u011bhu velmi kr\u00e1tk\u00fdch optick\u00fdch puls\u016f"},{"c":"Martin Smr\u017e"},{"c":"2012"}],[{"c":"ALD"},{"c":"Optick\u00e9 parametrick\u00e9 zesilov\u00e1n\u00ed \u010derpovan\u00fdch impuls\u016f v neline\u00e1rn\u00edch krystalech \u010derpan\u00fdch j\u00f3dov\u00fdm fotodisocia\u010dn\u00edm laserem"},{"c":"Ond\u0159ej Nov\u00e1k"},{"c":"2013"}],[{"c":"ALD"},{"c":"Navrh metody pro automatickou navigaci laserovych svazku na injektovane IFE terce s prihlednutm k moznemu vyuzit SBS PCM"},{"c":"Ond\u0159ej Slez\u00e1k"},{"c":"2012"}],[{"c":"ALD"},{"c":"Two-way Time Transfer method using optical communication links based on single photon counting"},{"c":"Pavel Troj\u00e1nek"},{"c":"2020"}],[{"c":"ALD"},{"c":"Rare Earth doped fiber lasers for spectral region about 2 micrometers"},{"c":"Michael P\u00edsa\u0159\u00edk"},{"c":"2016"}],[{"c":"ALD"},{"c":"Development of a cryogenic 2 \u03bcm multi-pass amplifier in nanosecond regime"},{"c":"Fangxin Yue"},{"c":"2021"}],[{"c":"ALD"},{"c":"Development of High-Repetition-Rate Picosecond Thin-Disk Lasers"},{"c":"Ji\u0159\u00ed Mu\u017e\u00edk"},{"c":"2021"}],[{"c":"SLA"},{"c":"The Role of Optical and Thermophysical Properties of Metals in the Process of Energy Absorption of Ultrashort Laser Pulses"},{"c":"Sergei Lizunov"},{"c":"2022"}],[{"c":"ALD"},{"c":"Wavefront Correction for Mid-IR Laser"},{"c":"Huang Zhoe"},{"c":"2023"}]]}},{"acf_fc_layout":"text","text":"","oddelovace":"none"}]},"yoast_head":"<!-- This site is optimized with the Yoast SEO plugin v23.9 - https:\/\/yoast.com\/wordpress\/plugins\/seo\/ -->\n<title>List of Ph.D. theses defended by HiLASE employees - HiLASE<\/title>\n<meta name=\"robots\" content=\"index, follow, max-snippet:-1, max-image-preview:large, max-video-preview:-1\" \/>\n<link rel=\"canonical\" href=\"https:\/\/www.hilase.cz\/en\/list-of-ph-d-theses-defended-by-hilase-employees\/\" \/>\n<meta property=\"og:locale\" content=\"en_US\" \/>\n<meta property=\"og:type\" content=\"article\" \/>\n<meta property=\"og:title\" content=\"List of Ph.D. theses defended by HiLASE employees - HiLASE\" \/>\n<meta property=\"og:url\" content=\"https:\/\/www.hilase.cz\/en\/list-of-ph-d-theses-defended-by-hilase-employees\/\" \/>\n<meta property=\"og:site_name\" content=\"HiLASE\" \/>\n<meta property=\"article:modified_time\" content=\"2023-04-21T10:35:40+00:00\" \/>\n<meta name=\"twitter:card\" content=\"summary_large_image\" \/>\n<script type=\"application\/ld+json\" class=\"yoast-schema-graph\">{\"@context\":\"https:\/\/schema.org\",\"@graph\":[{\"@type\":\"WebPage\",\"@id\":\"https:\/\/www.hilase.cz\/en\/list-of-ph-d-theses-defended-by-hilase-employees\/\",\"url\":\"https:\/\/www.hilase.cz\/en\/list-of-ph-d-theses-defended-by-hilase-employees\/\",\"name\":\"List of Ph.D. theses defended by HiLASE employees - HiLASE\",\"isPartOf\":{\"@id\":\"https:\/\/www.hilase.cz\/#website\"},\"datePublished\":\"2021-06-15T16:53:24+00:00\",\"dateModified\":\"2023-04-21T10:35:40+00:00\",\"breadcrumb\":{\"@id\":\"https:\/\/www.hilase.cz\/en\/list-of-ph-d-theses-defended-by-hilase-employees\/#breadcrumb\"},\"inLanguage\":\"en-US\",\"potentialAction\":[{\"@type\":\"ReadAction\",\"target\":[\"https:\/\/www.hilase.cz\/en\/list-of-ph-d-theses-defended-by-hilase-employees\/\"]}]},{\"@type\":\"BreadcrumbList\",\"@id\":\"https:\/\/www.hilase.cz\/en\/list-of-ph-d-theses-defended-by-hilase-employees\/#breadcrumb\",\"itemListElement\":[{\"@type\":\"ListItem\",\"position\":1,\"name\":\"Dom\u016f\",\"item\":\"https:\/\/www.hilase.cz\/en\/\"},{\"@type\":\"ListItem\",\"position\":2,\"name\":\"List of Ph.D. theses defended by HiLASE employees\"}]},{\"@type\":\"WebSite\",\"@id\":\"https:\/\/www.hilase.cz\/#website\",\"url\":\"https:\/\/www.hilase.cz\/\",\"name\":\"HiLASE\",\"description\":\"Hi-tech laserov\u00e9 v\u00fdzkumn\u00e9 centrum\",\"potentialAction\":[{\"@type\":\"SearchAction\",\"target\":{\"@type\":\"EntryPoint\",\"urlTemplate\":\"https:\/\/www.hilase.cz\/?s={search_term_string}\"},\"query-input\":{\"@type\":\"PropertyValueSpecification\",\"valueRequired\":true,\"valueName\":\"search_term_string\"}}],\"inLanguage\":\"en-US\"}]}<\/script>\n<!-- \/ Yoast SEO plugin. -->","yoast_head_json":{"title":"List of Ph.D. theses defended by HiLASE employees - HiLASE","robots":{"index":"index","follow":"follow","max-snippet":"max-snippet:-1","max-image-preview":"max-image-preview:large","max-video-preview":"max-video-preview:-1"},"canonical":"https:\/\/www.hilase.cz\/en\/list-of-ph-d-theses-defended-by-hilase-employees\/","og_locale":"en_US","og_type":"article","og_title":"List of Ph.D. theses defended by HiLASE employees - HiLASE","og_url":"https:\/\/www.hilase.cz\/en\/list-of-ph-d-theses-defended-by-hilase-employees\/","og_site_name":"HiLASE","article_modified_time":"2023-04-21T10:35:40+00:00","twitter_card":"summary_large_image","schema":{"@context":"https:\/\/schema.org","@graph":[{"@type":"WebPage","@id":"https:\/\/www.hilase.cz\/en\/list-of-ph-d-theses-defended-by-hilase-employees\/","url":"https:\/\/www.hilase.cz\/en\/list-of-ph-d-theses-defended-by-hilase-employees\/","name":"List of Ph.D. theses defended by HiLASE employees - HiLASE","isPartOf":{"@id":"https:\/\/www.hilase.cz\/#website"},"datePublished":"2021-06-15T16:53:24+00:00","dateModified":"2023-04-21T10:35:40+00:00","breadcrumb":{"@id":"https:\/\/www.hilase.cz\/en\/list-of-ph-d-theses-defended-by-hilase-employees\/#breadcrumb"},"inLanguage":"en-US","potentialAction":[{"@type":"ReadAction","target":["https:\/\/www.hilase.cz\/en\/list-of-ph-d-theses-defended-by-hilase-employees\/"]}]},{"@type":"BreadcrumbList","@id":"https:\/\/www.hilase.cz\/en\/list-of-ph-d-theses-defended-by-hilase-employees\/#breadcrumb","itemListElement":[{"@type":"ListItem","position":1,"name":"Dom\u016f","item":"https:\/\/www.hilase.cz\/en\/"},{"@type":"ListItem","position":2,"name":"List of Ph.D. theses defended by HiLASE employees"}]},{"@type":"WebSite","@id":"https:\/\/www.hilase.cz\/#website","url":"https:\/\/www.hilase.cz\/","name":"HiLASE","description":"Hi-tech laserov\u00e9 v\u00fdzkumn\u00e9 centrum","potentialAction":[{"@type":"SearchAction","target":{"@type":"EntryPoint","urlTemplate":"https:\/\/www.hilase.cz\/?s={search_term_string}"},"query-input":{"@type":"PropertyValueSpecification","valueRequired":true,"valueName":"search_term_string"}}],"inLanguage":"en-US"}]}},"_links":{"self":[{"href":"https:\/\/www.hilase.cz\/en\/wp-json\/wp\/v2\/pages\/14053","targetHints":{"allow":["GET"]}}],"collection":[{"href":"https:\/\/www.hilase.cz\/en\/wp-json\/wp\/v2\/pages"}],"about":[{"href":"https:\/\/www.hilase.cz\/en\/wp-json\/wp\/v2\/types\/page"}],"author":[{"embeddable":true,"href":"https:\/\/www.hilase.cz\/en\/wp-json\/wp\/v2\/users\/10"}],"replies":[{"embeddable":true,"href":"https:\/\/www.hilase.cz\/en\/wp-json\/wp\/v2\/comments?post=14053"}],"version-history":[{"count":10,"href":"https:\/\/www.hilase.cz\/en\/wp-json\/wp\/v2\/pages\/14053\/revisions"}],"predecessor-version":[{"id":26852,"href":"https:\/\/www.hilase.cz\/en\/wp-json\/wp\/v2\/pages\/14053\/revisions\/26852"}],"wp:attachment":[{"href":"https:\/\/www.hilase.cz\/en\/wp-json\/wp\/v2\/media?parent=14053"}],"curies":[{"name":"wp","href":"https:\/\/api.w.org\/{rel}","templated":true}]}}