{"id":142,"date":"2018-03-14T19:47:21","date_gmt":"2018-03-14T18:47:21","guid":{"rendered":"http:\/\/www.hilase.cz\/?page_id=142"},"modified":"2025-11-24T13:49:16","modified_gmt":"2025-11-24T12:49:16","slug":"about-us","status":"publish","type":"page","link":"https:\/\/www.hilase.cz\/en\/about-us\/","title":{"rendered":"About Us"},"content":{"rendered":"","protected":false},"excerpt":{"rendered":"","protected":false},"author":1,"featured_media":0,"parent":0,"menu_order":0,"comment_status":"closed","ping_status":"closed","template":"sekce.php","meta":{"_acf_changed":false,"_monsterinsights_skip_tracking":false,"_monsterinsights_sitenote_active":false,"_monsterinsights_sitenote_note":"","_monsterinsights_sitenote_category":0,"footnotes":""},"class_list":["post-142","page","type-page","status-publish","hentry"],"acf":{"obsah":[{"acf_fc_layout":"text","text":"<p><span data-olk-copy-source=\"MessageBody\">HiLASE Centre is a <strong>hi-tech laser research centre<\/strong> focused on the application of innovative laser technologies in <strong>industry<\/strong>, <strong>space<\/strong> and <strong>defence<\/strong>.<\/span><\/p>\n<p><img decoding=\"async\" src=\"https:\/\/www.hilase.cz\/wp-content\/uploads\/High-tech-Laser-Manufacturing-Technologies-6.png\" \/><\/p>\n<div class=\"x_elementToProof\">\n<p>We are part of the <a href=\"https:\/\/www.fzu.cz\/home\"><strong>Institute of Physics of the Czech Academy of Sciences<\/strong><\/a>, which enables us to root our applied solutions in the latest academic research and practice. We are based in Doln\u00ed B\u0159e\u017eany, just outside of Prague, in the <strong>Science and Technology Advanced Region (<a href=\"https:\/\/www.star-cluster.cz\/\">STAR<\/a>)<\/strong>, surrounded by top-notch research institutions and innovative businesses that share our vision.<\/p>\n<p>HiLASE Centre collaborates with leading research and industry representatives from various sectors globally &#8211; from optics manufacturing to the automotive industry. Together, we create <strong>advanced laser solutions<\/strong> and build <strong>long-term collaborations<\/strong>.<\/p>\n<div><em>&#8220;<span class=\"a_GcMg font-feature-liga-off font-feature-clig-off font-feature-calt-off text-decoration-none text-strikethrough-none\">The HiLASE Centre wants to become one of the respected leaders in the application of <\/span><span class=\"a_GcMg font-feature-liga-off font-feature-clig-off font-feature-calt-off text-decoration-none text-strikethrough-none\">high-power lasers<\/span><span class=\"a_GcMg font-feature-liga-off font-feature-clig-off font-feature-calt-off text-decoration-none text-strikethrough-none\">. Our ambition is to be the R&amp;D Partner of first choice for companies <span class=\"a_GcMg font-feature-liga-off font-feature-clig-off font-feature-calt-off text-decoration-none text-strikethrough-none\">and research organisations looking for innovative laser technologies and solutions, both <\/span><span class=\"a_GcMg font-feature-liga-off font-feature-clig-off font-feature-calt-off text-decoration-none text-strikethrough-none\">on Earth and in Space.<\/span><\/span>&#8220;<\/em> &#8211;<strong> Tom\u00e1\u0161 Mocek<\/strong>, head of the HiLASE Centre<\/div>\n<\/div>\n","oddelovace":"none"},{"acf_fc_layout":"text","text":"<div class=\"x_elementToProof\">\n<div><img decoding=\"async\" src=\"https:\/\/www.hilase.cz\/wp-content\/uploads\/NASE-HODNOTY-1.png\" \/><\/div>\n<p>&nbsp;<\/p>\n<div class=\"x_elementToProof\">Our organisation is based on four values shared by all HiLASIANS:<\/div>\n<ul data-editing-info=\"{&quot;applyListStyleFromLevel&quot;:true}\">\n<li>\n<div class=\"x_elementToProof\" role=\"presentation\"><strong>Courage<\/strong>: we are unafraid to come up with new, ambitious ideas.<\/div>\n<\/li>\n<li>\n<div class=\"x_elementToProof\" role=\"presentation\"><strong>Collaboration<\/strong>: we are in this together and share our successes with excitement.<\/div>\n<\/li>\n<li>\n<div class=\"x_elementToProof\" role=\"presentation\"><strong>Responsibility<\/strong>: we are aware of the impact of our actions on the whole Centre and know how to defend our results.<\/div>\n<\/li>\n<li>\n<div class=\"x_elementToProof\" role=\"presentation\"><strong>Freedom<\/strong>: we give each other space to express our oppinions.<\/div>\n<\/li>\n<\/ul>\n<\/div>\n<div style=\"text-align: center; margin-top: 20px;\"><a style=\"display: inline-block; background-color: #00afee; color: #ffffff; text-decoration: none; padding: 14px 36px; font-size: 1.25rem; font-weight: 600; border-radius: 8px; box-shadow: 0 6px 18px rgba(0,0,0,0.12); transition: transform 150ms ease, box-shadow 150ms ease;\" href=\"https:\/\/career.hilase.cz\/en\/positions\/\" aria-label=\"P\u0159ej\u00edt na voln\u00e9 pozice\">VACANCIES<br \/>\n<\/a><\/div>\n","oddelovace":"none"},{"acf_fc_layout":"pribeh","obrazek":{"ID":5048,"id":5048,"title":"copy fTom\u00e1\u0161 Mocek(vedouc\u00ed centra HiLase)_2017 - 04 - 28 - HiLase_Robert Jan Smits_foto skys (2)","filename":"copy-fTom\u00e1\u0161-Mocekvedouc\u00ed-centra-HiLase_2017-04-28-HiLase_Robert-Jan-Smits_foto-skys-2.jpg","filesize":1223815,"url":"https:\/\/www.hilase.cz\/wp-content\/uploads\/copy-fTom\u00e1\u0161-Mocekvedouc\u00ed-centra-HiLase_2017-04-28-HiLase_Robert-Jan-Smits_foto-skys-2.jpg","link":"https:\/\/www.hilase.cz\/en\/about-us\/copy-ftomas-mocekvedouci-centra-hilase_2017-04-28-hilase_robert-jan-smits_foto-skys-2\/","alt":"","author":"15","description":"","caption":"","name":"copy-ftomas-mocekvedouci-centra-hilase_2017-04-28-hilase_robert-jan-smits_foto-skys-2","status":"inherit","uploaded_to":142,"date":"2019-01-30 07:41:16","modified":"2019-01-30 07:41:23","menu_order":0,"mime_type":"image\/jpeg","type":"image","subtype":"jpeg","icon":"https:\/\/www.hilase.cz\/wp-includes\/images\/media\/default.png","width":3924,"height":3701,"sizes":{"thumbnail":"https:\/\/www.hilase.cz\/wp-content\/uploads\/copy-fTom\u00e1\u0161-Mocekvedouc\u00ed-centra-HiLase_2017-04-28-HiLase_Robert-Jan-Smits_foto-skys-2-175x175.jpg","thumbnail-width":175,"thumbnail-height":175,"medium":"https:\/\/www.hilase.cz\/wp-content\/uploads\/copy-fTom\u00e1\u0161-Mocekvedouc\u00ed-centra-HiLase_2017-04-28-HiLase_Robert-Jan-Smits_foto-skys-2-600x566.jpg","medium-width":600,"medium-height":566,"medium_large":"https:\/\/www.hilase.cz\/wp-content\/uploads\/copy-fTom\u00e1\u0161-Mocekvedouc\u00ed-centra-HiLase_2017-04-28-HiLase_Robert-Jan-Smits_foto-skys-2-768x724.jpg","medium_large-width":768,"medium_large-height":724,"large":"https:\/\/www.hilase.cz\/wp-content\/uploads\/copy-fTom\u00e1\u0161-Mocekvedouc\u00ed-centra-HiLase_2017-04-28-HiLase_Robert-Jan-Smits_foto-skys-2-1800x1698.jpg","large-width":1800,"large-height":1698,"1536x1536":"https:\/\/www.hilase.cz\/wp-content\/uploads\/copy-fTom\u00e1\u0161-Mocekvedouc\u00ed-centra-HiLase_2017-04-28-HiLase_Robert-Jan-Smits_foto-skys-2.jpg","1536x1536-width":1536,"1536x1536-height":1449,"2048x2048":"https:\/\/www.hilase.cz\/wp-content\/uploads\/copy-fTom\u00e1\u0161-Mocekvedouc\u00ed-centra-HiLase_2017-04-28-HiLase_Robert-Jan-Smits_foto-skys-2.jpg","2048x2048-width":2048,"2048x2048-height":1932,"image":"https:\/\/www.hilase.cz\/wp-content\/uploads\/copy-fTom\u00e1\u0161-Mocekvedouc\u00ed-centra-HiLase_2017-04-28-HiLase_Robert-Jan-Smits_foto-skys-2-1170x484.jpg","image-width":1170,"image-height":484,"gallery":"https:\/\/www.hilase.cz\/wp-content\/uploads\/copy-fTom\u00e1\u0161-Mocekvedouc\u00ed-centra-HiLase_2017-04-28-HiLase_Robert-Jan-Smits_foto-skys-2-273x210.jpg","gallery-width":273,"gallery-height":210,"card":"https:\/\/www.hilase.cz\/wp-content\/uploads\/copy-fTom\u00e1\u0161-Mocekvedouc\u00ed-centra-HiLase_2017-04-28-HiLase_Robert-Jan-Smits_foto-skys-2-740x390.jpg","card-width":740,"card-height":390,"square":"https:\/\/www.hilase.cz\/wp-content\/uploads\/copy-fTom\u00e1\u0161-Mocekvedouc\u00ed-centra-HiLase_2017-04-28-HiLase_Robert-Jan-Smits_foto-skys-2-360x360.jpg","square-width":360,"square-height":360}},"nadpis":"Tomas Mocek, Head of HiLASE Centre","zvyraznit_nadpis":false,"text":"Tomas received his Ph.D. in Physics from the Korea Advanced Institute of Science and Technology (KAIST) in 2000. His research expertise includes development of high\u2010average power diode\u2010pumped solid state lasers for hi-tech applications, EUV sources, high\u2010order harmonic generation, laser acceleration of particles, dense plasma diagnostics, optical\u2010field ionization, X\u2010ray lasers, and spectroscopy of laser plasma. He has authored\/co-authored more than 150 papers in peer-reviewed journals with impact factor, which acquired over 2500 citations. He was awarded by the \u201cPrize of Josef Hl\u00e1vka\u201d in 2000, and by the \u201cOtto Wichterle Award\u201d in 2005."},{"acf_fc_layout":"video","video_iframe":"<iframe width=\"560\" height=\"315\" src=\"https:\/\/www.youtube.com\/embed\/rl_Wz-KUAgk\" title=\"YouTube video player\" frameborder=\"0\" allow=\"accelerometer; autoplay; clipboard-write; encrypted-media; gyroscope; picture-in-picture\" allowfullscreen><\/iframe>"}],"banner_nadpis":"<strong>CREATING SUPERLASERS FOR THE REAL WORLD<\/strong>","banner_obrazek":"https:\/\/www.hilase.cz\/wp-content\/uploads\/Navrh-bez-nazvu-73.png"},"yoast_head":"<!-- This site is optimized with the Yoast SEO plugin v23.9 - https:\/\/yoast.com\/wordpress\/plugins\/seo\/ -->\n<title>About Us - HiLASE<\/title>\n<meta name=\"robots\" content=\"index, follow, max-snippet:-1, max-image-preview:large, max-video-preview:-1\" \/>\n<link rel=\"canonical\" href=\"https:\/\/www.hilase.cz\/en\/about-us\/\" \/>\n<meta property=\"og:locale\" content=\"en_US\" \/>\n<meta property=\"og:type\" content=\"article\" \/>\n<meta property=\"og:title\" content=\"About Us - HiLASE\" \/>\n<meta property=\"og:url\" content=\"https:\/\/www.hilase.cz\/en\/about-us\/\" \/>\n<meta property=\"og:site_name\" content=\"HiLASE\" \/>\n<meta property=\"article:modified_time\" content=\"2025-11-24T12:49:16+00:00\" \/>\n<meta name=\"twitter:card\" content=\"summary_large_image\" \/>\n<script type=\"application\/ld+json\" class=\"yoast-schema-graph\">{\"@context\":\"https:\/\/schema.org\",\"@graph\":[{\"@type\":\"WebPage\",\"@id\":\"https:\/\/www.hilase.cz\/en\/about-us\/\",\"url\":\"https:\/\/www.hilase.cz\/en\/about-us\/\",\"name\":\"About Us - HiLASE\",\"isPartOf\":{\"@id\":\"https:\/\/www.hilase.cz\/#website\"},\"datePublished\":\"2018-03-14T18:47:21+00:00\",\"dateModified\":\"2025-11-24T12:49:16+00:00\",\"breadcrumb\":{\"@id\":\"https:\/\/www.hilase.cz\/en\/about-us\/#breadcrumb\"},\"inLanguage\":\"en-US\",\"potentialAction\":[{\"@type\":\"ReadAction\",\"target\":[\"https:\/\/www.hilase.cz\/en\/about-us\/\"]}]},{\"@type\":\"BreadcrumbList\",\"@id\":\"https:\/\/www.hilase.cz\/en\/about-us\/#breadcrumb\",\"itemListElement\":[{\"@type\":\"ListItem\",\"position\":1,\"name\":\"Dom\u016f\",\"item\":\"https:\/\/www.hilase.cz\/en\/\"},{\"@type\":\"ListItem\",\"position\":2,\"name\":\"About Us\"}]},{\"@type\":\"WebSite\",\"@id\":\"https:\/\/www.hilase.cz\/#website\",\"url\":\"https:\/\/www.hilase.cz\/\",\"name\":\"HiLASE\",\"description\":\"Hi-tech laserov\u00e9 v\u00fdzkumn\u00e9 centrum\",\"potentialAction\":[{\"@type\":\"SearchAction\",\"target\":{\"@type\":\"EntryPoint\",\"urlTemplate\":\"https:\/\/www.hilase.cz\/?s={search_term_string}\"},\"query-input\":{\"@type\":\"PropertyValueSpecification\",\"valueRequired\":true,\"valueName\":\"search_term_string\"}}],\"inLanguage\":\"en-US\"}]}<\/script>\n<!-- \/ Yoast SEO plugin. -->","yoast_head_json":{"title":"About Us - HiLASE","robots":{"index":"index","follow":"follow","max-snippet":"max-snippet:-1","max-image-preview":"max-image-preview:large","max-video-preview":"max-video-preview:-1"},"canonical":"https:\/\/www.hilase.cz\/en\/about-us\/","og_locale":"en_US","og_type":"article","og_title":"About Us - HiLASE","og_url":"https:\/\/www.hilase.cz\/en\/about-us\/","og_site_name":"HiLASE","article_modified_time":"2025-11-24T12:49:16+00:00","twitter_card":"summary_large_image","schema":{"@context":"https:\/\/schema.org","@graph":[{"@type":"WebPage","@id":"https:\/\/www.hilase.cz\/en\/about-us\/","url":"https:\/\/www.hilase.cz\/en\/about-us\/","name":"About Us - HiLASE","isPartOf":{"@id":"https:\/\/www.hilase.cz\/#website"},"datePublished":"2018-03-14T18:47:21+00:00","dateModified":"2025-11-24T12:49:16+00:00","breadcrumb":{"@id":"https:\/\/www.hilase.cz\/en\/about-us\/#breadcrumb"},"inLanguage":"en-US","potentialAction":[{"@type":"ReadAction","target":["https:\/\/www.hilase.cz\/en\/about-us\/"]}]},{"@type":"BreadcrumbList","@id":"https:\/\/www.hilase.cz\/en\/about-us\/#breadcrumb","itemListElement":[{"@type":"ListItem","position":1,"name":"Dom\u016f","item":"https:\/\/www.hilase.cz\/en\/"},{"@type":"ListItem","position":2,"name":"About Us"}]},{"@type":"WebSite","@id":"https:\/\/www.hilase.cz\/#website","url":"https:\/\/www.hilase.cz\/","name":"HiLASE","description":"Hi-tech laserov\u00e9 v\u00fdzkumn\u00e9 centrum","potentialAction":[{"@type":"SearchAction","target":{"@type":"EntryPoint","urlTemplate":"https:\/\/www.hilase.cz\/?s={search_term_string}"},"query-input":{"@type":"PropertyValueSpecification","valueRequired":true,"valueName":"search_term_string"}}],"inLanguage":"en-US"}]}},"_links":{"self":[{"href":"https:\/\/www.hilase.cz\/en\/wp-json\/wp\/v2\/pages\/142","targetHints":{"allow":["GET"]}}],"collection":[{"href":"https:\/\/www.hilase.cz\/en\/wp-json\/wp\/v2\/pages"}],"about":[{"href":"https:\/\/www.hilase.cz\/en\/wp-json\/wp\/v2\/types\/page"}],"author":[{"embeddable":true,"href":"https:\/\/www.hilase.cz\/en\/wp-json\/wp\/v2\/users\/1"}],"replies":[{"embeddable":true,"href":"https:\/\/www.hilase.cz\/en\/wp-json\/wp\/v2\/comments?post=142"}],"version-history":[{"count":41,"href":"https:\/\/www.hilase.cz\/en\/wp-json\/wp\/v2\/pages\/142\/revisions"}],"predecessor-version":[{"id":37963,"href":"https:\/\/www.hilase.cz\/en\/wp-json\/wp\/v2\/pages\/142\/revisions\/37963"}],"wp:attachment":[{"href":"https:\/\/www.hilase.cz\/en\/wp-json\/wp\/v2\/media?parent=142"}],"curies":[{"name":"wp","href":"https:\/\/api.w.org\/{rel}","templated":true}]}}