{"id":18046,"date":"2019-07-23T13:55:52","date_gmt":"2019-07-23T11:55:52","guid":{"rendered":"https:\/\/www.hilase.cz\/hledame-nove-talenty\/"},"modified":"2022-01-26T13:27:46","modified_gmt":"2022-01-26T12:27:46","slug":"hledame-nove-talenty","status":"publish","type":"page","link":"https:\/\/www.hilase.cz\/en\/hledame-nove-talenty\/","title":{"rendered":"We are looking for new talents"},"content":{"rendered":"","protected":false},"excerpt":{"rendered":"","protected":false},"author":15,"featured_media":0,"parent":0,"menu_order":0,"comment_status":"closed","ping_status":"closed","template":"","meta":{"_acf_changed":false,"_monsterinsights_skip_tracking":false,"_monsterinsights_sitenote_active":false,"_monsterinsights_sitenote_note":"","_monsterinsights_sitenote_category":0,"footnotes":""},"class_list":["post-18046","page","type-page","status-publish","hentry"],"acf":{"obsah":[{"acf_fc_layout":"text","text":"<p>The HiLASE Laser Centre offers talented university students the opportunity for paid student internships, during which they will work on the topic of their bachelor&#8217;s, diploma or rigorous thesis.<\/p>\n<h2>How does it work?<\/h2>\n<p>Choose your bachelor&#8217;s or master&#8217;s thesis topic with us and apply online at <a href=\"mailto:joinus@hilase.cz\">joinus@hilase.cz<\/a>. Your application will be assessed by our team of researchers. If you are selected, you will become a member of our team and gain invaluable experience working with a team of local and international collaborators. Most often we employ students and graduates of <a href=\"https:\/\/www.fjfi.cvut.cz\/en\/faculty\">Faculty of Nuclear Sciences &amp; <\/a><a href=\"https:\/\/www.fjfi.cvut.cz\/en\/faculty\">Physical Engineering<\/a>, <a href=\"https:\/\/www.fbmi.cvut.cz\/en\">FBMI CTU<\/a>, <a href=\"https:\/\/fel.cvut.cz\/en\/\">Faculty of Electrical Engineering CTU<\/a>, <a href=\"https:\/\/www.fs.cvut.cz\/en\/home\/\">Faculty of Mechanical Engineering CTU<\/a>, <a href=\"https:\/\/www.mff.cuni.cz\/en\">Faculty of Mathematics and Physic &#8211; Charles University<\/a>, <a href=\"https:\/\/www.fei.vsb.cz\/en\">FEI VSB-TUO Ostrava<\/a>. However, we are happy to meet candidates from other technical fields and universities as well.<\/p>\n","oddelovace":"none"},{"acf_fc_layout":"galerie","galerie":[{"ID":18863,"id":18863,"title":"DSC02695","filename":"DSC02695.jpg","filesize":297422,"url":"https:\/\/www.hilase.cz\/wp-content\/uploads\/DSC02695.jpg","link":"https:\/\/www.hilase.cz\/en\/hledame-nove-talenty\/dsc02695\/","alt":"","author":"15","description":"","caption":"","name":"dsc02695","status":"inherit","uploaded_to":7500,"date":"2022-01-25 08:38:32","modified":"2022-03-07 21:40:34","menu_order":0,"mime_type":"image\/jpeg","type":"image","subtype":"jpeg","icon":"https:\/\/www.hilase.cz\/wp-includes\/images\/media\/default.png","width":1500,"height":1000,"sizes":{"thumbnail":"https:\/\/www.hilase.cz\/wp-content\/uploads\/DSC02695-175x175.jpg","thumbnail-width":175,"thumbnail-height":175,"medium":"https:\/\/www.hilase.cz\/wp-content\/uploads\/DSC02695-600x400.jpg","medium-width":600,"medium-height":400,"medium_large":"https:\/\/www.hilase.cz\/wp-content\/uploads\/DSC02695-768x512.jpg","medium_large-width":768,"medium_large-height":512,"large":"https:\/\/www.hilase.cz\/wp-content\/uploads\/DSC02695.jpg","large-width":1500,"large-height":1000,"1536x1536":"https:\/\/www.hilase.cz\/wp-content\/uploads\/DSC02695.jpg","1536x1536-width":1500,"1536x1536-height":1000,"2048x2048":"https:\/\/www.hilase.cz\/wp-content\/uploads\/DSC02695.jpg","2048x2048-width":1500,"2048x2048-height":1000,"image":"https:\/\/www.hilase.cz\/wp-content\/uploads\/DSC02695-1170x484.jpg","image-width":1170,"image-height":484,"gallery":"https:\/\/www.hilase.cz\/wp-content\/uploads\/DSC02695-273x210.jpg","gallery-width":273,"gallery-height":210,"card":"https:\/\/www.hilase.cz\/wp-content\/uploads\/DSC02695-740x390.jpg","card-width":740,"card-height":390,"square":"https:\/\/www.hilase.cz\/wp-content\/uploads\/DSC02695-360x360.jpg","square-width":360,"square-height":360}},{"ID":5125,"id":5125,"title":"4E0A0090 front page copy small","filename":"4E0A0090-front-page-copy-small.jpg","filesize":2326653,"url":"https:\/\/www.hilase.cz\/wp-content\/uploads\/4E0A0090-front-page-copy-small.jpg","link":"https:\/\/www.hilase.cz\/en\/nabizime\/pristrojove-vybaveni\/experimentalni-stanice\/4e0a0090-front-page-copy-small\/","alt":"","author":"15","description":"","caption":"","name":"4e0a0090-front-page-copy-small","status":"inherit","uploaded_to":5124,"date":"2019-02-06 22:46:06","modified":"2019-02-06 22:46:10","menu_order":0,"mime_type":"image\/jpeg","type":"image","subtype":"jpeg","icon":"https:\/\/www.hilase.cz\/wp-includes\/images\/media\/default.png","width":2240,"height":3360,"sizes":{"thumbnail":"https:\/\/www.hilase.cz\/wp-content\/uploads\/4E0A0090-front-page-copy-small-175x175.jpg","thumbnail-width":175,"thumbnail-height":175,"medium":"https:\/\/www.hilase.cz\/wp-content\/uploads\/4E0A0090-front-page-copy-small-400x600.jpg","medium-width":400,"medium-height":600,"medium_large":"https:\/\/www.hilase.cz\/wp-content\/uploads\/4E0A0090-front-page-copy-small-768x1152.jpg","medium_large-width":768,"medium_large-height":1152,"large":"https:\/\/www.hilase.cz\/wp-content\/uploads\/4E0A0090-front-page-copy-small-1200x1800.jpg","large-width":1200,"large-height":1800,"1536x1536":"https:\/\/www.hilase.cz\/wp-content\/uploads\/4E0A0090-front-page-copy-small.jpg","1536x1536-width":1024,"1536x1536-height":1536,"2048x2048":"https:\/\/www.hilase.cz\/wp-content\/uploads\/4E0A0090-front-page-copy-small.jpg","2048x2048-width":1365,"2048x2048-height":2048,"image":"https:\/\/www.hilase.cz\/wp-content\/uploads\/4E0A0090-front-page-copy-small-1170x484.jpg","image-width":1170,"image-height":484,"gallery":"https:\/\/www.hilase.cz\/wp-content\/uploads\/4E0A0090-front-page-copy-small-273x210.jpg","gallery-width":273,"gallery-height":210,"card":"https:\/\/www.hilase.cz\/wp-content\/uploads\/4E0A0090-front-page-copy-small-740x390.jpg","card-width":740,"card-height":390,"square":"https:\/\/www.hilase.cz\/wp-content\/uploads\/4E0A0090-front-page-copy-small-360x360.jpg","square-width":360,"square-height":360}},{"ID":7452,"id":7452,"title":"Hilase pano final low res","filename":"Hilase-pano-final-low-res.jpg","filesize":3734664,"url":"https:\/\/www.hilase.cz\/wp-content\/uploads\/Hilase-pano-final-low-res.jpg","link":"https:\/\/www.hilase.cz\/en\/spoluprace\/regionalni\/hilase-pano-final-low-res\/","alt":"","author":"15","description":"","caption":"","name":"hilase-pano-final-low-res","status":"inherit","uploaded_to":7451,"date":"2019-07-19 08:18:48","modified":"2020-10-07 10:27:32","menu_order":0,"mime_type":"image\/jpeg","type":"image","subtype":"jpeg","icon":"https:\/\/www.hilase.cz\/wp-includes\/images\/media\/default.png","width":10242,"height":3942,"sizes":{"thumbnail":"https:\/\/www.hilase.cz\/wp-content\/uploads\/Hilase-pano-final-low-res-175x175.jpg","thumbnail-width":175,"thumbnail-height":175,"medium":"https:\/\/www.hilase.cz\/wp-content\/uploads\/Hilase-pano-final-low-res-600x231.jpg","medium-width":600,"medium-height":231,"medium_large":"https:\/\/www.hilase.cz\/wp-content\/uploads\/Hilase-pano-final-low-res-768x296.jpg","medium_large-width":768,"medium_large-height":296,"large":"https:\/\/www.hilase.cz\/wp-content\/uploads\/Hilase-pano-final-low-res-1800x693.jpg","large-width":1800,"large-height":693,"1536x1536":"https:\/\/www.hilase.cz\/wp-content\/uploads\/Hilase-pano-final-low-res.jpg","1536x1536-width":1536,"1536x1536-height":591,"2048x2048":"https:\/\/www.hilase.cz\/wp-content\/uploads\/Hilase-pano-final-low-res.jpg","2048x2048-width":2048,"2048x2048-height":788,"image":"https:\/\/www.hilase.cz\/wp-content\/uploads\/Hilase-pano-final-low-res-1170x484.jpg","image-width":1170,"image-height":484,"gallery":"https:\/\/www.hilase.cz\/wp-content\/uploads\/Hilase-pano-final-low-res-273x210.jpg","gallery-width":273,"gallery-height":210,"card":"https:\/\/www.hilase.cz\/wp-content\/uploads\/Hilase-pano-final-low-res-740x390.jpg","card-width":740,"card-height":390,"square":"https:\/\/www.hilase.cz\/wp-content\/uploads\/Hilase-pano-final-low-res-360x360.jpg","square-width":360,"square-height":360}},{"ID":5249,"id":5249,"title":"Oli_Domi_LAB","filename":"Oli_Domi_LAB.jpg","filesize":59076,"url":"https:\/\/www.hilase.cz\/wp-content\/uploads\/Oli_Domi_LAB.jpg","link":"https:\/\/www.hilase.cz\/en\/o-nas\/lide\/oli_domi_lab\/","alt":"","author":"15","description":"","caption":"","name":"oli_domi_lab","status":"inherit","uploaded_to":89,"date":"2019-02-12 23:01:43","modified":"2019-02-12 23:01:48","menu_order":0,"mime_type":"image\/jpeg","type":"image","subtype":"jpeg","icon":"https:\/\/www.hilase.cz\/wp-includes\/images\/media\/default.png","width":960,"height":720,"sizes":{"thumbnail":"https:\/\/www.hilase.cz\/wp-content\/uploads\/Oli_Domi_LAB-175x175.jpg","thumbnail-width":175,"thumbnail-height":175,"medium":"https:\/\/www.hilase.cz\/wp-content\/uploads\/Oli_Domi_LAB-600x450.jpg","medium-width":600,"medium-height":450,"medium_large":"https:\/\/www.hilase.cz\/wp-content\/uploads\/Oli_Domi_LAB-768x576.jpg","medium_large-width":768,"medium_large-height":576,"large":"https:\/\/www.hilase.cz\/wp-content\/uploads\/Oli_Domi_LAB.jpg","large-width":960,"large-height":720,"1536x1536":"https:\/\/www.hilase.cz\/wp-content\/uploads\/Oli_Domi_LAB.jpg","1536x1536-width":960,"1536x1536-height":720,"2048x2048":"https:\/\/www.hilase.cz\/wp-content\/uploads\/Oli_Domi_LAB.jpg","2048x2048-width":960,"2048x2048-height":720,"image":"https:\/\/www.hilase.cz\/wp-content\/uploads\/Oli_Domi_LAB-960x484.jpg","image-width":960,"image-height":484,"gallery":"https:\/\/www.hilase.cz\/wp-content\/uploads\/Oli_Domi_LAB-273x210.jpg","gallery-width":273,"gallery-height":210,"card":"https:\/\/www.hilase.cz\/wp-content\/uploads\/Oli_Domi_LAB-740x390.jpg","card-width":740,"card-height":390,"square":"https:\/\/www.hilase.cz\/wp-content\/uploads\/Oli_Domi_LAB-360x360.jpg","square-width":360,"square-height":360}},{"ID":405,"id":405,"title":"SCH_6554","filename":"SCH_6554.jpg","filesize":221490,"url":"https:\/\/www.hilase.cz\/wp-content\/uploads\/SCH_6554.jpg","link":"https:\/\/www.hilase.cz\/lsp-skvely-spojenec-pro-3d-tisk-kovovych-materialu\/sch_6554\/","alt":"","author":"1","description":"","caption":"","name":"sch_6554","status":"inherit","uploaded_to":12243,"date":"2018-05-22 06:24:23","modified":"2021-03-01 10:51:23","menu_order":0,"mime_type":"image\/jpeg","type":"image","subtype":"jpeg","icon":"https:\/\/www.hilase.cz\/wp-includes\/images\/media\/default.png","width":1800,"height":1200,"sizes":{"thumbnail":"https:\/\/www.hilase.cz\/wp-content\/uploads\/SCH_6554-175x175.jpg","thumbnail-width":175,"thumbnail-height":175,"medium":"https:\/\/www.hilase.cz\/wp-content\/uploads\/SCH_6554-600x400.jpg","medium-width":600,"medium-height":400,"medium_large":"https:\/\/www.hilase.cz\/wp-content\/uploads\/SCH_6554-768x512.jpg","medium_large-width":768,"medium_large-height":512,"large":"https:\/\/www.hilase.cz\/wp-content\/uploads\/SCH_6554-1800x1200.jpg","large-width":1800,"large-height":1200,"1536x1536":"https:\/\/www.hilase.cz\/wp-content\/uploads\/SCH_6554.jpg","1536x1536-width":1536,"1536x1536-height":1024,"2048x2048":"https:\/\/www.hilase.cz\/wp-content\/uploads\/SCH_6554.jpg","2048x2048-width":1800,"2048x2048-height":1200,"image":"https:\/\/www.hilase.cz\/wp-content\/uploads\/SCH_6554-1170x484.jpg","image-width":1170,"image-height":484,"gallery":"https:\/\/www.hilase.cz\/wp-content\/uploads\/SCH_6554-273x210.jpg","gallery-width":273,"gallery-height":210,"card":"https:\/\/www.hilase.cz\/wp-content\/uploads\/SCH_6554-740x390.jpg","card-width":740,"card-height":390,"square":"https:\/\/www.hilase.cz\/wp-content\/uploads\/SCH_6554-360x360.jpg","square-width":360,"square-height":360}},{"ID":390,"id":390,"title":"DSC02351","filename":"DSC02351.jpg","filesize":136828,"url":"https:\/\/www.hilase.cz\/wp-content\/uploads\/DSC02351.jpg","link":"https:\/\/www.hilase.cz\/en\/homepage\/dsc02351\/","alt":"","author":"1","description":"","caption":"","name":"dsc02351","status":"inherit","uploaded_to":2,"date":"2018-05-22 06:22:11","modified":"2018-08-07 14:48:48","menu_order":0,"mime_type":"image\/jpeg","type":"image","subtype":"jpeg","icon":"https:\/\/www.hilase.cz\/wp-includes\/images\/media\/default.png","width":1800,"height":1200,"sizes":{"thumbnail":"https:\/\/www.hilase.cz\/wp-content\/uploads\/DSC02351-175x175.jpg","thumbnail-width":175,"thumbnail-height":175,"medium":"https:\/\/www.hilase.cz\/wp-content\/uploads\/DSC02351-600x400.jpg","medium-width":600,"medium-height":400,"medium_large":"https:\/\/www.hilase.cz\/wp-content\/uploads\/DSC02351-768x512.jpg","medium_large-width":768,"medium_large-height":512,"large":"https:\/\/www.hilase.cz\/wp-content\/uploads\/DSC02351-1800x1200.jpg","large-width":1800,"large-height":1200,"1536x1536":"https:\/\/www.hilase.cz\/wp-content\/uploads\/DSC02351.jpg","1536x1536-width":1536,"1536x1536-height":1024,"2048x2048":"https:\/\/www.hilase.cz\/wp-content\/uploads\/DSC02351.jpg","2048x2048-width":1800,"2048x2048-height":1200,"image":"https:\/\/www.hilase.cz\/wp-content\/uploads\/DSC02351-1170x484.jpg","image-width":1170,"image-height":484,"gallery":"https:\/\/www.hilase.cz\/wp-content\/uploads\/DSC02351-273x210.jpg","gallery-width":273,"gallery-height":210,"card":"https:\/\/www.hilase.cz\/wp-content\/uploads\/DSC02351-740x390.jpg","card-width":740,"card-height":390,"square":"https:\/\/www.hilase.cz\/wp-content\/uploads\/DSC02351-360x360.jpg","square-width":360,"square-height":360}},{"ID":391,"id":391,"title":"DSC02365","filename":"DSC02365.jpg","filesize":214988,"url":"https:\/\/www.hilase.cz\/wp-content\/uploads\/DSC02365.jpg","link":"https:\/\/www.hilase.cz\/en\/homepage\/dsc02365\/","alt":"","author":"1","description":"","caption":"","name":"dsc02365","status":"inherit","uploaded_to":2,"date":"2018-05-22 06:22:20","modified":"2019-07-23 11:52:53","menu_order":0,"mime_type":"image\/jpeg","type":"image","subtype":"jpeg","icon":"https:\/\/www.hilase.cz\/wp-includes\/images\/media\/default.png","width":1800,"height":1200,"sizes":{"thumbnail":"https:\/\/www.hilase.cz\/wp-content\/uploads\/DSC02365-175x175.jpg","thumbnail-width":175,"thumbnail-height":175,"medium":"https:\/\/www.hilase.cz\/wp-content\/uploads\/DSC02365-600x400.jpg","medium-width":600,"medium-height":400,"medium_large":"https:\/\/www.hilase.cz\/wp-content\/uploads\/DSC02365-768x512.jpg","medium_large-width":768,"medium_large-height":512,"large":"https:\/\/www.hilase.cz\/wp-content\/uploads\/DSC02365-1800x1200.jpg","large-width":1800,"large-height":1200,"1536x1536":"https:\/\/www.hilase.cz\/wp-content\/uploads\/DSC02365.jpg","1536x1536-width":1536,"1536x1536-height":1024,"2048x2048":"https:\/\/www.hilase.cz\/wp-content\/uploads\/DSC02365.jpg","2048x2048-width":1800,"2048x2048-height":1200,"image":"https:\/\/www.hilase.cz\/wp-content\/uploads\/DSC02365-1170x484.jpg","image-width":1170,"image-height":484,"gallery":"https:\/\/www.hilase.cz\/wp-content\/uploads\/DSC02365-273x210.jpg","gallery-width":273,"gallery-height":210,"card":"https:\/\/www.hilase.cz\/wp-content\/uploads\/DSC02365-740x390.jpg","card-width":740,"card-height":390,"square":"https:\/\/www.hilase.cz\/wp-content\/uploads\/DSC02365-360x360.jpg","square-width":360,"square-height":360}},{"ID":18466,"id":18466,"title":"DSC02634 copy","filename":"DSC02634-copy-e1643102604301.jpg","filesize":228505,"url":"https:\/\/www.hilase.cz\/wp-content\/uploads\/DSC02634-copy-e1643102604301.jpg","link":"https:\/\/www.hilase.cz\/en\/homepage\/dsc02634-copy\/","alt":"","author":"15","description":"","caption":"","name":"dsc02634-copy","status":"inherit","uploaded_to":2,"date":"2021-12-21 09:29:29","modified":"2022-03-07 21:33:16","menu_order":0,"mime_type":"image\/jpeg","type":"image","subtype":"jpeg","icon":"https:\/\/www.hilase.cz\/wp-includes\/images\/media\/default.png","width":1233,"height":948,"sizes":{"thumbnail":"https:\/\/www.hilase.cz\/wp-content\/uploads\/DSC02634-copy-e1643102604301-175x175.jpg","thumbnail-width":175,"thumbnail-height":175,"medium":"https:\/\/www.hilase.cz\/wp-content\/uploads\/DSC02634-copy-e1643102604301-600x461.jpg","medium-width":600,"medium-height":461,"medium_large":"https:\/\/www.hilase.cz\/wp-content\/uploads\/DSC02634-copy-e1643102604301-768x590.jpg","medium_large-width":768,"medium_large-height":590,"large":"https:\/\/www.hilase.cz\/wp-content\/uploads\/DSC02634-copy-e1643102604301.jpg","large-width":1233,"large-height":948,"1536x1536":"https:\/\/www.hilase.cz\/wp-content\/uploads\/DSC02634-copy-e1643102604301.jpg","1536x1536-width":1233,"1536x1536-height":948,"2048x2048":"https:\/\/www.hilase.cz\/wp-content\/uploads\/DSC02634-copy-e1643102604301.jpg","2048x2048-width":1233,"2048x2048-height":948,"image":"https:\/\/www.hilase.cz\/wp-content\/uploads\/DSC02634-copy-e1643102604301-1170x484.jpg","image-width":1170,"image-height":484,"gallery":"https:\/\/www.hilase.cz\/wp-content\/uploads\/DSC02634-copy-e1643102604301-273x210.jpg","gallery-width":273,"gallery-height":210,"card":"https:\/\/www.hilase.cz\/wp-content\/uploads\/DSC02634-copy-e1643102604301-740x390.jpg","card-width":740,"card-height":390,"square":"https:\/\/www.hilase.cz\/wp-content\/uploads\/DSC02634-copy-e1643102604301-360x360.jpg","square-width":360,"square-height":360}}]},{"acf_fc_layout":"zvyrazneni","zvyrazneni":"<h3>Why the HiLASE Centre?<\/h3>\n<p>The HiLASE Centre cooperates with the world&#8217;s most prestigious research institutes to develop cutting-edge laser systems (e.g. <a href=\"https:\/\/stfc.ukri.org\/about-us\/where-we-work\/rutherford-appleton-laboratory\/\">STFC RAL UK<\/a>, <a href=\"https:\/\/www.mit.edu\/\">MIT USA<\/a>, <a href=\"https:\/\/www.desy.de\/\">DESY DE<\/a>, etc.). Our &#8220;floor&#8221; is diode-pumped solid-state lasers with high average power and high energy in pulse or high repetition rate. You would not find lasers with such parameters in any lab in the world yet. We&#8217;re developing lasers for real-world applications &#8211; lasers that will make a superfast chip for a supercomputer, drill precise micro-holes in the components of modern engines, make nanomaterials, help build safer airplanes, diagnose and treat diseases, etc. In HiLASE you can choose your focus, design a laser from first calculation to application deployment, invent a useful application and test it in collaboration with experts in the field, or solve experimenters&#8217; problems by designing a new physical model of interactions. Both the skilled experimenter and the skilled theorist will find their place in the HiLASE Centre.<\/p>\n"},{"acf_fc_layout":"ke_stazeni","nadpis":"Downloads","zvyraznit_nadpis":false,"soubory":[{"soubor":"https:\/\/www.hilase.cz\/wp-content\/uploads\/HiLASE-Centre-for-students-EN-v-1.pdf","popis":"For students."}]}]},"yoast_head":"<!-- This site is optimized with the Yoast SEO plugin v23.9 - https:\/\/yoast.com\/wordpress\/plugins\/seo\/ -->\n<title>We are looking for new talents - HiLASE<\/title>\n<meta name=\"robots\" content=\"index, follow, max-snippet:-1, max-image-preview:large, max-video-preview:-1\" \/>\n<link rel=\"canonical\" href=\"https:\/\/www.hilase.cz\/en\/hledame-nove-talenty\/\" \/>\n<meta property=\"og:locale\" content=\"en_US\" \/>\n<meta property=\"og:type\" content=\"article\" \/>\n<meta property=\"og:title\" content=\"We are looking for new talents - HiLASE\" \/>\n<meta property=\"og:url\" content=\"https:\/\/www.hilase.cz\/en\/hledame-nove-talenty\/\" \/>\n<meta property=\"og:site_name\" content=\"HiLASE\" \/>\n<meta property=\"article:modified_time\" content=\"2022-01-26T12:27:46+00:00\" \/>\n<meta name=\"twitter:card\" content=\"summary_large_image\" \/>\n<script type=\"application\/ld+json\" class=\"yoast-schema-graph\">{\"@context\":\"https:\/\/schema.org\",\"@graph\":[{\"@type\":\"WebPage\",\"@id\":\"https:\/\/www.hilase.cz\/en\/hledame-nove-talenty\/\",\"url\":\"https:\/\/www.hilase.cz\/en\/hledame-nove-talenty\/\",\"name\":\"We are looking for new talents - HiLASE\",\"isPartOf\":{\"@id\":\"https:\/\/www.hilase.cz\/#website\"},\"datePublished\":\"2019-07-23T11:55:52+00:00\",\"dateModified\":\"2022-01-26T12:27:46+00:00\",\"breadcrumb\":{\"@id\":\"https:\/\/www.hilase.cz\/en\/hledame-nove-talenty\/#breadcrumb\"},\"inLanguage\":\"en-US\",\"potentialAction\":[{\"@type\":\"ReadAction\",\"target\":[\"https:\/\/www.hilase.cz\/en\/hledame-nove-talenty\/\"]}]},{\"@type\":\"BreadcrumbList\",\"@id\":\"https:\/\/www.hilase.cz\/en\/hledame-nove-talenty\/#breadcrumb\",\"itemListElement\":[{\"@type\":\"ListItem\",\"position\":1,\"name\":\"Dom\u016f\",\"item\":\"https:\/\/www.hilase.cz\/en\/\"},{\"@type\":\"ListItem\",\"position\":2,\"name\":\"We are looking for new talents\"}]},{\"@type\":\"WebSite\",\"@id\":\"https:\/\/www.hilase.cz\/#website\",\"url\":\"https:\/\/www.hilase.cz\/\",\"name\":\"HiLASE\",\"description\":\"Hi-tech laserov\u00e9 v\u00fdzkumn\u00e9 centrum\",\"potentialAction\":[{\"@type\":\"SearchAction\",\"target\":{\"@type\":\"EntryPoint\",\"urlTemplate\":\"https:\/\/www.hilase.cz\/?s={search_term_string}\"},\"query-input\":{\"@type\":\"PropertyValueSpecification\",\"valueRequired\":true,\"valueName\":\"search_term_string\"}}],\"inLanguage\":\"en-US\"}]}<\/script>\n<!-- \/ Yoast SEO plugin. -->","yoast_head_json":{"title":"We are looking for new talents - HiLASE","robots":{"index":"index","follow":"follow","max-snippet":"max-snippet:-1","max-image-preview":"max-image-preview:large","max-video-preview":"max-video-preview:-1"},"canonical":"https:\/\/www.hilase.cz\/en\/hledame-nove-talenty\/","og_locale":"en_US","og_type":"article","og_title":"We are looking for new talents - HiLASE","og_url":"https:\/\/www.hilase.cz\/en\/hledame-nove-talenty\/","og_site_name":"HiLASE","article_modified_time":"2022-01-26T12:27:46+00:00","twitter_card":"summary_large_image","schema":{"@context":"https:\/\/schema.org","@graph":[{"@type":"WebPage","@id":"https:\/\/www.hilase.cz\/en\/hledame-nove-talenty\/","url":"https:\/\/www.hilase.cz\/en\/hledame-nove-talenty\/","name":"We are looking for new talents - HiLASE","isPartOf":{"@id":"https:\/\/www.hilase.cz\/#website"},"datePublished":"2019-07-23T11:55:52+00:00","dateModified":"2022-01-26T12:27:46+00:00","breadcrumb":{"@id":"https:\/\/www.hilase.cz\/en\/hledame-nove-talenty\/#breadcrumb"},"inLanguage":"en-US","potentialAction":[{"@type":"ReadAction","target":["https:\/\/www.hilase.cz\/en\/hledame-nove-talenty\/"]}]},{"@type":"BreadcrumbList","@id":"https:\/\/www.hilase.cz\/en\/hledame-nove-talenty\/#breadcrumb","itemListElement":[{"@type":"ListItem","position":1,"name":"Dom\u016f","item":"https:\/\/www.hilase.cz\/en\/"},{"@type":"ListItem","position":2,"name":"We are looking for new talents"}]},{"@type":"WebSite","@id":"https:\/\/www.hilase.cz\/#website","url":"https:\/\/www.hilase.cz\/","name":"HiLASE","description":"Hi-tech laserov\u00e9 v\u00fdzkumn\u00e9 centrum","potentialAction":[{"@type":"SearchAction","target":{"@type":"EntryPoint","urlTemplate":"https:\/\/www.hilase.cz\/?s={search_term_string}"},"query-input":{"@type":"PropertyValueSpecification","valueRequired":true,"valueName":"search_term_string"}}],"inLanguage":"en-US"}]}},"_links":{"self":[{"href":"https:\/\/www.hilase.cz\/en\/wp-json\/wp\/v2\/pages\/18046","targetHints":{"allow":["GET"]}}],"collection":[{"href":"https:\/\/www.hilase.cz\/en\/wp-json\/wp\/v2\/pages"}],"about":[{"href":"https:\/\/www.hilase.cz\/en\/wp-json\/wp\/v2\/types\/page"}],"author":[{"embeddable":true,"href":"https:\/\/www.hilase.cz\/en\/wp-json\/wp\/v2\/users\/15"}],"replies":[{"embeddable":true,"href":"https:\/\/www.hilase.cz\/en\/wp-json\/wp\/v2\/comments?post=18046"}],"version-history":[{"count":9,"href":"https:\/\/www.hilase.cz\/en\/wp-json\/wp\/v2\/pages\/18046\/revisions"}],"predecessor-version":[{"id":18921,"href":"https:\/\/www.hilase.cz\/en\/wp-json\/wp\/v2\/pages\/18046\/revisions\/18921"}],"wp:attachment":[{"href":"https:\/\/www.hilase.cz\/en\/wp-json\/wp\/v2\/media?parent=18046"}],"curies":[{"name":"wp","href":"https:\/\/api.w.org\/{rel}","templated":true}]}}