{"id":22334,"date":"2023-01-09T13:22:59","date_gmt":"2023-01-09T12:22:59","guid":{"rendered":"https:\/\/www.hilase.cz\/?page_id=22334"},"modified":"2026-04-16T07:45:25","modified_gmt":"2026-04-16T05:45:25","slug":"laser-safety-training","status":"publish","type":"page","link":"https:\/\/www.hilase.cz\/en\/laser-safety-training\/","title":{"rendered":"Laser Safety Training"},"content":{"rendered":"","protected":false},"excerpt":{"rendered":"","protected":false},"author":10,"featured_media":0,"parent":0,"menu_order":0,"comment_status":"closed","ping_status":"closed","template":"","meta":{"_acf_changed":false,"_monsterinsights_skip_tracking":false,"_monsterinsights_sitenote_active":false,"_monsterinsights_sitenote_note":"","_monsterinsights_sitenote_category":0,"footnotes":""},"class_list":["post-22334","page","type-page","status-publish","hentry"],"acf":{"obsah":[{"acf_fc_layout":"text","text":"<p>Laser safety training is primarily intended for laserists &#8211; persons who work on laser devices, develop lasers, or service laser equipment. The training is also suitable for managers or persons skilled in risk prevention as an introduction to laser safety.<\/p>\n<p><img decoding=\"async\" src=\"https:\/\/www.hilase.cz\/wp-content\/uploads\/CO-VAS-ZAUJALO-NA-SKOLENI-LASEROVE-BEZPECNOSTI-2.png\" \/><br \/>\nThe training goes into greater detail than the requirements of Government Regulation No. 291\/2015 Coll. on health protection against non-ionizing radiation. For a better understanding of the classification and labeling of laser devices, information from the standard EN 60825-1 ed. 3, Safety of laser equipment &#8211; Part 1: Classification of equipment and requirements, is also included.<\/p>\n","oddelovace":"none"},{"acf_fc_layout":"odkazovaci_tlacitka","odkazovaci_tlacitka":[{"text":"ONLINE | 12th May 2026 | ENGLISH","odkaz":"https:\/\/www.hilase.cz\/en\/akce\/laser-safety-officer-training-en-online-may\/"},{"text":"10th of June 2026 | CZECH","odkaz":"https:\/\/www.hilase.cz\/en\/akce\/laser-safety-training-june-2026\/"},{"text":"ONLINE | 18th August 2026 | CZECH","odkaz":"https:\/\/www.hilase.cz\/en\/akce\/online-laser-safety-training-august-2026\/"}]},{"acf_fc_layout":"text","text":"<p><strong>TRAINING CONTENT<\/strong><\/p>\n<ul>\n<li>Laser Classification (EN 60825-1: 2014 including Amendment A11)<\/li>\n<li>Maximum permissible exposure to laser irradiation, method of its determination (Czech Government Regulation 291\/2015 Coll.)<\/li>\n<li>Effects of laser radiation on the Skin and Eye<\/li>\n<li>How to choose correct laser safety eyewear (EN 207: 2017) and goggles for adjustment work on lasers and laser systems (EN 208: 2009)<\/li>\n<li>Safe working procedures when working with lasers<\/li>\n<li>Examples of near misses and laser accidents<\/li>\n<\/ul>\n<p><strong><span class=\"txt-primary\">We can adapt the training to the customer&#8217;s requirements. Upon agreement with the customer, we can also provide laser safety training at the customer&#8217;s premises.<\/span><\/strong><\/p>\n<p><strong>LECTOR<\/strong>: Mgr. Helena Vohn\u00edkov\u00e1, laser safety officer at the HiLASE Centre, trainer of laser safety courses, and holder of the \u201eCertified Laser Safety Officer\u201c certificate awarded by the Board of Laser Safety.<\/p>\n","oddelovace":"none"},{"acf_fc_layout":"ke_stazeni","nadpis":"","zvyraznit_nadpis":false,"soubory":[{"soubor":"https:\/\/www.hilase.cz\/wp-content\/uploads\/LST-letak-3.pdf","popis":"LST training handout"}]},{"acf_fc_layout":"osoba","jmeno":"Martina \u0158eh\u00e1kov\u00e1","pozice":"Business Development Manager","text":"martina.rehakova@hilase.cz\r\n<br>\r\n+420 314 007 717 \r\n<br>\r\n+420 702 004 921","obrazek":{"ID":1179,"id":1179,"title":"Rehakova Martina","filename":"Rehakova-Martina.jpg","filesize":118631,"url":"https:\/\/www.hilase.cz\/wp-content\/uploads\/Rehakova-Martina.jpg","link":"https:\/\/www.hilase.cz\/tym\/ing-martina-rehakova\/rehakova-martina-2\/","alt":"","author":"15","description":"","caption":"","name":"rehakova-martina-2","status":"inherit","uploaded_to":1042,"date":"2018-11-21 13:57:46","modified":"2019-02-13 16:20:38","menu_order":0,"mime_type":"image\/jpeg","type":"image","subtype":"jpeg","icon":"https:\/\/www.hilase.cz\/wp-includes\/images\/media\/default.png","width":448,"height":485,"sizes":{"thumbnail":"https:\/\/www.hilase.cz\/wp-content\/uploads\/Rehakova-Martina-175x175.jpg","thumbnail-width":175,"thumbnail-height":175,"medium":"https:\/\/www.hilase.cz\/wp-content\/uploads\/Rehakova-Martina.jpg","medium-width":448,"medium-height":485,"medium_large":"https:\/\/www.hilase.cz\/wp-content\/uploads\/Rehakova-Martina.jpg","medium_large-width":448,"medium_large-height":485,"large":"https:\/\/www.hilase.cz\/wp-content\/uploads\/Rehakova-Martina.jpg","large-width":448,"large-height":485,"1536x1536":"https:\/\/www.hilase.cz\/wp-content\/uploads\/Rehakova-Martina.jpg","1536x1536-width":448,"1536x1536-height":485,"2048x2048":"https:\/\/www.hilase.cz\/wp-content\/uploads\/Rehakova-Martina.jpg","2048x2048-width":448,"2048x2048-height":485,"image":"https:\/\/www.hilase.cz\/wp-content\/uploads\/Rehakova-Martina-448x484.jpg","image-width":448,"image-height":484,"gallery":"https:\/\/www.hilase.cz\/wp-content\/uploads\/Rehakova-Martina-273x210.jpg","gallery-width":273,"gallery-height":210,"card":"https:\/\/www.hilase.cz\/wp-content\/uploads\/Rehakova-Martina-448x390.jpg","card-width":448,"card-height":390,"square":"https:\/\/www.hilase.cz\/wp-content\/uploads\/Rehakova-Martina-360x360.jpg","square-width":360,"square-height":360}}},{"acf_fc_layout":"galerie","galerie":[{"ID":35326,"id":35326,"title":"IMG_7218-2 (1)","filename":"IMG_7218-2-1.jpg","filesize":601158,"url":"https:\/\/www.hilase.cz\/wp-content\/uploads\/IMG_7218-2-1.jpg","link":"https:\/\/www.hilase.cz\/en\/skoleni-laserove-bezpecnosti\/img_7218-2-1\/","alt":"","author":"15","description":"","caption":"","name":"img_7218-2-1","status":"inherit","uploaded_to":22332,"date":"2025-04-24 12:09:55","modified":"2025-04-24 12:09:59","menu_order":0,"mime_type":"image\/jpeg","type":"image","subtype":"jpeg","icon":"https:\/\/www.hilase.cz\/wp-includes\/images\/media\/default.png","width":2048,"height":1365,"sizes":{"thumbnail":"https:\/\/www.hilase.cz\/wp-content\/uploads\/IMG_7218-2-1-175x175.jpg","thumbnail-width":175,"thumbnail-height":175,"medium":"https:\/\/www.hilase.cz\/wp-content\/uploads\/IMG_7218-2-1-600x400.jpg","medium-width":600,"medium-height":400,"medium_large":"https:\/\/www.hilase.cz\/wp-content\/uploads\/IMG_7218-2-1-768x512.jpg","medium_large-width":768,"medium_large-height":512,"large":"https:\/\/www.hilase.cz\/wp-content\/uploads\/IMG_7218-2-1-1800x1200.jpg","large-width":1800,"large-height":1200,"1536x1536":"https:\/\/www.hilase.cz\/wp-content\/uploads\/IMG_7218-2-1-1536x1024.jpg","1536x1536-width":1536,"1536x1536-height":1024,"2048x2048":"https:\/\/www.hilase.cz\/wp-content\/uploads\/IMG_7218-2-1.jpg","2048x2048-width":2048,"2048x2048-height":1365,"image":"https:\/\/www.hilase.cz\/wp-content\/uploads\/IMG_7218-2-1-1170x484.jpg","image-width":1170,"image-height":484,"gallery":"https:\/\/www.hilase.cz\/wp-content\/uploads\/IMG_7218-2-1-273x210.jpg","gallery-width":273,"gallery-height":210,"card":"https:\/\/www.hilase.cz\/wp-content\/uploads\/IMG_7218-2-1-740x390.jpg","card-width":740,"card-height":390,"square":"https:\/\/www.hilase.cz\/wp-content\/uploads\/IMG_7218-2-1-360x360.jpg","square-width":360,"square-height":360}},{"ID":35327,"id":35327,"title":"IMG_7200-2","filename":"IMG_7200-2-1.jpg","filesize":565818,"url":"https:\/\/www.hilase.cz\/wp-content\/uploads\/IMG_7200-2-1.jpg","link":"https:\/\/www.hilase.cz\/en\/skoleni-laserove-bezpecnosti\/img_7200-2-2\/","alt":"","author":"15","description":"","caption":"","name":"img_7200-2-2","status":"inherit","uploaded_to":22332,"date":"2025-04-24 12:09:56","modified":"2025-04-24 12:09:56","menu_order":0,"mime_type":"image\/jpeg","type":"image","subtype":"jpeg","icon":"https:\/\/www.hilase.cz\/wp-includes\/images\/media\/default.png","width":2048,"height":1365,"sizes":{"thumbnail":"https:\/\/www.hilase.cz\/wp-content\/uploads\/IMG_7200-2-1-175x175.jpg","thumbnail-width":175,"thumbnail-height":175,"medium":"https:\/\/www.hilase.cz\/wp-content\/uploads\/IMG_7200-2-1-600x400.jpg","medium-width":600,"medium-height":400,"medium_large":"https:\/\/www.hilase.cz\/wp-content\/uploads\/IMG_7200-2-1-768x512.jpg","medium_large-width":768,"medium_large-height":512,"large":"https:\/\/www.hilase.cz\/wp-content\/uploads\/IMG_7200-2-1-1800x1200.jpg","large-width":1800,"large-height":1200,"1536x1536":"https:\/\/www.hilase.cz\/wp-content\/uploads\/IMG_7200-2-1-1536x1024.jpg","1536x1536-width":1536,"1536x1536-height":1024,"2048x2048":"https:\/\/www.hilase.cz\/wp-content\/uploads\/IMG_7200-2-1.jpg","2048x2048-width":2048,"2048x2048-height":1365,"image":"https:\/\/www.hilase.cz\/wp-content\/uploads\/IMG_7200-2-1-1170x484.jpg","image-width":1170,"image-height":484,"gallery":"https:\/\/www.hilase.cz\/wp-content\/uploads\/IMG_7200-2-1-273x210.jpg","gallery-width":273,"gallery-height":210,"card":"https:\/\/www.hilase.cz\/wp-content\/uploads\/IMG_7200-2-1-740x390.jpg","card-width":740,"card-height":390,"square":"https:\/\/www.hilase.cz\/wp-content\/uploads\/IMG_7200-2-1-360x360.jpg","square-width":360,"square-height":360}},{"ID":35328,"id":35328,"title":"IMG_7246-2 (1)","filename":"IMG_7246-2-1.jpg","filesize":626006,"url":"https:\/\/www.hilase.cz\/wp-content\/uploads\/IMG_7246-2-1.jpg","link":"https:\/\/www.hilase.cz\/en\/skoleni-laserove-bezpecnosti\/img_7246-2-1\/","alt":"","author":"15","description":"","caption":"","name":"img_7246-2-1","status":"inherit","uploaded_to":22332,"date":"2025-04-24 12:09:57","modified":"2025-04-24 12:09:57","menu_order":0,"mime_type":"image\/jpeg","type":"image","subtype":"jpeg","icon":"https:\/\/www.hilase.cz\/wp-includes\/images\/media\/default.png","width":2048,"height":1365,"sizes":{"thumbnail":"https:\/\/www.hilase.cz\/wp-content\/uploads\/IMG_7246-2-1-175x175.jpg","thumbnail-width":175,"thumbnail-height":175,"medium":"https:\/\/www.hilase.cz\/wp-content\/uploads\/IMG_7246-2-1-600x400.jpg","medium-width":600,"medium-height":400,"medium_large":"https:\/\/www.hilase.cz\/wp-content\/uploads\/IMG_7246-2-1-768x512.jpg","medium_large-width":768,"medium_large-height":512,"large":"https:\/\/www.hilase.cz\/wp-content\/uploads\/IMG_7246-2-1-1800x1200.jpg","large-width":1800,"large-height":1200,"1536x1536":"https:\/\/www.hilase.cz\/wp-content\/uploads\/IMG_7246-2-1-1536x1024.jpg","1536x1536-width":1536,"1536x1536-height":1024,"2048x2048":"https:\/\/www.hilase.cz\/wp-content\/uploads\/IMG_7246-2-1.jpg","2048x2048-width":2048,"2048x2048-height":1365,"image":"https:\/\/www.hilase.cz\/wp-content\/uploads\/IMG_7246-2-1-1170x484.jpg","image-width":1170,"image-height":484,"gallery":"https:\/\/www.hilase.cz\/wp-content\/uploads\/IMG_7246-2-1-273x210.jpg","gallery-width":273,"gallery-height":210,"card":"https:\/\/www.hilase.cz\/wp-content\/uploads\/IMG_7246-2-1-740x390.jpg","card-width":740,"card-height":390,"square":"https:\/\/www.hilase.cz\/wp-content\/uploads\/IMG_7246-2-1-360x360.jpg","square-width":360,"square-height":360}},{"ID":35329,"id":35329,"title":"IMG_7226-2 (1)","filename":"IMG_7226-2-1.jpg","filesize":487548,"url":"https:\/\/www.hilase.cz\/wp-content\/uploads\/IMG_7226-2-1.jpg","link":"https:\/\/www.hilase.cz\/en\/skoleni-laserove-bezpecnosti\/img_7226-2-1\/","alt":"","author":"15","description":"","caption":"","name":"img_7226-2-1","status":"inherit","uploaded_to":22332,"date":"2025-04-24 12:09:57","modified":"2025-04-24 12:09:57","menu_order":0,"mime_type":"image\/jpeg","type":"image","subtype":"jpeg","icon":"https:\/\/www.hilase.cz\/wp-includes\/images\/media\/default.png","width":2048,"height":1365,"sizes":{"thumbnail":"https:\/\/www.hilase.cz\/wp-content\/uploads\/IMG_7226-2-1-175x175.jpg","thumbnail-width":175,"thumbnail-height":175,"medium":"https:\/\/www.hilase.cz\/wp-content\/uploads\/IMG_7226-2-1-600x400.jpg","medium-width":600,"medium-height":400,"medium_large":"https:\/\/www.hilase.cz\/wp-content\/uploads\/IMG_7226-2-1-768x512.jpg","medium_large-width":768,"medium_large-height":512,"large":"https:\/\/www.hilase.cz\/wp-content\/uploads\/IMG_7226-2-1-1800x1200.jpg","large-width":1800,"large-height":1200,"1536x1536":"https:\/\/www.hilase.cz\/wp-content\/uploads\/IMG_7226-2-1-1536x1024.jpg","1536x1536-width":1536,"1536x1536-height":1024,"2048x2048":"https:\/\/www.hilase.cz\/wp-content\/uploads\/IMG_7226-2-1.jpg","2048x2048-width":2048,"2048x2048-height":1365,"image":"https:\/\/www.hilase.cz\/wp-content\/uploads\/IMG_7226-2-1-1170x484.jpg","image-width":1170,"image-height":484,"gallery":"https:\/\/www.hilase.cz\/wp-content\/uploads\/IMG_7226-2-1-273x210.jpg","gallery-width":273,"gallery-height":210,"card":"https:\/\/www.hilase.cz\/wp-content\/uploads\/IMG_7226-2-1-740x390.jpg","card-width":740,"card-height":390,"square":"https:\/\/www.hilase.cz\/wp-content\/uploads\/IMG_7226-2-1-360x360.jpg","square-width":360,"square-height":360}},{"ID":35330,"id":35330,"title":"IMG_3945-2","filename":"IMG_3945-2-1.jpg","filesize":533340,"url":"https:\/\/www.hilase.cz\/wp-content\/uploads\/IMG_3945-2-1.jpg","link":"https:\/\/www.hilase.cz\/en\/skoleni-laserove-bezpecnosti\/img_3945-2-2\/","alt":"","author":"15","description":"","caption":"","name":"img_3945-2-2","status":"inherit","uploaded_to":22332,"date":"2025-04-24 12:10:45","modified":"2025-04-24 12:10:49","menu_order":0,"mime_type":"image\/jpeg","type":"image","subtype":"jpeg","icon":"https:\/\/www.hilase.cz\/wp-includes\/images\/media\/default.png","width":2048,"height":1365,"sizes":{"thumbnail":"https:\/\/www.hilase.cz\/wp-content\/uploads\/IMG_3945-2-1-175x175.jpg","thumbnail-width":175,"thumbnail-height":175,"medium":"https:\/\/www.hilase.cz\/wp-content\/uploads\/IMG_3945-2-1-600x400.jpg","medium-width":600,"medium-height":400,"medium_large":"https:\/\/www.hilase.cz\/wp-content\/uploads\/IMG_3945-2-1-768x512.jpg","medium_large-width":768,"medium_large-height":512,"large":"https:\/\/www.hilase.cz\/wp-content\/uploads\/IMG_3945-2-1-1800x1200.jpg","large-width":1800,"large-height":1200,"1536x1536":"https:\/\/www.hilase.cz\/wp-content\/uploads\/IMG_3945-2-1-1536x1024.jpg","1536x1536-width":1536,"1536x1536-height":1024,"2048x2048":"https:\/\/www.hilase.cz\/wp-content\/uploads\/IMG_3945-2-1.jpg","2048x2048-width":2048,"2048x2048-height":1365,"image":"https:\/\/www.hilase.cz\/wp-content\/uploads\/IMG_3945-2-1-1170x484.jpg","image-width":1170,"image-height":484,"gallery":"https:\/\/www.hilase.cz\/wp-content\/uploads\/IMG_3945-2-1-273x210.jpg","gallery-width":273,"gallery-height":210,"card":"https:\/\/www.hilase.cz\/wp-content\/uploads\/IMG_3945-2-1-740x390.jpg","card-width":740,"card-height":390,"square":"https:\/\/www.hilase.cz\/wp-content\/uploads\/IMG_3945-2-1-360x360.jpg","square-width":360,"square-height":360}},{"ID":35331,"id":35331,"title":"IMG_3925-2","filename":"IMG_3925-2-1.jpg","filesize":544246,"url":"https:\/\/www.hilase.cz\/wp-content\/uploads\/IMG_3925-2-1.jpg","link":"https:\/\/www.hilase.cz\/en\/skoleni-laserove-bezpecnosti\/img_3925-2-2\/","alt":"","author":"15","description":"","caption":"","name":"img_3925-2-2","status":"inherit","uploaded_to":22332,"date":"2025-04-24 12:10:46","modified":"2025-04-24 12:13:25","menu_order":0,"mime_type":"image\/jpeg","type":"image","subtype":"jpeg","icon":"https:\/\/www.hilase.cz\/wp-includes\/images\/media\/default.png","width":2048,"height":1347,"sizes":{"thumbnail":"https:\/\/www.hilase.cz\/wp-content\/uploads\/IMG_3925-2-1-175x175.jpg","thumbnail-width":175,"thumbnail-height":175,"medium":"https:\/\/www.hilase.cz\/wp-content\/uploads\/IMG_3925-2-1-600x395.jpg","medium-width":600,"medium-height":395,"medium_large":"https:\/\/www.hilase.cz\/wp-content\/uploads\/IMG_3925-2-1-768x505.jpg","medium_large-width":768,"medium_large-height":505,"large":"https:\/\/www.hilase.cz\/wp-content\/uploads\/IMG_3925-2-1-1800x1184.jpg","large-width":1800,"large-height":1184,"1536x1536":"https:\/\/www.hilase.cz\/wp-content\/uploads\/IMG_3925-2-1-1536x1010.jpg","1536x1536-width":1536,"1536x1536-height":1010,"2048x2048":"https:\/\/www.hilase.cz\/wp-content\/uploads\/IMG_3925-2-1.jpg","2048x2048-width":2048,"2048x2048-height":1347,"image":"https:\/\/www.hilase.cz\/wp-content\/uploads\/IMG_3925-2-1-1170x484.jpg","image-width":1170,"image-height":484,"gallery":"https:\/\/www.hilase.cz\/wp-content\/uploads\/IMG_3925-2-1-273x210.jpg","gallery-width":273,"gallery-height":210,"card":"https:\/\/www.hilase.cz\/wp-content\/uploads\/IMG_3925-2-1-740x390.jpg","card-width":740,"card-height":390,"square":"https:\/\/www.hilase.cz\/wp-content\/uploads\/IMG_3925-2-1-360x360.jpg","square-width":360,"square-height":360}}]}]},"yoast_head":"<!-- This site is optimized with the Yoast SEO plugin v23.9 - https:\/\/yoast.com\/wordpress\/plugins\/seo\/ -->\n<title>Laser Safety Training - HiLASE<\/title>\n<meta name=\"robots\" content=\"index, follow, max-snippet:-1, max-image-preview:large, max-video-preview:-1\" \/>\n<link rel=\"canonical\" href=\"https:\/\/www.hilase.cz\/en\/laser-safety-training\/\" \/>\n<meta property=\"og:locale\" content=\"en_US\" \/>\n<meta property=\"og:type\" content=\"article\" \/>\n<meta property=\"og:title\" content=\"Laser Safety Training - HiLASE\" \/>\n<meta property=\"og:url\" content=\"https:\/\/www.hilase.cz\/en\/laser-safety-training\/\" \/>\n<meta property=\"og:site_name\" content=\"HiLASE\" \/>\n<meta property=\"article:modified_time\" content=\"2026-04-16T05:45:25+00:00\" \/>\n<meta name=\"twitter:card\" content=\"summary_large_image\" \/>\n<script type=\"application\/ld+json\" class=\"yoast-schema-graph\">{\"@context\":\"https:\/\/schema.org\",\"@graph\":[{\"@type\":\"WebPage\",\"@id\":\"https:\/\/www.hilase.cz\/en\/laser-safety-training\/\",\"url\":\"https:\/\/www.hilase.cz\/en\/laser-safety-training\/\",\"name\":\"Laser Safety Training - HiLASE\",\"isPartOf\":{\"@id\":\"https:\/\/www.hilase.cz\/#website\"},\"datePublished\":\"2023-01-09T12:22:59+00:00\",\"dateModified\":\"2026-04-16T05:45:25+00:00\",\"breadcrumb\":{\"@id\":\"https:\/\/www.hilase.cz\/en\/laser-safety-training\/#breadcrumb\"},\"inLanguage\":\"en-US\",\"potentialAction\":[{\"@type\":\"ReadAction\",\"target\":[\"https:\/\/www.hilase.cz\/en\/laser-safety-training\/\"]}]},{\"@type\":\"BreadcrumbList\",\"@id\":\"https:\/\/www.hilase.cz\/en\/laser-safety-training\/#breadcrumb\",\"itemListElement\":[{\"@type\":\"ListItem\",\"position\":1,\"name\":\"Dom\u016f\",\"item\":\"https:\/\/www.hilase.cz\/en\/\"},{\"@type\":\"ListItem\",\"position\":2,\"name\":\"Laser Safety Training\"}]},{\"@type\":\"WebSite\",\"@id\":\"https:\/\/www.hilase.cz\/#website\",\"url\":\"https:\/\/www.hilase.cz\/\",\"name\":\"HiLASE\",\"description\":\"Hi-tech laserov\u00e9 v\u00fdzkumn\u00e9 centrum\",\"potentialAction\":[{\"@type\":\"SearchAction\",\"target\":{\"@type\":\"EntryPoint\",\"urlTemplate\":\"https:\/\/www.hilase.cz\/?s={search_term_string}\"},\"query-input\":{\"@type\":\"PropertyValueSpecification\",\"valueRequired\":true,\"valueName\":\"search_term_string\"}}],\"inLanguage\":\"en-US\"}]}<\/script>\n<!-- \/ Yoast SEO plugin. -->","yoast_head_json":{"title":"Laser Safety Training - HiLASE","robots":{"index":"index","follow":"follow","max-snippet":"max-snippet:-1","max-image-preview":"max-image-preview:large","max-video-preview":"max-video-preview:-1"},"canonical":"https:\/\/www.hilase.cz\/en\/laser-safety-training\/","og_locale":"en_US","og_type":"article","og_title":"Laser Safety Training - HiLASE","og_url":"https:\/\/www.hilase.cz\/en\/laser-safety-training\/","og_site_name":"HiLASE","article_modified_time":"2026-04-16T05:45:25+00:00","twitter_card":"summary_large_image","schema":{"@context":"https:\/\/schema.org","@graph":[{"@type":"WebPage","@id":"https:\/\/www.hilase.cz\/en\/laser-safety-training\/","url":"https:\/\/www.hilase.cz\/en\/laser-safety-training\/","name":"Laser Safety Training - HiLASE","isPartOf":{"@id":"https:\/\/www.hilase.cz\/#website"},"datePublished":"2023-01-09T12:22:59+00:00","dateModified":"2026-04-16T05:45:25+00:00","breadcrumb":{"@id":"https:\/\/www.hilase.cz\/en\/laser-safety-training\/#breadcrumb"},"inLanguage":"en-US","potentialAction":[{"@type":"ReadAction","target":["https:\/\/www.hilase.cz\/en\/laser-safety-training\/"]}]},{"@type":"BreadcrumbList","@id":"https:\/\/www.hilase.cz\/en\/laser-safety-training\/#breadcrumb","itemListElement":[{"@type":"ListItem","position":1,"name":"Dom\u016f","item":"https:\/\/www.hilase.cz\/en\/"},{"@type":"ListItem","position":2,"name":"Laser Safety Training"}]},{"@type":"WebSite","@id":"https:\/\/www.hilase.cz\/#website","url":"https:\/\/www.hilase.cz\/","name":"HiLASE","description":"Hi-tech laserov\u00e9 v\u00fdzkumn\u00e9 centrum","potentialAction":[{"@type":"SearchAction","target":{"@type":"EntryPoint","urlTemplate":"https:\/\/www.hilase.cz\/?s={search_term_string}"},"query-input":{"@type":"PropertyValueSpecification","valueRequired":true,"valueName":"search_term_string"}}],"inLanguage":"en-US"}]}},"_links":{"self":[{"href":"https:\/\/www.hilase.cz\/en\/wp-json\/wp\/v2\/pages\/22334","targetHints":{"allow":["GET"]}}],"collection":[{"href":"https:\/\/www.hilase.cz\/en\/wp-json\/wp\/v2\/pages"}],"about":[{"href":"https:\/\/www.hilase.cz\/en\/wp-json\/wp\/v2\/types\/page"}],"author":[{"embeddable":true,"href":"https:\/\/www.hilase.cz\/en\/wp-json\/wp\/v2\/users\/10"}],"replies":[{"embeddable":true,"href":"https:\/\/www.hilase.cz\/en\/wp-json\/wp\/v2\/comments?post=22334"}],"version-history":[{"count":32,"href":"https:\/\/www.hilase.cz\/en\/wp-json\/wp\/v2\/pages\/22334\/revisions"}],"predecessor-version":[{"id":38887,"href":"https:\/\/www.hilase.cz\/en\/wp-json\/wp\/v2\/pages\/22334\/revisions\/38887"}],"wp:attachment":[{"href":"https:\/\/www.hilase.cz\/en\/wp-json\/wp\/v2\/media?parent=22334"}],"curies":[{"name":"wp","href":"https:\/\/api.w.org\/{rel}","templated":true}]}}