{"id":23057,"date":"2022-09-29T14:45:25","date_gmt":"2022-09-29T12:45:25","guid":{"rendered":"https:\/\/www.hilase.cz\/?page_id=23057"},"modified":"2023-01-10T14:03:43","modified_gmt":"2023-01-10T13:03:43","slug":"lmm-relevant-resources","status":"publish","type":"page","link":"https:\/\/www.hilase.cz\/en\/lmm-relevant-resources\/","title":{"rendered":"LMM Relevant Resources"},"content":{"rendered":"","protected":false},"excerpt":{"rendered":"","protected":false},"author":15,"featured_media":0,"parent":0,"menu_order":0,"comment_status":"closed","ping_status":"closed","template":"","meta":{"_acf_changed":false,"_monsterinsights_skip_tracking":false,"_monsterinsights_sitenote_active":false,"_monsterinsights_sitenote_note":"","_monsterinsights_sitenote_category":0,"footnotes":""},"class_list":["post-23057","page","type-page","status-publish","hentry"],"acf":{"obsah":[{"acf_fc_layout":"text","text":"<p><strong>HiLASE Centre Resources<\/strong><\/p>\n<ul>\n<li><a href=\"https:\/\/www.hilase.cz\/en\/products\/laser-micromachining-lmm\/\">Laser Micromachining (LMM) &#8211; HiLASE Centre services<\/a><\/li>\n<li><a href=\"https:\/\/www.hilase.cz\/wp-content\/uploads\/HiLASE_WP-LMM.pdf\">Laser Microstructuring White Paper<\/a><\/li>\n<li><a href=\"https:\/\/www.hilase.cz\/en\/world-record-nanostructuring\/\">World record in nanostructuring (speed)<\/a><\/li>\n<li><a href=\"https:\/\/www.hilase.cz\/en\/40-401-beams-in-a-laser-multi-beam-nanostructuring-is-a-new-record\/\">World record in nanostructuring (number of beams working simultaneously)<\/a><\/li>\n<li><a href=\"https:\/\/www.hilase.cz\/wp-content\/uploads\/HiLASE_Handout_Surface-Functionalization_A4_20231001.pdf\">Handout on Laser Surface Functionalisation<\/a><\/li>\n<li><a href=\"https:\/\/www.hilase.cz\/en\/we-offer\/publications\/?fulltext=&amp;author=hauschwitz&amp;filter_year=\">LMM publications by Petr Hauschwitz<\/a><\/li>\n<\/ul>\n<p><strong>Partners&#8217; Resources<\/strong><\/p>\n<ul>\n<li>Cooperation with <a href=\"https:\/\/www.holoor.co.il\/\">HOLO\/OR<\/a><\/li>\n<\/ul>\n","oddelovace":"none"}]},"yoast_head":"<!-- This site is optimized with the Yoast SEO plugin v23.9 - https:\/\/yoast.com\/wordpress\/plugins\/seo\/ -->\n<title>LMM Relevant Resources - HiLASE<\/title>\n<meta name=\"robots\" content=\"index, follow, max-snippet:-1, max-image-preview:large, max-video-preview:-1\" \/>\n<link rel=\"canonical\" href=\"https:\/\/www.hilase.cz\/en\/lmm-relevant-resources\/\" \/>\n<meta property=\"og:locale\" content=\"en_US\" \/>\n<meta property=\"og:type\" content=\"article\" \/>\n<meta property=\"og:title\" content=\"LMM Relevant Resources - HiLASE\" \/>\n<meta property=\"og:url\" content=\"https:\/\/www.hilase.cz\/en\/lmm-relevant-resources\/\" \/>\n<meta property=\"og:site_name\" content=\"HiLASE\" \/>\n<meta property=\"article:modified_time\" content=\"2023-01-10T13:03:43+00:00\" \/>\n<meta name=\"twitter:card\" content=\"summary_large_image\" \/>\n<script type=\"application\/ld+json\" class=\"yoast-schema-graph\">{\"@context\":\"https:\/\/schema.org\",\"@graph\":[{\"@type\":\"WebPage\",\"@id\":\"https:\/\/www.hilase.cz\/en\/lmm-relevant-resources\/\",\"url\":\"https:\/\/www.hilase.cz\/en\/lmm-relevant-resources\/\",\"name\":\"LMM Relevant Resources - HiLASE\",\"isPartOf\":{\"@id\":\"https:\/\/www.hilase.cz\/#website\"},\"datePublished\":\"2022-09-29T12:45:25+00:00\",\"dateModified\":\"2023-01-10T13:03:43+00:00\",\"breadcrumb\":{\"@id\":\"https:\/\/www.hilase.cz\/en\/lmm-relevant-resources\/#breadcrumb\"},\"inLanguage\":\"en-US\",\"potentialAction\":[{\"@type\":\"ReadAction\",\"target\":[\"https:\/\/www.hilase.cz\/en\/lmm-relevant-resources\/\"]}]},{\"@type\":\"BreadcrumbList\",\"@id\":\"https:\/\/www.hilase.cz\/en\/lmm-relevant-resources\/#breadcrumb\",\"itemListElement\":[{\"@type\":\"ListItem\",\"position\":1,\"name\":\"Dom\u016f\",\"item\":\"https:\/\/www.hilase.cz\/en\/\"},{\"@type\":\"ListItem\",\"position\":2,\"name\":\"LMM Relevant Resources\"}]},{\"@type\":\"WebSite\",\"@id\":\"https:\/\/www.hilase.cz\/#website\",\"url\":\"https:\/\/www.hilase.cz\/\",\"name\":\"HiLASE\",\"description\":\"Hi-tech laserov\u00e9 v\u00fdzkumn\u00e9 centrum\",\"potentialAction\":[{\"@type\":\"SearchAction\",\"target\":{\"@type\":\"EntryPoint\",\"urlTemplate\":\"https:\/\/www.hilase.cz\/?s={search_term_string}\"},\"query-input\":{\"@type\":\"PropertyValueSpecification\",\"valueRequired\":true,\"valueName\":\"search_term_string\"}}],\"inLanguage\":\"en-US\"}]}<\/script>\n<!-- \/ Yoast SEO plugin. -->","yoast_head_json":{"title":"LMM Relevant Resources - HiLASE","robots":{"index":"index","follow":"follow","max-snippet":"max-snippet:-1","max-image-preview":"max-image-preview:large","max-video-preview":"max-video-preview:-1"},"canonical":"https:\/\/www.hilase.cz\/en\/lmm-relevant-resources\/","og_locale":"en_US","og_type":"article","og_title":"LMM Relevant Resources - HiLASE","og_url":"https:\/\/www.hilase.cz\/en\/lmm-relevant-resources\/","og_site_name":"HiLASE","article_modified_time":"2023-01-10T13:03:43+00:00","twitter_card":"summary_large_image","schema":{"@context":"https:\/\/schema.org","@graph":[{"@type":"WebPage","@id":"https:\/\/www.hilase.cz\/en\/lmm-relevant-resources\/","url":"https:\/\/www.hilase.cz\/en\/lmm-relevant-resources\/","name":"LMM Relevant Resources - HiLASE","isPartOf":{"@id":"https:\/\/www.hilase.cz\/#website"},"datePublished":"2022-09-29T12:45:25+00:00","dateModified":"2023-01-10T13:03:43+00:00","breadcrumb":{"@id":"https:\/\/www.hilase.cz\/en\/lmm-relevant-resources\/#breadcrumb"},"inLanguage":"en-US","potentialAction":[{"@type":"ReadAction","target":["https:\/\/www.hilase.cz\/en\/lmm-relevant-resources\/"]}]},{"@type":"BreadcrumbList","@id":"https:\/\/www.hilase.cz\/en\/lmm-relevant-resources\/#breadcrumb","itemListElement":[{"@type":"ListItem","position":1,"name":"Dom\u016f","item":"https:\/\/www.hilase.cz\/en\/"},{"@type":"ListItem","position":2,"name":"LMM Relevant Resources"}]},{"@type":"WebSite","@id":"https:\/\/www.hilase.cz\/#website","url":"https:\/\/www.hilase.cz\/","name":"HiLASE","description":"Hi-tech laserov\u00e9 v\u00fdzkumn\u00e9 centrum","potentialAction":[{"@type":"SearchAction","target":{"@type":"EntryPoint","urlTemplate":"https:\/\/www.hilase.cz\/?s={search_term_string}"},"query-input":{"@type":"PropertyValueSpecification","valueRequired":true,"valueName":"search_term_string"}}],"inLanguage":"en-US"}]}},"_links":{"self":[{"href":"https:\/\/www.hilase.cz\/en\/wp-json\/wp\/v2\/pages\/23057","targetHints":{"allow":["GET"]}}],"collection":[{"href":"https:\/\/www.hilase.cz\/en\/wp-json\/wp\/v2\/pages"}],"about":[{"href":"https:\/\/www.hilase.cz\/en\/wp-json\/wp\/v2\/types\/page"}],"author":[{"embeddable":true,"href":"https:\/\/www.hilase.cz\/en\/wp-json\/wp\/v2\/users\/15"}],"replies":[{"embeddable":true,"href":"https:\/\/www.hilase.cz\/en\/wp-json\/wp\/v2\/comments?post=23057"}],"version-history":[{"count":5,"href":"https:\/\/www.hilase.cz\/en\/wp-json\/wp\/v2\/pages\/23057\/revisions"}],"predecessor-version":[{"id":24556,"href":"https:\/\/www.hilase.cz\/en\/wp-json\/wp\/v2\/pages\/23057\/revisions\/24556"}],"wp:attachment":[{"href":"https:\/\/www.hilase.cz\/en\/wp-json\/wp\/v2\/media?parent=23057"}],"curies":[{"name":"wp","href":"https:\/\/api.w.org\/{rel}","templated":true}]}}