{"id":23897,"date":"2023-02-07T15:53:35","date_gmt":"2023-02-07T14:53:35","guid":{"rendered":"https:\/\/www.hilase.cz\/?page_id=23897"},"modified":"2025-03-05T10:30:57","modified_gmt":"2025-03-05T09:30:57","slug":"quality-management-system","status":"publish","type":"page","link":"https:\/\/www.hilase.cz\/en\/about-us\/quality-management-system\/","title":{"rendered":"QMS"},"content":{"rendered":"","protected":false},"excerpt":{"rendered":"","protected":false},"author":10,"featured_media":0,"parent":142,"menu_order":0,"comment_status":"closed","ping_status":"closed","template":"","meta":{"_acf_changed":false,"_monsterinsights_skip_tracking":false,"_monsterinsights_sitenote_active":false,"_monsterinsights_sitenote_note":"","_monsterinsights_sitenote_category":0,"footnotes":""},"class_list":["post-23897","page","type-page","status-publish","hentry"],"acf":{"obsah":[{"acf_fc_layout":"text","text":"<p>The emphasis on quality has been an integral part of the HiLASE Centre&#8217;s corporate culture for many years. It is closely linked to one of the Center&#8217;s strategic goals, i.e. <strong>to become one of the respected leaders in high-power laser applications. The Centre&#8217;s ambition is to be the first-choice R&amp;D Partner for companies and research organisations looking for innovative laser technologies and solutions.<\/strong><\/p>\n<p>It follows from the above that the HiLASE Centre strives to fully satisfy the needs and expectations of its partners, customers, employees, suppliers and other stakeholders through active compliance with the principles of the quality management system and, at the same time, through effective management of the quality policy, continuously improving the quality of its products and services.<\/p>\n<p>Thanks to, among other factors, the certified quality management system (QMS) of the LIDT laboratory, the HiLASE Centre is an internationally recognised scientific facility. It ranks among the leading players in the world of top-notch laser technology. You can find out more about the Laser Induced Damage Threshold Testing (LIDT) technology <a href=\"https:\/\/www.hilase.cz\/en\/products\/laser-induced-damaged-threshold-lidt\/\">HERE<\/a>.<\/p>\n<blockquote><p>The main process of the quality management system of our LIDT laboratory is based on the customer&#8217;s requirements. The feedback from the customer is the stimulus for further improvement. Our QMS includes related management processes such as leadership, communication, resource planning, HR, etc. In addition, the QMS also includes related support processes including purchasing and external services, maintaining the laboratory environment, metrology, infrastructure, external communication, documented information, internal audits, corrective actions and improvements, etc. &#8211; Jana Svoj\u0161ov\u00e1, Quality Manager<\/p><\/blockquote>\n","oddelovace":"none"},{"acf_fc_layout":"text","text":"<h6><span style=\"color: #000000;\"><strong>HILASE CENTRE QUALITY MANAGEMENT\u00a0 SYSTEM | THE LIDT LABORATORY<\/strong><\/span><\/h6>\n<p>The management of HiLASE Centre commits to perform the Quality Management System of LIDT Laboratory at a high level expected by the client.<\/p>\n<p>HiLASE Centre aims at maintaining relationships with current clients and building contacts with new clients of LIDT Laboratory \u2013 we implement the contract research projects at a high level of quality so that we can meet the requirements of our clients in the best possible way.<\/p>\n<p>That is why HiLASE Centre has adopted principles of effective and simple Quality Management System, including process of permanent improvement.<br \/>\nThe management of HiLASE Centre commits to satisfy applicable requirements which have been specified within the Quality Management System.<br \/>\nThe Quality Policy provides a framework for setting the Quality Objectives.<\/p>\n<p>HiLASE Centre applies the principles of the Quality Policy mentioned bellow, for successful creation, implementation and improvement of the Quality Management System:<\/p>\n<ol>\n<li><strong>Our mission is based upon three essential values: uniqueness, usefulness and credibility.<\/strong><\/li>\n<li><strong>As far as realization of contract research projects is concerned, we focus especially on high quality of services, i.e. precise, reliable and perfect outputs, which is in line with requirements of our clients, legal regulations and requirements of other parties concerned.<\/strong><\/li>\n<li><strong>We maintain open and transparent communication and long-term cooperation with our clients, suppliers and other parties concerned.<\/strong><img loading=\"lazy\" decoding=\"async\" class=\"aligncenter\" src=\"https:\/\/www.hilase.cz\/wp-content\/uploads\/QMS-1.svg\" alt=\"QMS\" width=\"674\" height=\"379\" \/><\/li>\n<li><strong>The most valuable resources of HiLASE Centre are human resources \u2013 educated and experienced employees. Management of HiLASE Centre supports improving of qualification through plans of education and training.<\/strong><\/li>\n<li><strong>We expect that members of our team will spread the limits of technological possibilities, will interconnect the fields of research and industry and will be reliable partners for other parties.<\/strong><\/li>\n<li><strong>We continuously improve the Quality Management System so that we reach stable outputs during implementation of contract research projects, gain confidence and respect of our clients and HiLASE Centre\u2019s reputation based on our three essential values: uniqueness, usefulness and credibility.<\/strong><\/li>\n<li><strong>We regularly verify our quality management system by way of internal audits and evaluate its efficiency.<\/strong><\/li>\n<\/ol>\n<p>Our Quality Policy is binding for all employees and is regularly verified so that it corresponds to needs and actual situation of HiLASE Centre and is continuously improved.<\/p>\n","oddelovace":"none"},{"acf_fc_layout":"success_stories","success_story":[{"jmeno":"Ing. Lea Romanovov\u00e1","pozice":"Quality Manager","text":"The quality policy represents our commitment to our customers and is a key element of our centre's strategy. Through a certified Quality Management System (QMS), we guarantee our customers and business partners that they can rely on a high level of quality in our services, which at the same time meet their specific requirements.\r\n\r\nOur long-term ambition is to gradually extend the implementation of ISO 9001 to other areas of our operations, including applications and laboratories.","obrazek":{"ID":34765,"id":34765,"title":"MTH_0739","filename":"MTH_0739-scaled-e1741166189273.jpg","filesize":101619,"url":"https:\/\/www.hilase.cz\/wp-content\/uploads\/MTH_0739-scaled-e1741166189273.jpg","link":"https:\/\/www.hilase.cz\/en\/o-nas\/politika-kvality\/mth_0739\/","alt":"","author":"15","description":"","caption":"","name":"mth_0739","status":"inherit","uploaded_to":23895,"date":"2025-03-05 09:16:03","modified":"2025-03-05 09:16:03","menu_order":0,"mime_type":"image\/jpeg","type":"image","subtype":"jpeg","icon":"https:\/\/www.hilase.cz\/wp-includes\/images\/media\/default.png","width":1097,"height":1110,"sizes":{"thumbnail":"https:\/\/www.hilase.cz\/wp-content\/uploads\/MTH_0739-scaled-e1741166189273-175x175.jpg","thumbnail-width":175,"thumbnail-height":175,"medium":"https:\/\/www.hilase.cz\/wp-content\/uploads\/MTH_0739-scaled-e1741166189273-593x600.jpg","medium-width":593,"medium-height":600,"medium_large":"https:\/\/www.hilase.cz\/wp-content\/uploads\/MTH_0739-scaled-e1741166189273-768x777.jpg","medium_large-width":768,"medium_large-height":777,"large":"https:\/\/www.hilase.cz\/wp-content\/uploads\/MTH_0739-1198x1800.jpg","large-width":1198,"large-height":1800,"1536x1536":"https:\/\/www.hilase.cz\/wp-content\/uploads\/MTH_0739-1022x1536.jpg","1536x1536-width":1022,"1536x1536-height":1536,"2048x2048":"https:\/\/www.hilase.cz\/wp-content\/uploads\/MTH_0739-1363x2048.jpg","2048x2048-width":1363,"2048x2048-height":2048,"image":"https:\/\/www.hilase.cz\/wp-content\/uploads\/MTH_0739-scaled-e1741166189273-1097x484.jpg","image-width":1097,"image-height":484,"gallery":"https:\/\/www.hilase.cz\/wp-content\/uploads\/MTH_0739-scaled-e1741166189273-273x210.jpg","gallery-width":273,"gallery-height":210,"card":"https:\/\/www.hilase.cz\/wp-content\/uploads\/MTH_0739-scaled-e1741166189273-740x390.jpg","card-width":740,"card-height":390,"square":"https:\/\/www.hilase.cz\/wp-content\/uploads\/MTH_0739-scaled-e1741166189273-360x360.jpg","square-width":360,"square-height":360}}}]},{"acf_fc_layout":"ke_stazeni","nadpis":"Downloads","zvyraznit_nadpis":false,"soubory":[{"soubor":"https:\/\/www.hilase.cz\/wp-content\/uploads\/HiLASE_Quality-Policy-final-2025_Signed-LR.pdf","popis":"QUALITY MANAGEMENT POLICY "},{"soubor":"https:\/\/www.hilase.cz\/wp-content\/uploads\/ISO-9001-certificate-EN-1.pdf","popis":"ISO 9001 | LIDT laboratory"}]}]},"yoast_head":"<!-- This site is optimized with the Yoast SEO plugin v23.9 - https:\/\/yoast.com\/wordpress\/plugins\/seo\/ -->\n<title>QMS - HiLASE<\/title>\n<meta name=\"robots\" content=\"index, follow, max-snippet:-1, max-image-preview:large, max-video-preview:-1\" \/>\n<link rel=\"canonical\" href=\"https:\/\/www.hilase.cz\/en\/about-us\/quality-management-system\/\" \/>\n<meta property=\"og:locale\" content=\"en_US\" \/>\n<meta property=\"og:type\" content=\"article\" \/>\n<meta property=\"og:title\" content=\"QMS - HiLASE\" \/>\n<meta property=\"og:url\" content=\"https:\/\/www.hilase.cz\/en\/about-us\/quality-management-system\/\" \/>\n<meta property=\"og:site_name\" content=\"HiLASE\" \/>\n<meta property=\"article:modified_time\" content=\"2025-03-05T09:30:57+00:00\" \/>\n<meta name=\"twitter:card\" content=\"summary_large_image\" \/>\n<script type=\"application\/ld+json\" class=\"yoast-schema-graph\">{\"@context\":\"https:\/\/schema.org\",\"@graph\":[{\"@type\":\"WebPage\",\"@id\":\"https:\/\/www.hilase.cz\/en\/about-us\/quality-management-system\/\",\"url\":\"https:\/\/www.hilase.cz\/en\/about-us\/quality-management-system\/\",\"name\":\"QMS - HiLASE\",\"isPartOf\":{\"@id\":\"https:\/\/www.hilase.cz\/#website\"},\"datePublished\":\"2023-02-07T14:53:35+00:00\",\"dateModified\":\"2025-03-05T09:30:57+00:00\",\"breadcrumb\":{\"@id\":\"https:\/\/www.hilase.cz\/en\/about-us\/quality-management-system\/#breadcrumb\"},\"inLanguage\":\"en-US\",\"potentialAction\":[{\"@type\":\"ReadAction\",\"target\":[\"https:\/\/www.hilase.cz\/en\/about-us\/quality-management-system\/\"]}]},{\"@type\":\"BreadcrumbList\",\"@id\":\"https:\/\/www.hilase.cz\/en\/about-us\/quality-management-system\/#breadcrumb\",\"itemListElement\":[{\"@type\":\"ListItem\",\"position\":1,\"name\":\"Dom\u016f\",\"item\":\"https:\/\/www.hilase.cz\/en\/\"},{\"@type\":\"ListItem\",\"position\":2,\"name\":\"About Us\",\"item\":\"https:\/\/www.hilase.cz\/en\/about-us\/\"},{\"@type\":\"ListItem\",\"position\":3,\"name\":\"QMS\"}]},{\"@type\":\"WebSite\",\"@id\":\"https:\/\/www.hilase.cz\/#website\",\"url\":\"https:\/\/www.hilase.cz\/\",\"name\":\"HiLASE\",\"description\":\"Hi-tech laserov\u00e9 v\u00fdzkumn\u00e9 centrum\",\"potentialAction\":[{\"@type\":\"SearchAction\",\"target\":{\"@type\":\"EntryPoint\",\"urlTemplate\":\"https:\/\/www.hilase.cz\/?s={search_term_string}\"},\"query-input\":{\"@type\":\"PropertyValueSpecification\",\"valueRequired\":true,\"valueName\":\"search_term_string\"}}],\"inLanguage\":\"en-US\"}]}<\/script>\n<!-- \/ Yoast SEO plugin. -->","yoast_head_json":{"title":"QMS - HiLASE","robots":{"index":"index","follow":"follow","max-snippet":"max-snippet:-1","max-image-preview":"max-image-preview:large","max-video-preview":"max-video-preview:-1"},"canonical":"https:\/\/www.hilase.cz\/en\/about-us\/quality-management-system\/","og_locale":"en_US","og_type":"article","og_title":"QMS - HiLASE","og_url":"https:\/\/www.hilase.cz\/en\/about-us\/quality-management-system\/","og_site_name":"HiLASE","article_modified_time":"2025-03-05T09:30:57+00:00","twitter_card":"summary_large_image","schema":{"@context":"https:\/\/schema.org","@graph":[{"@type":"WebPage","@id":"https:\/\/www.hilase.cz\/en\/about-us\/quality-management-system\/","url":"https:\/\/www.hilase.cz\/en\/about-us\/quality-management-system\/","name":"QMS - HiLASE","isPartOf":{"@id":"https:\/\/www.hilase.cz\/#website"},"datePublished":"2023-02-07T14:53:35+00:00","dateModified":"2025-03-05T09:30:57+00:00","breadcrumb":{"@id":"https:\/\/www.hilase.cz\/en\/about-us\/quality-management-system\/#breadcrumb"},"inLanguage":"en-US","potentialAction":[{"@type":"ReadAction","target":["https:\/\/www.hilase.cz\/en\/about-us\/quality-management-system\/"]}]},{"@type":"BreadcrumbList","@id":"https:\/\/www.hilase.cz\/en\/about-us\/quality-management-system\/#breadcrumb","itemListElement":[{"@type":"ListItem","position":1,"name":"Dom\u016f","item":"https:\/\/www.hilase.cz\/en\/"},{"@type":"ListItem","position":2,"name":"About Us","item":"https:\/\/www.hilase.cz\/en\/about-us\/"},{"@type":"ListItem","position":3,"name":"QMS"}]},{"@type":"WebSite","@id":"https:\/\/www.hilase.cz\/#website","url":"https:\/\/www.hilase.cz\/","name":"HiLASE","description":"Hi-tech laserov\u00e9 v\u00fdzkumn\u00e9 centrum","potentialAction":[{"@type":"SearchAction","target":{"@type":"EntryPoint","urlTemplate":"https:\/\/www.hilase.cz\/?s={search_term_string}"},"query-input":{"@type":"PropertyValueSpecification","valueRequired":true,"valueName":"search_term_string"}}],"inLanguage":"en-US"}]}},"_links":{"self":[{"href":"https:\/\/www.hilase.cz\/en\/wp-json\/wp\/v2\/pages\/23897","targetHints":{"allow":["GET"]}}],"collection":[{"href":"https:\/\/www.hilase.cz\/en\/wp-json\/wp\/v2\/pages"}],"about":[{"href":"https:\/\/www.hilase.cz\/en\/wp-json\/wp\/v2\/types\/page"}],"author":[{"embeddable":true,"href":"https:\/\/www.hilase.cz\/en\/wp-json\/wp\/v2\/users\/10"}],"replies":[{"embeddable":true,"href":"https:\/\/www.hilase.cz\/en\/wp-json\/wp\/v2\/comments?post=23897"}],"version-history":[{"count":14,"href":"https:\/\/www.hilase.cz\/en\/wp-json\/wp\/v2\/pages\/23897\/revisions"}],"predecessor-version":[{"id":34775,"href":"https:\/\/www.hilase.cz\/en\/wp-json\/wp\/v2\/pages\/23897\/revisions\/34775"}],"up":[{"embeddable":true,"href":"https:\/\/www.hilase.cz\/en\/wp-json\/wp\/v2\/pages\/142"}],"wp:attachment":[{"href":"https:\/\/www.hilase.cz\/en\/wp-json\/wp\/v2\/media?parent=23897"}],"curies":[{"name":"wp","href":"https:\/\/api.w.org\/{rel}","templated":true}]}}