{"id":25441,"date":"2023-02-24T10:19:17","date_gmt":"2023-02-24T09:19:17","guid":{"rendered":"https:\/\/www.hilase.cz\/?page_id=25441"},"modified":"2026-01-23T16:30:19","modified_gmt":"2026-01-23T15:30:19","slug":"lidt-challenge","status":"publish","type":"page","link":"https:\/\/www.hilase.cz\/en\/lidt-challenge\/","title":{"rendered":"LIDT Challenge"},"content":{"rendered":"","protected":false},"excerpt":{"rendered":"","protected":false},"author":10,"featured_media":0,"parent":0,"menu_order":0,"comment_status":"closed","ping_status":"closed","template":"","meta":{"_acf_changed":false,"_monsterinsights_skip_tracking":false,"_monsterinsights_sitenote_active":false,"_monsterinsights_sitenote_note":"","_monsterinsights_sitenote_category":0,"footnotes":""},"class_list":["post-25441","page","type-page","status-publish","hentry"],"acf":{"obsah":[{"acf_fc_layout":"text","text":"<p>As the name of the competition indicates, the LIDT Challenge focuses on the topic of the Laser Induced Damage Threshold (LIDT). It is intended for companies in the area of laser optics and optical components used in laser systems and applications. Knowledge of the quality of the components used is crucial for the safe and reliable operation of laser systems, which means that the reliability of high-performance lasers is to some extent also determined by the optical components.<\/p>\n<p><img decoding=\"async\" class=\"aligncenter\" src=\"https:\/\/www.hilase.cz\/wp-content\/uploads\/LIDT-Challenge-1.png\" \/><\/p>\n<p>The LIDT Challenge is an opportunity to test the real performance of your optical components in the certified LIDT laboratory of the HiLASE Centre.<\/p>\n","oddelovace":"none"},{"acf_fc_layout":"odkazovaci_tlacitka","odkazovaci_tlacitka":[{"text":"LIDT Challenge 2026","odkaz":"https:\/\/www.hilase.cz\/en\/lidt-challenge-2026\/"},{"text":"LIDT Challenge 2025","odkaz":"https:\/\/www.hilase.cz\/en\/lidt-challenge-2025\/"},{"text":"LIDT Challenge 2024","odkaz":"https:\/\/www.hilase.cz\/en\/lidt-challenge-2024\/"},{"text":"LIDT Challenge 2023","odkaz":"https:\/\/www.hilase.cz\/en\/lidt-challenge-2023\/"},{"text":"LIDT Challenge 2022","odkaz":"https:\/\/www.hilase.cz\/en\/lidt-challenge-2022\/"}]},{"acf_fc_layout":"text","text":"<h4 data-ccp-props=\"{&quot;335551550&quot;:3,&quot;335551620&quot;:3,&quot;335559683&quot;:0,&quot;335559685&quot;:0,&quot;335559731&quot;:0,&quot;335559737&quot;:0,&quot;335562764&quot;:2,&quot;335562765&quot;:1,&quot;335562766&quot;:4,&quot;335562767&quot;:0,&quot;335562768&quot;:4,&quot;335562769&quot;:0}\">LIDT Challenge &#8211; winners<\/h4>\n<p data-ccp-props=\"{&quot;335551550&quot;:3,&quot;335551620&quot;:3,&quot;335559683&quot;:0,&quot;335559685&quot;:0,&quot;335559731&quot;:0,&quot;335559737&quot;:0,&quot;335562764&quot;:2,&quot;335562765&quot;:1,&quot;335562766&quot;:4,&quot;335562767&quot;:0,&quot;335562768&quot;:4,&quot;335562769&quot;:0}\"><span data-usefontface=\"false\" data-contrast=\"none\"><strong><span class=\"txt-primary\">2022<\/span><\/strong> \u2013 HR@343 nm, 1 <\/span><span data-usefontface=\"false\" data-contrast=\"none\">ps<\/span><span data-usefontface=\"false\" data-contrast=\"none\"> pulse [0.4 J\/cm\u00b2 &#8211; <\/span><a href=\"https:\/\/www.hilase.cz\/en\/lidt-challenge-has-its-winner\/\"><span data-usefontface=\"false\" data-contrast=\"none\">Laseroptik<\/span><\/a><span data-usefontface=\"false\" data-contrast=\"none\">]<br \/>\n<\/span><span data-usefontface=\"false\" data-contrast=\"none\"><strong><span class=\"txt-secondary\">2023<\/span><\/strong> \u2013 AR@343, 1 <\/span><span data-usefontface=\"false\" data-contrast=\"none\">ps<\/span><span data-usefontface=\"false\" data-contrast=\"none\"> pulse [0.6 J\/cm\u00b2 &#8211; <a href=\"https:\/\/www.hilase.cz\/en\/eksma-optics-is-the-winner-of-lidt-challenge-2023\/\">EKSMA Optics<\/a>]<br \/>\n<\/span><span data-usefontface=\"false\" data-contrast=\"none\"><strong><span class=\"txt-primary\">2024<\/span><\/strong> \u2013 HR@257 nm, 1 <\/span><span data-usefontface=\"false\" data-contrast=\"none\">ps<\/span><span data-usefontface=\"false\" data-contrast=\"none\"> pulse [0.16 J\/cm\u00b2 &#8211; <a href=\"https:\/\/www.hilase.cz\/en\/eksma-optics-triumphs-again-wins-lidt-challenge-for-the-second-time\/\">EKSMA Optics<\/a>]<br \/>\n<\/span><strong><span class=\"txt-primary txt-secondary\">2025<\/span><\/strong><span data-usefontface=\"false\" data-contrast=\"none\">\u2013 AR@257, 0.9 <\/span><span data-usefontface=\"false\" data-contrast=\"none\">ps<\/span><span data-usefontface=\"false\" data-contrast=\"none\"> pulse [0.5 J\/cm\u00b2 &#8211; <\/span><a href=\"https:\/\/www.hilase.cz\/en\/optoman-wins-hilase-lidt-challenge-2025\/\"><span data-usefontface=\"false\" data-contrast=\"none\">Optoman<\/span><\/a><span data-usefontface=\"false\" data-contrast=\"none\">]<\/span>\u200b<\/p>\n<p data-ccp-props=\"{&quot;335551550&quot;:3,&quot;335551620&quot;:3,&quot;335559683&quot;:0,&quot;335559685&quot;:0,&quot;335559731&quot;:0,&quot;335559737&quot;:0,&quot;335562764&quot;:2,&quot;335562765&quot;:1,&quot;335562766&quot;:4,&quot;335562767&quot;:0,&quot;335562768&quot;:4,&quot;335562769&quot;:0}\">\u200b<b><span data-usefontface=\"false\" data-contrast=\"none\">2026 \u2013 HR@1030, 10 ns <\/span><\/b><\/p>\n","oddelovace":"none"},{"acf_fc_layout":"oddelovac"},{"acf_fc_layout":"galerie","galerie":[{"ID":20535,"id":20535,"title":"DSC_0387-2","filename":"DSC_0387-2.jpg","filesize":1023872,"url":"https:\/\/www.hilase.cz\/wp-content\/uploads\/DSC_0387-2.jpg","link":"https:\/\/www.hilase.cz\/en\/dsc_0387-2\/","alt":"","author":"10","description":"","caption":"","name":"dsc_0387-2","status":"inherit","uploaded_to":0,"date":"2022-04-28 08:12:44","modified":"2022-04-28 08:12:44","menu_order":0,"mime_type":"image\/jpeg","type":"image","subtype":"jpeg","icon":"https:\/\/www.hilase.cz\/wp-includes\/images\/media\/default.png","width":1620,"height":1080,"sizes":{"thumbnail":"https:\/\/www.hilase.cz\/wp-content\/uploads\/DSC_0387-2-175x175.jpg","thumbnail-width":175,"thumbnail-height":175,"medium":"https:\/\/www.hilase.cz\/wp-content\/uploads\/DSC_0387-2-600x400.jpg","medium-width":600,"medium-height":400,"medium_large":"https:\/\/www.hilase.cz\/wp-content\/uploads\/DSC_0387-2-768x512.jpg","medium_large-width":768,"medium_large-height":512,"large":"https:\/\/www.hilase.cz\/wp-content\/uploads\/DSC_0387-2.jpg","large-width":1620,"large-height":1080,"1536x1536":"https:\/\/www.hilase.cz\/wp-content\/uploads\/DSC_0387-2-1536x1024.jpg","1536x1536-width":1536,"1536x1536-height":1024,"2048x2048":"https:\/\/www.hilase.cz\/wp-content\/uploads\/DSC_0387-2.jpg","2048x2048-width":1620,"2048x2048-height":1080,"image":"https:\/\/www.hilase.cz\/wp-content\/uploads\/DSC_0387-2-1170x484.jpg","image-width":1170,"image-height":484,"gallery":"https:\/\/www.hilase.cz\/wp-content\/uploads\/DSC_0387-2-273x210.jpg","gallery-width":273,"gallery-height":210,"card":"https:\/\/www.hilase.cz\/wp-content\/uploads\/DSC_0387-2-740x390.jpg","card-width":740,"card-height":390,"square":"https:\/\/www.hilase.cz\/wp-content\/uploads\/DSC_0387-2-360x360.jpg","square-width":360,"square-height":360}},{"ID":20533,"id":20533,"title":"DSC_0314-6","filename":"DSC_0314-6.jpg","filesize":928079,"url":"https:\/\/www.hilase.cz\/wp-content\/uploads\/DSC_0314-6.jpg","link":"https:\/\/www.hilase.cz\/en\/dsc_0314-6\/","alt":"","author":"10","description":"","caption":"","name":"dsc_0314-6","status":"inherit","uploaded_to":0,"date":"2022-04-28 08:11:14","modified":"2022-04-28 08:11:14","menu_order":0,"mime_type":"image\/jpeg","type":"image","subtype":"jpeg","icon":"https:\/\/www.hilase.cz\/wp-includes\/images\/media\/default.png","width":1620,"height":1080,"sizes":{"thumbnail":"https:\/\/www.hilase.cz\/wp-content\/uploads\/DSC_0314-6-175x175.jpg","thumbnail-width":175,"thumbnail-height":175,"medium":"https:\/\/www.hilase.cz\/wp-content\/uploads\/DSC_0314-6-600x400.jpg","medium-width":600,"medium-height":400,"medium_large":"https:\/\/www.hilase.cz\/wp-content\/uploads\/DSC_0314-6-768x512.jpg","medium_large-width":768,"medium_large-height":512,"large":"https:\/\/www.hilase.cz\/wp-content\/uploads\/DSC_0314-6.jpg","large-width":1620,"large-height":1080,"1536x1536":"https:\/\/www.hilase.cz\/wp-content\/uploads\/DSC_0314-6-1536x1024.jpg","1536x1536-width":1536,"1536x1536-height":1024,"2048x2048":"https:\/\/www.hilase.cz\/wp-content\/uploads\/DSC_0314-6.jpg","2048x2048-width":1620,"2048x2048-height":1080,"image":"https:\/\/www.hilase.cz\/wp-content\/uploads\/DSC_0314-6-1170x484.jpg","image-width":1170,"image-height":484,"gallery":"https:\/\/www.hilase.cz\/wp-content\/uploads\/DSC_0314-6-273x210.jpg","gallery-width":273,"gallery-height":210,"card":"https:\/\/www.hilase.cz\/wp-content\/uploads\/DSC_0314-6-740x390.jpg","card-width":740,"card-height":390,"square":"https:\/\/www.hilase.cz\/wp-content\/uploads\/DSC_0314-6-360x360.jpg","square-width":360,"square-height":360}},{"ID":20531,"id":20531,"title":"DSC_0306-6","filename":"DSC_0306-6.jpg","filesize":621164,"url":"https:\/\/www.hilase.cz\/wp-content\/uploads\/DSC_0306-6.jpg","link":"https:\/\/www.hilase.cz\/en\/dsc_0306-6\/","alt":"","author":"10","description":"","caption":"","name":"dsc_0306-6","status":"inherit","uploaded_to":0,"date":"2022-04-28 08:10:45","modified":"2023-02-23 14:05:53","menu_order":0,"mime_type":"image\/jpeg","type":"image","subtype":"jpeg","icon":"https:\/\/www.hilase.cz\/wp-includes\/images\/media\/default.png","width":1620,"height":1080,"sizes":{"thumbnail":"https:\/\/www.hilase.cz\/wp-content\/uploads\/DSC_0306-6-175x175.jpg","thumbnail-width":175,"thumbnail-height":175,"medium":"https:\/\/www.hilase.cz\/wp-content\/uploads\/DSC_0306-6-600x400.jpg","medium-width":600,"medium-height":400,"medium_large":"https:\/\/www.hilase.cz\/wp-content\/uploads\/DSC_0306-6-768x512.jpg","medium_large-width":768,"medium_large-height":512,"large":"https:\/\/www.hilase.cz\/wp-content\/uploads\/DSC_0306-6.jpg","large-width":1620,"large-height":1080,"1536x1536":"https:\/\/www.hilase.cz\/wp-content\/uploads\/DSC_0306-6-1536x1024.jpg","1536x1536-width":1536,"1536x1536-height":1024,"2048x2048":"https:\/\/www.hilase.cz\/wp-content\/uploads\/DSC_0306-6.jpg","2048x2048-width":1620,"2048x2048-height":1080,"image":"https:\/\/www.hilase.cz\/wp-content\/uploads\/DSC_0306-6-1170x484.jpg","image-width":1170,"image-height":484,"gallery":"https:\/\/www.hilase.cz\/wp-content\/uploads\/DSC_0306-6-273x210.jpg","gallery-width":273,"gallery-height":210,"card":"https:\/\/www.hilase.cz\/wp-content\/uploads\/DSC_0306-6-740x390.jpg","card-width":740,"card-height":390,"square":"https:\/\/www.hilase.cz\/wp-content\/uploads\/DSC_0306-6-360x360.jpg","square-width":360,"square-height":360}},{"ID":20532,"id":20532,"title":"DSC_0303-4","filename":"DSC_0303-4.jpg","filesize":619075,"url":"https:\/\/www.hilase.cz\/wp-content\/uploads\/DSC_0303-4.jpg","link":"https:\/\/www.hilase.cz\/en\/dsc_0303-4\/","alt":"","author":"10","description":"","caption":"","name":"dsc_0303-4","status":"inherit","uploaded_to":0,"date":"2022-04-28 08:10:46","modified":"2022-04-28 08:10:46","menu_order":0,"mime_type":"image\/jpeg","type":"image","subtype":"jpeg","icon":"https:\/\/www.hilase.cz\/wp-includes\/images\/media\/default.png","width":1620,"height":1080,"sizes":{"thumbnail":"https:\/\/www.hilase.cz\/wp-content\/uploads\/DSC_0303-4-175x175.jpg","thumbnail-width":175,"thumbnail-height":175,"medium":"https:\/\/www.hilase.cz\/wp-content\/uploads\/DSC_0303-4-600x400.jpg","medium-width":600,"medium-height":400,"medium_large":"https:\/\/www.hilase.cz\/wp-content\/uploads\/DSC_0303-4-768x512.jpg","medium_large-width":768,"medium_large-height":512,"large":"https:\/\/www.hilase.cz\/wp-content\/uploads\/DSC_0303-4.jpg","large-width":1620,"large-height":1080,"1536x1536":"https:\/\/www.hilase.cz\/wp-content\/uploads\/DSC_0303-4-1536x1024.jpg","1536x1536-width":1536,"1536x1536-height":1024,"2048x2048":"https:\/\/www.hilase.cz\/wp-content\/uploads\/DSC_0303-4.jpg","2048x2048-width":1620,"2048x2048-height":1080,"image":"https:\/\/www.hilase.cz\/wp-content\/uploads\/DSC_0303-4-1170x484.jpg","image-width":1170,"image-height":484,"gallery":"https:\/\/www.hilase.cz\/wp-content\/uploads\/DSC_0303-4-273x210.jpg","gallery-width":273,"gallery-height":210,"card":"https:\/\/www.hilase.cz\/wp-content\/uploads\/DSC_0303-4-740x390.jpg","card-width":740,"card-height":390,"square":"https:\/\/www.hilase.cz\/wp-content\/uploads\/DSC_0303-4-360x360.jpg","square-width":360,"square-height":360}},{"ID":38373,"id":38373,"title":"MTH_7659","filename":"MTH_7659.png","filesize":2663612,"url":"https:\/\/www.hilase.cz\/wp-content\/uploads\/MTH_7659.png","link":"https:\/\/www.hilase.cz\/en\/lidt-challenge\/mth_7659\/","alt":"","author":"10","description":"","caption":"","name":"mth_7659","status":"inherit","uploaded_to":25443,"date":"2026-01-23 15:02:48","modified":"2026-01-23 15:03:30","menu_order":0,"mime_type":"image\/png","type":"image","subtype":"png","icon":"https:\/\/www.hilase.cz\/wp-includes\/images\/media\/default.png","width":1623,"height":1080,"sizes":{"thumbnail":"https:\/\/www.hilase.cz\/wp-content\/uploads\/MTH_7659-175x175.png","thumbnail-width":175,"thumbnail-height":175,"medium":"https:\/\/www.hilase.cz\/wp-content\/uploads\/MTH_7659-600x399.png","medium-width":600,"medium-height":399,"medium_large":"https:\/\/www.hilase.cz\/wp-content\/uploads\/MTH_7659-768x511.png","medium_large-width":768,"medium_large-height":511,"large":"https:\/\/www.hilase.cz\/wp-content\/uploads\/MTH_7659.png","large-width":1623,"large-height":1080,"1536x1536":"https:\/\/www.hilase.cz\/wp-content\/uploads\/MTH_7659-1536x1022.png","1536x1536-width":1536,"1536x1536-height":1022,"2048x2048":"https:\/\/www.hilase.cz\/wp-content\/uploads\/MTH_7659.png","2048x2048-width":1623,"2048x2048-height":1080,"image":"https:\/\/www.hilase.cz\/wp-content\/uploads\/MTH_7659-1170x484.png","image-width":1170,"image-height":484,"gallery":"https:\/\/www.hilase.cz\/wp-content\/uploads\/MTH_7659-273x210.png","gallery-width":273,"gallery-height":210,"card":"https:\/\/www.hilase.cz\/wp-content\/uploads\/MTH_7659-740x390.png","card-width":740,"card-height":390,"square":"https:\/\/www.hilase.cz\/wp-content\/uploads\/MTH_7659-360x360.png","square-width":360,"square-height":360}},{"ID":38372,"id":38372,"title":"MTH_7636 (1)","filename":"MTH_7636-1.jpg","filesize":1780644,"url":"https:\/\/www.hilase.cz\/wp-content\/uploads\/MTH_7636-1.jpg","link":"https:\/\/www.hilase.cz\/en\/lidt-challenge\/mth_7636-1\/","alt":"","author":"10","description":"","caption":"","name":"mth_7636-1","status":"inherit","uploaded_to":25443,"date":"2026-01-23 15:02:47","modified":"2026-01-23 15:02:47","menu_order":0,"mime_type":"image\/jpeg","type":"image","subtype":"jpeg","icon":"https:\/\/www.hilase.cz\/wp-includes\/images\/media\/default.png","width":1623,"height":1080,"sizes":{"thumbnail":"https:\/\/www.hilase.cz\/wp-content\/uploads\/MTH_7636-1-175x175.jpg","thumbnail-width":175,"thumbnail-height":175,"medium":"https:\/\/www.hilase.cz\/wp-content\/uploads\/MTH_7636-1-600x399.jpg","medium-width":600,"medium-height":399,"medium_large":"https:\/\/www.hilase.cz\/wp-content\/uploads\/MTH_7636-1-768x511.jpg","medium_large-width":768,"medium_large-height":511,"large":"https:\/\/www.hilase.cz\/wp-content\/uploads\/MTH_7636-1.jpg","large-width":1623,"large-height":1080,"1536x1536":"https:\/\/www.hilase.cz\/wp-content\/uploads\/MTH_7636-1-1536x1022.jpg","1536x1536-width":1536,"1536x1536-height":1022,"2048x2048":"https:\/\/www.hilase.cz\/wp-content\/uploads\/MTH_7636-1.jpg","2048x2048-width":1623,"2048x2048-height":1080,"image":"https:\/\/www.hilase.cz\/wp-content\/uploads\/MTH_7636-1-1170x484.jpg","image-width":1170,"image-height":484,"gallery":"https:\/\/www.hilase.cz\/wp-content\/uploads\/MTH_7636-1-273x210.jpg","gallery-width":273,"gallery-height":210,"card":"https:\/\/www.hilase.cz\/wp-content\/uploads\/MTH_7636-1-740x390.jpg","card-width":740,"card-height":390,"square":"https:\/\/www.hilase.cz\/wp-content\/uploads\/MTH_7636-1-360x360.jpg","square-width":360,"square-height":360}},{"ID":38371,"id":38371,"title":"MTH_7524","filename":"MTH_7524.png","filesize":2221385,"url":"https:\/\/www.hilase.cz\/wp-content\/uploads\/MTH_7524.png","link":"https:\/\/www.hilase.cz\/en\/lidt-challenge\/mth_7524\/","alt":"","author":"10","description":"","caption":"","name":"mth_7524","status":"inherit","uploaded_to":25443,"date":"2026-01-23 15:02:45","modified":"2026-01-23 15:02:45","menu_order":0,"mime_type":"image\/png","type":"image","subtype":"png","icon":"https:\/\/www.hilase.cz\/wp-includes\/images\/media\/default.png","width":1623,"height":1080,"sizes":{"thumbnail":"https:\/\/www.hilase.cz\/wp-content\/uploads\/MTH_7524-175x175.png","thumbnail-width":175,"thumbnail-height":175,"medium":"https:\/\/www.hilase.cz\/wp-content\/uploads\/MTH_7524-600x399.png","medium-width":600,"medium-height":399,"medium_large":"https:\/\/www.hilase.cz\/wp-content\/uploads\/MTH_7524-768x511.png","medium_large-width":768,"medium_large-height":511,"large":"https:\/\/www.hilase.cz\/wp-content\/uploads\/MTH_7524.png","large-width":1623,"large-height":1080,"1536x1536":"https:\/\/www.hilase.cz\/wp-content\/uploads\/MTH_7524-1536x1022.png","1536x1536-width":1536,"1536x1536-height":1022,"2048x2048":"https:\/\/www.hilase.cz\/wp-content\/uploads\/MTH_7524.png","2048x2048-width":1623,"2048x2048-height":1080,"image":"https:\/\/www.hilase.cz\/wp-content\/uploads\/MTH_7524-1170x484.png","image-width":1170,"image-height":484,"gallery":"https:\/\/www.hilase.cz\/wp-content\/uploads\/MTH_7524-273x210.png","gallery-width":273,"gallery-height":210,"card":"https:\/\/www.hilase.cz\/wp-content\/uploads\/MTH_7524-740x390.png","card-width":740,"card-height":390,"square":"https:\/\/www.hilase.cz\/wp-content\/uploads\/MTH_7524-360x360.png","square-width":360,"square-height":360}},{"ID":38370,"id":38370,"title":"MTH_7519-Enhanced-NR (2)","filename":"MTH_7519-Enhanced-NR-2.png","filesize":2180235,"url":"https:\/\/www.hilase.cz\/wp-content\/uploads\/MTH_7519-Enhanced-NR-2.png","link":"https:\/\/www.hilase.cz\/en\/lidt-challenge\/mth_7519-enhanced-nr-2\/","alt":"","author":"10","description":"","caption":"","name":"mth_7519-enhanced-nr-2","status":"inherit","uploaded_to":25443,"date":"2026-01-23 15:02:43","modified":"2026-01-23 15:04:51","menu_order":0,"mime_type":"image\/png","type":"image","subtype":"png","icon":"https:\/\/www.hilase.cz\/wp-includes\/images\/media\/default.png","width":1623,"height":1080,"sizes":{"thumbnail":"https:\/\/www.hilase.cz\/wp-content\/uploads\/MTH_7519-Enhanced-NR-2-175x175.png","thumbnail-width":175,"thumbnail-height":175,"medium":"https:\/\/www.hilase.cz\/wp-content\/uploads\/MTH_7519-Enhanced-NR-2-600x399.png","medium-width":600,"medium-height":399,"medium_large":"https:\/\/www.hilase.cz\/wp-content\/uploads\/MTH_7519-Enhanced-NR-2-768x511.png","medium_large-width":768,"medium_large-height":511,"large":"https:\/\/www.hilase.cz\/wp-content\/uploads\/MTH_7519-Enhanced-NR-2.png","large-width":1623,"large-height":1080,"1536x1536":"https:\/\/www.hilase.cz\/wp-content\/uploads\/MTH_7519-Enhanced-NR-2-1536x1022.png","1536x1536-width":1536,"1536x1536-height":1022,"2048x2048":"https:\/\/www.hilase.cz\/wp-content\/uploads\/MTH_7519-Enhanced-NR-2.png","2048x2048-width":1623,"2048x2048-height":1080,"image":"https:\/\/www.hilase.cz\/wp-content\/uploads\/MTH_7519-Enhanced-NR-2-1170x484.png","image-width":1170,"image-height":484,"gallery":"https:\/\/www.hilase.cz\/wp-content\/uploads\/MTH_7519-Enhanced-NR-2-273x210.png","gallery-width":273,"gallery-height":210,"card":"https:\/\/www.hilase.cz\/wp-content\/uploads\/MTH_7519-Enhanced-NR-2-740x390.png","card-width":740,"card-height":390,"square":"https:\/\/www.hilase.cz\/wp-content\/uploads\/MTH_7519-Enhanced-NR-2-360x360.png","square-width":360,"square-height":360}}]},{"acf_fc_layout":"oddelovac"}],"banner_obrazek":false,"banner_nadpis":""},"yoast_head":"<!-- This site is optimized with the Yoast SEO plugin v23.9 - https:\/\/yoast.com\/wordpress\/plugins\/seo\/ -->\n<title>LIDT Challenge - HiLASE<\/title>\n<meta name=\"robots\" content=\"index, follow, max-snippet:-1, max-image-preview:large, max-video-preview:-1\" \/>\n<link rel=\"canonical\" href=\"https:\/\/www.hilase.cz\/en\/lidt-challenge\/\" \/>\n<meta property=\"og:locale\" content=\"en_US\" \/>\n<meta property=\"og:type\" content=\"article\" \/>\n<meta property=\"og:title\" content=\"LIDT Challenge - HiLASE\" \/>\n<meta property=\"og:url\" content=\"https:\/\/www.hilase.cz\/en\/lidt-challenge\/\" \/>\n<meta property=\"og:site_name\" content=\"HiLASE\" \/>\n<meta property=\"article:modified_time\" content=\"2026-01-23T15:30:19+00:00\" \/>\n<meta name=\"twitter:card\" content=\"summary_large_image\" \/>\n<script type=\"application\/ld+json\" class=\"yoast-schema-graph\">{\"@context\":\"https:\/\/schema.org\",\"@graph\":[{\"@type\":\"WebPage\",\"@id\":\"https:\/\/www.hilase.cz\/en\/lidt-challenge\/\",\"url\":\"https:\/\/www.hilase.cz\/en\/lidt-challenge\/\",\"name\":\"LIDT Challenge - HiLASE\",\"isPartOf\":{\"@id\":\"https:\/\/www.hilase.cz\/#website\"},\"datePublished\":\"2023-02-24T09:19:17+00:00\",\"dateModified\":\"2026-01-23T15:30:19+00:00\",\"breadcrumb\":{\"@id\":\"https:\/\/www.hilase.cz\/en\/lidt-challenge\/#breadcrumb\"},\"inLanguage\":\"en-US\",\"potentialAction\":[{\"@type\":\"ReadAction\",\"target\":[\"https:\/\/www.hilase.cz\/en\/lidt-challenge\/\"]}]},{\"@type\":\"BreadcrumbList\",\"@id\":\"https:\/\/www.hilase.cz\/en\/lidt-challenge\/#breadcrumb\",\"itemListElement\":[{\"@type\":\"ListItem\",\"position\":1,\"name\":\"Dom\u016f\",\"item\":\"https:\/\/www.hilase.cz\/en\/\"},{\"@type\":\"ListItem\",\"position\":2,\"name\":\"LIDT Challenge\"}]},{\"@type\":\"WebSite\",\"@id\":\"https:\/\/www.hilase.cz\/#website\",\"url\":\"https:\/\/www.hilase.cz\/\",\"name\":\"HiLASE\",\"description\":\"Hi-tech laserov\u00e9 v\u00fdzkumn\u00e9 centrum\",\"potentialAction\":[{\"@type\":\"SearchAction\",\"target\":{\"@type\":\"EntryPoint\",\"urlTemplate\":\"https:\/\/www.hilase.cz\/?s={search_term_string}\"},\"query-input\":{\"@type\":\"PropertyValueSpecification\",\"valueRequired\":true,\"valueName\":\"search_term_string\"}}],\"inLanguage\":\"en-US\"}]}<\/script>\n<!-- \/ Yoast SEO plugin. -->","yoast_head_json":{"title":"LIDT Challenge - HiLASE","robots":{"index":"index","follow":"follow","max-snippet":"max-snippet:-1","max-image-preview":"max-image-preview:large","max-video-preview":"max-video-preview:-1"},"canonical":"https:\/\/www.hilase.cz\/en\/lidt-challenge\/","og_locale":"en_US","og_type":"article","og_title":"LIDT Challenge - HiLASE","og_url":"https:\/\/www.hilase.cz\/en\/lidt-challenge\/","og_site_name":"HiLASE","article_modified_time":"2026-01-23T15:30:19+00:00","twitter_card":"summary_large_image","schema":{"@context":"https:\/\/schema.org","@graph":[{"@type":"WebPage","@id":"https:\/\/www.hilase.cz\/en\/lidt-challenge\/","url":"https:\/\/www.hilase.cz\/en\/lidt-challenge\/","name":"LIDT Challenge - HiLASE","isPartOf":{"@id":"https:\/\/www.hilase.cz\/#website"},"datePublished":"2023-02-24T09:19:17+00:00","dateModified":"2026-01-23T15:30:19+00:00","breadcrumb":{"@id":"https:\/\/www.hilase.cz\/en\/lidt-challenge\/#breadcrumb"},"inLanguage":"en-US","potentialAction":[{"@type":"ReadAction","target":["https:\/\/www.hilase.cz\/en\/lidt-challenge\/"]}]},{"@type":"BreadcrumbList","@id":"https:\/\/www.hilase.cz\/en\/lidt-challenge\/#breadcrumb","itemListElement":[{"@type":"ListItem","position":1,"name":"Dom\u016f","item":"https:\/\/www.hilase.cz\/en\/"},{"@type":"ListItem","position":2,"name":"LIDT Challenge"}]},{"@type":"WebSite","@id":"https:\/\/www.hilase.cz\/#website","url":"https:\/\/www.hilase.cz\/","name":"HiLASE","description":"Hi-tech laserov\u00e9 v\u00fdzkumn\u00e9 centrum","potentialAction":[{"@type":"SearchAction","target":{"@type":"EntryPoint","urlTemplate":"https:\/\/www.hilase.cz\/?s={search_term_string}"},"query-input":{"@type":"PropertyValueSpecification","valueRequired":true,"valueName":"search_term_string"}}],"inLanguage":"en-US"}]}},"_links":{"self":[{"href":"https:\/\/www.hilase.cz\/en\/wp-json\/wp\/v2\/pages\/25441","targetHints":{"allow":["GET"]}}],"collection":[{"href":"https:\/\/www.hilase.cz\/en\/wp-json\/wp\/v2\/pages"}],"about":[{"href":"https:\/\/www.hilase.cz\/en\/wp-json\/wp\/v2\/types\/page"}],"author":[{"embeddable":true,"href":"https:\/\/www.hilase.cz\/en\/wp-json\/wp\/v2\/users\/10"}],"replies":[{"embeddable":true,"href":"https:\/\/www.hilase.cz\/en\/wp-json\/wp\/v2\/comments?post=25441"}],"version-history":[{"count":26,"href":"https:\/\/www.hilase.cz\/en\/wp-json\/wp\/v2\/pages\/25441\/revisions"}],"predecessor-version":[{"id":38382,"href":"https:\/\/www.hilase.cz\/en\/wp-json\/wp\/v2\/pages\/25441\/revisions\/38382"}],"wp:attachment":[{"href":"https:\/\/www.hilase.cz\/en\/wp-json\/wp\/v2\/media?parent=25441"}],"curies":[{"name":"wp","href":"https:\/\/api.w.org\/{rel}","templated":true}]}}