{"id":25565,"date":"2023-02-27T16:45:05","date_gmt":"2023-02-27T15:45:05","guid":{"rendered":"https:\/\/www.hilase.cz\/?page_id=25565"},"modified":"2025-10-17T15:19:32","modified_gmt":"2025-10-17T13:19:32","slug":"astrella","status":"publish","type":"page","link":"https:\/\/www.hilase.cz\/en\/astrella\/","title":{"rendered":"Ultrafast laser facility (Coherent Astrella) for volumetric modification"},"content":{"rendered":"","protected":false},"excerpt":{"rendered":"","protected":false},"author":15,"featured_media":0,"parent":0,"menu_order":0,"comment_status":"closed","ping_status":"closed","template":"","meta":{"_acf_changed":false,"_monsterinsights_skip_tracking":false,"_monsterinsights_sitenote_active":false,"_monsterinsights_sitenote_note":"","_monsterinsights_sitenote_category":0,"footnotes":""},"class_list":["post-25565","page","type-page","status-publish","hentry"],"acf":{"obsah":[{"acf_fc_layout":"obrazek","obrazek":{"ID":26506,"id":26506,"title":"MTH_2403 (2)","filename":"MTH_2403-2.png","filesize":5444094,"url":"https:\/\/www.hilase.cz\/wp-content\/uploads\/MTH_2403-2.png","link":"https:\/\/www.hilase.cz\/en\/astrella\/mth_2403-2\/","alt":"","author":"15","description":"","caption":"","name":"mth_2403-2","status":"inherit","uploaded_to":25565,"date":"2023-03-27 20:23:54","modified":"2023-03-27 20:23:54","menu_order":0,"mime_type":"image\/png","type":"image","subtype":"png","icon":"https:\/\/www.hilase.cz\/wp-includes\/images\/media\/default.png","width":1290,"height":858,"sizes":{"thumbnail":"https:\/\/www.hilase.cz\/wp-content\/uploads\/MTH_2403-2-175x175.png","thumbnail-width":175,"thumbnail-height":175,"medium":"https:\/\/www.hilase.cz\/wp-content\/uploads\/MTH_2403-2-600x399.png","medium-width":600,"medium-height":399,"medium_large":"https:\/\/www.hilase.cz\/wp-content\/uploads\/MTH_2403-2-768x511.png","medium_large-width":768,"medium_large-height":511,"large":"https:\/\/www.hilase.cz\/wp-content\/uploads\/MTH_2403-2.png","large-width":1290,"large-height":858,"1536x1536":"https:\/\/www.hilase.cz\/wp-content\/uploads\/MTH_2403-2.png","1536x1536-width":1290,"1536x1536-height":858,"2048x2048":"https:\/\/www.hilase.cz\/wp-content\/uploads\/MTH_2403-2.png","2048x2048-width":1290,"2048x2048-height":858,"image":"https:\/\/www.hilase.cz\/wp-content\/uploads\/MTH_2403-2-1170x484.png","image-width":1170,"image-height":484,"gallery":"https:\/\/www.hilase.cz\/wp-content\/uploads\/MTH_2403-2-273x210.png","gallery-width":273,"gallery-height":210,"card":"https:\/\/www.hilase.cz\/wp-content\/uploads\/MTH_2403-2-740x390.png","card-width":740,"card-height":390,"square":"https:\/\/www.hilase.cz\/wp-content\/uploads\/MTH_2403-2-360x360.png","square-width":360,"square-height":360}},"popis":"","centrovat_popis":[]},{"acf_fc_layout":"text","text":"<ul>\n<li>Repetition rate: 1 kHz and integer dividers of it<\/li>\n<li>Pulse length: ~40 fs<\/li>\n<li>Maximal power: 7 W<\/li>\n<li>Maximal pulse energy: 7 mJ<\/li>\n<li>Wavelength: 800 nm<\/li>\n<li>Beam diameter at 1\/e<sup>2<\/sup> of intensity: 11 mm<\/li>\n<li>M<sup>2<\/sup>: &lt; 1.4<\/li>\n<li>Polarization: linear<\/li>\n<li>Harmonics frequencies: 2<sup>nd<\/sup> and 3<sup>rd<\/sup> harmonics possible, please contact us<\/li>\n<\/ul>\n<p>The laser station features a setup for in-situ volumetric irradiation of samples with XY displacement for the samples and a Z stage for the focusing objective.<\/p>\n","oddelovace":"none"},{"acf_fc_layout":"pribeh","obrazek":{"ID":768,"id":768,"title":"Levy Yoann","filename":"Levy-Yoann.jpg","filesize":105268,"url":"https:\/\/www.hilase.cz\/wp-content\/uploads\/Levy-Yoann.jpg","link":"https:\/\/www.hilase.cz\/en\/astrella\/levy-yoann\/","alt":"","author":"15","description":"","caption":"","name":"levy-yoann","status":"inherit","uploaded_to":25569,"date":"2018-08-15 11:43:15","modified":"2025-10-17 13:19:22","menu_order":0,"mime_type":"image\/jpeg","type":"image","subtype":"jpeg","icon":"https:\/\/www.hilase.cz\/wp-includes\/images\/media\/default.png","width":459,"height":459,"sizes":{"thumbnail":"https:\/\/www.hilase.cz\/wp-content\/uploads\/Levy-Yoann-175x175.jpg","thumbnail-width":175,"thumbnail-height":175,"medium":"https:\/\/www.hilase.cz\/wp-content\/uploads\/Levy-Yoann.jpg","medium-width":459,"medium-height":459,"medium_large":"https:\/\/www.hilase.cz\/wp-content\/uploads\/Levy-Yoann.jpg","medium_large-width":459,"medium_large-height":459,"large":"https:\/\/www.hilase.cz\/wp-content\/uploads\/Levy-Yoann.jpg","large-width":459,"large-height":459,"1536x1536":"https:\/\/www.hilase.cz\/wp-content\/uploads\/Levy-Yoann.jpg","1536x1536-width":459,"1536x1536-height":459,"2048x2048":"https:\/\/www.hilase.cz\/wp-content\/uploads\/Levy-Yoann.jpg","2048x2048-width":459,"2048x2048-height":459,"image":"https:\/\/www.hilase.cz\/wp-content\/uploads\/Levy-Yoann.jpg","image-width":459,"image-height":459,"gallery":"https:\/\/www.hilase.cz\/wp-content\/uploads\/Levy-Yoann-273x210.jpg","gallery-width":273,"gallery-height":210,"card":"https:\/\/www.hilase.cz\/wp-content\/uploads\/Levy-Yoann-459x390.jpg","card-width":459,"card-height":390,"square":"https:\/\/www.hilase.cz\/wp-content\/uploads\/Levy-Yoann-360x360.jpg","square-width":360,"square-height":360}},"nadpis":"Dr. Yoann Levy ","zvyraznit_nadpis":false,"text":"Scientist: thin-disk lasers | +420 314 007 709 | yoann.levy(at)hilase.cz"}]},"yoast_head":"<!-- This site is optimized with the Yoast SEO plugin v23.9 - https:\/\/yoast.com\/wordpress\/plugins\/seo\/ -->\n<title>Ultrafast laser facility (Coherent Astrella) for volumetric modification - HiLASE<\/title>\n<meta name=\"robots\" content=\"index, follow, max-snippet:-1, max-image-preview:large, max-video-preview:-1\" \/>\n<link rel=\"canonical\" href=\"https:\/\/www.hilase.cz\/en\/astrella\/\" \/>\n<meta property=\"og:locale\" content=\"en_US\" \/>\n<meta property=\"og:type\" content=\"article\" \/>\n<meta property=\"og:title\" content=\"Ultrafast laser facility (Coherent Astrella) for volumetric modification - HiLASE\" \/>\n<meta property=\"og:url\" content=\"https:\/\/www.hilase.cz\/en\/astrella\/\" \/>\n<meta property=\"og:site_name\" content=\"HiLASE\" \/>\n<meta property=\"article:modified_time\" content=\"2025-10-17T13:19:32+00:00\" \/>\n<meta name=\"twitter:card\" content=\"summary_large_image\" \/>\n<script type=\"application\/ld+json\" class=\"yoast-schema-graph\">{\"@context\":\"https:\/\/schema.org\",\"@graph\":[{\"@type\":\"WebPage\",\"@id\":\"https:\/\/www.hilase.cz\/en\/astrella\/\",\"url\":\"https:\/\/www.hilase.cz\/en\/astrella\/\",\"name\":\"Ultrafast laser facility (Coherent Astrella) for volumetric modification - HiLASE\",\"isPartOf\":{\"@id\":\"https:\/\/www.hilase.cz\/#website\"},\"datePublished\":\"2023-02-27T15:45:05+00:00\",\"dateModified\":\"2025-10-17T13:19:32+00:00\",\"breadcrumb\":{\"@id\":\"https:\/\/www.hilase.cz\/en\/astrella\/#breadcrumb\"},\"inLanguage\":\"en-US\",\"potentialAction\":[{\"@type\":\"ReadAction\",\"target\":[\"https:\/\/www.hilase.cz\/en\/astrella\/\"]}]},{\"@type\":\"BreadcrumbList\",\"@id\":\"https:\/\/www.hilase.cz\/en\/astrella\/#breadcrumb\",\"itemListElement\":[{\"@type\":\"ListItem\",\"position\":1,\"name\":\"Dom\u016f\",\"item\":\"https:\/\/www.hilase.cz\/en\/\"},{\"@type\":\"ListItem\",\"position\":2,\"name\":\"Ultrafast laser facility (Coherent Astrella) for volumetric modification\"}]},{\"@type\":\"WebSite\",\"@id\":\"https:\/\/www.hilase.cz\/#website\",\"url\":\"https:\/\/www.hilase.cz\/\",\"name\":\"HiLASE\",\"description\":\"Hi-tech laserov\u00e9 v\u00fdzkumn\u00e9 centrum\",\"potentialAction\":[{\"@type\":\"SearchAction\",\"target\":{\"@type\":\"EntryPoint\",\"urlTemplate\":\"https:\/\/www.hilase.cz\/?s={search_term_string}\"},\"query-input\":{\"@type\":\"PropertyValueSpecification\",\"valueRequired\":true,\"valueName\":\"search_term_string\"}}],\"inLanguage\":\"en-US\"}]}<\/script>\n<!-- \/ Yoast SEO plugin. -->","yoast_head_json":{"title":"Ultrafast laser facility (Coherent Astrella) for volumetric modification - HiLASE","robots":{"index":"index","follow":"follow","max-snippet":"max-snippet:-1","max-image-preview":"max-image-preview:large","max-video-preview":"max-video-preview:-1"},"canonical":"https:\/\/www.hilase.cz\/en\/astrella\/","og_locale":"en_US","og_type":"article","og_title":"Ultrafast laser facility (Coherent Astrella) for volumetric modification - HiLASE","og_url":"https:\/\/www.hilase.cz\/en\/astrella\/","og_site_name":"HiLASE","article_modified_time":"2025-10-17T13:19:32+00:00","twitter_card":"summary_large_image","schema":{"@context":"https:\/\/schema.org","@graph":[{"@type":"WebPage","@id":"https:\/\/www.hilase.cz\/en\/astrella\/","url":"https:\/\/www.hilase.cz\/en\/astrella\/","name":"Ultrafast laser facility (Coherent Astrella) for volumetric modification - HiLASE","isPartOf":{"@id":"https:\/\/www.hilase.cz\/#website"},"datePublished":"2023-02-27T15:45:05+00:00","dateModified":"2025-10-17T13:19:32+00:00","breadcrumb":{"@id":"https:\/\/www.hilase.cz\/en\/astrella\/#breadcrumb"},"inLanguage":"en-US","potentialAction":[{"@type":"ReadAction","target":["https:\/\/www.hilase.cz\/en\/astrella\/"]}]},{"@type":"BreadcrumbList","@id":"https:\/\/www.hilase.cz\/en\/astrella\/#breadcrumb","itemListElement":[{"@type":"ListItem","position":1,"name":"Dom\u016f","item":"https:\/\/www.hilase.cz\/en\/"},{"@type":"ListItem","position":2,"name":"Ultrafast laser facility (Coherent Astrella) for volumetric modification"}]},{"@type":"WebSite","@id":"https:\/\/www.hilase.cz\/#website","url":"https:\/\/www.hilase.cz\/","name":"HiLASE","description":"Hi-tech laserov\u00e9 v\u00fdzkumn\u00e9 centrum","potentialAction":[{"@type":"SearchAction","target":{"@type":"EntryPoint","urlTemplate":"https:\/\/www.hilase.cz\/?s={search_term_string}"},"query-input":{"@type":"PropertyValueSpecification","valueRequired":true,"valueName":"search_term_string"}}],"inLanguage":"en-US"}]}},"_links":{"self":[{"href":"https:\/\/www.hilase.cz\/en\/wp-json\/wp\/v2\/pages\/25565","targetHints":{"allow":["GET"]}}],"collection":[{"href":"https:\/\/www.hilase.cz\/en\/wp-json\/wp\/v2\/pages"}],"about":[{"href":"https:\/\/www.hilase.cz\/en\/wp-json\/wp\/v2\/types\/page"}],"author":[{"embeddable":true,"href":"https:\/\/www.hilase.cz\/en\/wp-json\/wp\/v2\/users\/15"}],"replies":[{"embeddable":true,"href":"https:\/\/www.hilase.cz\/en\/wp-json\/wp\/v2\/comments?post=25565"}],"version-history":[{"count":7,"href":"https:\/\/www.hilase.cz\/en\/wp-json\/wp\/v2\/pages\/25565\/revisions"}],"predecessor-version":[{"id":37519,"href":"https:\/\/www.hilase.cz\/en\/wp-json\/wp\/v2\/pages\/25565\/revisions\/37519"}],"wp:attachment":[{"href":"https:\/\/www.hilase.cz\/en\/wp-json\/wp\/v2\/media?parent=25565"}],"curies":[{"name":"wp","href":"https:\/\/api.w.org\/{rel}","templated":true}]}}