{"id":25676,"date":"2023-03-08T11:10:44","date_gmt":"2023-03-08T10:10:44","guid":{"rendered":"https:\/\/www.hilase.cz\/?page_id=25676"},"modified":"2023-04-11T08:08:05","modified_gmt":"2023-04-11T06:08:05","slug":"5th-biatri-workshop-2023","status":"publish","type":"page","link":"https:\/\/www.hilase.cz\/en\/5th-biatri-workshop-2023\/","title":{"rendered":"5th BIATRI workshop 2023"},"content":{"rendered":"","protected":false},"excerpt":{"rendered":"","protected":false},"author":10,"featured_media":0,"parent":0,"menu_order":0,"comment_status":"closed","ping_status":"closed","template":"","meta":{"_acf_changed":false,"_monsterinsights_skip_tracking":false,"_monsterinsights_sitenote_active":false,"_monsterinsights_sitenote_note":"","_monsterinsights_sitenote_category":0,"footnotes":""},"class_list":["post-25676","page","type-page","status-publish","hentry"],"acf":{"obsah":[{"acf_fc_layout":"text","text":"<h6><span class=\"txt-secondary\"><strong>Welcome to the 5th BIATRI workshop!<\/strong><\/span><\/h6>\n<p><span style=\"font-weight: 400;\">We are happy to announce the <strong>5th BIATRI Workshop <\/strong><\/span><span style=\"font-weight: 400;\">will be held on <strong>April 17th-18th 2023<\/strong>. The detailed\u00a0<strong>program is available <a href=\"https:\/\/www.hilase.cz\/wp-content\/uploads\/5thBIATRIworkshop-Program.pdf\">HERE<\/a><\/strong>.<\/span><\/p>\n<p><span style=\"font-weight: 400;\">BIATRI workshop is aimed at sharing experience and best practices in theoretical methods and experimental diagnostics for the identification and characterization of laser-induced processes in condensed matter and their consequences as well as in the exploitation of the research results.\u00a0<\/span><\/p>\n<p><span style=\"font-weight: 400;\">In this meeting we invite our collaborators to an open discussion on the current \u201cBIATRI\u201d <a href=\"https:\/\/www.hilase.cz\/en\/projects\/biatri\/\">project<\/a> progress and future prospects in the field of laser-matter interaction.<\/span><\/p>\n<p><span style=\"font-weight: 400;\">During the two days of the workshop, we wish to:<\/span><\/p>\n<ul>\n<li style=\"font-weight: 400;\" aria-level=\"1\"><span style=\"font-weight: 400;\">present our achievements and works under development,<\/span><\/li>\n<li style=\"font-weight: 400;\" aria-level=\"1\"><span style=\"font-weight: 400;\">become acquainted with recent theoretical and experimental works of our <\/span> <span style=\"font-weight: 400;\">collaborators,<\/span><\/li>\n<li style=\"font-weight: 400;\" aria-level=\"1\"><span style=\"font-weight: 400;\">share our opinions on the topical problems in the field,<\/span><\/li>\n<li style=\"font-weight: 400;\" aria-level=\"1\"><span style=\"font-weight: 400;\">elaborate strategy for future collaboration.<\/span><\/li>\n<\/ul>\n<p><strong>The Workshop will be held at the HiLASE Centre and on-line. There will be no participation fees.<\/strong><\/p>\n<p><span style=\"font-weight: 400;\">The list of invited speakers who confirmed their participation at the workshop you can find <a href=\"https:\/\/www.hilase.cz\/en\/list-of-invited-speakers-and-their-presentations\/\">HERE<\/a><\/span><span style=\"font-weight: 400;\">.<\/span><\/p>\n<p><span style=\"font-weight: 400;\">In case of any questions related to the workshop (updates of talks\/availability, cancellation, registration, &#8230;) we kindly ask you to contact <a href=\"mailto:derrien@fzu.cz\">Dr. Thibault Derrien<\/a>.\u00a0<\/span><\/p>\n<h6><span style=\"font-weight: 400;\">The scientific organizing committee is composed of:\u00a0<\/span><\/h6>\n","oddelovace":"none"},{"acf_fc_layout":"slider","slider":[{"nadpis":"Prof. Nadezhda M. Bulgakova","zvyraznit_nadpis":false,"text":"Head of Scientific Laser Applications Department at HiLASE Centre. Author of more than 170 journal papers and 50 plenary and invited talks at international conferences. Her research interests include processes in solid targets absorbing laser radiation; dynamics of plasma plumes during pulsed laser ablation of solids; cluster formation in free gaseous jets and laser-ablation plumes; plasma-chemical reactions. ","odkaz":"","odkaz_text":"","obrazek":{"ID":25706,"id":25706,"title":"Nadya","filename":"Nadya.png","filesize":197648,"url":"https:\/\/www.hilase.cz\/wp-content\/uploads\/Nadya.png","link":"https:\/\/www.hilase.cz\/en\/5th-biatri-workshop-2023\/nadya\/","alt":"","author":"10","description":"","caption":"","name":"nadya","status":"inherit","uploaded_to":25676,"date":"2023-03-03 11:18:42","modified":"2023-03-03 11:21:06","menu_order":0,"mime_type":"image\/png","type":"image","subtype":"png","icon":"https:\/\/www.hilase.cz\/wp-includes\/images\/media\/default.png","width":588,"height":191,"sizes":{"thumbnail":"https:\/\/www.hilase.cz\/wp-content\/uploads\/Nadya-175x175.png","thumbnail-width":175,"thumbnail-height":175,"medium":"https:\/\/www.hilase.cz\/wp-content\/uploads\/Nadya.png","medium-width":588,"medium-height":191,"medium_large":"https:\/\/www.hilase.cz\/wp-content\/uploads\/Nadya.png","medium_large-width":588,"medium_large-height":191,"large":"https:\/\/www.hilase.cz\/wp-content\/uploads\/Nadya.png","large-width":588,"large-height":191,"1536x1536":"https:\/\/www.hilase.cz\/wp-content\/uploads\/Nadya.png","1536x1536-width":588,"1536x1536-height":191,"2048x2048":"https:\/\/www.hilase.cz\/wp-content\/uploads\/Nadya.png","2048x2048-width":588,"2048x2048-height":191,"image":"https:\/\/www.hilase.cz\/wp-content\/uploads\/Nadya.png","image-width":588,"image-height":191,"gallery":"https:\/\/www.hilase.cz\/wp-content\/uploads\/Nadya-273x191.png","gallery-width":273,"gallery-height":191,"card":"https:\/\/www.hilase.cz\/wp-content\/uploads\/Nadya.png","card-width":588,"card-height":191,"square":"https:\/\/www.hilase.cz\/wp-content\/uploads\/Nadya-360x191.png","square-width":360,"square-height":191}}},{"nadpis":"Dr. Thibault Derrien","zvyraznit_nadpis":false,"text":"Senior Researcher, in charge of high power computations and of the Marie Curie RISE project \"ATLANTIC\".<br \/>\r\nHe obtained a Marie Curie Individual Fellowship to bridge the classical theory of intense laser-matter interaction (Prof. Bulgakova) with time-dependent quantum dynamics (Prof. Angel Rubio, MPSD, Hamburg).","odkaz":"","odkaz_text":"","obrazek":{"ID":26001,"id":26001,"title":"Thibault (2)","filename":"Thibault-2.png","filesize":187686,"url":"https:\/\/www.hilase.cz\/wp-content\/uploads\/Thibault-2.png","link":"https:\/\/www.hilase.cz\/en\/5th-biatri-workshop-2023\/thibault-2-2\/","alt":"","author":"10","description":"","caption":"","name":"thibault-2-2","status":"inherit","uploaded_to":25676,"date":"2023-03-10 08:00:45","modified":"2023-03-10 08:01:04","menu_order":0,"mime_type":"image\/png","type":"image","subtype":"png","icon":"https:\/\/www.hilase.cz\/wp-includes\/images\/media\/default.png","width":588,"height":191,"sizes":{"thumbnail":"https:\/\/www.hilase.cz\/wp-content\/uploads\/Thibault-2-175x175.png","thumbnail-width":175,"thumbnail-height":175,"medium":"https:\/\/www.hilase.cz\/wp-content\/uploads\/Thibault-2.png","medium-width":588,"medium-height":191,"medium_large":"https:\/\/www.hilase.cz\/wp-content\/uploads\/Thibault-2.png","medium_large-width":588,"medium_large-height":191,"large":"https:\/\/www.hilase.cz\/wp-content\/uploads\/Thibault-2.png","large-width":588,"large-height":191,"1536x1536":"https:\/\/www.hilase.cz\/wp-content\/uploads\/Thibault-2.png","1536x1536-width":588,"1536x1536-height":191,"2048x2048":"https:\/\/www.hilase.cz\/wp-content\/uploads\/Thibault-2.png","2048x2048-width":588,"2048x2048-height":191,"image":"https:\/\/www.hilase.cz\/wp-content\/uploads\/Thibault-2.png","image-width":588,"image-height":191,"gallery":"https:\/\/www.hilase.cz\/wp-content\/uploads\/Thibault-2-273x191.png","gallery-width":273,"gallery-height":191,"card":"https:\/\/www.hilase.cz\/wp-content\/uploads\/Thibault-2.png","card-width":588,"card-height":191,"square":"https:\/\/www.hilase.cz\/wp-content\/uploads\/Thibault-2-360x191.png","square-width":360,"square-height":191}}},{"nadpis":"Dr. Miroslava Flimelov\u00e1","zvyraznit_nadpis":false,"text":"Senior Researcher, Mid-IR & Bioapplications. After University she focused on the industrial application of lasers, specifically on developing and optimization of laser processes in the fields of laser micromachining. Currently, she is involved in the application of ultrashort laser pulses in bioapplications.","odkaz":"","odkaz_text":"","obrazek":{"ID":25704,"id":25704,"title":"Mirka","filename":"Mirka.png","filesize":185479,"url":"https:\/\/www.hilase.cz\/wp-content\/uploads\/Mirka.png","link":"https:\/\/www.hilase.cz\/en\/5th-biatri-workshop-2023\/mirka\/","alt":"","author":"10","description":"","caption":"","name":"mirka","status":"inherit","uploaded_to":25676,"date":"2023-03-03 11:18:41","modified":"2023-03-03 11:21:06","menu_order":0,"mime_type":"image\/png","type":"image","subtype":"png","icon":"https:\/\/www.hilase.cz\/wp-includes\/images\/media\/default.png","width":588,"height":191,"sizes":{"thumbnail":"https:\/\/www.hilase.cz\/wp-content\/uploads\/Mirka-175x175.png","thumbnail-width":175,"thumbnail-height":175,"medium":"https:\/\/www.hilase.cz\/wp-content\/uploads\/Mirka.png","medium-width":588,"medium-height":191,"medium_large":"https:\/\/www.hilase.cz\/wp-content\/uploads\/Mirka.png","medium_large-width":588,"medium_large-height":191,"large":"https:\/\/www.hilase.cz\/wp-content\/uploads\/Mirka.png","large-width":588,"large-height":191,"1536x1536":"https:\/\/www.hilase.cz\/wp-content\/uploads\/Mirka.png","1536x1536-width":588,"1536x1536-height":191,"2048x2048":"https:\/\/www.hilase.cz\/wp-content\/uploads\/Mirka.png","2048x2048-width":588,"2048x2048-height":191,"image":"https:\/\/www.hilase.cz\/wp-content\/uploads\/Mirka.png","image-width":588,"image-height":191,"gallery":"https:\/\/www.hilase.cz\/wp-content\/uploads\/Mirka-273x191.png","gallery-width":273,"gallery-height":191,"card":"https:\/\/www.hilase.cz\/wp-content\/uploads\/Mirka.png","card-width":588,"card-height":191,"square":"https:\/\/www.hilase.cz\/wp-content\/uploads\/Mirka-360x191.png","square-width":360,"square-height":191}}}]},{"acf_fc_layout":"text","text":"<p><span style=\"font-weight: 400;\">The BIATRI project is supported by the <a href=\"https:\/\/ec.europa.eu\/regional_policy\/en\/funding\/erdf\/\">European Regional Development Fund<\/a> and the state budget of the Czech Republic (project <a href=\"https:\/\/www.fzu.cz\/en\/biatri-advanced-designing-of-functional-materials-from-mono-to-bi-and-tri-chromatic-excitation-with\">BIATRI<\/a>, No. CZ.02.1.01\/0.0\/0.0\/15_003\/00004).\u00a0<\/span><\/p>\n","oddelovace":"bottom"},{"acf_fc_layout":"galerie","galerie":[{"ID":10047,"id":10047,"title":"biatri2","filename":"biatri2.png","filesize":65969,"url":"https:\/\/www.hilase.cz\/wp-content\/uploads\/biatri2.png","link":"https:\/\/www.hilase.cz\/en\/4th-biatri-workshop-2020\/biatri2\/","alt":"","author":"10","description":"","caption":"","name":"biatri2","status":"inherit","uploaded_to":9931,"date":"2020-11-20 12:00:30","modified":"2023-04-26 06:35:25","menu_order":0,"mime_type":"image\/png","type":"image","subtype":"png","icon":"https:\/\/www.hilase.cz\/wp-includes\/images\/media\/default.png","width":759,"height":418,"sizes":{"thumbnail":"https:\/\/www.hilase.cz\/wp-content\/uploads\/biatri2-175x175.png","thumbnail-width":175,"thumbnail-height":175,"medium":"https:\/\/www.hilase.cz\/wp-content\/uploads\/biatri2-600x330.png","medium-width":600,"medium-height":330,"medium_large":"https:\/\/www.hilase.cz\/wp-content\/uploads\/biatri2.png","medium_large-width":759,"medium_large-height":418,"large":"https:\/\/www.hilase.cz\/wp-content\/uploads\/biatri2.png","large-width":759,"large-height":418,"1536x1536":"https:\/\/www.hilase.cz\/wp-content\/uploads\/biatri2.png","1536x1536-width":759,"1536x1536-height":418,"2048x2048":"https:\/\/www.hilase.cz\/wp-content\/uploads\/biatri2.png","2048x2048-width":759,"2048x2048-height":418,"image":"https:\/\/www.hilase.cz\/wp-content\/uploads\/biatri2.png","image-width":759,"image-height":418,"gallery":"https:\/\/www.hilase.cz\/wp-content\/uploads\/biatri2-273x210.png","gallery-width":273,"gallery-height":210,"card":"https:\/\/www.hilase.cz\/wp-content\/uploads\/biatri2-740x390.png","card-width":740,"card-height":390,"square":"https:\/\/www.hilase.cz\/wp-content\/uploads\/biatri2-360x360.png","square-width":360,"square-height":360}},{"ID":22498,"id":22498,"title":"european-union-flag-official-colors-correctly-eu-symbol-europe-flag-back-eu-icon_330426-574","filename":"european-union-flag-official-colors-correctly-eu-symbol-europe-flag-back-eu-icon_330426-574.jpg","filesize":20755,"url":"https:\/\/www.hilase.cz\/wp-content\/uploads\/european-union-flag-official-colors-correctly-eu-symbol-europe-flag-back-eu-icon_330426-574.jpg","link":"https:\/\/www.hilase.cz\/rozpoctovy-vybor-eu\/european-union-flag-official-colors-correctly-eu-symbol-europe-flag-back-eu-icon_330426-574\/","alt":"","author":"15","description":"","caption":"","name":"european-union-flag-official-colors-correctly-eu-symbol-europe-flag-back-eu-icon_330426-574","status":"inherit","uploaded_to":22496,"date":"2022-09-16 15:25:49","modified":"2022-09-30 08:40:46","menu_order":0,"mime_type":"image\/jpeg","type":"image","subtype":"jpeg","icon":"https:\/\/www.hilase.cz\/wp-includes\/images\/media\/default.png","width":626,"height":434,"sizes":{"thumbnail":"https:\/\/www.hilase.cz\/wp-content\/uploads\/european-union-flag-official-colors-correctly-eu-symbol-europe-flag-back-eu-icon_330426-574-175x175.jpg","thumbnail-width":175,"thumbnail-height":175,"medium":"https:\/\/www.hilase.cz\/wp-content\/uploads\/european-union-flag-official-colors-correctly-eu-symbol-europe-flag-back-eu-icon_330426-574-600x416.jpg","medium-width":600,"medium-height":416,"medium_large":"https:\/\/www.hilase.cz\/wp-content\/uploads\/european-union-flag-official-colors-correctly-eu-symbol-europe-flag-back-eu-icon_330426-574.jpg","medium_large-width":626,"medium_large-height":434,"large":"https:\/\/www.hilase.cz\/wp-content\/uploads\/european-union-flag-official-colors-correctly-eu-symbol-europe-flag-back-eu-icon_330426-574.jpg","large-width":626,"large-height":434,"1536x1536":"https:\/\/www.hilase.cz\/wp-content\/uploads\/european-union-flag-official-colors-correctly-eu-symbol-europe-flag-back-eu-icon_330426-574.jpg","1536x1536-width":626,"1536x1536-height":434,"2048x2048":"https:\/\/www.hilase.cz\/wp-content\/uploads\/european-union-flag-official-colors-correctly-eu-symbol-europe-flag-back-eu-icon_330426-574.jpg","2048x2048-width":626,"2048x2048-height":434,"image":"https:\/\/www.hilase.cz\/wp-content\/uploads\/european-union-flag-official-colors-correctly-eu-symbol-europe-flag-back-eu-icon_330426-574.jpg","image-width":626,"image-height":434,"gallery":"https:\/\/www.hilase.cz\/wp-content\/uploads\/european-union-flag-official-colors-correctly-eu-symbol-europe-flag-back-eu-icon_330426-574-273x210.jpg","gallery-width":273,"gallery-height":210,"card":"https:\/\/www.hilase.cz\/wp-content\/uploads\/european-union-flag-official-colors-correctly-eu-symbol-europe-flag-back-eu-icon_330426-574-626x390.jpg","card-width":626,"card-height":390,"square":"https:\/\/www.hilase.cz\/wp-content\/uploads\/european-union-flag-official-colors-correctly-eu-symbol-europe-flag-back-eu-icon_330426-574-360x360.jpg","square-width":360,"square-height":360}},{"ID":10049,"id":10049,"title":"msmt","filename":"msmt.png","filesize":36675,"url":"https:\/\/www.hilase.cz\/wp-content\/uploads\/msmt.png","link":"https:\/\/www.hilase.cz\/en\/4th-biatri-workshop-2020\/msmt\/","alt":"","author":"10","description":"","caption":"","name":"msmt","status":"inherit","uploaded_to":9931,"date":"2020-11-20 12:07:52","modified":"2023-04-26 06:35:41","menu_order":0,"mime_type":"image\/png","type":"image","subtype":"png","icon":"https:\/\/www.hilase.cz\/wp-includes\/images\/media\/default.png","width":759,"height":418,"sizes":{"thumbnail":"https:\/\/www.hilase.cz\/wp-content\/uploads\/msmt-175x175.png","thumbnail-width":175,"thumbnail-height":175,"medium":"https:\/\/www.hilase.cz\/wp-content\/uploads\/msmt-600x330.png","medium-width":600,"medium-height":330,"medium_large":"https:\/\/www.hilase.cz\/wp-content\/uploads\/msmt.png","medium_large-width":759,"medium_large-height":418,"large":"https:\/\/www.hilase.cz\/wp-content\/uploads\/msmt.png","large-width":759,"large-height":418,"1536x1536":"https:\/\/www.hilase.cz\/wp-content\/uploads\/msmt.png","1536x1536-width":759,"1536x1536-height":418,"2048x2048":"https:\/\/www.hilase.cz\/wp-content\/uploads\/msmt.png","2048x2048-width":759,"2048x2048-height":418,"image":"https:\/\/www.hilase.cz\/wp-content\/uploads\/msmt.png","image-width":759,"image-height":418,"gallery":"https:\/\/www.hilase.cz\/wp-content\/uploads\/msmt-273x210.png","gallery-width":273,"gallery-height":210,"card":"https:\/\/www.hilase.cz\/wp-content\/uploads\/msmt-740x390.png","card-width":740,"card-height":390,"square":"https:\/\/www.hilase.cz\/wp-content\/uploads\/msmt-360x360.png","square-width":360,"square-height":360}}]}]},"yoast_head":"<!-- This site is optimized with the Yoast SEO plugin v23.9 - https:\/\/yoast.com\/wordpress\/plugins\/seo\/ -->\n<title>5th BIATRI workshop 2023 - HiLASE<\/title>\n<meta name=\"robots\" content=\"index, follow, max-snippet:-1, max-image-preview:large, max-video-preview:-1\" \/>\n<link rel=\"canonical\" href=\"https:\/\/www.hilase.cz\/en\/5th-biatri-workshop-2023\/\" \/>\n<meta property=\"og:locale\" content=\"en_US\" \/>\n<meta property=\"og:type\" content=\"article\" \/>\n<meta property=\"og:title\" content=\"5th BIATRI workshop 2023 - HiLASE\" \/>\n<meta property=\"og:url\" content=\"https:\/\/www.hilase.cz\/en\/5th-biatri-workshop-2023\/\" \/>\n<meta property=\"og:site_name\" content=\"HiLASE\" \/>\n<meta property=\"article:modified_time\" content=\"2023-04-11T06:08:05+00:00\" \/>\n<meta name=\"twitter:card\" content=\"summary_large_image\" \/>\n<script type=\"application\/ld+json\" class=\"yoast-schema-graph\">{\"@context\":\"https:\/\/schema.org\",\"@graph\":[{\"@type\":\"WebPage\",\"@id\":\"https:\/\/www.hilase.cz\/en\/5th-biatri-workshop-2023\/\",\"url\":\"https:\/\/www.hilase.cz\/en\/5th-biatri-workshop-2023\/\",\"name\":\"5th BIATRI workshop 2023 - HiLASE\",\"isPartOf\":{\"@id\":\"https:\/\/www.hilase.cz\/#website\"},\"datePublished\":\"2023-03-08T10:10:44+00:00\",\"dateModified\":\"2023-04-11T06:08:05+00:00\",\"breadcrumb\":{\"@id\":\"https:\/\/www.hilase.cz\/en\/5th-biatri-workshop-2023\/#breadcrumb\"},\"inLanguage\":\"en-US\",\"potentialAction\":[{\"@type\":\"ReadAction\",\"target\":[\"https:\/\/www.hilase.cz\/en\/5th-biatri-workshop-2023\/\"]}]},{\"@type\":\"BreadcrumbList\",\"@id\":\"https:\/\/www.hilase.cz\/en\/5th-biatri-workshop-2023\/#breadcrumb\",\"itemListElement\":[{\"@type\":\"ListItem\",\"position\":1,\"name\":\"Dom\u016f\",\"item\":\"https:\/\/www.hilase.cz\/en\/\"},{\"@type\":\"ListItem\",\"position\":2,\"name\":\"5th BIATRI workshop 2023\"}]},{\"@type\":\"WebSite\",\"@id\":\"https:\/\/www.hilase.cz\/#website\",\"url\":\"https:\/\/www.hilase.cz\/\",\"name\":\"HiLASE\",\"description\":\"Hi-tech laserov\u00e9 v\u00fdzkumn\u00e9 centrum\",\"potentialAction\":[{\"@type\":\"SearchAction\",\"target\":{\"@type\":\"EntryPoint\",\"urlTemplate\":\"https:\/\/www.hilase.cz\/?s={search_term_string}\"},\"query-input\":{\"@type\":\"PropertyValueSpecification\",\"valueRequired\":true,\"valueName\":\"search_term_string\"}}],\"inLanguage\":\"en-US\"}]}<\/script>\n<!-- \/ Yoast SEO plugin. -->","yoast_head_json":{"title":"5th BIATRI workshop 2023 - HiLASE","robots":{"index":"index","follow":"follow","max-snippet":"max-snippet:-1","max-image-preview":"max-image-preview:large","max-video-preview":"max-video-preview:-1"},"canonical":"https:\/\/www.hilase.cz\/en\/5th-biatri-workshop-2023\/","og_locale":"en_US","og_type":"article","og_title":"5th BIATRI workshop 2023 - HiLASE","og_url":"https:\/\/www.hilase.cz\/en\/5th-biatri-workshop-2023\/","og_site_name":"HiLASE","article_modified_time":"2023-04-11T06:08:05+00:00","twitter_card":"summary_large_image","schema":{"@context":"https:\/\/schema.org","@graph":[{"@type":"WebPage","@id":"https:\/\/www.hilase.cz\/en\/5th-biatri-workshop-2023\/","url":"https:\/\/www.hilase.cz\/en\/5th-biatri-workshop-2023\/","name":"5th BIATRI workshop 2023 - HiLASE","isPartOf":{"@id":"https:\/\/www.hilase.cz\/#website"},"datePublished":"2023-03-08T10:10:44+00:00","dateModified":"2023-04-11T06:08:05+00:00","breadcrumb":{"@id":"https:\/\/www.hilase.cz\/en\/5th-biatri-workshop-2023\/#breadcrumb"},"inLanguage":"en-US","potentialAction":[{"@type":"ReadAction","target":["https:\/\/www.hilase.cz\/en\/5th-biatri-workshop-2023\/"]}]},{"@type":"BreadcrumbList","@id":"https:\/\/www.hilase.cz\/en\/5th-biatri-workshop-2023\/#breadcrumb","itemListElement":[{"@type":"ListItem","position":1,"name":"Dom\u016f","item":"https:\/\/www.hilase.cz\/en\/"},{"@type":"ListItem","position":2,"name":"5th BIATRI workshop 2023"}]},{"@type":"WebSite","@id":"https:\/\/www.hilase.cz\/#website","url":"https:\/\/www.hilase.cz\/","name":"HiLASE","description":"Hi-tech laserov\u00e9 v\u00fdzkumn\u00e9 centrum","potentialAction":[{"@type":"SearchAction","target":{"@type":"EntryPoint","urlTemplate":"https:\/\/www.hilase.cz\/?s={search_term_string}"},"query-input":{"@type":"PropertyValueSpecification","valueRequired":true,"valueName":"search_term_string"}}],"inLanguage":"en-US"}]}},"_links":{"self":[{"href":"https:\/\/www.hilase.cz\/en\/wp-json\/wp\/v2\/pages\/25676","targetHints":{"allow":["GET"]}}],"collection":[{"href":"https:\/\/www.hilase.cz\/en\/wp-json\/wp\/v2\/pages"}],"about":[{"href":"https:\/\/www.hilase.cz\/en\/wp-json\/wp\/v2\/types\/page"}],"author":[{"embeddable":true,"href":"https:\/\/www.hilase.cz\/en\/wp-json\/wp\/v2\/users\/10"}],"replies":[{"embeddable":true,"href":"https:\/\/www.hilase.cz\/en\/wp-json\/wp\/v2\/comments?post=25676"}],"version-history":[{"count":36,"href":"https:\/\/www.hilase.cz\/en\/wp-json\/wp\/v2\/pages\/25676\/revisions"}],"predecessor-version":[{"id":26759,"href":"https:\/\/www.hilase.cz\/en\/wp-json\/wp\/v2\/pages\/25676\/revisions\/26759"}],"wp:attachment":[{"href":"https:\/\/www.hilase.cz\/en\/wp-json\/wp\/v2\/media?parent=25676"}],"curies":[{"name":"wp","href":"https:\/\/api.w.org\/{rel}","templated":true}]}}