{"id":25724,"date":"2023-03-08T11:12:11","date_gmt":"2023-03-08T10:12:11","guid":{"rendered":"https:\/\/www.hilase.cz\/?page_id=25724"},"modified":"2023-04-17T07:26:38","modified_gmt":"2023-04-17T05:26:38","slug":"list-of-invited-speakers-and-their-presentations","status":"publish","type":"page","link":"https:\/\/www.hilase.cz\/en\/list-of-invited-speakers-and-their-presentations\/","title":{"rendered":"List of invited speakers and their presentations"},"content":{"rendered":"","protected":false},"excerpt":{"rendered":"","protected":false},"author":10,"featured_media":0,"parent":0,"menu_order":0,"comment_status":"closed","ping_status":"closed","template":"","meta":{"_acf_changed":false,"_monsterinsights_skip_tracking":false,"_monsterinsights_sitenote_active":false,"_monsterinsights_sitenote_note":"","_monsterinsights_sitenote_category":0,"footnotes":""},"class_list":["post-25724","page","type-page","status-publish","hentry"],"acf":{"obsah":[{"acf_fc_layout":"text","text":"<h5><span style=\"color: #000000;\"><strong>5th BIATRI workshop 2023<\/strong><\/span>\u00a0<a href=\"https:\/\/www.hilase.cz\/en\/5th-biatri-workshop-2023\/\">\u2190<\/a><\/h5>\n<p>The detailed\u00a0<strong>program is available <a href=\"https:\/\/www.hilase.cz\/wp-content\/uploads\/5thBIATRIworkshop-Program.pdf\">HERE<\/a><\/strong>.<\/p>\n<p><i><span style=\"font-weight: 400;\">The following invited speakers have already confirmed their participation.\u00a0<\/span><\/i><\/p>\n<p><strong><a href=\"https:\/\/orcid.org\/0000-0003-1449-8535\"><span class=\"txt-secondary\">Nadezhda M. Bulgakova<\/span><\/a> |\u00a0<\/strong>HiLASE Centre | <a href=\"https:\/\/www.fzu.cz\/en\/home\">FZU \u2012 Institute of Physics, CAS<\/a><br \/>\nOpening message<br \/>\nBIATRI project: status, main achievements, further perspectives<\/p>\n<p><span style=\"font-weight: 400;\"><a href=\"https:\/\/orcid.org\/0000-0001-7505-0131\"><strong><span class=\"txt-secondary\">Andres Bertoni<\/span><\/strong><\/a> | <a href=\"http:\/\/www.uncuyo.edu.ar\/\">University of Cuyo<\/a> (Argentina)<br \/>\nSimulating the optical response of molecular systems and materials with DFTB<br \/>\n<\/span><\/p>\n<p><span style=\"font-weight: 400;\"><a href=\"https:\/\/orcid.org\/0000-0002-2069-6776\"><strong><span class=\"txt-secondary\">Franco Bonaf\u00e9<\/span><\/strong><\/a> | <a href=\"https:\/\/www.mpsd.mpg.de\/en\">Max Planck Institute for Structure and Dynamics of Matter<\/a><br \/>\nFully-atomistic dynamics of plasmonic nanosystems within the Maxwell-TDDFT first principles framework<br \/>\n<\/span><\/p>\n<p><a href=\"https:\/\/orcid.org\/0000-0002-9651-1328\"><strong><span class=\"txt-secondary\">Alexander Bulgakov<\/span><\/strong><\/a> <strong>|\u00a0<\/strong>HiLASE Centre | FZU \u2012 Institute of Physics, CAS<br \/>\nTime-of-flight mass spectrometry of ultrashort-laser-produced particles<\/p>\n<p><strong><span class=\"txt-secondary\">Vanina Chiarpotti<\/span><\/strong> | <span style=\"font-weight: 400;\"><a href=\"http:\/\/www.uncuyo.edu.ar\/\">University of Cuyo<\/a> (Argentina)<br \/>\nAdsorption and Insertion in Cyclic Peptides on Self-Assembled Lipid Membranes: a Molecular Theory<\/span><\/p>\n<p><a href=\"https:\/\/orcid.org\/0000-0002-9922-1561\"><span class=\"txt-secondary\"><strong>Thibault JY Derrien<\/strong><\/span><\/a> | HiLASE Centre | FZU \u2012 Institute of Physics, CAS<br \/>\n<span style=\"font-weight: 400;\">Anisotropy of electron excitation of cubic band-gap materials upon ultrashort irradiation<\/span><\/p>\n<p><span style=\"font-weight: 400;\"><a href=\"https:\/\/orcid.org\/0000-0002-9579-6368\"><strong><span class=\"txt-secondary\">Olga Fedotova<\/span><\/strong><\/a> | Scientific &#8211; Practical Materials Research Centre, Belarus, <a href=\"https:\/\/nasb.gov.by\/eng\/about\/glavnaya\/\">National Academy of Sciences of Belarus<\/a><br \/>\nOn the spatio-temporal localization of intense femtosecond pulses in Kerr media under nonadiabatic tunnel ionization<br \/>\n<\/span><\/p>\n<p><a href=\"https:\/\/orcid.org\/0000-0002-9550-3107\"><span class=\"txt-secondary\"><strong>Miroslava Flimelova<\/strong><\/span><\/a> | HiLASE Centre | FZU \u2012 Institute of Physics, CAS<br \/>\nA facile route of manufacturing and improvement of plasmonic nanostructures towards magnetic resonance applications<\/p>\n<p><a href=\"https:\/\/orcid.org\/0000-0002-9832-3590\"><span class=\"txt-secondary\"><strong>Oleksandr Gatsa<\/strong><\/span><\/a> | HiLASE Centre | FZU \u2012 Institute of Physics, CAS<br \/>\nNew approach in upscaling of nanoparticle production by laser ablation in liquids<\/p>\n<p><span class=\"txt-secondary\"><strong>Kristyna Gazdova<\/strong><\/span> | HiLASE Centre | FZU \u2012 Institute of Physics, CAS<br \/>\n<span style=\"font-weight: 400;\">Linear absorption of graphene flakes using DFTB<\/span><\/p>\n<p><a href=\"https:\/\/orcid.org\/0000-0003-1195-0901\"><span class=\"txt-secondary\"><strong>Nathan Goodfriend<\/strong><\/span><\/a> | HiLASE Centre | FZU \u2012 Institute of Physics, CAS<br \/>\nMicro- and nanomaterial positioning with laser induced forward transfer<\/p>\n<p><a href=\"https:\/\/orcid.org\/0000-0003-0918-5550\"><span class=\"txt-secondary\"><strong>Krystof Hlinomaz<\/strong><\/span><\/a> | HiLASE Centre | FZU \u2012 Institute of Physics, CAS<br \/>\nThin film modification by pulsed lasers: thickness as a tuning parameter?<\/p>\n<p><a href=\"https:\/\/orcid.org\/0000-0002-7885-4685\"><span class=\"txt-secondary\"><strong>Jan Hrabovsky<\/strong><\/span><\/a> | HiLASE Centre | FZU \u2012 Institute of Physics, CAS<br \/>\nBoron doped diamonds (BDD) &#8211; Optical characterization and laser modification of BDD layers<\/p>\n<p><a href=\"https:\/\/orcid.org\/0000-0002-6317-7079\"><strong><span class=\"txt-secondary\">Martin Kozak<\/span><\/strong><\/a> | <span style=\"font-weight: 400;\"><a href=\"https:\/\/cuni.cz\/UK-1.html\">Charles University of Prague<\/a><br \/>\n<\/span>Coherent two-color control of high harmonic generation in silicon and attosecond interferometry<span style=\"font-weight: 400;\"><br \/>\n<\/span><\/p>\n<p><a href=\"https:\/\/orcid.org\/0000-0001-7617-9260\"><span class=\"txt-secondary\"><strong>Yoann Levy<\/strong><\/span><\/a> | HiLASE Centre | FZU \u2012 Institute of Physics, CAS<br \/>\nSpot size effect on the regularity of periodic surface structures on Silicon<\/p>\n<p><span style=\"font-weight: 400;\"><strong><span class=\"txt-secondary\">Sergey Lisunov<\/span><\/strong> | HiLASE Centre | FZU \u2012 Institute of Physics, CAS<br \/>\nMelting of gold by ultrashort laser pulses: advanced two\u2011temperature modeling and comparison with surface damage experiments<br \/>\n<\/span><\/p>\n<p><a href=\"https:\/\/orcid.org\/0000-0001-6202-6415\"><span class=\"txt-secondary\"><strong>Wladimir Marine<\/strong><\/span><\/a> | HiLASE Centre | FZU \u2012 Institute of Physics, CAS<br \/>\nDoped nanosized ZnO: Laser-assisted synthesis and properties<\/p>\n<p><a href=\"https:\/\/orcid.org\/0000-0003-4450-9901\"><span class=\"txt-secondary\"><strong>Inam Mirza<\/strong><\/span><\/a> | | HiLASE Centre | FZU \u2012 Institute of Physics, CAS<br \/>\nOn the sliding of steel surfaces fabricated with LIPSS on different kinds of snow<\/p>\n<p><span style=\"font-weight: 400;\"><a href=\"https:\/\/orcid.org\/0000-0002-3988-8081\"><strong><span class=\"txt-secondary\">Oleg Romanov<\/span><\/strong><\/a> | <a href=\"https:\/\/bsu.by\/en\/\">Belarusian State University<\/a><br \/>\nAcousto-photonic nanostructures based on multilayer graphene for ultrafast modulation of optical radiation<br \/>\n<\/span><\/p>\n<p><a href=\"https:\/\/orcid.org\/0000-0002-6844-1051\"><span class=\"txt-secondary\"><strong>Yury Ryabchikov<\/strong><\/span><\/a> | HiLASE Centre | FZU \u2012 Institute of Physics, CAS<br \/>\nSynthesis, characterisation and application of single- and multi-component semiconductor nanostructures<\/p>\n<p><a href=\"https:\/\/orcid.org\/0000-0003-0490-355X\"><span class=\"txt-secondary\"><strong>Juraj Sladek<\/strong><\/span><\/a> | HiLASE Centre | FZU \u2012 Institute of Physics, CAS<br \/>\nRegular patterning of bulk Si with laser induced periodic surface structures<\/p>\n<p><span style=\"font-weight: 400;\"><span class=\"txt-secondary\"><strong>Vladimir Zhukov<\/strong><\/span> | HiLASE Centre | FZU \u2012 Institute of Physics, CAS<br \/>\nNonlinear Maxwell&#8217;s modeling of laser-glass interaction in ultrafast laser irradiation regimes<br \/>\n<\/span><\/p>\n<p><a href=\"https:\/\/orcid.org\/0000-0001-5716-3589\"><span class=\"txt-secondary\"><strong>Martin Zukerstein<\/strong><\/span><\/a> | HiLASE Centre | FZU \u2012 Institute of Physics, CAS<br \/>\nTime-resolved volumetric modification in fused silica reveals ultrafast electron dynamics and shielding<\/p>\n","oddelovace":"bottom"}]},"yoast_head":"<!-- This site is optimized with the Yoast SEO plugin v23.9 - https:\/\/yoast.com\/wordpress\/plugins\/seo\/ -->\n<title>List of invited speakers and their presentations - HiLASE<\/title>\n<meta name=\"robots\" content=\"index, follow, max-snippet:-1, max-image-preview:large, max-video-preview:-1\" \/>\n<link rel=\"canonical\" href=\"https:\/\/www.hilase.cz\/en\/list-of-invited-speakers-and-their-presentations\/\" \/>\n<meta property=\"og:locale\" content=\"en_US\" \/>\n<meta property=\"og:type\" content=\"article\" \/>\n<meta property=\"og:title\" content=\"List of invited speakers and their presentations - HiLASE\" \/>\n<meta property=\"og:url\" content=\"https:\/\/www.hilase.cz\/en\/list-of-invited-speakers-and-their-presentations\/\" \/>\n<meta property=\"og:site_name\" content=\"HiLASE\" \/>\n<meta property=\"article:modified_time\" content=\"2023-04-17T05:26:38+00:00\" \/>\n<meta name=\"twitter:card\" content=\"summary_large_image\" \/>\n<script type=\"application\/ld+json\" class=\"yoast-schema-graph\">{\"@context\":\"https:\/\/schema.org\",\"@graph\":[{\"@type\":\"WebPage\",\"@id\":\"https:\/\/www.hilase.cz\/en\/list-of-invited-speakers-and-their-presentations\/\",\"url\":\"https:\/\/www.hilase.cz\/en\/list-of-invited-speakers-and-their-presentations\/\",\"name\":\"List of invited speakers and their presentations - HiLASE\",\"isPartOf\":{\"@id\":\"https:\/\/www.hilase.cz\/#website\"},\"datePublished\":\"2023-03-08T10:12:11+00:00\",\"dateModified\":\"2023-04-17T05:26:38+00:00\",\"breadcrumb\":{\"@id\":\"https:\/\/www.hilase.cz\/en\/list-of-invited-speakers-and-their-presentations\/#breadcrumb\"},\"inLanguage\":\"en-US\",\"potentialAction\":[{\"@type\":\"ReadAction\",\"target\":[\"https:\/\/www.hilase.cz\/en\/list-of-invited-speakers-and-their-presentations\/\"]}]},{\"@type\":\"BreadcrumbList\",\"@id\":\"https:\/\/www.hilase.cz\/en\/list-of-invited-speakers-and-their-presentations\/#breadcrumb\",\"itemListElement\":[{\"@type\":\"ListItem\",\"position\":1,\"name\":\"Dom\u016f\",\"item\":\"https:\/\/www.hilase.cz\/en\/\"},{\"@type\":\"ListItem\",\"position\":2,\"name\":\"List of invited speakers and their presentations\"}]},{\"@type\":\"WebSite\",\"@id\":\"https:\/\/www.hilase.cz\/#website\",\"url\":\"https:\/\/www.hilase.cz\/\",\"name\":\"HiLASE\",\"description\":\"Hi-tech laserov\u00e9 v\u00fdzkumn\u00e9 centrum\",\"potentialAction\":[{\"@type\":\"SearchAction\",\"target\":{\"@type\":\"EntryPoint\",\"urlTemplate\":\"https:\/\/www.hilase.cz\/?s={search_term_string}\"},\"query-input\":{\"@type\":\"PropertyValueSpecification\",\"valueRequired\":true,\"valueName\":\"search_term_string\"}}],\"inLanguage\":\"en-US\"}]}<\/script>\n<!-- \/ Yoast SEO plugin. -->","yoast_head_json":{"title":"List of invited speakers and their presentations - HiLASE","robots":{"index":"index","follow":"follow","max-snippet":"max-snippet:-1","max-image-preview":"max-image-preview:large","max-video-preview":"max-video-preview:-1"},"canonical":"https:\/\/www.hilase.cz\/en\/list-of-invited-speakers-and-their-presentations\/","og_locale":"en_US","og_type":"article","og_title":"List of invited speakers and their presentations - HiLASE","og_url":"https:\/\/www.hilase.cz\/en\/list-of-invited-speakers-and-their-presentations\/","og_site_name":"HiLASE","article_modified_time":"2023-04-17T05:26:38+00:00","twitter_card":"summary_large_image","schema":{"@context":"https:\/\/schema.org","@graph":[{"@type":"WebPage","@id":"https:\/\/www.hilase.cz\/en\/list-of-invited-speakers-and-their-presentations\/","url":"https:\/\/www.hilase.cz\/en\/list-of-invited-speakers-and-their-presentations\/","name":"List of invited speakers and their presentations - HiLASE","isPartOf":{"@id":"https:\/\/www.hilase.cz\/#website"},"datePublished":"2023-03-08T10:12:11+00:00","dateModified":"2023-04-17T05:26:38+00:00","breadcrumb":{"@id":"https:\/\/www.hilase.cz\/en\/list-of-invited-speakers-and-their-presentations\/#breadcrumb"},"inLanguage":"en-US","potentialAction":[{"@type":"ReadAction","target":["https:\/\/www.hilase.cz\/en\/list-of-invited-speakers-and-their-presentations\/"]}]},{"@type":"BreadcrumbList","@id":"https:\/\/www.hilase.cz\/en\/list-of-invited-speakers-and-their-presentations\/#breadcrumb","itemListElement":[{"@type":"ListItem","position":1,"name":"Dom\u016f","item":"https:\/\/www.hilase.cz\/en\/"},{"@type":"ListItem","position":2,"name":"List of invited speakers and their presentations"}]},{"@type":"WebSite","@id":"https:\/\/www.hilase.cz\/#website","url":"https:\/\/www.hilase.cz\/","name":"HiLASE","description":"Hi-tech laserov\u00e9 v\u00fdzkumn\u00e9 centrum","potentialAction":[{"@type":"SearchAction","target":{"@type":"EntryPoint","urlTemplate":"https:\/\/www.hilase.cz\/?s={search_term_string}"},"query-input":{"@type":"PropertyValueSpecification","valueRequired":true,"valueName":"search_term_string"}}],"inLanguage":"en-US"}]}},"_links":{"self":[{"href":"https:\/\/www.hilase.cz\/en\/wp-json\/wp\/v2\/pages\/25724","targetHints":{"allow":["GET"]}}],"collection":[{"href":"https:\/\/www.hilase.cz\/en\/wp-json\/wp\/v2\/pages"}],"about":[{"href":"https:\/\/www.hilase.cz\/en\/wp-json\/wp\/v2\/types\/page"}],"author":[{"embeddable":true,"href":"https:\/\/www.hilase.cz\/en\/wp-json\/wp\/v2\/users\/10"}],"replies":[{"embeddable":true,"href":"https:\/\/www.hilase.cz\/en\/wp-json\/wp\/v2\/comments?post=25724"}],"version-history":[{"count":37,"href":"https:\/\/www.hilase.cz\/en\/wp-json\/wp\/v2\/pages\/25724\/revisions"}],"predecessor-version":[{"id":26799,"href":"https:\/\/www.hilase.cz\/en\/wp-json\/wp\/v2\/pages\/25724\/revisions\/26799"}],"wp:attachment":[{"href":"https:\/\/www.hilase.cz\/en\/wp-json\/wp\/v2\/media?parent=25724"}],"curies":[{"name":"wp","href":"https:\/\/api.w.org\/{rel}","templated":true}]}}