{"id":28099,"date":"2023-11-23T12:40:08","date_gmt":"2023-11-23T11:40:08","guid":{"rendered":"https:\/\/www.hilase.cz\/?page_id=28099"},"modified":"2024-10-14T10:34:28","modified_gmt":"2024-10-14T08:34:28","slug":"strategy","status":"publish","type":"page","link":"https:\/\/www.hilase.cz\/en\/about-us\/strategy\/","title":{"rendered":"Strategy"},"content":{"rendered":"","protected":false},"excerpt":{"rendered":"","protected":false},"author":15,"featured_media":0,"parent":142,"menu_order":0,"comment_status":"closed","ping_status":"closed","template":"","meta":{"_acf_changed":false,"_monsterinsights_skip_tracking":false,"_monsterinsights_sitenote_active":false,"_monsterinsights_sitenote_note":"","_monsterinsights_sitenote_category":0,"footnotes":""},"class_list":["post-28099","page","type-page","status-publish","hentry"],"acf":{"obsah":[{"acf_fc_layout":"text","text":"<p>Following what has been set forward in the HiLASE Centre <a href=\"https:\/\/www.hilase.cz\/o-nas\/\">vision and mission<\/a>, we have defined four <strong>strategic areas<\/strong> for the next decade, which follow the direction we aspire to take in the coming years. At the same time, they are our way of addressing the current dynamic development of technology and considering the areas of laser technology applications that show the most promise for the near future. Detailed plans for our long-term development can be found in the <a href=\"https:\/\/www.hilase.cz\/wp-content\/uploads\/house-_stratgy.pdf\">HiLASE Centre house strategy<\/a>.<\/p>\n<p>Since we focus on laser technology use across many fields in the <strong>real world<\/strong>, these strategic areas also cover a wide range of applications \u2013 from compact radiation sources to far space exploration.<\/p>\n<p>However, these areas are not isolated, and collaboration is key to us \u2013 not only between individual strategic areas but also with other research institutions and industry partners.<\/p>\n","oddelovace":"none"},{"acf_fc_layout":"karty","vzhled":"1","karty":[{"obrazek":{"ID":28091,"id":28091,"title":"3","filename":"3-20.png","filesize":176298,"url":"https:\/\/www.hilase.cz\/wp-content\/uploads\/3-20.png","link":"https:\/\/www.hilase.cz\/en\/o-nas\/strategie\/3-24\/","alt":"","author":"15","description":"","caption":"","name":"3-24","status":"inherit","uploaded_to":28080,"date":"2023-06-08 12:09:42","modified":"2023-06-08 12:09:42","menu_order":0,"mime_type":"image\/png","type":"image","subtype":"png","icon":"https:\/\/www.hilase.cz\/wp-includes\/images\/media\/default.png","width":942,"height":498,"sizes":{"thumbnail":"https:\/\/www.hilase.cz\/wp-content\/uploads\/3-20.png","thumbnail-width":175,"thumbnail-height":93,"medium":"https:\/\/www.hilase.cz\/wp-content\/uploads\/3-20.png","medium-width":600,"medium-height":317,"medium_large":"https:\/\/www.hilase.cz\/wp-content\/uploads\/3-20.png","medium_large-width":768,"medium_large-height":406,"large":"https:\/\/www.hilase.cz\/wp-content\/uploads\/3-20.png","large-width":942,"large-height":498,"1536x1536":"https:\/\/www.hilase.cz\/wp-content\/uploads\/3-20.png","1536x1536-width":942,"1536x1536-height":498,"2048x2048":"https:\/\/www.hilase.cz\/wp-content\/uploads\/3-20.png","2048x2048-width":942,"2048x2048-height":498,"image":"https:\/\/www.hilase.cz\/wp-content\/uploads\/3-20.png","image-width":916,"image-height":484,"gallery":"https:\/\/www.hilase.cz\/wp-content\/uploads\/3-20.png","gallery-width":273,"gallery-height":144,"card":"https:\/\/www.hilase.cz\/wp-content\/uploads\/3-20.png","card-width":738,"card-height":390,"square":"https:\/\/www.hilase.cz\/wp-content\/uploads\/3-20.png","square-width":360,"square-height":190}},"nadpis":"Advanced laser processing and manufacturing technologies","zvyraznit_nadpis":false,"text":"When we put together laser technologies and advanced sensorics, feedback control and machine learning, we reach several breakthrough methods of laser processing. Specifically, we are talking about Laser Shock Peening (LSP), Laser Micromachining (LMM), and Laser Induced Damage Threshold (LIDT) measurement. Their use creates functional surfaces, increases the lifespan of products, or improves the safety of critical components.","tag":"","typ_odkazu":"odkaz","odkaz":"https:\/\/www.hilase.cz\/en\/advanced-laser-processing-and-manufacturing-technologies-with-hilase-centre-optics\/","stranka":false,"soubor":false},{"obrazek":{"ID":28088,"id":28088,"title":"1","filename":"1-183.png","filesize":485687,"url":"https:\/\/www.hilase.cz\/wp-content\/uploads\/1-183.png","link":"https:\/\/www.hilase.cz\/en\/o-nas\/strategie\/1-191\/","alt":"","author":"15","description":"","caption":"","name":"1-191","status":"inherit","uploaded_to":28080,"date":"2023-06-08 12:09:35","modified":"2023-06-08 12:09:35","menu_order":0,"mime_type":"image\/png","type":"image","subtype":"png","icon":"https:\/\/www.hilase.cz\/wp-includes\/images\/media\/default.png","width":942,"height":498,"sizes":{"thumbnail":"https:\/\/www.hilase.cz\/wp-content\/uploads\/1-183.png","thumbnail-width":175,"thumbnail-height":93,"medium":"https:\/\/www.hilase.cz\/wp-content\/uploads\/1-183.png","medium-width":600,"medium-height":317,"medium_large":"https:\/\/www.hilase.cz\/wp-content\/uploads\/1-183.png","medium_large-width":768,"medium_large-height":406,"large":"https:\/\/www.hilase.cz\/wp-content\/uploads\/1-183.png","large-width":942,"large-height":498,"1536x1536":"https:\/\/www.hilase.cz\/wp-content\/uploads\/1-183.png","1536x1536-width":942,"1536x1536-height":498,"2048x2048":"https:\/\/www.hilase.cz\/wp-content\/uploads\/1-183.png","2048x2048-width":942,"2048x2048-height":498,"image":"https:\/\/www.hilase.cz\/wp-content\/uploads\/1-183.png","image-width":916,"image-height":484,"gallery":"https:\/\/www.hilase.cz\/wp-content\/uploads\/1-183.png","gallery-width":273,"gallery-height":144,"card":"https:\/\/www.hilase.cz\/wp-content\/uploads\/1-183.png","card-width":738,"card-height":390,"square":"https:\/\/www.hilase.cz\/wp-content\/uploads\/1-183.png","square-width":360,"square-height":190}},"nadpis":"Space-borne laser technologies","zvyraznit_nadpis":false,"text":"A part of our vision is the application of laser technologies both on Earth and beyond, which is where we are headed within this area. Possible uses in this field include communication, metal and mineral mining on celestial bodies, propagation of spaceships, and more. At the HiLASE Centre, we are, for example, collaborating on the TROLL project, within which we are developing a compact laser to be sent on a testing mission to the orbit.","tag":"","typ_odkazu":"odkaz","odkaz":"https:\/\/www.hilase.cz\/en\/hilase-centres-laser-technologies-are-heading-into-space\/","stranka":false,"soubor":false},{"obrazek":{"ID":28090,"id":28090,"title":"2","filename":"2-176.png","filesize":847892,"url":"https:\/\/www.hilase.cz\/wp-content\/uploads\/2-176.png","link":"https:\/\/www.hilase.cz\/en\/o-nas\/strategie\/2-181\/","alt":"","author":"15","description":"","caption":"","name":"2-181","status":"inherit","uploaded_to":28080,"date":"2023-06-08 12:09:39","modified":"2023-06-08 12:09:39","menu_order":0,"mime_type":"image\/png","type":"image","subtype":"png","icon":"https:\/\/www.hilase.cz\/wp-includes\/images\/media\/default.png","width":942,"height":498,"sizes":{"thumbnail":"https:\/\/www.hilase.cz\/wp-content\/uploads\/2-176-175x175.png","thumbnail-width":175,"thumbnail-height":175,"medium":"https:\/\/www.hilase.cz\/wp-content\/uploads\/2-176-600x317.png","medium-width":600,"medium-height":317,"medium_large":"https:\/\/www.hilase.cz\/wp-content\/uploads\/2-176-768x406.png","medium_large-width":768,"medium_large-height":406,"large":"https:\/\/www.hilase.cz\/wp-content\/uploads\/2-176.png","large-width":942,"large-height":498,"1536x1536":"https:\/\/www.hilase.cz\/wp-content\/uploads\/2-176.png","1536x1536-width":942,"1536x1536-height":498,"2048x2048":"https:\/\/www.hilase.cz\/wp-content\/uploads\/2-176.png","2048x2048-width":942,"2048x2048-height":498,"image":"https:\/\/www.hilase.cz\/wp-content\/uploads\/2-176-942x484.png","image-width":942,"image-height":484,"gallery":"https:\/\/www.hilase.cz\/wp-content\/uploads\/2-176-273x210.png","gallery-width":273,"gallery-height":210,"card":"https:\/\/www.hilase.cz\/wp-content\/uploads\/2-176-740x390.png","card-width":740,"card-height":390,"square":"https:\/\/www.hilase.cz\/wp-content\/uploads\/2-176-360x360.png","square-width":360,"square-height":360}},"nadpis":"Smart & Safe Solutions for laser systems and applications","zvyraznit_nadpis":false,"text":"This area includes a wide range of solutions, which will make the laser applications in development at the HiLASE Centre safer and smarter. They include, for example, real-time control, artificial intelligence elements, automatic active alignment and stabilisation of the laser beam, laser safety, and more. The result is not only an improvement in safety, but also better effectivity of lasers and associated devices.","tag":"","typ_odkazu":"odkaz","odkaz":"https:\/\/www.hilase.cz\/en\/introducing-3s-smart-safe-solutions-for-laser-systems-and-applications\/","stranka":false,"soubor":false},{"obrazek":{"ID":29340,"id":29340,"title":"N\u00e1vrh bez n\u00e1zvu (3)","filename":"Navrh-bez-nazvu-3-6.png","filesize":132672,"url":"https:\/\/www.hilase.cz\/wp-content\/uploads\/Navrh-bez-nazvu-3-6.png","link":"https:\/\/www.hilase.cz\/laserove-technologie-pro-kompaktni-zdroje-castic-a-zareni-lpr\/navrh-bez-nazvu-3-7\/","alt":"","author":"15","description":"","caption":"","name":"navrh-bez-nazvu-3-7","status":"inherit","uploaded_to":29339,"date":"2023-09-27 17:26:31","modified":"2023-09-27 17:26:31","menu_order":0,"mime_type":"image\/png","type":"image","subtype":"png","icon":"https:\/\/www.hilase.cz\/wp-includes\/images\/media\/default.png","width":314,"height":166,"sizes":{"thumbnail":"https:\/\/www.hilase.cz\/wp-content\/uploads\/Navrh-bez-nazvu-3-6-175x166.png","thumbnail-width":175,"thumbnail-height":166,"medium":"https:\/\/www.hilase.cz\/wp-content\/uploads\/Navrh-bez-nazvu-3-6.png","medium-width":314,"medium-height":166,"medium_large":"https:\/\/www.hilase.cz\/wp-content\/uploads\/Navrh-bez-nazvu-3-6.png","medium_large-width":314,"medium_large-height":166,"large":"https:\/\/www.hilase.cz\/wp-content\/uploads\/Navrh-bez-nazvu-3-6.png","large-width":314,"large-height":166,"1536x1536":"https:\/\/www.hilase.cz\/wp-content\/uploads\/Navrh-bez-nazvu-3-6.png","1536x1536-width":314,"1536x1536-height":166,"2048x2048":"https:\/\/www.hilase.cz\/wp-content\/uploads\/Navrh-bez-nazvu-3-6.png","2048x2048-width":314,"2048x2048-height":166,"image":"https:\/\/www.hilase.cz\/wp-content\/uploads\/Navrh-bez-nazvu-3-6.png","image-width":314,"image-height":166,"gallery":"https:\/\/www.hilase.cz\/wp-content\/uploads\/Navrh-bez-nazvu-3-6-273x166.png","gallery-width":273,"gallery-height":166,"card":"https:\/\/www.hilase.cz\/wp-content\/uploads\/Navrh-bez-nazvu-3-6.png","card-width":314,"card-height":166,"square":"https:\/\/www.hilase.cz\/wp-content\/uploads\/Navrh-bez-nazvu-3-6.png","square-width":314,"square-height":166}},"nadpis":"Laser technologies for compact particle and radiation sources","zvyraznit_nadpis":false,"text":"This area is focused on the optimalisation of high-power laser sources. This includes, for example, adaptive and non-linear optics, predictive thermo-optical modelling, laser pulse shaping, laser drivers for EUV and mid-IR sources, etc.","tag":"","typ_odkazu":"odkaz","odkaz":"https:\/\/www.hilase.cz\/en\/laser-technologies-for-compact-particle-and-radiation-sources-lpr\/","stranka":false,"soubor":false}]}]},"yoast_head":"<!-- This site is optimized with the Yoast SEO plugin v23.9 - https:\/\/yoast.com\/wordpress\/plugins\/seo\/ -->\n<title>Strategy - HiLASE<\/title>\n<meta name=\"description\" content=\"Following what has been set forward in the HiLASE Centre vision and mission, we have defined five strategic areas.\" \/>\n<meta name=\"robots\" content=\"index, follow, max-snippet:-1, max-image-preview:large, max-video-preview:-1\" \/>\n<link rel=\"canonical\" href=\"https:\/\/www.hilase.cz\/en\/about-us\/strategy\/\" \/>\n<meta property=\"og:locale\" content=\"en_US\" \/>\n<meta property=\"og:type\" content=\"article\" \/>\n<meta property=\"og:title\" content=\"Strategy - HiLASE\" \/>\n<meta property=\"og:description\" content=\"Following what has been set forward in the HiLASE Centre vision and mission, we have defined five strategic areas.\" \/>\n<meta property=\"og:url\" content=\"https:\/\/www.hilase.cz\/en\/about-us\/strategy\/\" \/>\n<meta property=\"og:site_name\" content=\"HiLASE\" \/>\n<meta property=\"article:modified_time\" content=\"2024-10-14T08:34:28+00:00\" \/>\n<meta name=\"twitter:card\" content=\"summary_large_image\" \/>\n<script type=\"application\/ld+json\" class=\"yoast-schema-graph\">{\"@context\":\"https:\/\/schema.org\",\"@graph\":[{\"@type\":\"WebPage\",\"@id\":\"https:\/\/www.hilase.cz\/en\/about-us\/strategy\/\",\"url\":\"https:\/\/www.hilase.cz\/en\/about-us\/strategy\/\",\"name\":\"Strategy - HiLASE\",\"isPartOf\":{\"@id\":\"https:\/\/www.hilase.cz\/#website\"},\"datePublished\":\"2023-11-23T11:40:08+00:00\",\"dateModified\":\"2024-10-14T08:34:28+00:00\",\"description\":\"Following what has been set forward in the HiLASE Centre vision and mission, we have defined five strategic areas.\",\"breadcrumb\":{\"@id\":\"https:\/\/www.hilase.cz\/en\/about-us\/strategy\/#breadcrumb\"},\"inLanguage\":\"en-US\",\"potentialAction\":[{\"@type\":\"ReadAction\",\"target\":[\"https:\/\/www.hilase.cz\/en\/about-us\/strategy\/\"]}]},{\"@type\":\"BreadcrumbList\",\"@id\":\"https:\/\/www.hilase.cz\/en\/about-us\/strategy\/#breadcrumb\",\"itemListElement\":[{\"@type\":\"ListItem\",\"position\":1,\"name\":\"Dom\u016f\",\"item\":\"https:\/\/www.hilase.cz\/en\/\"},{\"@type\":\"ListItem\",\"position\":2,\"name\":\"About Us\",\"item\":\"https:\/\/www.hilase.cz\/en\/about-us\/\"},{\"@type\":\"ListItem\",\"position\":3,\"name\":\"Strategy\"}]},{\"@type\":\"WebSite\",\"@id\":\"https:\/\/www.hilase.cz\/#website\",\"url\":\"https:\/\/www.hilase.cz\/\",\"name\":\"HiLASE\",\"description\":\"Hi-tech laserov\u00e9 v\u00fdzkumn\u00e9 centrum\",\"potentialAction\":[{\"@type\":\"SearchAction\",\"target\":{\"@type\":\"EntryPoint\",\"urlTemplate\":\"https:\/\/www.hilase.cz\/?s={search_term_string}\"},\"query-input\":{\"@type\":\"PropertyValueSpecification\",\"valueRequired\":true,\"valueName\":\"search_term_string\"}}],\"inLanguage\":\"en-US\"}]}<\/script>\n<!-- \/ Yoast SEO plugin. -->","yoast_head_json":{"title":"Strategy - HiLASE","description":"Following what has been set forward in the HiLASE Centre vision and mission, we have defined five strategic areas.","robots":{"index":"index","follow":"follow","max-snippet":"max-snippet:-1","max-image-preview":"max-image-preview:large","max-video-preview":"max-video-preview:-1"},"canonical":"https:\/\/www.hilase.cz\/en\/about-us\/strategy\/","og_locale":"en_US","og_type":"article","og_title":"Strategy - HiLASE","og_description":"Following what has been set forward in the HiLASE Centre vision and mission, we have defined five strategic areas.","og_url":"https:\/\/www.hilase.cz\/en\/about-us\/strategy\/","og_site_name":"HiLASE","article_modified_time":"2024-10-14T08:34:28+00:00","twitter_card":"summary_large_image","schema":{"@context":"https:\/\/schema.org","@graph":[{"@type":"WebPage","@id":"https:\/\/www.hilase.cz\/en\/about-us\/strategy\/","url":"https:\/\/www.hilase.cz\/en\/about-us\/strategy\/","name":"Strategy - HiLASE","isPartOf":{"@id":"https:\/\/www.hilase.cz\/#website"},"datePublished":"2023-11-23T11:40:08+00:00","dateModified":"2024-10-14T08:34:28+00:00","description":"Following what has been set forward in the HiLASE Centre vision and mission, we have defined five strategic areas.","breadcrumb":{"@id":"https:\/\/www.hilase.cz\/en\/about-us\/strategy\/#breadcrumb"},"inLanguage":"en-US","potentialAction":[{"@type":"ReadAction","target":["https:\/\/www.hilase.cz\/en\/about-us\/strategy\/"]}]},{"@type":"BreadcrumbList","@id":"https:\/\/www.hilase.cz\/en\/about-us\/strategy\/#breadcrumb","itemListElement":[{"@type":"ListItem","position":1,"name":"Dom\u016f","item":"https:\/\/www.hilase.cz\/en\/"},{"@type":"ListItem","position":2,"name":"About Us","item":"https:\/\/www.hilase.cz\/en\/about-us\/"},{"@type":"ListItem","position":3,"name":"Strategy"}]},{"@type":"WebSite","@id":"https:\/\/www.hilase.cz\/#website","url":"https:\/\/www.hilase.cz\/","name":"HiLASE","description":"Hi-tech laserov\u00e9 v\u00fdzkumn\u00e9 centrum","potentialAction":[{"@type":"SearchAction","target":{"@type":"EntryPoint","urlTemplate":"https:\/\/www.hilase.cz\/?s={search_term_string}"},"query-input":{"@type":"PropertyValueSpecification","valueRequired":true,"valueName":"search_term_string"}}],"inLanguage":"en-US"}]}},"_links":{"self":[{"href":"https:\/\/www.hilase.cz\/en\/wp-json\/wp\/v2\/pages\/28099","targetHints":{"allow":["GET"]}}],"collection":[{"href":"https:\/\/www.hilase.cz\/en\/wp-json\/wp\/v2\/pages"}],"about":[{"href":"https:\/\/www.hilase.cz\/en\/wp-json\/wp\/v2\/types\/page"}],"author":[{"embeddable":true,"href":"https:\/\/www.hilase.cz\/en\/wp-json\/wp\/v2\/users\/15"}],"replies":[{"embeddable":true,"href":"https:\/\/www.hilase.cz\/en\/wp-json\/wp\/v2\/comments?post=28099"}],"version-history":[{"count":8,"href":"https:\/\/www.hilase.cz\/en\/wp-json\/wp\/v2\/pages\/28099\/revisions"}],"predecessor-version":[{"id":33241,"href":"https:\/\/www.hilase.cz\/en\/wp-json\/wp\/v2\/pages\/28099\/revisions\/33241"}],"up":[{"embeddable":true,"href":"https:\/\/www.hilase.cz\/en\/wp-json\/wp\/v2\/pages\/142"}],"wp:attachment":[{"href":"https:\/\/www.hilase.cz\/en\/wp-json\/wp\/v2\/media?parent=28099"}],"curies":[{"name":"wp","href":"https:\/\/api.w.org\/{rel}","templated":true}]}}