{"id":28713,"date":"2023-07-31T16:23:58","date_gmt":"2023-07-31T14:23:58","guid":{"rendered":"https:\/\/www.hilase.cz\/?page_id=28713"},"modified":"2023-11-20T12:53:07","modified_gmt":"2023-11-20T11:53:07","slug":"sla-publications","status":"publish","type":"page","link":"https:\/\/www.hilase.cz\/en\/sla-publications\/","title":{"rendered":"SLA PUBLICATIONS"},"content":{"rendered":"","protected":false},"excerpt":{"rendered":"","protected":false},"author":10,"featured_media":0,"parent":0,"menu_order":0,"comment_status":"closed","ping_status":"closed","template":"","meta":{"_acf_changed":false,"_monsterinsights_skip_tracking":false,"_monsterinsights_sitenote_active":false,"_monsterinsights_sitenote_note":"","_monsterinsights_sitenote_category":0,"footnotes":""},"class_list":["post-28713","page","type-page","status-publish","hentry"],"acf":{"obsah":[{"acf_fc_layout":"text","text":"<h5><span class=\"txt-secondary\"><strong>LATEST PUBLICATIONS OF THE SLA TEAM<\/strong>:<\/span><\/h5>\n<p><a href=\"https:\/\/www.sciencedirect.com\/science\/article\/pii\/S002230932300577X?via%3Dihub\">PAPER<\/a> | <span class=\"title-text\"><strong>Optical, magneto-optical properties and fiber-drawing ability of tellurite glasses in the TeO<sub>2<\/sub>\u2013ZnO\u2013BaO ternary system<\/strong> | <span class=\"OYPEnA text-decoration-none text-strikethrough-none\">Jan Hrabovsk\u00fd, Luk\u00e1\u0161 St\u0159i\u017e\u00edk, Fr\u00e9d\u00e9ric D\u00e9s\u00e9v\u00e9davy, Stana Tazlaru, Miroslav Ku\u010dera, Luk\u00e1\u0161 Nowak, Robin Kry\u0161t\u016ffek, Jan Mistr\u00edk, V\u00e1clav D\u011bdi\u010d, Vladim\u00edr Kopeck\u00fd, Gr\u00e9gory Gadr\u00e9t, Thomas Wagner, Fr\u00e9d\u00e9ric Smektala, Martin Veis<\/span><\/span><\/p>\n<p><a href=\"https:\/\/www.mdpi.com\/2304-6732\/10\/11\/1229\">PAPER<\/a> | <strong>\u201cGreen\u201d Fluorescent\u2013Plasmonic Carbon-Based Nanocomposites with Controlled Performance for Mild Laser Hyperthermia<\/strong> | Yury V. Ryabchikov, Alexander Zaderko<\/p>\n<p><a href=\"https:\/\/www.mdpi.com\/2072-666X\/14\/11\/2048\">PAPER<\/a> |<strong> Ultrafast Infrared Laser Crystallization of Amorphous Ge Films on Glass Substrates<\/strong> | <span class=\"OYPEnA text-decoration-none text-strikethrough-none\">Yuzhu Cheng, Alexander V. Bulgakov, Nadezhda M. Bulgakova, Ji\u0159\u00ed Ber\u00e1nek, Martin Zukerstein, Ilya A. Milekhin, Alexander A. Popov, Vladimir A. Volodin<\/span><\/p>\n<p style=\"text-align: left;\"><a href=\"https:\/\/www.sciencedirect.com\/science\/article\/pii\/S0169433223023061\">PAPER<\/a> | <span class=\"title-text\"><strong>Dual-wavelength femtosecond laser-induced single-shot damage and ablation of silicon<\/strong> | Alexander V. Bulgakov, Juraj Sl\u00e1dek, Jan Hrabovsk\u00fd, Inam Mirza, Wladimir Marine, Nadezhda M. Bulgakova<\/span><\/p>\n<div id=\"banner\" class=\"Banner\">\n<div class=\"wrapper truncated\">\n<div class=\"AuthorGroups text-s\">\n<div id=\"author-group\" class=\"author-group\"><a href=\"https:\/\/www.frontiersin.org\/articles\/10.3389\/fnano.2023.1271832\/full\">PAPER<\/a> | <strong>Non-thermal regimes of laser annealing of semiconductor nanostructures: crystallization without melting<\/strong> | Inam Mirza, Alexander V. Bulgakov, Hanna Sopha, Sergey V. Starinskiy, Hana Tur\u010di\u010dov\u00e1, Ond\u0159ej Nov\u00e1k, Ji\u0159\u00ed Mu\u017e\u00edk, Martin Smr\u017e, Vladimir A. Volodin, Tom\u00e1\u0161 Mocek, Jan M. Macak, Nadezhda M. Bulgakova<\/div>\n<\/div>\n<\/div>\n<\/div>\n<p><a href=\"https:\/\/www.mdpi.com\/2304-6732\/10\/8\/882\">PAPER<\/a> | <strong>From Localized Laser Energy Absorption to Absorption Delocalization at Volumetric Glass Modification with Gaussian and Doughnut-Shaped Pulses<\/strong> | Martin Zukerstein, Vladimir P. Zhukov and Nadezhda M. Bulgakova in collaboration with Yuri P. Meshcheryakov<\/p>\n<p><a href=\"https:\/\/link.springer.com\/article\/10.1007\/s00339-023-06840-6\">PAPER<\/a> | <strong>Double layer acceleration of ions with differently charged states in a laser induced plasma<\/strong> | Nadezhda Bulgakova and Alexander Bulgakov in collaboration with Xiang Yao, Christof W. Schneider and Thomas Lippert<\/p>\n<p><a href=\"https:\/\/www.dl.begellhouse.com\/journals\/728e68e739b67efe,20d0cd627d1d008d,2370cd8f21aa0eff.html\">PAPER<\/a> | <strong>Low-temperature catalyzed growth and plasmonic properties of columnar Au-SiOx nanocomposite thin films<\/strong> | Alexander Bulgakov in collaboration with Sergey Ya. Khmel, Sergey V. Starinskiy, Evgeniy A. Baranov, Alexandr O. Zamchiy, Alexey I. Safonov and Yuri G. Shukhov<\/p>\n<p><a href=\"https:\/\/link.springer.com\/article\/10.1007\/s00339-022-05733-4\">PAPER<\/a> | <strong>Melting of gold by ultrashort laser pulses: advanced two-temperature modeling and comparison with surface damage experiments<\/strong> | Sergey A. Lizunov, Alexander Bulgakov and Nadezhda Bulgakova in collaboration with Eleanor Campbell<\/p>\n<p><a href=\"https:\/\/www.mmscience.eu\/journal\/issues\/june-2023\/articles\/picosecond-pulsed-laser-deposition-of-mos2-thin-films\">PAPER<\/a> | <strong>Picosecond pulsed lasers deposition of MoS2 thin films <\/strong>| Inam Mirza, Jan Hrabovsk\u00fd, Nadezhda Bulgakova and Alexander Bulgakov in collaboration with Jose Guadalupe Quinones-Galvan, Enrique Campos-Gonzales, Francisco de Moure-Flores, Jose Santos-Cruz and Migues Angel Santana-Aranda<\/p>\n<p><a href=\"https:\/\/iopscience.iop.org\/article\/10.1088\/1361-6463\/acd3ff\">PAPER<\/a> | <strong>Ion expansion dynamics of laser induced multi-elemental plasmas <\/strong>| Nadezhda Bulgakova and Alexander Bulgakov in collaboration with Xiang Yao, Christof W. Schneider and Thomas Lippert<\/p>\n<p><a href=\"https:\/\/opg.optica.org\/oe\/fulltext.cfm?uri=oe-31-10-16295&amp;id=530274#\">PAPER<\/a> | <strong>Enhancement of the spectral broadening efficiency for circular polarization states in the high absorption regime for Gaussian and doughnut-shaped beams in fused silica<\/strong> | Martin Zukerstein and Yoann Levy<\/p>\n<p><a href=\"https:\/\/www.sciencedirect.com\/science\/article\/pii\/S0022231323002247\">PAPER<\/a> | <strong>Plasmon-affected luminescent nanothermometry with multi-band SiNPs\/SiNX nanocomposites<\/strong> | Yury V. Ryabchikov<\/p>\n<p><a href=\"https:\/\/link.springer.com\/chapter\/10.1007\/978-3-031-14752-4_1\">PAPER<\/a> | <strong>Insights into Laser-Matter Interaction from Inside: Wealth of Processes, Multiplicity of Mechanisms and Possible Roadmaps for Energy Localization<\/strong> | Thibault J. -Y. Derrien, Yoann Levy and Nadezhda M. Bulgakova<\/p>\n<p><a href=\"https:\/\/www.sciencedirect.com\/science\/article\/pii\/S0925963523001620?via=ihub\">PAPER<\/a> | <strong>Comparative determination of atomic boron and carrier concentration in highly boron doped nano-crystalline diamond <\/strong>| Jan Hrabovsk\u00fd in collaboration with Andrew Taylor, Petr Ashcheulov, Pavel Hub\u00edk, Zden\u011bk Weiss, Ladislav Klim\u0161a, Jarom\u00edr Kope\u010dek, Martin Veis, Jan Lorin\u010d\u00edk, Ivan Elantyev and Vincent Mortet<\/p>\n<p><a href=\"https:\/\/www.mdpi.com\/2076-3417\/13\/6\/3818\">PAPER<\/a> | <strong>On the Melting Thresholds of Semiconductors under Nanosecond Pulse Laser Irradiation<\/strong> | Ji\u0159\u00ed Ber\u00e1nek, Alexander Bulgakov and Nadezhda Bulgakova<\/p>\n<p><a href=\"https:\/\/www.mdpi.com\/2079-4991\/13\/4\/764\">PAPER<\/a> | <strong>Environmentally Friendly Improvement of Plasmonic Nanostructure Functionality towards Magnetic Resonance Applications<\/strong> | Miroslava Flimelov\u00e1, Yuri V. Ryabchikov and Nadezhda M. Bulgakova in collaboration with Jan Behrends<\/p>\n<p><a href=\"https:\/\/www.sciencedirect.com\/science\/article\/pii\/S0030399223000543\">PAPER<\/a> | <strong>Single-shot selective femtosecond and picosecond infrared laser crystallization of an amorphous Ge\/Si multilayer stack<\/strong> | Alexander Bulgakov, Yoann Levy, Ji\u0159\u00ed Ber\u00e1nek, S. S. Nagisetty, Martin Zukerstein and Nadezhda Bulgakova<\/p>\n<p><a href=\"https:\/\/www.hilase.cz\/wp-content\/uploads\/Laserlab_issue32.pdf\">ARTICLE<\/a> | <strong>Laser crystallisation of titanium dioxide nanoturbular layers for photo-voltaic applications<\/strong> | Inam Mirza, Nadezhda Bulgakova and Tom\u00e1\u0161 Mocek<\/p>\n<p><a href=\"https:\/\/www.sciencedirect.com\/science\/article\/pii\/S016943322202195X?via%3Dihub\">PAPER<\/a> | <strong>Silicon surface patterning by regular stripes of laser-induced periodic surface structures<\/strong> | Juraj Sl\u00e1dek, Yoann Levy, Thibault J. -Y. Derrien and Nadezhda M. Bulgakova in collaboration with Z. Bryknar<\/p>\n<p><a href=\"https:\/\/www.nature.com\/articles\/s42005-022-01075-y\">PAPER<\/a> | <strong>Role of Van Hove singularities and effective mass anisotropy in polarization-resolved high harmonic spectroscopy of silicon<\/strong> | Thibault J. -Y. Derrien in collaboration with Pawan Suthar, Franti\u0161ek Troj\u00e1nek, Petr Mal\u00fd and Martin Koz\u00e1k<\/p>\n<p><a href=\"https:\/\/www.sciencedirect.com\/science\/article\/pii\/S0017931022007621?via%3Dihub\">PAPER<\/a> | <strong>Modeling thermal response of Mo thin films upon single femtosecond laser irradiation: Dynamics of film melting and substrate softening<\/strong> | Kry\u0161tof Hlinomaz, Yoann Levy, Thibault J. -Y. Derrien and Nadezhda M. Bulgakova<\/p>\n<p><a href=\"https:\/\/www.sciencedirect.com\/science\/article\/pii\/S0169433222007875?via%3Dihub\">PAPER<\/a> | <strong>Formation of tubular structures and microneedles on silicon surface by doughnut-shaped ultrashort laser pulses<\/strong> | Martin Zukerstein, Jan Hrabovsk\u00fd, Juraj Sl\u00e1dek, Inam Mirza, Yoann Levy, Thibault J. -Y. Derrien and Nadezhda M. Bulgakova<\/p>\n","oddelovace":"none"}]},"yoast_head":"<!-- This site is optimized with the Yoast SEO plugin v23.9 - https:\/\/yoast.com\/wordpress\/plugins\/seo\/ -->\n<title>SLA PUBLICATIONS - HiLASE<\/title>\n<meta name=\"robots\" content=\"index, follow, max-snippet:-1, max-image-preview:large, max-video-preview:-1\" \/>\n<link rel=\"canonical\" href=\"https:\/\/www.hilase.cz\/en\/sla-publications\/\" \/>\n<meta property=\"og:locale\" content=\"en_US\" \/>\n<meta property=\"og:type\" content=\"article\" \/>\n<meta property=\"og:title\" content=\"SLA PUBLICATIONS - HiLASE\" \/>\n<meta property=\"og:url\" content=\"https:\/\/www.hilase.cz\/en\/sla-publications\/\" \/>\n<meta property=\"og:site_name\" content=\"HiLASE\" \/>\n<meta property=\"article:modified_time\" content=\"2023-11-20T11:53:07+00:00\" \/>\n<meta name=\"twitter:card\" content=\"summary_large_image\" \/>\n<script type=\"application\/ld+json\" class=\"yoast-schema-graph\">{\"@context\":\"https:\/\/schema.org\",\"@graph\":[{\"@type\":\"WebPage\",\"@id\":\"https:\/\/www.hilase.cz\/en\/sla-publications\/\",\"url\":\"https:\/\/www.hilase.cz\/en\/sla-publications\/\",\"name\":\"SLA PUBLICATIONS - HiLASE\",\"isPartOf\":{\"@id\":\"https:\/\/www.hilase.cz\/#website\"},\"datePublished\":\"2023-07-31T14:23:58+00:00\",\"dateModified\":\"2023-11-20T11:53:07+00:00\",\"breadcrumb\":{\"@id\":\"https:\/\/www.hilase.cz\/en\/sla-publications\/#breadcrumb\"},\"inLanguage\":\"en-US\",\"potentialAction\":[{\"@type\":\"ReadAction\",\"target\":[\"https:\/\/www.hilase.cz\/en\/sla-publications\/\"]}]},{\"@type\":\"BreadcrumbList\",\"@id\":\"https:\/\/www.hilase.cz\/en\/sla-publications\/#breadcrumb\",\"itemListElement\":[{\"@type\":\"ListItem\",\"position\":1,\"name\":\"Dom\u016f\",\"item\":\"https:\/\/www.hilase.cz\/en\/\"},{\"@type\":\"ListItem\",\"position\":2,\"name\":\"SLA PUBLICATIONS\"}]},{\"@type\":\"WebSite\",\"@id\":\"https:\/\/www.hilase.cz\/#website\",\"url\":\"https:\/\/www.hilase.cz\/\",\"name\":\"HiLASE\",\"description\":\"Hi-tech laserov\u00e9 v\u00fdzkumn\u00e9 centrum\",\"potentialAction\":[{\"@type\":\"SearchAction\",\"target\":{\"@type\":\"EntryPoint\",\"urlTemplate\":\"https:\/\/www.hilase.cz\/?s={search_term_string}\"},\"query-input\":{\"@type\":\"PropertyValueSpecification\",\"valueRequired\":true,\"valueName\":\"search_term_string\"}}],\"inLanguage\":\"en-US\"}]}<\/script>\n<!-- \/ Yoast SEO plugin. -->","yoast_head_json":{"title":"SLA PUBLICATIONS - HiLASE","robots":{"index":"index","follow":"follow","max-snippet":"max-snippet:-1","max-image-preview":"max-image-preview:large","max-video-preview":"max-video-preview:-1"},"canonical":"https:\/\/www.hilase.cz\/en\/sla-publications\/","og_locale":"en_US","og_type":"article","og_title":"SLA PUBLICATIONS - HiLASE","og_url":"https:\/\/www.hilase.cz\/en\/sla-publications\/","og_site_name":"HiLASE","article_modified_time":"2023-11-20T11:53:07+00:00","twitter_card":"summary_large_image","schema":{"@context":"https:\/\/schema.org","@graph":[{"@type":"WebPage","@id":"https:\/\/www.hilase.cz\/en\/sla-publications\/","url":"https:\/\/www.hilase.cz\/en\/sla-publications\/","name":"SLA PUBLICATIONS - HiLASE","isPartOf":{"@id":"https:\/\/www.hilase.cz\/#website"},"datePublished":"2023-07-31T14:23:58+00:00","dateModified":"2023-11-20T11:53:07+00:00","breadcrumb":{"@id":"https:\/\/www.hilase.cz\/en\/sla-publications\/#breadcrumb"},"inLanguage":"en-US","potentialAction":[{"@type":"ReadAction","target":["https:\/\/www.hilase.cz\/en\/sla-publications\/"]}]},{"@type":"BreadcrumbList","@id":"https:\/\/www.hilase.cz\/en\/sla-publications\/#breadcrumb","itemListElement":[{"@type":"ListItem","position":1,"name":"Dom\u016f","item":"https:\/\/www.hilase.cz\/en\/"},{"@type":"ListItem","position":2,"name":"SLA PUBLICATIONS"}]},{"@type":"WebSite","@id":"https:\/\/www.hilase.cz\/#website","url":"https:\/\/www.hilase.cz\/","name":"HiLASE","description":"Hi-tech laserov\u00e9 v\u00fdzkumn\u00e9 centrum","potentialAction":[{"@type":"SearchAction","target":{"@type":"EntryPoint","urlTemplate":"https:\/\/www.hilase.cz\/?s={search_term_string}"},"query-input":{"@type":"PropertyValueSpecification","valueRequired":true,"valueName":"search_term_string"}}],"inLanguage":"en-US"}]}},"_links":{"self":[{"href":"https:\/\/www.hilase.cz\/en\/wp-json\/wp\/v2\/pages\/28713","targetHints":{"allow":["GET"]}}],"collection":[{"href":"https:\/\/www.hilase.cz\/en\/wp-json\/wp\/v2\/pages"}],"about":[{"href":"https:\/\/www.hilase.cz\/en\/wp-json\/wp\/v2\/types\/page"}],"author":[{"embeddable":true,"href":"https:\/\/www.hilase.cz\/en\/wp-json\/wp\/v2\/users\/10"}],"replies":[{"embeddable":true,"href":"https:\/\/www.hilase.cz\/en\/wp-json\/wp\/v2\/comments?post=28713"}],"version-history":[{"count":4,"href":"https:\/\/www.hilase.cz\/en\/wp-json\/wp\/v2\/pages\/28713\/revisions"}],"predecessor-version":[{"id":30163,"href":"https:\/\/www.hilase.cz\/en\/wp-json\/wp\/v2\/pages\/28713\/revisions\/30163"}],"wp:attachment":[{"href":"https:\/\/www.hilase.cz\/en\/wp-json\/wp\/v2\/media?parent=28713"}],"curies":[{"name":"wp","href":"https:\/\/api.w.org\/{rel}","templated":true}]}}