{"id":31177,"date":"2024-04-08T14:57:38","date_gmt":"2024-04-08T12:57:38","guid":{"rendered":"https:\/\/www.hilase.cz\/we-offer\/open-access-copy\/"},"modified":"2025-02-18T11:45:15","modified_gmt":"2025-02-18T10:45:15","slug":"open-access-options","status":"publish","type":"page","link":"https:\/\/www.hilase.cz\/en\/we-offer\/open-access-options\/","title":{"rendered":"Open Access options"},"content":{"rendered":"","protected":false},"excerpt":{"rendered":"","protected":false},"author":10,"featured_media":0,"parent":810,"menu_order":0,"comment_status":"closed","ping_status":"closed","template":"","meta":{"_acf_changed":false,"_monsterinsights_skip_tracking":false,"_monsterinsights_sitenote_active":false,"_monsterinsights_sitenote_note":"","_monsterinsights_sitenote_category":0,"footnotes":""},"class_list":["post-31177","page","type-page","status-publish","hentry"],"acf":{"obsah":[{"acf_fc_layout":"banner","nadpis":"OPEN ACCESS OPTIONS","zvyraznit_nadpis":true,"text":"","obrazek":{"ID":1141,"id":1141,"title":"SCH_5345","filename":"SCH_5345-1.jpg","filesize":4851040,"url":"https:\/\/www.hilase.cz\/wp-content\/uploads\/SCH_5345-1.jpg","link":"https:\/\/www.hilase.cz\/en\/?attachment_id=1141","alt":"","author":"15","description":"","caption":"","name":"sch_5345-2","status":"inherit","uploaded_to":5101,"date":"2018-11-14 12:41:45","modified":"2018-11-14 12:41:54","menu_order":0,"mime_type":"image\/jpeg","type":"image","subtype":"jpeg","icon":"https:\/\/www.hilase.cz\/wp-includes\/images\/media\/default.png","width":5760,"height":3840,"sizes":{"thumbnail":"https:\/\/www.hilase.cz\/wp-content\/uploads\/SCH_5345-1-175x175.jpg","thumbnail-width":175,"thumbnail-height":175,"medium":"https:\/\/www.hilase.cz\/wp-content\/uploads\/SCH_5345-1-600x400.jpg","medium-width":600,"medium-height":400,"medium_large":"https:\/\/www.hilase.cz\/wp-content\/uploads\/SCH_5345-1-768x512.jpg","medium_large-width":768,"medium_large-height":512,"large":"https:\/\/www.hilase.cz\/wp-content\/uploads\/SCH_5345-1-1800x1200.jpg","large-width":1800,"large-height":1200,"1536x1536":"https:\/\/www.hilase.cz\/wp-content\/uploads\/SCH_5345-1.jpg","1536x1536-width":1536,"1536x1536-height":1024,"2048x2048":"https:\/\/www.hilase.cz\/wp-content\/uploads\/SCH_5345-1.jpg","2048x2048-width":2048,"2048x2048-height":1365,"image":"https:\/\/www.hilase.cz\/wp-content\/uploads\/SCH_5345-1-1170x484.jpg","image-width":1170,"image-height":484,"gallery":"https:\/\/www.hilase.cz\/wp-content\/uploads\/SCH_5345-1-273x210.jpg","gallery-width":273,"gallery-height":210,"card":"https:\/\/www.hilase.cz\/wp-content\/uploads\/SCH_5345-1-740x390.jpg","card-width":740,"card-height":390,"square":"https:\/\/www.hilase.cz\/wp-content\/uploads\/SCH_5345-1-360x360.jpg","square-width":360,"square-height":360}},"odkaz":"https:\/\/www.hilase.cz\/en\/we-offer\/open-access\/research-infrastructure-for-open-access\/"},{"acf_fc_layout":"text","text":"<p>Since 2017, scientists can apply for Open Access beamtime at the HiLASE Centre. Beamtime is free of charge.<\/p>\n<p>Most of the beamtime was funded from <a href=\"https:\/\/www.laserlab-europe.eu\/\">Laserlab-Europe<\/a>, but the beamtime allocation was fulfilled and there will be no more beamtime funded from Laserlab-Europe from 2024.<\/p>\n<p>If you want to apply for beamtime at HiLASE, you have the following options:<\/p>\n<ol>\n<li><a href=\"https:\/\/lasers4.eu\/\"><strong>Lasers4EU<\/strong><\/a><\/li>\n<li><a href=\"https:\/\/remade-project.eu\/\"><strong>Re-MADE<\/strong><\/a><\/li>\n<li><a href=\"https:\/\/riana-project.eu\/\"><strong>RIANA<\/strong><\/a><\/li>\n<\/ol>\n","oddelovace":"none"},{"acf_fc_layout":"slider","slider":[{"nadpis":"Lasers4EU","zvyraznit_nadpis":false,"text":"The successor to Laserlab-Europe was launched in 2024. You can apply with any project utilizing lasers. The access call is continuous, so you can submit the proposal at any time and it will be evaluated several times per year. The only limitation of Lasers4EU is the Transnational Access policy, where the majority of the applicant\u2019s team must be from different country than the facility providing beamtime.<br \/>\r\n<br \/>\r\n<b>\u2022 Any project<br \/>\r\n\u2022 TNA<br \/>\r\n\u2022 Continuous call<\/b><br \/>\r\n","odkaz":"https:\/\/lasers4.eu\/","odkaz_text":"All information for Users can be found here.","obrazek":{"ID":31200,"id":31200,"title":"1","filename":"1-209.png","filesize":310691,"url":"https:\/\/www.hilase.cz\/wp-content\/uploads\/1-209.png","link":"https:\/\/www.hilase.cz\/en\/we-offer\/open-access-options\/1-217\/","alt":"","author":"10","description":"","caption":"","name":"1-217","status":"inherit","uploaded_to":31177,"date":"2024-04-10 12:36:38","modified":"2024-04-10 12:37:59","menu_order":0,"mime_type":"image\/png","type":"image","subtype":"png","icon":"https:\/\/www.hilase.cz\/wp-includes\/images\/media\/default.png","width":585,"height":299,"sizes":{"thumbnail":"https:\/\/www.hilase.cz\/wp-content\/uploads\/1-209-175x175.png","thumbnail-width":175,"thumbnail-height":175,"medium":"https:\/\/www.hilase.cz\/wp-content\/uploads\/1-209.png","medium-width":585,"medium-height":299,"medium_large":"https:\/\/www.hilase.cz\/wp-content\/uploads\/1-209.png","medium_large-width":585,"medium_large-height":299,"large":"https:\/\/www.hilase.cz\/wp-content\/uploads\/1-209.png","large-width":585,"large-height":299,"1536x1536":"https:\/\/www.hilase.cz\/wp-content\/uploads\/1-209.png","1536x1536-width":585,"1536x1536-height":299,"2048x2048":"https:\/\/www.hilase.cz\/wp-content\/uploads\/1-209.png","2048x2048-width":585,"2048x2048-height":299,"image":"https:\/\/www.hilase.cz\/wp-content\/uploads\/1-209.png","image-width":585,"image-height":299,"gallery":"https:\/\/www.hilase.cz\/wp-content\/uploads\/1-209-273x210.png","gallery-width":273,"gallery-height":210,"card":"https:\/\/www.hilase.cz\/wp-content\/uploads\/1-209.png","card-width":585,"card-height":299,"square":"https:\/\/www.hilase.cz\/wp-content\/uploads\/1-209-360x299.png","square-width":360,"square-height":299}}}]},{"acf_fc_layout":"slider","slider":[{"nadpis":"ReMade","zvyraznit_nadpis":false,"text":"Supports projects connected to circular economy. Circular economy is a model of production and consumption that focusses on designing products that are more durable, reusable, repairable and recyclable to extend their lifetime and reduce waste. <br \/>\r\nYou can submit a pre-proposal to receive feedback from <a href=\"https:\/\/remade-project.eu\/index.php\/user-access-guidelines\/science-support\/smart-science-cluster-support\/\">Smart Science Cluster<\/a> and enhance the full proposal that can be submitted several times per year. <a href=\"https:\/\/remade-project.eu\/index.php\/user-access-guidelines\/calls-schedule\/ \">See the calls schedule.<\/a> <br \/>\r\nThe limitations of Re-Made are the Transnational Access policy, where the majority of the applicant\u2019s team must be from different country than the facility providing beamtime, and it is required to select and utilize at least <a href=\"https:\/\/remade-project.eu\/index.php\/user-access-guidelines\/catalogue-of-techniques\/\">two techniques<\/a> in a single proposal.<br \/>\r\n<br \/>\r\n<b>\u2022 Circular economy project<br \/>\r\n\u2022 TNA<br \/>\r\n\u2022 Fixed deadline call<br \/>\r\n\u2022 At least 2 techniques <\/b>","odkaz":"https:\/\/remade-project.eu\/","odkaz_text":"All information for Users can be found here.","obrazek":{"ID":31215,"id":31215,"title":"slid_OA_2024 (1)","filename":"slid_OA_2024-1.png","filesize":125806,"url":"https:\/\/www.hilase.cz\/wp-content\/uploads\/slid_OA_2024-1.png","link":"https:\/\/www.hilase.cz\/en\/we-offer\/open-access-options\/slid_oa_2024-1\/","alt":"","author":"10","description":"","caption":"","name":"slid_oa_2024-1","status":"inherit","uploaded_to":31177,"date":"2024-04-10 12:52:41","modified":"2024-04-10 12:52:57","menu_order":0,"mime_type":"image\/png","type":"image","subtype":"png","icon":"https:\/\/www.hilase.cz\/wp-includes\/images\/media\/default.png","width":606,"height":543,"sizes":{"thumbnail":"https:\/\/www.hilase.cz\/wp-content\/uploads\/slid_OA_2024-1-175x175.png","thumbnail-width":175,"thumbnail-height":175,"medium":"https:\/\/www.hilase.cz\/wp-content\/uploads\/slid_OA_2024-1-600x538.png","medium-width":600,"medium-height":538,"medium_large":"https:\/\/www.hilase.cz\/wp-content\/uploads\/slid_OA_2024-1.png","medium_large-width":606,"medium_large-height":543,"large":"https:\/\/www.hilase.cz\/wp-content\/uploads\/slid_OA_2024-1.png","large-width":606,"large-height":543,"1536x1536":"https:\/\/www.hilase.cz\/wp-content\/uploads\/slid_OA_2024-1.png","1536x1536-width":606,"1536x1536-height":543,"2048x2048":"https:\/\/www.hilase.cz\/wp-content\/uploads\/slid_OA_2024-1.png","2048x2048-width":606,"2048x2048-height":543,"image":"https:\/\/www.hilase.cz\/wp-content\/uploads\/slid_OA_2024-1-606x484.png","image-width":606,"image-height":484,"gallery":"https:\/\/www.hilase.cz\/wp-content\/uploads\/slid_OA_2024-1-273x210.png","gallery-width":273,"gallery-height":210,"card":"https:\/\/www.hilase.cz\/wp-content\/uploads\/slid_OA_2024-1-606x390.png","card-width":606,"card-height":390,"square":"https:\/\/www.hilase.cz\/wp-content\/uploads\/slid_OA_2024-1-360x360.png","square-width":360,"square-height":360}}}]},{"acf_fc_layout":"slider","slider":[{"nadpis":"RIANA","zvyraznit_nadpis":false,"text":"Horizon Europe funded project that assists research in nanoscience and nanotechnology. <br \/>\r\nYou can submit a pre-proposal to receive feedback from Science Service and enhance the full proposal that can be submitted anytime. <a href=\"https:\/\/riana-project.eu\/how-to-apply\/\">Learn how to apply. <\/a> <br \/>\r\nThe limitations of RIANA are the Transnational Access policy, where the majority of the applicant\u2019s team must be from different country than the facility providing beamtime, and it is required to select and access at least two facilities in a single proposal.<br \/>\r\n<br \/>\r\n<b>\u2022 Nanoscience project<br \/>\r\n\u2022 TNA<br \/>\r\n\u2022 Continuous call<br \/>\r\n\u2022 At least 2 facilities<\/b><br \/>\r\n","odkaz":"https:\/\/riana-project.eu\/","odkaz_text":"All information for Users can be found here.","obrazek":{"ID":31210,"id":31210,"title":"2","filename":"2-194.png","filesize":124577,"url":"https:\/\/www.hilase.cz\/wp-content\/uploads\/2-194.png","link":"https:\/\/www.hilase.cz\/en\/we-offer\/open-access-options\/2-199\/","alt":"","author":"10","description":"","caption":"","name":"2-199","status":"inherit","uploaded_to":31177,"date":"2024-04-10 12:49:57","modified":"2024-04-10 12:50:25","menu_order":0,"mime_type":"image\/png","type":"image","subtype":"png","icon":"https:\/\/www.hilase.cz\/wp-includes\/images\/media\/default.png","width":606,"height":543,"sizes":{"thumbnail":"https:\/\/www.hilase.cz\/wp-content\/uploads\/2-194-175x175.png","thumbnail-width":175,"thumbnail-height":175,"medium":"https:\/\/www.hilase.cz\/wp-content\/uploads\/2-194-600x538.png","medium-width":600,"medium-height":538,"medium_large":"https:\/\/www.hilase.cz\/wp-content\/uploads\/2-194.png","medium_large-width":606,"medium_large-height":543,"large":"https:\/\/www.hilase.cz\/wp-content\/uploads\/2-194.png","large-width":606,"large-height":543,"1536x1536":"https:\/\/www.hilase.cz\/wp-content\/uploads\/2-194.png","1536x1536-width":606,"1536x1536-height":543,"2048x2048":"https:\/\/www.hilase.cz\/wp-content\/uploads\/2-194.png","2048x2048-width":606,"2048x2048-height":543,"image":"https:\/\/www.hilase.cz\/wp-content\/uploads\/2-194-606x484.png","image-width":606,"image-height":484,"gallery":"https:\/\/www.hilase.cz\/wp-content\/uploads\/2-194-273x210.png","gallery-width":273,"gallery-height":210,"card":"https:\/\/www.hilase.cz\/wp-content\/uploads\/2-194-606x390.png","card-width":606,"card-height":390,"square":"https:\/\/www.hilase.cz\/wp-content\/uploads\/2-194-360x360.png","square-width":360,"square-height":360}}}]},{"acf_fc_layout":"text","text":"","oddelovace":"bottom"}]},"yoast_head":"<!-- This site is optimized with the Yoast SEO plugin v23.9 - https:\/\/yoast.com\/wordpress\/plugins\/seo\/ -->\n<title>Open Access options - HiLASE<\/title>\n<meta name=\"robots\" content=\"index, follow, max-snippet:-1, max-image-preview:large, max-video-preview:-1\" \/>\n<link rel=\"canonical\" href=\"https:\/\/www.hilase.cz\/en\/we-offer\/open-access-options\/\" \/>\n<meta property=\"og:locale\" content=\"en_US\" \/>\n<meta property=\"og:type\" content=\"article\" \/>\n<meta property=\"og:title\" content=\"Open Access options - HiLASE\" \/>\n<meta property=\"og:url\" content=\"https:\/\/www.hilase.cz\/en\/we-offer\/open-access-options\/\" \/>\n<meta property=\"og:site_name\" content=\"HiLASE\" \/>\n<meta property=\"article:modified_time\" content=\"2025-02-18T10:45:15+00:00\" \/>\n<meta name=\"twitter:card\" content=\"summary_large_image\" \/>\n<script type=\"application\/ld+json\" class=\"yoast-schema-graph\">{\"@context\":\"https:\/\/schema.org\",\"@graph\":[{\"@type\":\"WebPage\",\"@id\":\"https:\/\/www.hilase.cz\/en\/we-offer\/open-access-options\/\",\"url\":\"https:\/\/www.hilase.cz\/en\/we-offer\/open-access-options\/\",\"name\":\"Open Access options - HiLASE\",\"isPartOf\":{\"@id\":\"https:\/\/www.hilase.cz\/#website\"},\"datePublished\":\"2024-04-08T12:57:38+00:00\",\"dateModified\":\"2025-02-18T10:45:15+00:00\",\"breadcrumb\":{\"@id\":\"https:\/\/www.hilase.cz\/en\/we-offer\/open-access-options\/#breadcrumb\"},\"inLanguage\":\"en-US\",\"potentialAction\":[{\"@type\":\"ReadAction\",\"target\":[\"https:\/\/www.hilase.cz\/en\/we-offer\/open-access-options\/\"]}]},{\"@type\":\"BreadcrumbList\",\"@id\":\"https:\/\/www.hilase.cz\/en\/we-offer\/open-access-options\/#breadcrumb\",\"itemListElement\":[{\"@type\":\"ListItem\",\"position\":1,\"name\":\"Dom\u016f\",\"item\":\"https:\/\/www.hilase.cz\/en\/\"},{\"@type\":\"ListItem\",\"position\":2,\"name\":\"We offer\",\"item\":\"https:\/\/www.hilase.cz\/en\/we-offer\/\"},{\"@type\":\"ListItem\",\"position\":3,\"name\":\"Open Access options\"}]},{\"@type\":\"WebSite\",\"@id\":\"https:\/\/www.hilase.cz\/#website\",\"url\":\"https:\/\/www.hilase.cz\/\",\"name\":\"HiLASE\",\"description\":\"Hi-tech laserov\u00e9 v\u00fdzkumn\u00e9 centrum\",\"potentialAction\":[{\"@type\":\"SearchAction\",\"target\":{\"@type\":\"EntryPoint\",\"urlTemplate\":\"https:\/\/www.hilase.cz\/?s={search_term_string}\"},\"query-input\":{\"@type\":\"PropertyValueSpecification\",\"valueRequired\":true,\"valueName\":\"search_term_string\"}}],\"inLanguage\":\"en-US\"}]}<\/script>\n<!-- \/ Yoast SEO plugin. -->","yoast_head_json":{"title":"Open Access options - HiLASE","robots":{"index":"index","follow":"follow","max-snippet":"max-snippet:-1","max-image-preview":"max-image-preview:large","max-video-preview":"max-video-preview:-1"},"canonical":"https:\/\/www.hilase.cz\/en\/we-offer\/open-access-options\/","og_locale":"en_US","og_type":"article","og_title":"Open Access options - HiLASE","og_url":"https:\/\/www.hilase.cz\/en\/we-offer\/open-access-options\/","og_site_name":"HiLASE","article_modified_time":"2025-02-18T10:45:15+00:00","twitter_card":"summary_large_image","schema":{"@context":"https:\/\/schema.org","@graph":[{"@type":"WebPage","@id":"https:\/\/www.hilase.cz\/en\/we-offer\/open-access-options\/","url":"https:\/\/www.hilase.cz\/en\/we-offer\/open-access-options\/","name":"Open Access options - HiLASE","isPartOf":{"@id":"https:\/\/www.hilase.cz\/#website"},"datePublished":"2024-04-08T12:57:38+00:00","dateModified":"2025-02-18T10:45:15+00:00","breadcrumb":{"@id":"https:\/\/www.hilase.cz\/en\/we-offer\/open-access-options\/#breadcrumb"},"inLanguage":"en-US","potentialAction":[{"@type":"ReadAction","target":["https:\/\/www.hilase.cz\/en\/we-offer\/open-access-options\/"]}]},{"@type":"BreadcrumbList","@id":"https:\/\/www.hilase.cz\/en\/we-offer\/open-access-options\/#breadcrumb","itemListElement":[{"@type":"ListItem","position":1,"name":"Dom\u016f","item":"https:\/\/www.hilase.cz\/en\/"},{"@type":"ListItem","position":2,"name":"We offer","item":"https:\/\/www.hilase.cz\/en\/we-offer\/"},{"@type":"ListItem","position":3,"name":"Open Access options"}]},{"@type":"WebSite","@id":"https:\/\/www.hilase.cz\/#website","url":"https:\/\/www.hilase.cz\/","name":"HiLASE","description":"Hi-tech laserov\u00e9 v\u00fdzkumn\u00e9 centrum","potentialAction":[{"@type":"SearchAction","target":{"@type":"EntryPoint","urlTemplate":"https:\/\/www.hilase.cz\/?s={search_term_string}"},"query-input":{"@type":"PropertyValueSpecification","valueRequired":true,"valueName":"search_term_string"}}],"inLanguage":"en-US"}]}},"_links":{"self":[{"href":"https:\/\/www.hilase.cz\/en\/wp-json\/wp\/v2\/pages\/31177","targetHints":{"allow":["GET"]}}],"collection":[{"href":"https:\/\/www.hilase.cz\/en\/wp-json\/wp\/v2\/pages"}],"about":[{"href":"https:\/\/www.hilase.cz\/en\/wp-json\/wp\/v2\/types\/page"}],"author":[{"embeddable":true,"href":"https:\/\/www.hilase.cz\/en\/wp-json\/wp\/v2\/users\/10"}],"replies":[{"embeddable":true,"href":"https:\/\/www.hilase.cz\/en\/wp-json\/wp\/v2\/comments?post=31177"}],"version-history":[{"count":25,"href":"https:\/\/www.hilase.cz\/en\/wp-json\/wp\/v2\/pages\/31177\/revisions"}],"predecessor-version":[{"id":34597,"href":"https:\/\/www.hilase.cz\/en\/wp-json\/wp\/v2\/pages\/31177\/revisions\/34597"}],"up":[{"embeddable":true,"href":"https:\/\/www.hilase.cz\/en\/wp-json\/wp\/v2\/pages\/810"}],"wp:attachment":[{"href":"https:\/\/www.hilase.cz\/en\/wp-json\/wp\/v2\/media?parent=31177"}],"curies":[{"name":"wp","href":"https:\/\/api.w.org\/{rel}","templated":true}]}}