{"id":33505,"date":"2024-10-30T15:05:15","date_gmt":"2024-10-30T14:05:15","guid":{"rendered":"https:\/\/www.hilase.cz\/?page_id=33505"},"modified":"2026-01-30T14:27:07","modified_gmt":"2026-01-30T13:27:07","slug":"lstc-laser-mechanics-level-2","status":"publish","type":"page","link":"https:\/\/www.hilase.cz\/en\/lstc-laser-mechanics-level-2\/","title":{"rendered":"LTC | Laser mechanics: Level 2"},"content":{"rendered":"","protected":false},"excerpt":{"rendered":"","protected":false},"author":15,"featured_media":0,"parent":0,"menu_order":0,"comment_status":"closed","ping_status":"closed","template":"","meta":{"_acf_changed":false,"_monsterinsights_skip_tracking":false,"_monsterinsights_sitenote_active":false,"_monsterinsights_sitenote_note":"","_monsterinsights_sitenote_category":0,"footnotes":""},"class_list":["post-33505","page","type-page","status-publish","hentry"],"acf":{"obsah":[{"acf_fc_layout":"text","text":"<p><a href=\"https:\/\/lstc.cz\/\"><img loading=\"lazy\" decoding=\"async\" class=\"aligncenter\" src=\"https:\/\/www.hilase.cz\/wp-content\/uploads\/hilase_logo_LTC_jednoradkove_RGB_COLOUR.png\" alt=\"lstc\" width=\"332\" height=\"115\" \/><\/a><\/p>\n","oddelovace":"none"},{"acf_fc_layout":"akce","datum":"24 March 2026","misto":"HiLASE Centre","cena":"12 300,- CZK excl. VAT \/ person","uroven":"Pokro\u010dil\u00fd","delka_kurzu":"1 day","jazyk":"CZ"},{"acf_fc_layout":"text","text":"<div style=\"text-align: center;\"><!-- [if mso]>\n<v:roundrect xmlns:v=\"urn:schemas-microsoft-com:vml\" xmlns:w=\"urn:schemas-microsoft-com:office:word\"https:\/\/www.hilase.cz\/registrace-ltc-laserova-mechanika-brezen2026\/\" style=\"height:40px;v-text-anchor:middle;width:150px;\" arcsize=\"13%\" strokecolor=\"#ffffff\" fillcolor=\"#f6201e\">\n<w:anchorlock\/>\n<center style=\"color:#ffffff;font-family:sans-serif;font-size:16px;font-weight:bold;\">REGISTRACE<\/center>\n<\/v:roundrect>\n<![endif]--><a style=\"background-color: #f6201e; border: 1px solid #ffffff; border-radius: 5px; color: #ffffff; display: inline-block; font-family: sans-serif; font-size: 16px; font-weight: bold; line-height: 40px; text-align: center; text-decoration: none; width: 150px; -webkit-text-size-adjust: none; mso-hide: all;\" href=\"https:\/\/www.hilase.cz\/registrace-ltc-laserova-mechanika-brezen2026\/\">SIGN UP<\/a><\/div>\n<p>&nbsp;<\/p>\n<p><strong>ANNOTATION<br \/>\n<\/strong><\/p>\n<p data-start=\"0\" data-end=\"389\"><strong data-start=\"0\" data-end=\"46\">Advanced Course: Laser Mechanics (Level 2)<\/strong>\u00a0is designed for designers, technicians, and developers who already have a solid foundation in mechanics and want to move on to more advanced design tasks and opto-mechanics. The course integrates precision mechanics, opto-mechanical assembly design, vacuum compatibility, thermal management, and modern approaches to numerical analysis (FEM).<\/p>\n<p data-start=\"391\" data-end=\"620\">Participants will gain deeper insight into the design principles of laser systems, learn how to apply both analytical and numerical methods, and have the opportunity to discuss their own designs with industry-experienced experts.<\/p>\n<p data-start=\"622\" data-end=\"685\">The course is led by three lecturers specializing in key areas:<\/p>\n<ul>\n<li data-start=\"688\" data-end=\"754\"><strong data-start=\"688\" data-end=\"710\">Karolina Mac\u00fachov\u00e1<\/strong>\u00a0\u2013 opto-mechanics and vacuum compatibility<\/li>\n<li data-start=\"757\" data-end=\"820\"><strong data-start=\"757\" data-end=\"773\">Jan He\u0159m\u00e1nek<\/strong>\u00a0\u2013 design calculations and engineering design<\/li>\n<li data-start=\"823\" data-end=\"888\"><strong data-start=\"823\" data-end=\"838\">Tom\u00e1\u0161 Tich\u00fd<\/strong>\u00a0\u2013 FEM analysis, thermal management, and cooling<\/li>\n<\/ul>\n<p><strong><span class=\"txt-danger\">COURSE DETAIL<\/span><\/strong><\/p>\n<p data-start=\"98\" data-end=\"108\"><strong data-start=\"98\" data-end=\"108\">Blocks<\/strong><\/p>\n<ul>\n<li data-start=\"111\" data-end=\"152\">Opto-mechanics and vacuum compatibility<\/li>\n<li data-start=\"155\" data-end=\"199\">Design calculations and engineering design<\/li>\n<li data-start=\"202\" data-end=\"249\">FEM analysis, thermal management, and cooling<\/li>\n<\/ul>\n<p data-start=\"251\" data-end=\"261\"><strong data-start=\"251\" data-end=\"261\">Topics<\/strong><\/p>\n<ul>\n<li data-start=\"264\" data-end=\"289\">Opto-mechanical systems<\/li>\n<li data-start=\"292\" data-end=\"313\">Design calculations<\/li>\n<li data-start=\"316\" data-end=\"355\">Laboratory demonstrations and cooling<\/li>\n<li data-start=\"358\" data-end=\"389\">Materials for laser mechanics<\/li>\n<li data-start=\"392\" data-end=\"397\">FEM<\/li>\n<\/ul>\n<p><span class=\"txt-primary\"><strong>Participants will also have the opportunity to discuss design ideas from their practice.<\/strong><\/span><\/p>\n<p><strong>What will you learn?<\/strong><\/p>\n<ul>\n<li data-start=\"27\" data-end=\"78\">Advanced principles of precision mechanics design<\/li>\n<li data-start=\"81\" data-end=\"145\">Instrument mounting and mitigation of environmental influences<\/li>\n<li data-start=\"148\" data-end=\"184\">Design of custom vacuum components<\/li>\n<li data-start=\"187\" data-end=\"232\">Design of equipment for vacuum environments<\/li>\n<li data-start=\"235\" data-end=\"285\">Practical design procedures and typical pitfalls<\/li>\n<li data-start=\"288\" data-end=\"336\">Examples of calculations and design strategies<\/li>\n<li data-start=\"339\" data-end=\"398\">Enclosure design and suppression of parasitic reflections<\/li>\n<li data-start=\"401\" data-end=\"466\">Principles of heat transfer &#8211; conduction, convection, radiation<\/li>\n<li data-start=\"469\" data-end=\"530\">Heatsink design by calculation with experimental validation<\/li>\n<li data-start=\"533\" data-end=\"586\">Principles of FEM analysis and live FEM model build<\/li>\n<li data-start=\"589\" data-end=\"674\">Defining material parameters, setting boundary conditions, and interpreting results<\/li>\n<\/ul>\n<p data-start=\"676\" data-end=\"737\"><strong data-start=\"676\" data-end=\"695\">Course duration<\/strong><br data-start=\"695\" data-end=\"698\" \/>7.5 hours total &#8211; 6 hours of lectures<\/p>\n<p data-start=\"739\" data-end=\"767\"><strong data-start=\"739\" data-end=\"767\">Expected entry knowledge<\/strong><\/p>\n<ul>\n<li data-start=\"771\" data-end=\"834\">Secondary school or university education in a technical field<\/li>\n<li data-start=\"837\" data-end=\"884\">Basic orientation in opto-mechanics (Level 1)<\/li>\n<li data-start=\"887\" data-end=\"937\">Fundamental knowledge of physics and mathematics<\/li>\n<\/ul>\n<p data-start=\"939\" data-end=\"954\"><strong data-start=\"939\" data-end=\"954\">Methodology<\/strong><\/p>\n<ul>\n<li data-start=\"958\" data-end=\"986\">Lectures and presentations<\/li>\n<li data-start=\"989\" data-end=\"1029\">Practical demonstrations using samples<\/li>\n<li data-start=\"1032\" data-end=\"1080\">Laboratory exercises focused on opto-mechanics<\/li>\n<li data-start=\"1083\" data-end=\"1119\">VR demonstration of a laser system<\/li>\n<li data-start=\"1122\" data-end=\"1177\">Moderated discussion of participants\u2019 design concepts<\/li>\n<li data-start=\"1180\" data-end=\"1217\">Hands-on measurements on a heatsink<\/li>\n<li data-start=\"1220\" data-end=\"1240\">Live FEM modelling<\/li>\n<\/ul>\n","oddelovace":"none"}]},"yoast_head":"<!-- This site is optimized with the Yoast SEO plugin v23.9 - https:\/\/yoast.com\/wordpress\/plugins\/seo\/ -->\n<title>LTC | Laser mechanics: Level 2 - HiLASE<\/title>\n<meta name=\"robots\" content=\"index, follow, max-snippet:-1, max-image-preview:large, max-video-preview:-1\" \/>\n<link rel=\"canonical\" href=\"https:\/\/www.hilase.cz\/en\/lstc-laser-mechanics-level-2\/\" \/>\n<meta property=\"og:locale\" content=\"en_US\" \/>\n<meta property=\"og:type\" content=\"article\" \/>\n<meta property=\"og:title\" content=\"LTC | Laser mechanics: Level 2 - HiLASE\" \/>\n<meta property=\"og:url\" content=\"https:\/\/www.hilase.cz\/en\/lstc-laser-mechanics-level-2\/\" \/>\n<meta property=\"og:site_name\" content=\"HiLASE\" \/>\n<meta property=\"article:modified_time\" content=\"2026-01-30T13:27:07+00:00\" \/>\n<meta name=\"twitter:card\" content=\"summary_large_image\" \/>\n<script type=\"application\/ld+json\" class=\"yoast-schema-graph\">{\"@context\":\"https:\/\/schema.org\",\"@graph\":[{\"@type\":\"WebPage\",\"@id\":\"https:\/\/www.hilase.cz\/en\/lstc-laser-mechanics-level-2\/\",\"url\":\"https:\/\/www.hilase.cz\/en\/lstc-laser-mechanics-level-2\/\",\"name\":\"LTC | Laser mechanics: Level 2 - HiLASE\",\"isPartOf\":{\"@id\":\"https:\/\/www.hilase.cz\/#website\"},\"datePublished\":\"2024-10-30T14:05:15+00:00\",\"dateModified\":\"2026-01-30T13:27:07+00:00\",\"breadcrumb\":{\"@id\":\"https:\/\/www.hilase.cz\/en\/lstc-laser-mechanics-level-2\/#breadcrumb\"},\"inLanguage\":\"en-US\",\"potentialAction\":[{\"@type\":\"ReadAction\",\"target\":[\"https:\/\/www.hilase.cz\/en\/lstc-laser-mechanics-level-2\/\"]}]},{\"@type\":\"BreadcrumbList\",\"@id\":\"https:\/\/www.hilase.cz\/en\/lstc-laser-mechanics-level-2\/#breadcrumb\",\"itemListElement\":[{\"@type\":\"ListItem\",\"position\":1,\"name\":\"Dom\u016f\",\"item\":\"https:\/\/www.hilase.cz\/en\/\"},{\"@type\":\"ListItem\",\"position\":2,\"name\":\"LTC | Laser mechanics: Level 2\"}]},{\"@type\":\"WebSite\",\"@id\":\"https:\/\/www.hilase.cz\/#website\",\"url\":\"https:\/\/www.hilase.cz\/\",\"name\":\"HiLASE\",\"description\":\"Hi-tech laserov\u00e9 v\u00fdzkumn\u00e9 centrum\",\"potentialAction\":[{\"@type\":\"SearchAction\",\"target\":{\"@type\":\"EntryPoint\",\"urlTemplate\":\"https:\/\/www.hilase.cz\/?s={search_term_string}\"},\"query-input\":{\"@type\":\"PropertyValueSpecification\",\"valueRequired\":true,\"valueName\":\"search_term_string\"}}],\"inLanguage\":\"en-US\"}]}<\/script>\n<!-- \/ Yoast SEO plugin. -->","yoast_head_json":{"title":"LTC | Laser mechanics: Level 2 - HiLASE","robots":{"index":"index","follow":"follow","max-snippet":"max-snippet:-1","max-image-preview":"max-image-preview:large","max-video-preview":"max-video-preview:-1"},"canonical":"https:\/\/www.hilase.cz\/en\/lstc-laser-mechanics-level-2\/","og_locale":"en_US","og_type":"article","og_title":"LTC | Laser mechanics: Level 2 - HiLASE","og_url":"https:\/\/www.hilase.cz\/en\/lstc-laser-mechanics-level-2\/","og_site_name":"HiLASE","article_modified_time":"2026-01-30T13:27:07+00:00","twitter_card":"summary_large_image","schema":{"@context":"https:\/\/schema.org","@graph":[{"@type":"WebPage","@id":"https:\/\/www.hilase.cz\/en\/lstc-laser-mechanics-level-2\/","url":"https:\/\/www.hilase.cz\/en\/lstc-laser-mechanics-level-2\/","name":"LTC | Laser mechanics: Level 2 - HiLASE","isPartOf":{"@id":"https:\/\/www.hilase.cz\/#website"},"datePublished":"2024-10-30T14:05:15+00:00","dateModified":"2026-01-30T13:27:07+00:00","breadcrumb":{"@id":"https:\/\/www.hilase.cz\/en\/lstc-laser-mechanics-level-2\/#breadcrumb"},"inLanguage":"en-US","potentialAction":[{"@type":"ReadAction","target":["https:\/\/www.hilase.cz\/en\/lstc-laser-mechanics-level-2\/"]}]},{"@type":"BreadcrumbList","@id":"https:\/\/www.hilase.cz\/en\/lstc-laser-mechanics-level-2\/#breadcrumb","itemListElement":[{"@type":"ListItem","position":1,"name":"Dom\u016f","item":"https:\/\/www.hilase.cz\/en\/"},{"@type":"ListItem","position":2,"name":"LTC | Laser mechanics: Level 2"}]},{"@type":"WebSite","@id":"https:\/\/www.hilase.cz\/#website","url":"https:\/\/www.hilase.cz\/","name":"HiLASE","description":"Hi-tech laserov\u00e9 v\u00fdzkumn\u00e9 centrum","potentialAction":[{"@type":"SearchAction","target":{"@type":"EntryPoint","urlTemplate":"https:\/\/www.hilase.cz\/?s={search_term_string}"},"query-input":{"@type":"PropertyValueSpecification","valueRequired":true,"valueName":"search_term_string"}}],"inLanguage":"en-US"}]}},"_links":{"self":[{"href":"https:\/\/www.hilase.cz\/en\/wp-json\/wp\/v2\/pages\/33505","targetHints":{"allow":["GET"]}}],"collection":[{"href":"https:\/\/www.hilase.cz\/en\/wp-json\/wp\/v2\/pages"}],"about":[{"href":"https:\/\/www.hilase.cz\/en\/wp-json\/wp\/v2\/types\/page"}],"author":[{"embeddable":true,"href":"https:\/\/www.hilase.cz\/en\/wp-json\/wp\/v2\/users\/15"}],"replies":[{"embeddable":true,"href":"https:\/\/www.hilase.cz\/en\/wp-json\/wp\/v2\/comments?post=33505"}],"version-history":[{"count":15,"href":"https:\/\/www.hilase.cz\/en\/wp-json\/wp\/v2\/pages\/33505\/revisions"}],"predecessor-version":[{"id":38424,"href":"https:\/\/www.hilase.cz\/en\/wp-json\/wp\/v2\/pages\/33505\/revisions\/38424"}],"wp:attachment":[{"href":"https:\/\/www.hilase.cz\/en\/wp-json\/wp\/v2\/media?parent=33505"}],"curies":[{"name":"wp","href":"https:\/\/api.w.org\/{rel}","templated":true}]}}