{"id":38188,"date":"2026-01-09T14:09:58","date_gmt":"2026-01-09T13:09:58","guid":{"rendered":"https:\/\/www.hilase.cz\/?page_id=38188"},"modified":"2026-03-18T16:27:47","modified_gmt":"2026-03-18T15:27:47","slug":"ltc-laser-interlock","status":"publish","type":"page","link":"https:\/\/www.hilase.cz\/en\/ltc-laser-interlock\/","title":{"rendered":"LTC | Laser Interlock"},"content":{"rendered":"","protected":false},"excerpt":{"rendered":"","protected":false},"author":10,"featured_media":0,"parent":0,"menu_order":0,"comment_status":"closed","ping_status":"closed","template":"","meta":{"_acf_changed":false,"_monsterinsights_skip_tracking":false,"_monsterinsights_sitenote_active":false,"_monsterinsights_sitenote_note":"","_monsterinsights_sitenote_category":0,"footnotes":""},"class_list":["post-38188","page","type-page","status-publish","hentry"],"acf":{"obsah":[{"acf_fc_layout":"text","text":"<p><a href=\"https:\/\/lstc.cz\/\"><img loading=\"lazy\" decoding=\"async\" class=\"aligncenter\" src=\"https:\/\/www.hilase.cz\/wp-content\/uploads\/hilase_logo_LTC_jednoradkove_RGB_COLOUR.png\" alt=\"lstc\" width=\"332\" height=\"115\" \/><\/a><\/p>\n","oddelovace":"none"},{"acf_fc_layout":"akce","datum":"September 9, 2026","misto":"HiLASE Centre","cena":"12,287 CZK excl. VAT \/ person","uroven":"Z\u00e1kladn\u00ed","delka_kurzu":"1 day","jazyk":"CZ"},{"acf_fc_layout":"text","text":"<div style=\"text-align: center;\"><!-- [if mso]>\n<v:roundrect xmlns:v=\"urn:schemas-microsoft-com:vml\" xmlns:w=\"urn:schemas-microsoft-com:office:word\"https:\/\/www.hilase.cz\/registrace-ltc-laserovy-interlock-zari2026\/\" style=\"height:40px;v-text-anchor:middle;width:150px;\" arcsize=\"13%\" strokecolor=\"#ffffff\" fillcolor=\"#f6201e\">\n<w:anchorlock\/>\n<center style=\"color:#ffffff;font-family:sans-serif;font-size:16px;font-weight:bold;\">SIGN UP<\/center>\n<\/v:roundrect>\n<![endif]--><a style=\"background-color: #f6201e; border: 1px solid #ffffff; border-radius: 5px; color: #ffffff; display: inline-block; font-family: sans-serif; font-size: 16px; font-weight: bold; line-height: 40px; text-align: center; text-decoration: none; width: 150px; -webkit-text-size-adjust: none; mso-hide: all;\" href=\"https:\/\/www.hilase.cz\/registrace-ltc-laserovy-interlock-brezen2026\">SIGN UP\u00a0<\/a><\/div>\n<div><\/div>\n<div>\n<p data-start=\"188\" data-end=\"201\"><strong>ANNOTATION<\/strong><\/p>\n<p data-start=\"203\" data-end=\"610\">The aim of the <strong data-start=\"218\" data-end=\"237\">Laser Interlock<\/strong> course is to introduce participants to the technical, practical, and regulatory aspects of designing and implementing safety systems for laser installations in both research and industrial applications. The course covers fundamental principles as well as hands-on examples of laser interlock implementation in accordance with <strong data-start=\"564\" data-end=\"582\">\u010cSN EN 60825-1<\/strong> and <strong data-start=\"587\" data-end=\"609\">\u010cSN EN ISO 13849-1<\/strong>.<\/p>\n<p data-start=\"612\" data-end=\"879\">The course is primarily intended for technical staff, designers, and professionals responsible for the safety of laser systems and workplaces, as well as system integrators and other specialists involved in the design, implementation, or operation of laser equipment.<\/p>\n<p data-start=\"886\" data-end=\"903\"><span style=\"color: #ff0000;\"><strong>COURSE DETAILS<\/strong><\/span><\/p>\n<p data-start=\"905\" data-end=\"929\"><strong>What you will learn:<\/strong><\/p>\n<ul>\n<li data-start=\"932\" data-end=\"993\">Gain an overview of the standards required for laser safety<\/li>\n<li data-start=\"996\" data-end=\"1051\">Consider laser-related hazards during risk assessment<\/li>\n<li data-start=\"1054\" data-end=\"1133\">Understand the basic concepts of interlock systems and apply them in practice<\/li>\n<li data-start=\"1136\" data-end=\"1184\">Become familiar with essential safety hardware<\/li>\n<li data-start=\"1187\" data-end=\"1280\">Learn how to achieve the required Performance Level according to \u010cSN EN ISO 13849-1<\/li>\n<li data-start=\"1283\" data-end=\"1364\">Design all necessary interlock elements based on laser classification, including:\n<ul>\n<li data-start=\"1283\" data-end=\"1364\">Proper use of interlock connectors<\/li>\n<li data-start=\"1283\" data-end=\"1364\">When to apply manual reset<\/li>\n<li data-start=\"1283\" data-end=\"1364\">How and when to integrate laser radiation warning systems<\/li>\n<li data-start=\"1283\" data-end=\"1364\">How to address intentional bypassing of interlock systems<\/li>\n<\/ul>\n<\/li>\n<\/ul>\n<p data-start=\"1573\" data-end=\"1590\"><span style=\"color: #ff0000;\"><strong>COURSE OUTLINE<\/strong><\/span><\/p>\n<ul>\n<li data-start=\"1593\" data-end=\"1629\">Overview of laser safety standards<\/li>\n<li data-start=\"1632\" data-end=\"1654\">Laser classification<\/li>\n<li data-start=\"1657\" data-end=\"1690\">Laser-related hazards and risks<\/li>\n<li data-start=\"1693\" data-end=\"1768\">Definitions and technical safety measures according to <strong data-start=\"1748\" data-end=\"1766\">\u010cSN EN 60825-1<\/strong><\/li>\n<li data-start=\"1771\" data-end=\"1830\">Laser protective housings according to <strong data-start=\"1810\" data-end=\"1828\">\u010cSN EN 60825-4<\/strong><\/li>\n<li>Interlock system design<\/li>\n<li>Examples of safety hardware applications and wiring<\/li>\n<li>Safety PLC and implementation examples<\/li>\n<li>Guided tour of laboratories<\/li>\n<\/ul>\n<\/div>\n","oddelovace":"none"}]},"yoast_head":"<!-- This site is optimized with the Yoast SEO plugin v23.9 - https:\/\/yoast.com\/wordpress\/plugins\/seo\/ -->\n<title>LTC | Laser Interlock - HiLASE<\/title>\n<meta name=\"robots\" content=\"index, follow, max-snippet:-1, max-image-preview:large, max-video-preview:-1\" \/>\n<link rel=\"canonical\" href=\"https:\/\/www.hilase.cz\/en\/ltc-laser-interlock\/\" \/>\n<meta property=\"og:locale\" content=\"en_US\" \/>\n<meta property=\"og:type\" content=\"article\" \/>\n<meta property=\"og:title\" content=\"LTC | Laser Interlock - HiLASE\" \/>\n<meta property=\"og:url\" content=\"https:\/\/www.hilase.cz\/en\/ltc-laser-interlock\/\" \/>\n<meta property=\"og:site_name\" content=\"HiLASE\" \/>\n<meta property=\"article:modified_time\" content=\"2026-03-18T15:27:47+00:00\" \/>\n<meta name=\"twitter:card\" content=\"summary_large_image\" \/>\n<script type=\"application\/ld+json\" class=\"yoast-schema-graph\">{\"@context\":\"https:\/\/schema.org\",\"@graph\":[{\"@type\":\"WebPage\",\"@id\":\"https:\/\/www.hilase.cz\/en\/ltc-laser-interlock\/\",\"url\":\"https:\/\/www.hilase.cz\/en\/ltc-laser-interlock\/\",\"name\":\"LTC | Laser Interlock - HiLASE\",\"isPartOf\":{\"@id\":\"https:\/\/www.hilase.cz\/#website\"},\"datePublished\":\"2026-01-09T13:09:58+00:00\",\"dateModified\":\"2026-03-18T15:27:47+00:00\",\"breadcrumb\":{\"@id\":\"https:\/\/www.hilase.cz\/en\/ltc-laser-interlock\/#breadcrumb\"},\"inLanguage\":\"en-US\",\"potentialAction\":[{\"@type\":\"ReadAction\",\"target\":[\"https:\/\/www.hilase.cz\/en\/ltc-laser-interlock\/\"]}]},{\"@type\":\"BreadcrumbList\",\"@id\":\"https:\/\/www.hilase.cz\/en\/ltc-laser-interlock\/#breadcrumb\",\"itemListElement\":[{\"@type\":\"ListItem\",\"position\":1,\"name\":\"Dom\u016f\",\"item\":\"https:\/\/www.hilase.cz\/en\/\"},{\"@type\":\"ListItem\",\"position\":2,\"name\":\"LTC | Laser Interlock\"}]},{\"@type\":\"WebSite\",\"@id\":\"https:\/\/www.hilase.cz\/#website\",\"url\":\"https:\/\/www.hilase.cz\/\",\"name\":\"HiLASE\",\"description\":\"Hi-tech laserov\u00e9 v\u00fdzkumn\u00e9 centrum\",\"potentialAction\":[{\"@type\":\"SearchAction\",\"target\":{\"@type\":\"EntryPoint\",\"urlTemplate\":\"https:\/\/www.hilase.cz\/?s={search_term_string}\"},\"query-input\":{\"@type\":\"PropertyValueSpecification\",\"valueRequired\":true,\"valueName\":\"search_term_string\"}}],\"inLanguage\":\"en-US\"}]}<\/script>\n<!-- \/ Yoast SEO plugin. -->","yoast_head_json":{"title":"LTC | Laser Interlock - HiLASE","robots":{"index":"index","follow":"follow","max-snippet":"max-snippet:-1","max-image-preview":"max-image-preview:large","max-video-preview":"max-video-preview:-1"},"canonical":"https:\/\/www.hilase.cz\/en\/ltc-laser-interlock\/","og_locale":"en_US","og_type":"article","og_title":"LTC | Laser Interlock - HiLASE","og_url":"https:\/\/www.hilase.cz\/en\/ltc-laser-interlock\/","og_site_name":"HiLASE","article_modified_time":"2026-03-18T15:27:47+00:00","twitter_card":"summary_large_image","schema":{"@context":"https:\/\/schema.org","@graph":[{"@type":"WebPage","@id":"https:\/\/www.hilase.cz\/en\/ltc-laser-interlock\/","url":"https:\/\/www.hilase.cz\/en\/ltc-laser-interlock\/","name":"LTC | Laser Interlock - HiLASE","isPartOf":{"@id":"https:\/\/www.hilase.cz\/#website"},"datePublished":"2026-01-09T13:09:58+00:00","dateModified":"2026-03-18T15:27:47+00:00","breadcrumb":{"@id":"https:\/\/www.hilase.cz\/en\/ltc-laser-interlock\/#breadcrumb"},"inLanguage":"en-US","potentialAction":[{"@type":"ReadAction","target":["https:\/\/www.hilase.cz\/en\/ltc-laser-interlock\/"]}]},{"@type":"BreadcrumbList","@id":"https:\/\/www.hilase.cz\/en\/ltc-laser-interlock\/#breadcrumb","itemListElement":[{"@type":"ListItem","position":1,"name":"Dom\u016f","item":"https:\/\/www.hilase.cz\/en\/"},{"@type":"ListItem","position":2,"name":"LTC | Laser Interlock"}]},{"@type":"WebSite","@id":"https:\/\/www.hilase.cz\/#website","url":"https:\/\/www.hilase.cz\/","name":"HiLASE","description":"Hi-tech laserov\u00e9 v\u00fdzkumn\u00e9 centrum","potentialAction":[{"@type":"SearchAction","target":{"@type":"EntryPoint","urlTemplate":"https:\/\/www.hilase.cz\/?s={search_term_string}"},"query-input":{"@type":"PropertyValueSpecification","valueRequired":true,"valueName":"search_term_string"}}],"inLanguage":"en-US"}]}},"_links":{"self":[{"href":"https:\/\/www.hilase.cz\/en\/wp-json\/wp\/v2\/pages\/38188","targetHints":{"allow":["GET"]}}],"collection":[{"href":"https:\/\/www.hilase.cz\/en\/wp-json\/wp\/v2\/pages"}],"about":[{"href":"https:\/\/www.hilase.cz\/en\/wp-json\/wp\/v2\/types\/page"}],"author":[{"embeddable":true,"href":"https:\/\/www.hilase.cz\/en\/wp-json\/wp\/v2\/users\/10"}],"replies":[{"embeddable":true,"href":"https:\/\/www.hilase.cz\/en\/wp-json\/wp\/v2\/comments?post=38188"}],"version-history":[{"count":9,"href":"https:\/\/www.hilase.cz\/en\/wp-json\/wp\/v2\/pages\/38188\/revisions"}],"predecessor-version":[{"id":38621,"href":"https:\/\/www.hilase.cz\/en\/wp-json\/wp\/v2\/pages\/38188\/revisions\/38621"}],"wp:attachment":[{"href":"https:\/\/www.hilase.cz\/en\/wp-json\/wp\/v2\/media?parent=38188"}],"curies":[{"name":"wp","href":"https:\/\/api.w.org\/{rel}","templated":true}]}}