{"id":38668,"date":"2026-04-07T08:51:24","date_gmt":"2026-04-07T06:51:24","guid":{"rendered":"https:\/\/www.hilase.cz\/?page_id=38668"},"modified":"2026-04-07T08:51:24","modified_gmt":"2026-04-07T06:51:24","slug":"laser-fundamentals","status":"publish","type":"page","link":"https:\/\/www.hilase.cz\/en\/laser-fundamentals\/","title":{"rendered":"Laser Fundamentals"},"content":{"rendered":"","protected":false},"excerpt":{"rendered":"","protected":false},"author":10,"featured_media":0,"parent":0,"menu_order":0,"comment_status":"closed","ping_status":"closed","template":"","meta":{"_acf_changed":false,"_monsterinsights_skip_tracking":false,"_monsterinsights_sitenote_active":false,"_monsterinsights_sitenote_note":"","_monsterinsights_sitenote_category":0,"footnotes":""},"class_list":["post-38668","page","type-page","status-publish","hentry"],"acf":{"obsah":[{"acf_fc_layout":"text","text":"<p><a href=\"https:\/\/lstc.cz\/\"><img loading=\"lazy\" decoding=\"async\" class=\"aligncenter\" src=\"https:\/\/www.hilase.cz\/wp-content\/uploads\/hilase_logo_LTC_jednoradkove_RGB_COLOUR.png\" alt=\"lstc\" width=\"332\" height=\"115\" \/><\/a><\/p>\n","oddelovace":"none"},{"acf_fc_layout":"akce","datum":"May 20, 2026","misto":"HiLASE","cena":"6 825 CZK  excl. VAT \/ person","uroven":"Z\u00e1kladn\u00ed","delka_kurzu":"","jazyk":"CZ"},{"acf_fc_layout":"text","text":"<div style=\"text-align: center;\"><!-- [if mso]>\n<v:roundrect xmlns:v=\"urn:schemas-microsoft-com:vml\" xmlns:w=\"urn:schemas-microsoft-com:office:word\"https:\/\/www.hilase.cz\/registrace-ltc-zaklady-laseru-2026\/\" style=\"height:40px;v-text-anchor:middle;width:150px;\" arcsize=\"13%\" strokecolor=\"#ffffff\" fillcolor=\"#f6201e\">\n<w:anchorlock\/>\n<center style=\"color:#ffffff;font-family:sans-serif;font-size:16px;font-weight:bold;\">SIGN UP<\/center>\n<\/v:roundrect>\n<![endif]--><a style=\"background-color: #f6201e; border: 1px solid #ffffff; border-radius: 5px; color: #ffffff; display: inline-block; font-family: sans-serif; font-size: 16px; font-weight: bold; line-height: 40px; text-align: center; text-decoration: none; width: 150px; -webkit-text-size-adjust: none; mso-hide: all;\" href=\"https:\/\/www.hilase.cz\/registrace-ltc-zaklady-laseru-2026\/\">SIGN UP\u00a0<\/a><\/div>\n<div><\/div>\n<div><\/div>\n<div>\n<p data-start=\"188\" data-end=\"201\"><strong>ANNOTATION<br \/>\n<\/strong>A laser is not just a tool &#8211; it is a system where every parameter matters. This course guides you through the fundamental principles of laser operation, key components, and practical applications across industry, medicine, and research.<\/p>\n<p data-start=\"337\" data-end=\"572\">You will gain a solid foundation in laser physics, understand the differences between various laser types, and learn how to navigate parameters that significantly influence laser performance and suitability for specific applications.<\/p>\n<p data-start=\"574\" data-end=\"734\">The course combines essential theory with practical context and includes a visit to a laser laboratory, where key principles are demonstrated in real operation.<\/p>\n<p data-start=\"886\" data-end=\"903\"><span style=\"color: #ff0000;\"><strong>COURSE DETAILS<br \/>\n<\/strong><\/span>This course focuses on understanding the core principles of laser technologies &#8211; from the physical fundamentals of laser radiation generation to their practical use in various fields.<\/p>\n<p data-start=\"948\" data-end=\"1247\">Participants will become familiar with the structure of laser systems, their key components, and the parameters that affect performance, stability, and applicability. Emphasis is placed on clear and accurate explanations without oversimplification that could lead to misinterpretation in practice.<\/p>\n<p data-start=\"1249\" data-end=\"1399\">The course also provides an overview of the most commonly used laser types and their applications in industrial, medical, and research environments.<\/p>\n<p data-start=\"1401\" data-end=\"1501\">Theoretical sessions are complemented by practical demonstrations and a visit to a laser laboratory.<\/p>\n<p data-start=\"886\" data-end=\"903\"><span style=\"color: #ff0000;\"><strong>\u00a0<\/strong><\/span><strong>What you will learn:<\/strong><\/p>\n<ul>\n<li data-section-id=\"1dburyt\" data-start=\"1534\" data-end=\"1593\">understand the principles of laser radiation generation<\/li>\n<li data-section-id=\"1mwnrey\" data-start=\"1594\" data-end=\"1654\">navigate basic types of lasers and their characteristics<\/li>\n<li data-section-id=\"1064xpe\" data-start=\"1655\" data-end=\"1724\">distinguish key laser parameters and their impact on applications<\/li>\n<li data-section-id=\"1qjcxk7\" data-start=\"1725\" data-end=\"1790\">understand the function of individual laser system components<\/li>\n<li data-section-id=\"63joeu\" data-start=\"1791\" data-end=\"1858\">grasp fundamental optical phenomena related to beam propagation<\/li>\n<li data-section-id=\"1k98oc4\" data-start=\"1859\" data-end=\"1935\">gain an overview of practical laser applications across different fields<\/li>\n<\/ul>\n<p data-start=\"905\" data-end=\"929\"><span style=\"color: #ff0000;\"><strong>COURSE OUTLINE<br \/>\n<\/strong><\/span><strong data-start=\"1963\" data-end=\"2011\">Introduction to lasers and their development<\/strong><\/p>\n<ul data-start=\"2014\" data-end=\"2103\">\n<li data-section-id=\"1ml42vt\" data-start=\"2014\" data-end=\"2035\">history of lasers<\/li>\n<li data-section-id=\"m0vsl3\" data-start=\"2036\" data-end=\"2070\">basic classification of lasers<\/li>\n<li data-section-id=\"1uuo6iz\" data-start=\"2071\" data-end=\"2103\">principle of laser operation<\/li>\n<\/ul>\n<p data-start=\"2105\" data-end=\"2124\"><strong data-start=\"2105\" data-end=\"2122\">Laser physics<\/strong><\/p>\n<ul data-start=\"2125\" data-end=\"2300\">\n<li data-section-id=\"7ufdbz\" data-start=\"2125\" data-end=\"2163\">light as electromagnetic radiation<\/li>\n<li data-section-id=\"1o0kd05\" data-start=\"2164\" data-end=\"2206\">active medium and pumping (excitation)<\/li>\n<li data-section-id=\"1pkiw3i\" data-start=\"2207\" data-end=\"2231\">population inversion<\/li>\n<li data-section-id=\"1qrkj9t\" data-start=\"2232\" data-end=\"2271\">spontaneous and stimulated emission<\/li>\n<li data-section-id=\"17w3ka8\" data-start=\"2272\" data-end=\"2300\">resonator and oscillator<\/li>\n<\/ul>\n<p data-start=\"2302\" data-end=\"2334\"><strong data-start=\"2302\" data-end=\"2332\">Laser radiation parameters<\/strong><\/p>\n<ul data-start=\"2335\" data-end=\"2465\">\n<li data-section-id=\"1wnvkpn\" data-start=\"2335\" data-end=\"2374\">wavelength, frequency, polarization<\/li>\n<li data-section-id=\"1u6g9fy\" data-start=\"2375\" data-end=\"2409\">pulsed vs continuous operation<\/li>\n<li data-section-id=\"4smw8k\" data-start=\"2410\" data-end=\"2443\">power, energy, pulse duration<\/li>\n<li data-section-id=\"ebqh3t\" data-start=\"2444\" data-end=\"2465\">beam distribution<\/li>\n<\/ul>\n<p data-start=\"2467\" data-end=\"2502\"><strong data-start=\"2467\" data-end=\"2500\">Basic optics in laser systems<\/strong><\/p>\n<ul data-start=\"2503\" data-end=\"2562\">\n<li data-section-id=\"1euukux\" data-start=\"2503\" data-end=\"2532\">reflection and refraction<\/li>\n<li data-section-id=\"1b63880\" data-start=\"2533\" data-end=\"2562\">telescope and image plane<\/li>\n<\/ul>\n<p data-start=\"2564\" data-end=\"2593\"><strong data-start=\"2564\" data-end=\"2591\">Laser system components<\/strong><\/p>\n<ul data-start=\"2594\" data-end=\"2697\">\n<li data-section-id=\"18mmvon\" data-start=\"2594\" data-end=\"2605\">cooling<\/li>\n<li data-section-id=\"1skqw8z\" data-start=\"2606\" data-end=\"2645\">detectors and radiation measurement<\/li>\n<li data-section-id=\"14za9cb\" data-start=\"2646\" data-end=\"2680\">polarizers and optical filters<\/li>\n<li data-section-id=\"g6vbnn\" data-start=\"2681\" data-end=\"2697\">Pockels cell<\/li>\n<\/ul>\n<p data-start=\"2699\" data-end=\"2743\"><strong data-start=\"2699\" data-end=\"2741\">Types of lasers and their applications<\/strong><\/p>\n<ul data-start=\"2744\" data-end=\"2904\">\n<li data-section-id=\"ebhlzw\" data-start=\"2744\" data-end=\"2758\">CO\u2082 lasers<\/li>\n<li data-section-id=\"1sab9z1\" data-start=\"2759\" data-end=\"2776\">Nd:YAG lasers<\/li>\n<li data-section-id=\"1lc2dll\" data-start=\"2777\" data-end=\"2793\">He-Ne lasers<\/li>\n<li data-section-id=\"13ybwi0\" data-start=\"2794\" data-end=\"2810\">fiber lasers<\/li>\n<li data-section-id=\"nptl81\" data-start=\"2811\" data-end=\"2845\">semiconductor and diode lasers<\/li>\n<li data-section-id=\"1nsr7g0\" data-start=\"2846\" data-end=\"2904\">basic applications in industry, medicine, and research<\/li>\n<\/ul>\n<p data-start=\"2906\" data-end=\"2941\"><strong data-start=\"2906\" data-end=\"2939\">Visit to the laser laboratory<\/strong><\/p>\n<ul data-start=\"2942\" data-end=\"3017\">\n<li data-section-id=\"1gld2w1\" data-start=\"2942\" data-end=\"2981\">demonstration of real laser systems<\/li>\n<\/ul>\n<p data-start=\"905\" data-end=\"929\"><span style=\"color: #ff0000;\"><strong>\u00a0<\/strong><\/span><\/p>\n<\/div>\n","oddelovace":"none"}]},"yoast_head":"<!-- This site is optimized with the Yoast SEO plugin v23.9 - https:\/\/yoast.com\/wordpress\/plugins\/seo\/ -->\n<title>Laser Fundamentals - HiLASE<\/title>\n<meta name=\"robots\" content=\"index, follow, max-snippet:-1, max-image-preview:large, max-video-preview:-1\" \/>\n<link rel=\"canonical\" href=\"https:\/\/www.hilase.cz\/en\/laser-fundamentals\/\" \/>\n<meta property=\"og:locale\" content=\"en_US\" \/>\n<meta property=\"og:type\" content=\"article\" \/>\n<meta property=\"og:title\" content=\"Laser Fundamentals - HiLASE\" \/>\n<meta property=\"og:url\" content=\"https:\/\/www.hilase.cz\/en\/laser-fundamentals\/\" \/>\n<meta property=\"og:site_name\" content=\"HiLASE\" \/>\n<meta name=\"twitter:card\" content=\"summary_large_image\" \/>\n<script type=\"application\/ld+json\" class=\"yoast-schema-graph\">{\"@context\":\"https:\/\/schema.org\",\"@graph\":[{\"@type\":\"WebPage\",\"@id\":\"https:\/\/www.hilase.cz\/en\/laser-fundamentals\/\",\"url\":\"https:\/\/www.hilase.cz\/en\/laser-fundamentals\/\",\"name\":\"Laser Fundamentals - HiLASE\",\"isPartOf\":{\"@id\":\"https:\/\/www.hilase.cz\/#website\"},\"datePublished\":\"2026-04-07T06:51:24+00:00\",\"dateModified\":\"2026-04-07T06:51:24+00:00\",\"breadcrumb\":{\"@id\":\"https:\/\/www.hilase.cz\/en\/laser-fundamentals\/#breadcrumb\"},\"inLanguage\":\"en-US\",\"potentialAction\":[{\"@type\":\"ReadAction\",\"target\":[\"https:\/\/www.hilase.cz\/en\/laser-fundamentals\/\"]}]},{\"@type\":\"BreadcrumbList\",\"@id\":\"https:\/\/www.hilase.cz\/en\/laser-fundamentals\/#breadcrumb\",\"itemListElement\":[{\"@type\":\"ListItem\",\"position\":1,\"name\":\"Dom\u016f\",\"item\":\"https:\/\/www.hilase.cz\/en\/\"},{\"@type\":\"ListItem\",\"position\":2,\"name\":\"Laser Fundamentals\"}]},{\"@type\":\"WebSite\",\"@id\":\"https:\/\/www.hilase.cz\/#website\",\"url\":\"https:\/\/www.hilase.cz\/\",\"name\":\"HiLASE\",\"description\":\"Hi-tech laserov\u00e9 v\u00fdzkumn\u00e9 centrum\",\"potentialAction\":[{\"@type\":\"SearchAction\",\"target\":{\"@type\":\"EntryPoint\",\"urlTemplate\":\"https:\/\/www.hilase.cz\/?s={search_term_string}\"},\"query-input\":{\"@type\":\"PropertyValueSpecification\",\"valueRequired\":true,\"valueName\":\"search_term_string\"}}],\"inLanguage\":\"en-US\"}]}<\/script>\n<!-- \/ Yoast SEO plugin. -->","yoast_head_json":{"title":"Laser Fundamentals - HiLASE","robots":{"index":"index","follow":"follow","max-snippet":"max-snippet:-1","max-image-preview":"max-image-preview:large","max-video-preview":"max-video-preview:-1"},"canonical":"https:\/\/www.hilase.cz\/en\/laser-fundamentals\/","og_locale":"en_US","og_type":"article","og_title":"Laser Fundamentals - HiLASE","og_url":"https:\/\/www.hilase.cz\/en\/laser-fundamentals\/","og_site_name":"HiLASE","twitter_card":"summary_large_image","schema":{"@context":"https:\/\/schema.org","@graph":[{"@type":"WebPage","@id":"https:\/\/www.hilase.cz\/en\/laser-fundamentals\/","url":"https:\/\/www.hilase.cz\/en\/laser-fundamentals\/","name":"Laser Fundamentals - HiLASE","isPartOf":{"@id":"https:\/\/www.hilase.cz\/#website"},"datePublished":"2026-04-07T06:51:24+00:00","dateModified":"2026-04-07T06:51:24+00:00","breadcrumb":{"@id":"https:\/\/www.hilase.cz\/en\/laser-fundamentals\/#breadcrumb"},"inLanguage":"en-US","potentialAction":[{"@type":"ReadAction","target":["https:\/\/www.hilase.cz\/en\/laser-fundamentals\/"]}]},{"@type":"BreadcrumbList","@id":"https:\/\/www.hilase.cz\/en\/laser-fundamentals\/#breadcrumb","itemListElement":[{"@type":"ListItem","position":1,"name":"Dom\u016f","item":"https:\/\/www.hilase.cz\/en\/"},{"@type":"ListItem","position":2,"name":"Laser Fundamentals"}]},{"@type":"WebSite","@id":"https:\/\/www.hilase.cz\/#website","url":"https:\/\/www.hilase.cz\/","name":"HiLASE","description":"Hi-tech laserov\u00e9 v\u00fdzkumn\u00e9 centrum","potentialAction":[{"@type":"SearchAction","target":{"@type":"EntryPoint","urlTemplate":"https:\/\/www.hilase.cz\/?s={search_term_string}"},"query-input":{"@type":"PropertyValueSpecification","valueRequired":true,"valueName":"search_term_string"}}],"inLanguage":"en-US"}]}},"_links":{"self":[{"href":"https:\/\/www.hilase.cz\/en\/wp-json\/wp\/v2\/pages\/38668","targetHints":{"allow":["GET"]}}],"collection":[{"href":"https:\/\/www.hilase.cz\/en\/wp-json\/wp\/v2\/pages"}],"about":[{"href":"https:\/\/www.hilase.cz\/en\/wp-json\/wp\/v2\/types\/page"}],"author":[{"embeddable":true,"href":"https:\/\/www.hilase.cz\/en\/wp-json\/wp\/v2\/users\/10"}],"replies":[{"embeddable":true,"href":"https:\/\/www.hilase.cz\/en\/wp-json\/wp\/v2\/comments?post=38668"}],"version-history":[{"count":8,"href":"https:\/\/www.hilase.cz\/en\/wp-json\/wp\/v2\/pages\/38668\/revisions"}],"predecessor-version":[{"id":38683,"href":"https:\/\/www.hilase.cz\/en\/wp-json\/wp\/v2\/pages\/38668\/revisions\/38683"}],"wp:attachment":[{"href":"https:\/\/www.hilase.cz\/en\/wp-json\/wp\/v2\/media?parent=38668"}],"curies":[{"name":"wp","href":"https:\/\/api.w.org\/{rel}","templated":true}]}}