{"id":38844,"date":"2026-04-15T10:42:09","date_gmt":"2026-04-15T08:42:09","guid":{"rendered":"https:\/\/www.hilase.cz\/lstc-laser-mechanics-level-2-copy\/"},"modified":"2026-04-16T07:32:05","modified_gmt":"2026-04-16T05:32:05","slug":"lstc-laser-mechanics-level-1-june-2026","status":"publish","type":"page","link":"https:\/\/www.hilase.cz\/en\/lstc-laser-mechanics-level-1-june-2026\/","title":{"rendered":"LTC | Laser mechanics: the start of your journey"},"content":{"rendered":"","protected":false},"excerpt":{"rendered":"","protected":false},"author":10,"featured_media":0,"parent":0,"menu_order":0,"comment_status":"closed","ping_status":"closed","template":"","meta":{"_acf_changed":false,"_monsterinsights_skip_tracking":false,"_monsterinsights_sitenote_active":false,"_monsterinsights_sitenote_note":"","_monsterinsights_sitenote_category":0,"footnotes":""},"class_list":["post-38844","page","type-page","status-publish","hentry"],"acf":{"obsah":[{"acf_fc_layout":"text","text":"<p><a href=\"https:\/\/lstc.cz\/\"><img loading=\"lazy\" decoding=\"async\" class=\"aligncenter\" src=\"https:\/\/www.hilase.cz\/wp-content\/uploads\/hilase_logo_LTC_jednoradkove_RGB_COLOUR.png\" alt=\"lstc\" width=\"332\" height=\"115\" \/><\/a><\/p>\n","oddelovace":"none"},{"acf_fc_layout":"akce","datum":"8 June 2026","misto":"HiLASE Centre","cena":"12 300,- CZK excl. VAT \/ person","uroven":"Z\u00e1kladn\u00ed","delka_kurzu":"12:45 - 17:00","jazyk":"CZ"},{"acf_fc_layout":"text","text":"<div style=\"text-align: center;\"><!-- [if mso]>\n<v:roundrect xmlns:v=\"urn:schemas-microsoft-com:vml\" xmlns:w=\"urn:schemas-microsoft-com:office:word\"https:\/\/www.hilase.cz\/registrace-lstc-laserova-mechanika-cerven-2026\" style=\"height:40px;v-text-anchor:middle;width:150px;\" arcsize=\"13%\" strokecolor=\"#ffffff\" fillcolor=\"#f6201e\"><span data-mce-type=\"bookmark\" style=\"display: inline-block; width: 0px; overflow: hidden; line-height: 0;\" class=\"mce_SELRES_start\"><\/span>\n<w:anchorlock\/>\n<center style=\"color:#ffffff;font-family:sans-serif;font-size:16px;font-weight:bold;\">REGISTRACE<\/center>\n<\/v:roundrect>\n<![endif]--><a style=\"background-color: #f6201e; border: 1px solid #ffffff; border-radius: 5px; color: #ffffff; display: inline-block; font-family: sans-serif; font-size: 16px; font-weight: bold; line-height: 40px; text-align: center; text-decoration: none; width: 150px; -webkit-text-size-adjust: none; mso-hide: all;\" href=\"https:\/\/www.hilase.cz\/registrace-lstc-laserova-mechanika-cerven-2026\">SIGN UP<\/a><\/div>\n<p>&nbsp;<\/p>\n<p><strong>ANNOTATION<br \/>\n<\/strong><\/p>\n<p data-start=\"16\" data-end=\"193\">Embark on your journey to becoming a laser design engineer. We will equip you with the essential knowledge needed to design laser components or reliably integrate laser systems.<\/p>\n<p data-start=\"195\" data-end=\"620\">The Laser Mechanics course expands expertise in key aspects of opto-mechanical design and the construction of laser subsystems. Participants will explore the principles of precision mechanics and positioning, followed by an introduction to vacuum technology and the fundamentals of designing vacuum-compatible components. The final part of the course focuses on cooling technologies and the methodology of thermal management.<\/p>\n<p data-start=\"622\" data-end=\"921\" data-is-last-node=\"\" data-is-only-node=\"\">This course is ideal for technicians and aspiring design engineers seeking to broaden their knowledge. It is also suitable for secondary school and university graduates with a background in engineering design, as well as for professionals wishing to retrain and specialize in laser mechanics design.<\/p>\n<p><strong><span class=\"txt-danger\">COURSE DETAIL<\/span><\/strong><\/p>\n<p data-start=\"0\" data-end=\"177\">Embark on your journey to becoming a laser design engineer. We will equip you with the essential knowledge needed to design laser components or reliably integrate laser systems:<\/p>\n<ul data-start=\"179\" data-end=\"365\">\n<li data-start=\"179\" data-end=\"218\" data-section-id=\"16txbqx\">Precision mechanics and positioning<\/li>\n<li data-start=\"219\" data-end=\"317\" data-section-id=\"1xwgao8\">Fundamentals of vacuum technology and the principles of designing vacuum-compatible components<\/li>\n<li data-start=\"318\" data-end=\"365\" data-section-id=\"1qgyrqs\">Cooling technologies and thermal management<\/li>\n<\/ul>\n<p data-start=\"367\" data-end=\"475\">Participants will also have the opportunity to discuss design concepts from their own professional practice.<\/p>\n<p data-start=\"477\" data-end=\"501\"><strong data-start=\"477\" data-end=\"501\">What you will learn:<\/strong><\/p>\n<ul data-start=\"503\" data-end=\"1186\" data-is-last-node=\"\" data-is-only-node=\"\">\n<li data-start=\"503\" data-end=\"564\" data-section-id=\"1f0bplk\">Understand the principles of precision mechanics design.<\/li>\n<li data-start=\"503\" data-end=\"564\" data-section-id=\"1f0bplk\">Be familiar with the basic opto-mechanical components of laser systems.<\/li>\n<li data-start=\"503\" data-end=\"564\" data-section-id=\"1f0bplk\">Know suitable materials and design approaches.<\/li>\n<li data-start=\"503\" data-end=\"564\" data-section-id=\"1f0bplk\">Navigate the requirements for opto-mechanical components.<\/li>\n<li data-start=\"503\" data-end=\"564\" data-section-id=\"1f0bplk\">Understand the fundamentals of vacuum technology.<\/li>\n<li data-start=\"503\" data-end=\"564\" data-section-id=\"1f0bplk\">Grasp the challenges of designing vacuum-compatible components.<\/li>\n<li data-start=\"503\" data-end=\"564\" data-section-id=\"1f0bplk\">Be able to select appropriate vacuum components.<\/li>\n<li data-start=\"503\" data-end=\"564\" data-section-id=\"1f0bplk\">Be capable of designing custom vacuum-compatible parts.<\/li>\n<li data-start=\"503\" data-end=\"564\" data-section-id=\"1f0bplk\">Understand the fundamental principles of heat transfer.<\/li>\n<li data-start=\"503\" data-end=\"564\" data-section-id=\"1f0bplk\">Become familiar with temperature measurement methods and cooling techniques.<\/li>\n<li data-start=\"503\" data-end=\"564\" data-section-id=\"1f0bplk\">Analyze developed FEM simulations.<\/li>\n<\/ul>\n<p><span class=\"txt-danger\"><strong>COURSE OUTLINE<\/strong><\/span><\/p>\n<section class=\"text-token-text-primary w-full focus:outline-none [--shadow-height:45px] has-data-writing-block:pointer-events-none has-data-writing-block:-mt-(--shadow-height) has-data-writing-block:pt-(--shadow-height) [&amp;:has([data-writing-block])&gt;*]:pointer-events-auto [content-visibility:auto] supports-[content-visibility:auto]:[contain-intrinsic-size:auto_100lvh] R6Vx5W_threadScrollVars scroll-mb-[calc(var(--scroll-root-safe-area-inset-bottom,0px)+var(--thread-response-height))] scroll-mt-[calc(var(--header-height)+min(200px,max(70px,20svh)))]\" dir=\"auto\" data-turn-id=\"request-WEB:4cb52abb-e333-4300-a08c-7a5312ad3f6a-21\" data-testid=\"conversation-turn-8\" data-scroll-anchor=\"false\" data-turn=\"assistant\">\n<div class=\"text-base my-auto mx-auto pb-10 [--thread-content-margin:var(--thread-content-margin-xs,calc(var(--spacing)*4))] @w-sm\/main:[--thread-content-margin:var(--thread-content-margin-sm,calc(var(--spacing)*6))] @w-lg\/main:[--thread-content-margin:var(--thread-content-margin-lg,calc(var(--spacing)*16))] px-(--thread-content-margin)\">\n<div class=\"[--thread-content-max-width:40rem] @w-lg\/main:[--thread-content-max-width:48rem] mx-auto max-w-(--thread-content-max-width) flex-1 group\/turn-messages focus-visible:outline-hidden relative flex w-full min-w-0 flex-col agent-turn\">\n<div class=\"flex max-w-full flex-col gap-4 grow\">\n<div class=\"min-h-8 text-message relative flex w-full flex-col items-end gap-2 text-start break-words whitespace-normal outline-none keyboard-focused:focus-ring [.text-message+&amp;]:mt-1\" dir=\"auto\" tabindex=\"0\" data-message-author-role=\"assistant\" data-message-id=\"e1973c9f-c768-4f63-acc2-c2ba810aa841\" data-message-model-slug=\"gpt-5-3\" data-turn-start-message=\"true\">\n<div class=\"flex w-full flex-col gap-1 empty:hidden\">\n<div class=\"markdown prose dark:prose-invert w-full wrap-break-word dark markdown-new-styling\">\n<p data-start=\"0\" data-end=\"49\"><span class=\"txt-primary\"><strong data-start=\"0\" data-end=\"49\">Block 1 | Precision Mechanics and Positioning<\/strong><\/span><\/p>\n<ul>\n<li>Design approaches for minimizing random errors<\/li>\n<li>Opto-mechanical components of laser systems (standard, off-the-shelf, and custom-made)<\/li>\n<li>Mounting of instruments and mitigation of environmental influences<\/li>\n<li>Precision positioning, alignment elements, and position correction (kinematic mounting, stick-slip effect, stable mechanical mounting, accuracy, repeatability, resolution, flexure hinges, differential screw)<\/li>\n<\/ul>\n<p data-start=\"475\" data-end=\"579\"><span class=\"txt-primary\"><strong data-start=\"475\" data-end=\"579\">Block 2 | Fundamentals of Vacuum Technology and Principles of Designing Vacuum-Compatible Components<\/strong><\/span><\/p>\n<ul>\n<li>Vacuum technology and engineering<\/li>\n<li>Design of instruments for vacuum environments<\/li>\n<li>Overview of vacuum-compatible materials<\/li>\n<li>Vacuum chambers<\/li>\n<li>Standard vacuum components<\/li>\n<\/ul>\n<p data-start=\"763\" data-end=\"820\"><span class=\"txt-primary\"><strong data-start=\"763\" data-end=\"820\">Block 3 | Cooling Technologies and Thermal Management<\/strong><\/span><\/p>\n<ul>\n<li>\u00a0Thermal management<\/li>\n<li>\u00a0Temperature measurement methodology<\/li>\n<li>\u00a0Cooling methodology<\/li>\n<li>FEM simulation analysis and interpretation of results<\/li>\n<\/ul>\n<\/div>\n<\/div>\n<\/div>\n<\/div>\n<\/div>\n<\/div>\n<\/section>\n","oddelovace":"none"}]},"yoast_head":"<!-- This site is optimized with the Yoast SEO plugin v23.9 - https:\/\/yoast.com\/wordpress\/plugins\/seo\/ -->\n<title>LTC | Laser mechanics: the start of your journey - HiLASE<\/title>\n<meta name=\"robots\" content=\"index, follow, max-snippet:-1, max-image-preview:large, max-video-preview:-1\" \/>\n<link rel=\"canonical\" href=\"https:\/\/www.hilase.cz\/en\/lstc-laser-mechanics-level-1-june-2026\/\" \/>\n<meta property=\"og:locale\" content=\"en_US\" \/>\n<meta property=\"og:type\" content=\"article\" \/>\n<meta property=\"og:title\" content=\"LTC | Laser mechanics: the start of your journey - HiLASE\" \/>\n<meta property=\"og:url\" content=\"https:\/\/www.hilase.cz\/en\/lstc-laser-mechanics-level-1-june-2026\/\" \/>\n<meta property=\"og:site_name\" content=\"HiLASE\" \/>\n<meta property=\"article:modified_time\" content=\"2026-04-16T05:32:05+00:00\" \/>\n<meta name=\"twitter:card\" content=\"summary_large_image\" \/>\n<script type=\"application\/ld+json\" class=\"yoast-schema-graph\">{\"@context\":\"https:\/\/schema.org\",\"@graph\":[{\"@type\":\"WebPage\",\"@id\":\"https:\/\/www.hilase.cz\/en\/lstc-laser-mechanics-level-1-june-2026\/\",\"url\":\"https:\/\/www.hilase.cz\/en\/lstc-laser-mechanics-level-1-june-2026\/\",\"name\":\"LTC | Laser mechanics: the start of your journey - HiLASE\",\"isPartOf\":{\"@id\":\"https:\/\/www.hilase.cz\/#website\"},\"datePublished\":\"2026-04-15T08:42:09+00:00\",\"dateModified\":\"2026-04-16T05:32:05+00:00\",\"breadcrumb\":{\"@id\":\"https:\/\/www.hilase.cz\/en\/lstc-laser-mechanics-level-1-june-2026\/#breadcrumb\"},\"inLanguage\":\"en-US\",\"potentialAction\":[{\"@type\":\"ReadAction\",\"target\":[\"https:\/\/www.hilase.cz\/en\/lstc-laser-mechanics-level-1-june-2026\/\"]}]},{\"@type\":\"BreadcrumbList\",\"@id\":\"https:\/\/www.hilase.cz\/en\/lstc-laser-mechanics-level-1-june-2026\/#breadcrumb\",\"itemListElement\":[{\"@type\":\"ListItem\",\"position\":1,\"name\":\"Dom\u016f\",\"item\":\"https:\/\/www.hilase.cz\/en\/\"},{\"@type\":\"ListItem\",\"position\":2,\"name\":\"LTC | Laser mechanics: the start of your journey\"}]},{\"@type\":\"WebSite\",\"@id\":\"https:\/\/www.hilase.cz\/#website\",\"url\":\"https:\/\/www.hilase.cz\/\",\"name\":\"HiLASE\",\"description\":\"Hi-tech laserov\u00e9 v\u00fdzkumn\u00e9 centrum\",\"potentialAction\":[{\"@type\":\"SearchAction\",\"target\":{\"@type\":\"EntryPoint\",\"urlTemplate\":\"https:\/\/www.hilase.cz\/?s={search_term_string}\"},\"query-input\":{\"@type\":\"PropertyValueSpecification\",\"valueRequired\":true,\"valueName\":\"search_term_string\"}}],\"inLanguage\":\"en-US\"}]}<\/script>\n<!-- \/ Yoast SEO plugin. -->","yoast_head_json":{"title":"LTC | Laser mechanics: the start of your journey - HiLASE","robots":{"index":"index","follow":"follow","max-snippet":"max-snippet:-1","max-image-preview":"max-image-preview:large","max-video-preview":"max-video-preview:-1"},"canonical":"https:\/\/www.hilase.cz\/en\/lstc-laser-mechanics-level-1-june-2026\/","og_locale":"en_US","og_type":"article","og_title":"LTC | Laser mechanics: the start of your journey - HiLASE","og_url":"https:\/\/www.hilase.cz\/en\/lstc-laser-mechanics-level-1-june-2026\/","og_site_name":"HiLASE","article_modified_time":"2026-04-16T05:32:05+00:00","twitter_card":"summary_large_image","schema":{"@context":"https:\/\/schema.org","@graph":[{"@type":"WebPage","@id":"https:\/\/www.hilase.cz\/en\/lstc-laser-mechanics-level-1-june-2026\/","url":"https:\/\/www.hilase.cz\/en\/lstc-laser-mechanics-level-1-june-2026\/","name":"LTC | Laser mechanics: the start of your journey - HiLASE","isPartOf":{"@id":"https:\/\/www.hilase.cz\/#website"},"datePublished":"2026-04-15T08:42:09+00:00","dateModified":"2026-04-16T05:32:05+00:00","breadcrumb":{"@id":"https:\/\/www.hilase.cz\/en\/lstc-laser-mechanics-level-1-june-2026\/#breadcrumb"},"inLanguage":"en-US","potentialAction":[{"@type":"ReadAction","target":["https:\/\/www.hilase.cz\/en\/lstc-laser-mechanics-level-1-june-2026\/"]}]},{"@type":"BreadcrumbList","@id":"https:\/\/www.hilase.cz\/en\/lstc-laser-mechanics-level-1-june-2026\/#breadcrumb","itemListElement":[{"@type":"ListItem","position":1,"name":"Dom\u016f","item":"https:\/\/www.hilase.cz\/en\/"},{"@type":"ListItem","position":2,"name":"LTC | Laser mechanics: the start of your journey"}]},{"@type":"WebSite","@id":"https:\/\/www.hilase.cz\/#website","url":"https:\/\/www.hilase.cz\/","name":"HiLASE","description":"Hi-tech laserov\u00e9 v\u00fdzkumn\u00e9 centrum","potentialAction":[{"@type":"SearchAction","target":{"@type":"EntryPoint","urlTemplate":"https:\/\/www.hilase.cz\/?s={search_term_string}"},"query-input":{"@type":"PropertyValueSpecification","valueRequired":true,"valueName":"search_term_string"}}],"inLanguage":"en-US"}]}},"_links":{"self":[{"href":"https:\/\/www.hilase.cz\/en\/wp-json\/wp\/v2\/pages\/38844","targetHints":{"allow":["GET"]}}],"collection":[{"href":"https:\/\/www.hilase.cz\/en\/wp-json\/wp\/v2\/pages"}],"about":[{"href":"https:\/\/www.hilase.cz\/en\/wp-json\/wp\/v2\/types\/page"}],"author":[{"embeddable":true,"href":"https:\/\/www.hilase.cz\/en\/wp-json\/wp\/v2\/users\/10"}],"replies":[{"embeddable":true,"href":"https:\/\/www.hilase.cz\/en\/wp-json\/wp\/v2\/comments?post=38844"}],"version-history":[{"count":6,"href":"https:\/\/www.hilase.cz\/en\/wp-json\/wp\/v2\/pages\/38844\/revisions"}],"predecessor-version":[{"id":38883,"href":"https:\/\/www.hilase.cz\/en\/wp-json\/wp\/v2\/pages\/38844\/revisions\/38883"}],"wp:attachment":[{"href":"https:\/\/www.hilase.cz\/en\/wp-json\/wp\/v2\/media?parent=38844"}],"curies":[{"name":"wp","href":"https:\/\/api.w.org\/{rel}","templated":true}]}}