{"id":4999,"date":"2018-03-13T18:28:47","date_gmt":"2018-03-13T17:28:47","guid":{"rendered":"http:\/\/www.hilase.cz\/budova\/"},"modified":"2021-01-14T21:03:08","modified_gmt":"2021-01-14T20:03:08","slug":"building","status":"publish","type":"page","link":"https:\/\/www.hilase.cz\/en\/building\/","title":{"rendered":"Building"},"content":{"rendered":"","protected":false},"excerpt":{"rendered":"","protected":false},"author":1,"featured_media":0,"parent":0,"menu_order":0,"comment_status":"closed","ping_status":"closed","template":"","meta":{"_acf_changed":false,"_monsterinsights_skip_tracking":false,"_monsterinsights_sitenote_active":false,"_monsterinsights_sitenote_note":"","_monsterinsights_sitenote_category":0,"footnotes":""},"class_list":["post-4999","page","type-page","status-publish","hentry"],"acf":{"obsah":[{"acf_fc_layout":"text","text":"<p>The building of the HiLASE Centre is located in the municipality of Dolni Brezany, just a few kilometers south of Prague. The construction was started on the basis of the Len + K studio project in January 2012, and in January 2014 the building was successfully approved. Together with the neighboring ELI laser center, the HiLASE Centre is one of the largest scientific complexes in the Czech Republic.<\/p>\n","oddelovace":"none"},{"acf_fc_layout":"obrazek","obrazek":{"ID":10291,"id":10291,"title":"3_HILASE_3_L","filename":"3_HILASE_3_L.jpg","filesize":135762,"url":"https:\/\/www.hilase.cz\/wp-content\/uploads\/3_HILASE_3_L.jpg","link":"https:\/\/www.hilase.cz\/en\/building\/3_hilase_3_l\/","alt":"","author":"15","description":"","caption":"","name":"3_hilase_3_l","status":"inherit","uploaded_to":4999,"date":"2020-12-17 13:48:04","modified":"2020-12-17 13:48:04","menu_order":0,"mime_type":"image\/jpeg","type":"image","subtype":"jpeg","icon":"https:\/\/www.hilase.cz\/wp-includes\/images\/media\/default.png","width":1634,"height":1080,"sizes":{"thumbnail":"https:\/\/www.hilase.cz\/wp-content\/uploads\/3_HILASE_3_L-175x175.jpg","thumbnail-width":175,"thumbnail-height":175,"medium":"https:\/\/www.hilase.cz\/wp-content\/uploads\/3_HILASE_3_L-600x397.jpg","medium-width":600,"medium-height":397,"medium_large":"https:\/\/www.hilase.cz\/wp-content\/uploads\/3_HILASE_3_L-768x508.jpg","medium_large-width":768,"medium_large-height":508,"large":"https:\/\/www.hilase.cz\/wp-content\/uploads\/3_HILASE_3_L.jpg","large-width":1634,"large-height":1080,"1536x1536":"https:\/\/www.hilase.cz\/wp-content\/uploads\/3_HILASE_3_L-1536x1015.jpg","1536x1536-width":1536,"1536x1536-height":1015,"2048x2048":"https:\/\/www.hilase.cz\/wp-content\/uploads\/3_HILASE_3_L.jpg","2048x2048-width":1634,"2048x2048-height":1080,"image":"https:\/\/www.hilase.cz\/wp-content\/uploads\/3_HILASE_3_L-1170x484.jpg","image-width":1170,"image-height":484,"gallery":"https:\/\/www.hilase.cz\/wp-content\/uploads\/3_HILASE_3_L-273x210.jpg","gallery-width":273,"gallery-height":210,"card":"https:\/\/www.hilase.cz\/wp-content\/uploads\/3_HILASE_3_L-740x390.jpg","card-width":740,"card-height":390,"square":"https:\/\/www.hilase.cz\/wp-content\/uploads\/3_HILASE_3_L-360x360.jpg","square-width":360,"square-height":360}},"popis":"","centrovat_popis":[]},{"acf_fc_layout":"text","text":"<p>On the ground floor of the center, on the area of about 700 square meters there are laboratories with high-performance lasers and technical background. Due to the minimum vibration requirements, the hall section has been separated from the rest of the structure. From the laboratories on the first floor, laser beams are led by special tubes into experimental halls located on the second floor. On the first and second floor of the building there are also administrative facilities and seminar and meeting rooms.<\/p>\n","oddelovace":"none"},{"acf_fc_layout":"galerie","galerie":[{"ID":1742,"id":1742,"title":"01A","filename":"01A.jpg","filesize":720770,"url":"https:\/\/www.hilase.cz\/wp-content\/uploads\/01A.jpg","link":"https:\/\/www.hilase.cz\/en\/budova\/01a\/","alt":"","author":"15","description":"","caption":"","name":"01a","status":"inherit","uploaded_to":87,"date":"2019-01-23 10:28:18","modified":"2019-01-23 10:28:21","menu_order":0,"mime_type":"image\/jpeg","type":"image","subtype":"jpeg","icon":"https:\/\/www.hilase.cz\/wp-includes\/images\/media\/default.png","width":1920,"height":1080,"sizes":{"thumbnail":"https:\/\/www.hilase.cz\/wp-content\/uploads\/01A-175x175.jpg","thumbnail-width":175,"thumbnail-height":175,"medium":"https:\/\/www.hilase.cz\/wp-content\/uploads\/01A-600x338.jpg","medium-width":600,"medium-height":338,"medium_large":"https:\/\/www.hilase.cz\/wp-content\/uploads\/01A-768x432.jpg","medium_large-width":768,"medium_large-height":432,"large":"https:\/\/www.hilase.cz\/wp-content\/uploads\/01A-1800x1013.jpg","large-width":1800,"large-height":1013,"1536x1536":"https:\/\/www.hilase.cz\/wp-content\/uploads\/01A.jpg","1536x1536-width":1536,"1536x1536-height":864,"2048x2048":"https:\/\/www.hilase.cz\/wp-content\/uploads\/01A.jpg","2048x2048-width":1920,"2048x2048-height":1080,"image":"https:\/\/www.hilase.cz\/wp-content\/uploads\/01A-1170x484.jpg","image-width":1170,"image-height":484,"gallery":"https:\/\/www.hilase.cz\/wp-content\/uploads\/01A-273x210.jpg","gallery-width":273,"gallery-height":210,"card":"https:\/\/www.hilase.cz\/wp-content\/uploads\/01A-740x390.jpg","card-width":740,"card-height":390,"square":"https:\/\/www.hilase.cz\/wp-content\/uploads\/01A-360x360.jpg","square-width":360,"square-height":360}},{"ID":1744,"id":1744,"title":"01B","filename":"01B.jpg","filesize":541928,"url":"https:\/\/www.hilase.cz\/wp-content\/uploads\/01B.jpg","link":"https:\/\/www.hilase.cz\/en\/budova\/01b\/","alt":"","author":"15","description":"","caption":"","name":"01b","status":"inherit","uploaded_to":87,"date":"2019-01-23 10:29:57","modified":"2019-01-23 10:30:01","menu_order":0,"mime_type":"image\/jpeg","type":"image","subtype":"jpeg","icon":"https:\/\/www.hilase.cz\/wp-includes\/images\/media\/default.png","width":1920,"height":1080,"sizes":{"thumbnail":"https:\/\/www.hilase.cz\/wp-content\/uploads\/01B-175x175.jpg","thumbnail-width":175,"thumbnail-height":175,"medium":"https:\/\/www.hilase.cz\/wp-content\/uploads\/01B-600x338.jpg","medium-width":600,"medium-height":338,"medium_large":"https:\/\/www.hilase.cz\/wp-content\/uploads\/01B-768x432.jpg","medium_large-width":768,"medium_large-height":432,"large":"https:\/\/www.hilase.cz\/wp-content\/uploads\/01B-1800x1013.jpg","large-width":1800,"large-height":1013,"1536x1536":"https:\/\/www.hilase.cz\/wp-content\/uploads\/01B.jpg","1536x1536-width":1536,"1536x1536-height":864,"2048x2048":"https:\/\/www.hilase.cz\/wp-content\/uploads\/01B.jpg","2048x2048-width":1920,"2048x2048-height":1080,"image":"https:\/\/www.hilase.cz\/wp-content\/uploads\/01B-1170x484.jpg","image-width":1170,"image-height":484,"gallery":"https:\/\/www.hilase.cz\/wp-content\/uploads\/01B-273x210.jpg","gallery-width":273,"gallery-height":210,"card":"https:\/\/www.hilase.cz\/wp-content\/uploads\/01B-740x390.jpg","card-width":740,"card-height":390,"square":"https:\/\/www.hilase.cz\/wp-content\/uploads\/01B-360x360.jpg","square-width":360,"square-height":360}},{"ID":1746,"id":1746,"title":"02B","filename":"02B.jpg","filesize":608203,"url":"https:\/\/www.hilase.cz\/wp-content\/uploads\/02B.jpg","link":"https:\/\/www.hilase.cz\/en\/budova\/02b\/","alt":"","author":"15","description":"","caption":"","name":"02b","status":"inherit","uploaded_to":87,"date":"2019-01-23 10:31:30","modified":"2019-01-23 10:31:38","menu_order":0,"mime_type":"image\/jpeg","type":"image","subtype":"jpeg","icon":"https:\/\/www.hilase.cz\/wp-includes\/images\/media\/default.png","width":1920,"height":1080,"sizes":{"thumbnail":"https:\/\/www.hilase.cz\/wp-content\/uploads\/02B-175x175.jpg","thumbnail-width":175,"thumbnail-height":175,"medium":"https:\/\/www.hilase.cz\/wp-content\/uploads\/02B-600x338.jpg","medium-width":600,"medium-height":338,"medium_large":"https:\/\/www.hilase.cz\/wp-content\/uploads\/02B-768x432.jpg","medium_large-width":768,"medium_large-height":432,"large":"https:\/\/www.hilase.cz\/wp-content\/uploads\/02B-1800x1013.jpg","large-width":1800,"large-height":1013,"1536x1536":"https:\/\/www.hilase.cz\/wp-content\/uploads\/02B.jpg","1536x1536-width":1536,"1536x1536-height":864,"2048x2048":"https:\/\/www.hilase.cz\/wp-content\/uploads\/02B.jpg","2048x2048-width":1920,"2048x2048-height":1080,"image":"https:\/\/www.hilase.cz\/wp-content\/uploads\/02B-1170x484.jpg","image-width":1170,"image-height":484,"gallery":"https:\/\/www.hilase.cz\/wp-content\/uploads\/02B-273x210.jpg","gallery-width":273,"gallery-height":210,"card":"https:\/\/www.hilase.cz\/wp-content\/uploads\/02B-740x390.jpg","card-width":740,"card-height":390,"square":"https:\/\/www.hilase.cz\/wp-content\/uploads\/02B-360x360.jpg","square-width":360,"square-height":360}},{"ID":1747,"id":1747,"title":"03B","filename":"03B.jpg","filesize":544149,"url":"https:\/\/www.hilase.cz\/wp-content\/uploads\/03B.jpg","link":"https:\/\/www.hilase.cz\/en\/budova\/03b\/","alt":"","author":"15","description":"","caption":"","name":"03b","status":"inherit","uploaded_to":87,"date":"2019-01-23 10:31:57","modified":"2019-01-23 10:32:06","menu_order":0,"mime_type":"image\/jpeg","type":"image","subtype":"jpeg","icon":"https:\/\/www.hilase.cz\/wp-includes\/images\/media\/default.png","width":1920,"height":1080,"sizes":{"thumbnail":"https:\/\/www.hilase.cz\/wp-content\/uploads\/03B-175x175.jpg","thumbnail-width":175,"thumbnail-height":175,"medium":"https:\/\/www.hilase.cz\/wp-content\/uploads\/03B-600x338.jpg","medium-width":600,"medium-height":338,"medium_large":"https:\/\/www.hilase.cz\/wp-content\/uploads\/03B-768x432.jpg","medium_large-width":768,"medium_large-height":432,"large":"https:\/\/www.hilase.cz\/wp-content\/uploads\/03B-1800x1013.jpg","large-width":1800,"large-height":1013,"1536x1536":"https:\/\/www.hilase.cz\/wp-content\/uploads\/03B.jpg","1536x1536-width":1536,"1536x1536-height":864,"2048x2048":"https:\/\/www.hilase.cz\/wp-content\/uploads\/03B.jpg","2048x2048-width":1920,"2048x2048-height":1080,"image":"https:\/\/www.hilase.cz\/wp-content\/uploads\/03B-1170x484.jpg","image-width":1170,"image-height":484,"gallery":"https:\/\/www.hilase.cz\/wp-content\/uploads\/03B-273x210.jpg","gallery-width":273,"gallery-height":210,"card":"https:\/\/www.hilase.cz\/wp-content\/uploads\/03B-740x390.jpg","card-width":740,"card-height":390,"square":"https:\/\/www.hilase.cz\/wp-content\/uploads\/03B-360x360.jpg","square-width":360,"square-height":360}}]}]},"yoast_head":"<!-- This site is optimized with the Yoast SEO plugin v23.9 - https:\/\/yoast.com\/wordpress\/plugins\/seo\/ -->\n<title>Building - HiLASE<\/title>\n<meta name=\"robots\" content=\"index, follow, max-snippet:-1, max-image-preview:large, max-video-preview:-1\" \/>\n<link rel=\"canonical\" href=\"https:\/\/www.hilase.cz\/en\/building\/\" \/>\n<meta property=\"og:locale\" content=\"en_US\" \/>\n<meta property=\"og:type\" content=\"article\" \/>\n<meta property=\"og:title\" content=\"Building - HiLASE\" \/>\n<meta property=\"og:url\" content=\"https:\/\/www.hilase.cz\/en\/building\/\" \/>\n<meta property=\"og:site_name\" content=\"HiLASE\" \/>\n<meta property=\"article:modified_time\" content=\"2021-01-14T20:03:08+00:00\" \/>\n<meta name=\"twitter:card\" content=\"summary_large_image\" \/>\n<script type=\"application\/ld+json\" class=\"yoast-schema-graph\">{\"@context\":\"https:\/\/schema.org\",\"@graph\":[{\"@type\":\"WebPage\",\"@id\":\"https:\/\/www.hilase.cz\/en\/building\/\",\"url\":\"https:\/\/www.hilase.cz\/en\/building\/\",\"name\":\"Building - HiLASE\",\"isPartOf\":{\"@id\":\"https:\/\/www.hilase.cz\/#website\"},\"datePublished\":\"2018-03-13T17:28:47+00:00\",\"dateModified\":\"2021-01-14T20:03:08+00:00\",\"breadcrumb\":{\"@id\":\"https:\/\/www.hilase.cz\/en\/building\/#breadcrumb\"},\"inLanguage\":\"en-US\",\"potentialAction\":[{\"@type\":\"ReadAction\",\"target\":[\"https:\/\/www.hilase.cz\/en\/building\/\"]}]},{\"@type\":\"BreadcrumbList\",\"@id\":\"https:\/\/www.hilase.cz\/en\/building\/#breadcrumb\",\"itemListElement\":[{\"@type\":\"ListItem\",\"position\":1,\"name\":\"Dom\u016f\",\"item\":\"https:\/\/www.hilase.cz\/en\/\"},{\"@type\":\"ListItem\",\"position\":2,\"name\":\"Building\"}]},{\"@type\":\"WebSite\",\"@id\":\"https:\/\/www.hilase.cz\/#website\",\"url\":\"https:\/\/www.hilase.cz\/\",\"name\":\"HiLASE\",\"description\":\"Hi-tech laserov\u00e9 v\u00fdzkumn\u00e9 centrum\",\"potentialAction\":[{\"@type\":\"SearchAction\",\"target\":{\"@type\":\"EntryPoint\",\"urlTemplate\":\"https:\/\/www.hilase.cz\/?s={search_term_string}\"},\"query-input\":{\"@type\":\"PropertyValueSpecification\",\"valueRequired\":true,\"valueName\":\"search_term_string\"}}],\"inLanguage\":\"en-US\"}]}<\/script>\n<!-- \/ Yoast SEO plugin. -->","yoast_head_json":{"title":"Building - HiLASE","robots":{"index":"index","follow":"follow","max-snippet":"max-snippet:-1","max-image-preview":"max-image-preview:large","max-video-preview":"max-video-preview:-1"},"canonical":"https:\/\/www.hilase.cz\/en\/building\/","og_locale":"en_US","og_type":"article","og_title":"Building - HiLASE","og_url":"https:\/\/www.hilase.cz\/en\/building\/","og_site_name":"HiLASE","article_modified_time":"2021-01-14T20:03:08+00:00","twitter_card":"summary_large_image","schema":{"@context":"https:\/\/schema.org","@graph":[{"@type":"WebPage","@id":"https:\/\/www.hilase.cz\/en\/building\/","url":"https:\/\/www.hilase.cz\/en\/building\/","name":"Building - HiLASE","isPartOf":{"@id":"https:\/\/www.hilase.cz\/#website"},"datePublished":"2018-03-13T17:28:47+00:00","dateModified":"2021-01-14T20:03:08+00:00","breadcrumb":{"@id":"https:\/\/www.hilase.cz\/en\/building\/#breadcrumb"},"inLanguage":"en-US","potentialAction":[{"@type":"ReadAction","target":["https:\/\/www.hilase.cz\/en\/building\/"]}]},{"@type":"BreadcrumbList","@id":"https:\/\/www.hilase.cz\/en\/building\/#breadcrumb","itemListElement":[{"@type":"ListItem","position":1,"name":"Dom\u016f","item":"https:\/\/www.hilase.cz\/en\/"},{"@type":"ListItem","position":2,"name":"Building"}]},{"@type":"WebSite","@id":"https:\/\/www.hilase.cz\/#website","url":"https:\/\/www.hilase.cz\/","name":"HiLASE","description":"Hi-tech laserov\u00e9 v\u00fdzkumn\u00e9 centrum","potentialAction":[{"@type":"SearchAction","target":{"@type":"EntryPoint","urlTemplate":"https:\/\/www.hilase.cz\/?s={search_term_string}"},"query-input":{"@type":"PropertyValueSpecification","valueRequired":true,"valueName":"search_term_string"}}],"inLanguage":"en-US"}]}},"_links":{"self":[{"href":"https:\/\/www.hilase.cz\/en\/wp-json\/wp\/v2\/pages\/4999","targetHints":{"allow":["GET"]}}],"collection":[{"href":"https:\/\/www.hilase.cz\/en\/wp-json\/wp\/v2\/pages"}],"about":[{"href":"https:\/\/www.hilase.cz\/en\/wp-json\/wp\/v2\/types\/page"}],"author":[{"embeddable":true,"href":"https:\/\/www.hilase.cz\/en\/wp-json\/wp\/v2\/users\/1"}],"replies":[{"embeddable":true,"href":"https:\/\/www.hilase.cz\/en\/wp-json\/wp\/v2\/comments?post=4999"}],"version-history":[{"count":5,"href":"https:\/\/www.hilase.cz\/en\/wp-json\/wp\/v2\/pages\/4999\/revisions"}],"predecessor-version":[{"id":10734,"href":"https:\/\/www.hilase.cz\/en\/wp-json\/wp\/v2\/pages\/4999\/revisions\/10734"}],"wp:attachment":[{"href":"https:\/\/www.hilase.cz\/en\/wp-json\/wp\/v2\/media?parent=4999"}],"curies":[{"name":"wp","href":"https:\/\/api.w.org\/{rel}","templated":true}]}}