{"id":5158,"date":"2019-01-15T17:54:51","date_gmt":"2019-01-15T16:54:51","guid":{"rendered":"http:\/\/www.hilase.cz\/we-offer\/pristrojove-vybaveni\/"},"modified":"2022-01-26T14:33:11","modified_gmt":"2022-01-26T13:33:11","slug":"laboratory-equipment","status":"publish","type":"page","link":"https:\/\/www.hilase.cz\/en\/we-offer\/laboratory-equipment\/","title":{"rendered":"Laboratory equipment"},"content":{"rendered":"","protected":false},"excerpt":{"rendered":"","protected":false},"author":15,"featured_media":0,"parent":810,"menu_order":0,"comment_status":"closed","ping_status":"closed","template":"","meta":{"_acf_changed":false,"_monsterinsights_skip_tracking":false,"_monsterinsights_sitenote_active":false,"_monsterinsights_sitenote_note":"","_monsterinsights_sitenote_category":0,"footnotes":""},"class_list":["post-5158","page","type-page","status-publish","hentry"],"acf":{"obsah":[{"acf_fc_layout":"text","text":"<p>In the HiLASE Centre we provide unique laser systems, excellent experimental stations and other equipment.\u00a0 Our most important facilities include the world record-breaking superlaser \u201eBivoj\u201c, delivering over 1 kW of average power, and compact picosecond thin-disk laser platform \u201ePERLA\u201c delivering high power laser beams at wavelenghts from mid-infrared to deep ultraviolet. There are limited number of institutes in the world pursuing that frontier.<\/p>\n<p>&nbsp;<\/p>\n","oddelovace":"none"},{"acf_fc_layout":"karty","vzhled":"1","karty":[{"obrazek":{"ID":1062,"id":1062,"title":"DSC06116","filename":"DSC06116-1.jpg","filesize":11089969,"url":"https:\/\/www.hilase.cz\/wp-content\/uploads\/DSC06116-1.jpg","link":"https:\/\/www.hilase.cz\/vyzkumne-programy\/vyvoj-pokrocilych-laseru\/dsc06116-2\/","alt":"","author":"15","description":"","caption":"","name":"dsc06116-2","status":"inherit","uploaded_to":5081,"date":"2018-10-23 12:42:01","modified":"2019-02-14 20:10:43","menu_order":0,"mime_type":"image\/jpeg","type":"image","subtype":"jpeg","icon":"https:\/\/www.hilase.cz\/wp-includes\/images\/media\/default.png","width":5472,"height":3648,"sizes":{"thumbnail":"https:\/\/www.hilase.cz\/wp-content\/uploads\/DSC06116-1-175x175.jpg","thumbnail-width":175,"thumbnail-height":175,"medium":"https:\/\/www.hilase.cz\/wp-content\/uploads\/DSC06116-1-600x400.jpg","medium-width":600,"medium-height":400,"medium_large":"https:\/\/www.hilase.cz\/wp-content\/uploads\/DSC06116-1-768x512.jpg","medium_large-width":768,"medium_large-height":512,"large":"https:\/\/www.hilase.cz\/wp-content\/uploads\/DSC06116-1-1800x1200.jpg","large-width":1800,"large-height":1200,"1536x1536":"https:\/\/www.hilase.cz\/wp-content\/uploads\/DSC06116-1.jpg","1536x1536-width":1536,"1536x1536-height":1024,"2048x2048":"https:\/\/www.hilase.cz\/wp-content\/uploads\/DSC06116-1.jpg","2048x2048-width":2048,"2048x2048-height":1365,"image":"https:\/\/www.hilase.cz\/wp-content\/uploads\/DSC06116-1-1170x484.jpg","image-width":1170,"image-height":484,"gallery":"https:\/\/www.hilase.cz\/wp-content\/uploads\/DSC06116-1-273x210.jpg","gallery-width":273,"gallery-height":210,"card":"https:\/\/www.hilase.cz\/wp-content\/uploads\/DSC06116-1-740x390.jpg","card-width":740,"card-height":390,"square":"https:\/\/www.hilase.cz\/wp-content\/uploads\/DSC06116-1-360x360.jpg","square-width":360,"square-height":360}},"nadpis":"Laser systems","zvyraznit_nadpis":false,"text":"","tag":"","typ_odkazu":"odkaz","odkaz":"https:\/\/www.hilase.cz\/en\/we-offer\/laboratory-equipment\/laser-systems\/","stranka":false,"soubor":false},{"obrazek":{"ID":8417,"id":8417,"title":"LIDT new","filename":"LIDT-new-e1643204301823.jpg","filesize":136699,"url":"https:\/\/www.hilase.cz\/wp-content\/uploads\/LIDT-new-e1643204301823.jpg","link":"https:\/\/www.hilase.cz\/en\/nabizime\/pristrojove-vybaveni\/experimentalni-stanice\/lidt-new\/","alt":"","author":"15","description":"","caption":"","name":"lidt-new","status":"inherit","uploaded_to":5124,"date":"2020-01-30 11:14:45","modified":"2022-03-15 14:46:47","menu_order":0,"mime_type":"image\/jpeg","type":"image","subtype":"jpeg","icon":"https:\/\/www.hilase.cz\/wp-includes\/images\/media\/default.png","width":1385,"height":640,"sizes":{"thumbnail":"https:\/\/www.hilase.cz\/wp-content\/uploads\/LIDT-new-e1643204301823-175x175.jpg","thumbnail-width":175,"thumbnail-height":175,"medium":"https:\/\/www.hilase.cz\/wp-content\/uploads\/LIDT-new-e1643204301823-600x277.jpg","medium-width":600,"medium-height":277,"medium_large":"https:\/\/www.hilase.cz\/wp-content\/uploads\/LIDT-new-e1643204301823-768x355.jpg","medium_large-width":768,"medium_large-height":355,"large":"https:\/\/www.hilase.cz\/wp-content\/uploads\/LIDT-new-e1643204301823.jpg","large-width":1385,"large-height":640,"1536x1536":"https:\/\/www.hilase.cz\/wp-content\/uploads\/LIDT-new-e1643204301823.jpg","1536x1536-width":1385,"1536x1536-height":640,"2048x2048":"https:\/\/www.hilase.cz\/wp-content\/uploads\/LIDT-new-e1643204301823.jpg","2048x2048-width":1385,"2048x2048-height":640,"image":"https:\/\/www.hilase.cz\/wp-content\/uploads\/LIDT-new-e1643204301823-1170x484.jpg","image-width":1170,"image-height":484,"gallery":"https:\/\/www.hilase.cz\/wp-content\/uploads\/LIDT-new-e1643204301823-273x210.jpg","gallery-width":273,"gallery-height":210,"card":"https:\/\/www.hilase.cz\/wp-content\/uploads\/LIDT-new-e1643204301823-740x390.jpg","card-width":740,"card-height":390,"square":"https:\/\/www.hilase.cz\/wp-content\/uploads\/LIDT-new-e1643204301823-360x360.jpg","square-width":360,"square-height":360}},"nadpis":"Experimental stations","zvyraznit_nadpis":false,"text":"","tag":"","typ_odkazu":"odkaz","odkaz":"https:\/\/www.hilase.cz\/en\/we-offer\/laboratory-equipment\/experimental-stations\/","stranka":false,"soubor":false},{"obrazek":{"ID":1090,"id":1090,"title":"24_HiLASE","filename":"24_HiLASE.jpg","filesize":611609,"url":"https:\/\/www.hilase.cz\/wp-content\/uploads\/24_HiLASE.jpg","link":"https:\/\/www.hilase.cz\/vyzkumne-programy\/vyvoj-pokrocilych-laseru\/24_hilase\/","alt":"","author":"15","description":"","caption":"","name":"24_hilase","status":"inherit","uploaded_to":5081,"date":"2018-10-28 20:37:59","modified":"2019-02-06 22:14:22","menu_order":0,"mime_type":"image\/jpeg","type":"image","subtype":"jpeg","icon":"https:\/\/www.hilase.cz\/wp-includes\/images\/media\/default.png","width":2304,"height":1536,"sizes":{"thumbnail":"https:\/\/www.hilase.cz\/wp-content\/uploads\/24_HiLASE-175x175.jpg","thumbnail-width":175,"thumbnail-height":175,"medium":"https:\/\/www.hilase.cz\/wp-content\/uploads\/24_HiLASE-600x400.jpg","medium-width":600,"medium-height":400,"medium_large":"https:\/\/www.hilase.cz\/wp-content\/uploads\/24_HiLASE-768x512.jpg","medium_large-width":768,"medium_large-height":512,"large":"https:\/\/www.hilase.cz\/wp-content\/uploads\/24_HiLASE-1800x1200.jpg","large-width":1800,"large-height":1200,"1536x1536":"https:\/\/www.hilase.cz\/wp-content\/uploads\/24_HiLASE.jpg","1536x1536-width":1536,"1536x1536-height":1024,"2048x2048":"https:\/\/www.hilase.cz\/wp-content\/uploads\/24_HiLASE.jpg","2048x2048-width":2048,"2048x2048-height":1365,"image":"https:\/\/www.hilase.cz\/wp-content\/uploads\/24_HiLASE-1170x484.jpg","image-width":1170,"image-height":484,"gallery":"https:\/\/www.hilase.cz\/wp-content\/uploads\/24_HiLASE-273x210.jpg","gallery-width":273,"gallery-height":210,"card":"https:\/\/www.hilase.cz\/wp-content\/uploads\/24_HiLASE-740x390.jpg","card-width":740,"card-height":390,"square":"https:\/\/www.hilase.cz\/wp-content\/uploads\/24_HiLASE-360x360.jpg","square-width":360,"square-height":360}},"nadpis":"Characterization devices","zvyraznit_nadpis":false,"text":"","tag":"","typ_odkazu":"odkaz","odkaz":"https:\/\/www.hilase.cz\/en\/we-offer\/laboratory-equipment\/characterization-devices\/","stranka":false,"soubor":false}]}]},"yoast_head":"<!-- This site is optimized with the Yoast SEO plugin v23.9 - https:\/\/yoast.com\/wordpress\/plugins\/seo\/ -->\n<title>Laboratory equipment - HiLASE<\/title>\n<meta name=\"robots\" content=\"index, follow, max-snippet:-1, max-image-preview:large, max-video-preview:-1\" \/>\n<link rel=\"canonical\" href=\"https:\/\/www.hilase.cz\/en\/we-offer\/laboratory-equipment\/\" \/>\n<meta property=\"og:locale\" content=\"en_US\" \/>\n<meta property=\"og:type\" content=\"article\" \/>\n<meta property=\"og:title\" content=\"Laboratory equipment - HiLASE\" \/>\n<meta property=\"og:url\" content=\"https:\/\/www.hilase.cz\/en\/we-offer\/laboratory-equipment\/\" \/>\n<meta property=\"og:site_name\" content=\"HiLASE\" \/>\n<meta property=\"article:modified_time\" content=\"2022-01-26T13:33:11+00:00\" \/>\n<meta name=\"twitter:card\" content=\"summary_large_image\" \/>\n<script type=\"application\/ld+json\" class=\"yoast-schema-graph\">{\"@context\":\"https:\/\/schema.org\",\"@graph\":[{\"@type\":\"WebPage\",\"@id\":\"https:\/\/www.hilase.cz\/en\/we-offer\/laboratory-equipment\/\",\"url\":\"https:\/\/www.hilase.cz\/en\/we-offer\/laboratory-equipment\/\",\"name\":\"Laboratory equipment - HiLASE\",\"isPartOf\":{\"@id\":\"https:\/\/www.hilase.cz\/#website\"},\"datePublished\":\"2019-01-15T16:54:51+00:00\",\"dateModified\":\"2022-01-26T13:33:11+00:00\",\"breadcrumb\":{\"@id\":\"https:\/\/www.hilase.cz\/en\/we-offer\/laboratory-equipment\/#breadcrumb\"},\"inLanguage\":\"en-US\",\"potentialAction\":[{\"@type\":\"ReadAction\",\"target\":[\"https:\/\/www.hilase.cz\/en\/we-offer\/laboratory-equipment\/\"]}]},{\"@type\":\"BreadcrumbList\",\"@id\":\"https:\/\/www.hilase.cz\/en\/we-offer\/laboratory-equipment\/#breadcrumb\",\"itemListElement\":[{\"@type\":\"ListItem\",\"position\":1,\"name\":\"Dom\u016f\",\"item\":\"https:\/\/www.hilase.cz\/en\/\"},{\"@type\":\"ListItem\",\"position\":2,\"name\":\"We offer\",\"item\":\"https:\/\/www.hilase.cz\/en\/we-offer\/\"},{\"@type\":\"ListItem\",\"position\":3,\"name\":\"Laboratory equipment\"}]},{\"@type\":\"WebSite\",\"@id\":\"https:\/\/www.hilase.cz\/#website\",\"url\":\"https:\/\/www.hilase.cz\/\",\"name\":\"HiLASE\",\"description\":\"Hi-tech laserov\u00e9 v\u00fdzkumn\u00e9 centrum\",\"potentialAction\":[{\"@type\":\"SearchAction\",\"target\":{\"@type\":\"EntryPoint\",\"urlTemplate\":\"https:\/\/www.hilase.cz\/?s={search_term_string}\"},\"query-input\":{\"@type\":\"PropertyValueSpecification\",\"valueRequired\":true,\"valueName\":\"search_term_string\"}}],\"inLanguage\":\"en-US\"}]}<\/script>\n<!-- \/ Yoast SEO plugin. -->","yoast_head_json":{"title":"Laboratory equipment - HiLASE","robots":{"index":"index","follow":"follow","max-snippet":"max-snippet:-1","max-image-preview":"max-image-preview:large","max-video-preview":"max-video-preview:-1"},"canonical":"https:\/\/www.hilase.cz\/en\/we-offer\/laboratory-equipment\/","og_locale":"en_US","og_type":"article","og_title":"Laboratory equipment - HiLASE","og_url":"https:\/\/www.hilase.cz\/en\/we-offer\/laboratory-equipment\/","og_site_name":"HiLASE","article_modified_time":"2022-01-26T13:33:11+00:00","twitter_card":"summary_large_image","schema":{"@context":"https:\/\/schema.org","@graph":[{"@type":"WebPage","@id":"https:\/\/www.hilase.cz\/en\/we-offer\/laboratory-equipment\/","url":"https:\/\/www.hilase.cz\/en\/we-offer\/laboratory-equipment\/","name":"Laboratory equipment - HiLASE","isPartOf":{"@id":"https:\/\/www.hilase.cz\/#website"},"datePublished":"2019-01-15T16:54:51+00:00","dateModified":"2022-01-26T13:33:11+00:00","breadcrumb":{"@id":"https:\/\/www.hilase.cz\/en\/we-offer\/laboratory-equipment\/#breadcrumb"},"inLanguage":"en-US","potentialAction":[{"@type":"ReadAction","target":["https:\/\/www.hilase.cz\/en\/we-offer\/laboratory-equipment\/"]}]},{"@type":"BreadcrumbList","@id":"https:\/\/www.hilase.cz\/en\/we-offer\/laboratory-equipment\/#breadcrumb","itemListElement":[{"@type":"ListItem","position":1,"name":"Dom\u016f","item":"https:\/\/www.hilase.cz\/en\/"},{"@type":"ListItem","position":2,"name":"We offer","item":"https:\/\/www.hilase.cz\/en\/we-offer\/"},{"@type":"ListItem","position":3,"name":"Laboratory equipment"}]},{"@type":"WebSite","@id":"https:\/\/www.hilase.cz\/#website","url":"https:\/\/www.hilase.cz\/","name":"HiLASE","description":"Hi-tech laserov\u00e9 v\u00fdzkumn\u00e9 centrum","potentialAction":[{"@type":"SearchAction","target":{"@type":"EntryPoint","urlTemplate":"https:\/\/www.hilase.cz\/?s={search_term_string}"},"query-input":{"@type":"PropertyValueSpecification","valueRequired":true,"valueName":"search_term_string"}}],"inLanguage":"en-US"}]}},"_links":{"self":[{"href":"https:\/\/www.hilase.cz\/en\/wp-json\/wp\/v2\/pages\/5158","targetHints":{"allow":["GET"]}}],"collection":[{"href":"https:\/\/www.hilase.cz\/en\/wp-json\/wp\/v2\/pages"}],"about":[{"href":"https:\/\/www.hilase.cz\/en\/wp-json\/wp\/v2\/types\/page"}],"author":[{"embeddable":true,"href":"https:\/\/www.hilase.cz\/en\/wp-json\/wp\/v2\/users\/15"}],"replies":[{"embeddable":true,"href":"https:\/\/www.hilase.cz\/en\/wp-json\/wp\/v2\/comments?post=5158"}],"version-history":[{"count":12,"href":"https:\/\/www.hilase.cz\/en\/wp-json\/wp\/v2\/pages\/5158\/revisions"}],"predecessor-version":[{"id":18926,"href":"https:\/\/www.hilase.cz\/en\/wp-json\/wp\/v2\/pages\/5158\/revisions\/18926"}],"up":[{"embeddable":true,"href":"https:\/\/www.hilase.cz\/en\/wp-json\/wp\/v2\/pages\/810"}],"wp:attachment":[{"href":"https:\/\/www.hilase.cz\/en\/wp-json\/wp\/v2\/media?parent=5158"}],"curies":[{"name":"wp","href":"https:\/\/api.w.org\/{rel}","templated":true}]}}