{"id":5161,"date":"2019-02-06T23:53:57","date_gmt":"2019-02-06T22:53:57","guid":{"rendered":"http:\/\/www.hilase.cz\/we-offer\/pristrojove-vybaveni\/experimentalni-stanice\/"},"modified":"2022-01-26T14:32:04","modified_gmt":"2022-01-26T13:32:04","slug":"experimental-stations","status":"publish","type":"page","link":"https:\/\/www.hilase.cz\/en\/we-offer\/laboratory-equipment\/experimental-stations\/","title":{"rendered":"Experimental stations"},"content":{"rendered":"","protected":false},"excerpt":{"rendered":"","protected":false},"author":15,"featured_media":0,"parent":5158,"menu_order":0,"comment_status":"closed","ping_status":"closed","template":"","meta":{"_acf_changed":false,"_monsterinsights_skip_tracking":false,"_monsterinsights_sitenote_active":false,"_monsterinsights_sitenote_note":"","_monsterinsights_sitenote_category":0,"footnotes":""},"class_list":["post-5161","page","type-page","status-publish","hentry"],"acf":{"obsah":[{"acf_fc_layout":"text","text":"<h3>Femtosecond micro-processing station<\/h3>\n<p>The microprocessing facility has been developed for irradiation of materials by ultrashort laser pulses (about 35 fs pulse duration) where the thermal effects, often undesirable, can be significantly reduced compared to the irradiation by longer laser pulse. <a href=\"https:\/\/www.hilase.cz\/en\/research-programmes\/rp3-laserove-aplikace-pro-prumysl\/\">More details.<\/a><\/p>\n","oddelovace":"none"},{"acf_fc_layout":"obrazek","obrazek":{"ID":5125,"id":5125,"title":"4E0A0090 front page copy small","filename":"4E0A0090-front-page-copy-small.jpg","filesize":2326653,"url":"https:\/\/www.hilase.cz\/wp-content\/uploads\/4E0A0090-front-page-copy-small.jpg","link":"https:\/\/www.hilase.cz\/en\/nabizime\/pristrojove-vybaveni\/experimentalni-stanice\/4e0a0090-front-page-copy-small\/","alt":"","author":"15","description":"","caption":"","name":"4e0a0090-front-page-copy-small","status":"inherit","uploaded_to":5124,"date":"2019-02-06 22:46:06","modified":"2019-02-06 22:46:10","menu_order":0,"mime_type":"image\/jpeg","type":"image","subtype":"jpeg","icon":"https:\/\/www.hilase.cz\/wp-includes\/images\/media\/default.png","width":2240,"height":3360,"sizes":{"thumbnail":"https:\/\/www.hilase.cz\/wp-content\/uploads\/4E0A0090-front-page-copy-small-175x175.jpg","thumbnail-width":175,"thumbnail-height":175,"medium":"https:\/\/www.hilase.cz\/wp-content\/uploads\/4E0A0090-front-page-copy-small-400x600.jpg","medium-width":400,"medium-height":600,"medium_large":"https:\/\/www.hilase.cz\/wp-content\/uploads\/4E0A0090-front-page-copy-small-768x1152.jpg","medium_large-width":768,"medium_large-height":1152,"large":"https:\/\/www.hilase.cz\/wp-content\/uploads\/4E0A0090-front-page-copy-small-1200x1800.jpg","large-width":1200,"large-height":1800,"1536x1536":"https:\/\/www.hilase.cz\/wp-content\/uploads\/4E0A0090-front-page-copy-small.jpg","1536x1536-width":1024,"1536x1536-height":1536,"2048x2048":"https:\/\/www.hilase.cz\/wp-content\/uploads\/4E0A0090-front-page-copy-small.jpg","2048x2048-width":1365,"2048x2048-height":2048,"image":"https:\/\/www.hilase.cz\/wp-content\/uploads\/4E0A0090-front-page-copy-small-1170x484.jpg","image-width":1170,"image-height":484,"gallery":"https:\/\/www.hilase.cz\/wp-content\/uploads\/4E0A0090-front-page-copy-small-273x210.jpg","gallery-width":273,"gallery-height":210,"card":"https:\/\/www.hilase.cz\/wp-content\/uploads\/4E0A0090-front-page-copy-small-740x390.jpg","card-width":740,"card-height":390,"square":"https:\/\/www.hilase.cz\/wp-content\/uploads\/4E0A0090-front-page-copy-small-360x360.jpg","square-width":360,"square-height":360}},"popis":"","centrovat_popis":[]},{"acf_fc_layout":"text","text":"<h3>LIDT station<\/h3>\n<p>Laser Induced Damage Threshold (LIDT) is defined as the highest quantity of laser radiation incident on an optical component for which the extrapolated probability of damage is zero. Optical components can be damaged by laser irradiation of sufficiently high energy or power. <a href=\"https:\/\/www.hilase.cz\/en\/research-programmes\/rp3-laserove-aplikace-pro-prumysl\/\">More details<\/a>.<\/p>\n","oddelovace":"none"},{"acf_fc_layout":"obrazek","obrazek":{"ID":8417,"id":8417,"title":"LIDT new","filename":"LIDT-new-e1643204301823.jpg","filesize":136699,"url":"https:\/\/www.hilase.cz\/wp-content\/uploads\/LIDT-new-e1643204301823.jpg","link":"https:\/\/www.hilase.cz\/en\/nabizime\/pristrojove-vybaveni\/experimentalni-stanice\/lidt-new\/","alt":"","author":"15","description":"","caption":"","name":"lidt-new","status":"inherit","uploaded_to":5124,"date":"2020-01-30 11:14:45","modified":"2022-03-15 14:46:47","menu_order":0,"mime_type":"image\/jpeg","type":"image","subtype":"jpeg","icon":"https:\/\/www.hilase.cz\/wp-includes\/images\/media\/default.png","width":1385,"height":640,"sizes":{"thumbnail":"https:\/\/www.hilase.cz\/wp-content\/uploads\/LIDT-new-e1643204301823-175x175.jpg","thumbnail-width":175,"thumbnail-height":175,"medium":"https:\/\/www.hilase.cz\/wp-content\/uploads\/LIDT-new-e1643204301823-600x277.jpg","medium-width":600,"medium-height":277,"medium_large":"https:\/\/www.hilase.cz\/wp-content\/uploads\/LIDT-new-e1643204301823-768x355.jpg","medium_large-width":768,"medium_large-height":355,"large":"https:\/\/www.hilase.cz\/wp-content\/uploads\/LIDT-new-e1643204301823.jpg","large-width":1385,"large-height":640,"1536x1536":"https:\/\/www.hilase.cz\/wp-content\/uploads\/LIDT-new-e1643204301823.jpg","1536x1536-width":1385,"1536x1536-height":640,"2048x2048":"https:\/\/www.hilase.cz\/wp-content\/uploads\/LIDT-new-e1643204301823.jpg","2048x2048-width":1385,"2048x2048-height":640,"image":"https:\/\/www.hilase.cz\/wp-content\/uploads\/LIDT-new-e1643204301823-1170x484.jpg","image-width":1170,"image-height":484,"gallery":"https:\/\/www.hilase.cz\/wp-content\/uploads\/LIDT-new-e1643204301823-273x210.jpg","gallery-width":273,"gallery-height":210,"card":"https:\/\/www.hilase.cz\/wp-content\/uploads\/LIDT-new-e1643204301823-740x390.jpg","card-width":740,"card-height":390,"square":"https:\/\/www.hilase.cz\/wp-content\/uploads\/LIDT-new-e1643204301823-360x360.jpg","square-width":360,"square-height":360}},"popis":"","centrovat_popis":[]},{"acf_fc_layout":"text","text":"<h3>LSP station<\/h3>\n<p>Laser shock peening (LSP) is a surface treatment process designed to improve mechanical properties and fatigue performance of various metals and alloys. The method utilizes a high intensity laser beam to generate strong pressure shock waves on the material surface. Fatigue life of components treated by LSP process is increased due to compressive residual stresses of large magnitudes which prevent surface crack formation and crack propagation. <a href=\"https:\/\/www.hilase.cz\/en\/research-programmes\/rp3-laserove-aplikace-pro-prumysl\/\">More details.<\/a><\/p>\n","oddelovace":"none"},{"acf_fc_layout":"obrazek","obrazek":{"ID":1776,"id":1776,"title":"4E0A0274","filename":"4E0A0274.jpg","filesize":15410874,"url":"https:\/\/www.hilase.cz\/wp-content\/uploads\/4E0A0274.jpg","link":"https:\/\/www.hilase.cz\/vyzkumne-programy\/prumyslove-aplikace-laseru\/4e0a0274\/","alt":"","author":"15","description":"","caption":"","name":"4e0a0274","status":"inherit","uploaded_to":1775,"date":"2019-01-25 13:44:59","modified":"2019-02-06 22:52:15","menu_order":0,"mime_type":"image\/jpeg","type":"image","subtype":"jpeg","icon":"https:\/\/www.hilase.cz\/wp-includes\/images\/media\/default.png","width":6720,"height":4480,"sizes":{"thumbnail":"https:\/\/www.hilase.cz\/wp-content\/uploads\/4E0A0274-175x175.jpg","thumbnail-width":175,"thumbnail-height":175,"medium":"https:\/\/www.hilase.cz\/wp-content\/uploads\/4E0A0274-600x400.jpg","medium-width":600,"medium-height":400,"medium_large":"https:\/\/www.hilase.cz\/wp-content\/uploads\/4E0A0274-768x512.jpg","medium_large-width":768,"medium_large-height":512,"large":"https:\/\/www.hilase.cz\/wp-content\/uploads\/4E0A0274-1800x1200.jpg","large-width":1800,"large-height":1200,"1536x1536":"https:\/\/www.hilase.cz\/wp-content\/uploads\/4E0A0274.jpg","1536x1536-width":1536,"1536x1536-height":1024,"2048x2048":"https:\/\/www.hilase.cz\/wp-content\/uploads\/4E0A0274.jpg","2048x2048-width":2048,"2048x2048-height":1365,"image":"https:\/\/www.hilase.cz\/wp-content\/uploads\/4E0A0274-1170x484.jpg","image-width":1170,"image-height":484,"gallery":"https:\/\/www.hilase.cz\/wp-content\/uploads\/4E0A0274-273x210.jpg","gallery-width":273,"gallery-height":210,"card":"https:\/\/www.hilase.cz\/wp-content\/uploads\/4E0A0274-740x390.jpg","card-width":740,"card-height":390,"square":"https:\/\/www.hilase.cz\/wp-content\/uploads\/4E0A0274-360x360.jpg","square-width":360,"square-height":360}},"popis":"","centrovat_popis":[]},{"acf_fc_layout":"ke_stazeni","nadpis":"To download","zvyraznit_nadpis":false,"soubory":[{"soubor":"https:\/\/www.hilase.cz\/wp-content\/uploads\/HiLASE_Handout_Micromachining_A4_20180115.pdf","popis":"Micromachining station"},{"soubor":"https:\/\/www.hilase.cz\/wp-content\/uploads\/HiLASE_Handout_LIDT_A4_20180115.pdf","popis":"LIDT station"},{"soubor":"https:\/\/www.hilase.cz\/wp-content\/uploads\/HiLASE_Handout_LSP_A4_20180112-II.pdf","popis":"LSP station"}]}]},"yoast_head":"<!-- This site is optimized with the Yoast SEO plugin v23.9 - https:\/\/yoast.com\/wordpress\/plugins\/seo\/ -->\n<title>Experimental stations - HiLASE<\/title>\n<meta name=\"robots\" content=\"index, follow, max-snippet:-1, max-image-preview:large, max-video-preview:-1\" \/>\n<link rel=\"canonical\" href=\"https:\/\/www.hilase.cz\/en\/we-offer\/laboratory-equipment\/experimental-stations\/\" \/>\n<meta property=\"og:locale\" content=\"en_US\" \/>\n<meta property=\"og:type\" content=\"article\" \/>\n<meta property=\"og:title\" content=\"Experimental stations - HiLASE\" \/>\n<meta property=\"og:url\" content=\"https:\/\/www.hilase.cz\/en\/we-offer\/laboratory-equipment\/experimental-stations\/\" \/>\n<meta property=\"og:site_name\" content=\"HiLASE\" \/>\n<meta property=\"article:modified_time\" content=\"2022-01-26T13:32:04+00:00\" \/>\n<meta name=\"twitter:card\" content=\"summary_large_image\" \/>\n<script type=\"application\/ld+json\" class=\"yoast-schema-graph\">{\"@context\":\"https:\/\/schema.org\",\"@graph\":[{\"@type\":\"WebPage\",\"@id\":\"https:\/\/www.hilase.cz\/en\/we-offer\/laboratory-equipment\/experimental-stations\/\",\"url\":\"https:\/\/www.hilase.cz\/en\/we-offer\/laboratory-equipment\/experimental-stations\/\",\"name\":\"Experimental stations - HiLASE\",\"isPartOf\":{\"@id\":\"https:\/\/www.hilase.cz\/#website\"},\"datePublished\":\"2019-02-06T22:53:57+00:00\",\"dateModified\":\"2022-01-26T13:32:04+00:00\",\"breadcrumb\":{\"@id\":\"https:\/\/www.hilase.cz\/en\/we-offer\/laboratory-equipment\/experimental-stations\/#breadcrumb\"},\"inLanguage\":\"en-US\",\"potentialAction\":[{\"@type\":\"ReadAction\",\"target\":[\"https:\/\/www.hilase.cz\/en\/we-offer\/laboratory-equipment\/experimental-stations\/\"]}]},{\"@type\":\"BreadcrumbList\",\"@id\":\"https:\/\/www.hilase.cz\/en\/we-offer\/laboratory-equipment\/experimental-stations\/#breadcrumb\",\"itemListElement\":[{\"@type\":\"ListItem\",\"position\":1,\"name\":\"Dom\u016f\",\"item\":\"https:\/\/www.hilase.cz\/en\/\"},{\"@type\":\"ListItem\",\"position\":2,\"name\":\"We offer\",\"item\":\"https:\/\/www.hilase.cz\/en\/we-offer\/\"},{\"@type\":\"ListItem\",\"position\":3,\"name\":\"Laboratory equipment\",\"item\":\"https:\/\/www.hilase.cz\/en\/we-offer\/laboratory-equipment\/\"},{\"@type\":\"ListItem\",\"position\":4,\"name\":\"Experimental stations\"}]},{\"@type\":\"WebSite\",\"@id\":\"https:\/\/www.hilase.cz\/#website\",\"url\":\"https:\/\/www.hilase.cz\/\",\"name\":\"HiLASE\",\"description\":\"Hi-tech laserov\u00e9 v\u00fdzkumn\u00e9 centrum\",\"potentialAction\":[{\"@type\":\"SearchAction\",\"target\":{\"@type\":\"EntryPoint\",\"urlTemplate\":\"https:\/\/www.hilase.cz\/?s={search_term_string}\"},\"query-input\":{\"@type\":\"PropertyValueSpecification\",\"valueRequired\":true,\"valueName\":\"search_term_string\"}}],\"inLanguage\":\"en-US\"}]}<\/script>\n<!-- \/ Yoast SEO plugin. -->","yoast_head_json":{"title":"Experimental stations - HiLASE","robots":{"index":"index","follow":"follow","max-snippet":"max-snippet:-1","max-image-preview":"max-image-preview:large","max-video-preview":"max-video-preview:-1"},"canonical":"https:\/\/www.hilase.cz\/en\/we-offer\/laboratory-equipment\/experimental-stations\/","og_locale":"en_US","og_type":"article","og_title":"Experimental stations - HiLASE","og_url":"https:\/\/www.hilase.cz\/en\/we-offer\/laboratory-equipment\/experimental-stations\/","og_site_name":"HiLASE","article_modified_time":"2022-01-26T13:32:04+00:00","twitter_card":"summary_large_image","schema":{"@context":"https:\/\/schema.org","@graph":[{"@type":"WebPage","@id":"https:\/\/www.hilase.cz\/en\/we-offer\/laboratory-equipment\/experimental-stations\/","url":"https:\/\/www.hilase.cz\/en\/we-offer\/laboratory-equipment\/experimental-stations\/","name":"Experimental stations - HiLASE","isPartOf":{"@id":"https:\/\/www.hilase.cz\/#website"},"datePublished":"2019-02-06T22:53:57+00:00","dateModified":"2022-01-26T13:32:04+00:00","breadcrumb":{"@id":"https:\/\/www.hilase.cz\/en\/we-offer\/laboratory-equipment\/experimental-stations\/#breadcrumb"},"inLanguage":"en-US","potentialAction":[{"@type":"ReadAction","target":["https:\/\/www.hilase.cz\/en\/we-offer\/laboratory-equipment\/experimental-stations\/"]}]},{"@type":"BreadcrumbList","@id":"https:\/\/www.hilase.cz\/en\/we-offer\/laboratory-equipment\/experimental-stations\/#breadcrumb","itemListElement":[{"@type":"ListItem","position":1,"name":"Dom\u016f","item":"https:\/\/www.hilase.cz\/en\/"},{"@type":"ListItem","position":2,"name":"We offer","item":"https:\/\/www.hilase.cz\/en\/we-offer\/"},{"@type":"ListItem","position":3,"name":"Laboratory equipment","item":"https:\/\/www.hilase.cz\/en\/we-offer\/laboratory-equipment\/"},{"@type":"ListItem","position":4,"name":"Experimental stations"}]},{"@type":"WebSite","@id":"https:\/\/www.hilase.cz\/#website","url":"https:\/\/www.hilase.cz\/","name":"HiLASE","description":"Hi-tech laserov\u00e9 v\u00fdzkumn\u00e9 centrum","potentialAction":[{"@type":"SearchAction","target":{"@type":"EntryPoint","urlTemplate":"https:\/\/www.hilase.cz\/?s={search_term_string}"},"query-input":{"@type":"PropertyValueSpecification","valueRequired":true,"valueName":"search_term_string"}}],"inLanguage":"en-US"}]}},"_links":{"self":[{"href":"https:\/\/www.hilase.cz\/en\/wp-json\/wp\/v2\/pages\/5161","targetHints":{"allow":["GET"]}}],"collection":[{"href":"https:\/\/www.hilase.cz\/en\/wp-json\/wp\/v2\/pages"}],"about":[{"href":"https:\/\/www.hilase.cz\/en\/wp-json\/wp\/v2\/types\/page"}],"author":[{"embeddable":true,"href":"https:\/\/www.hilase.cz\/en\/wp-json\/wp\/v2\/users\/15"}],"replies":[{"embeddable":true,"href":"https:\/\/www.hilase.cz\/en\/wp-json\/wp\/v2\/comments?post=5161"}],"version-history":[{"count":7,"href":"https:\/\/www.hilase.cz\/en\/wp-json\/wp\/v2\/pages\/5161\/revisions"}],"predecessor-version":[{"id":18924,"href":"https:\/\/www.hilase.cz\/en\/wp-json\/wp\/v2\/pages\/5161\/revisions\/18924"}],"up":[{"embeddable":true,"href":"https:\/\/www.hilase.cz\/en\/wp-json\/wp\/v2\/pages\/5158"}],"wp:attachment":[{"href":"https:\/\/www.hilase.cz\/en\/wp-json\/wp\/v2\/media?parent=5161"}],"curies":[{"name":"wp","href":"https:\/\/api.w.org\/{rel}","templated":true}]}}