{"id":5173,"date":"2018-03-13T19:10:26","date_gmt":"2018-03-13T18:10:26","guid":{"rendered":"http:\/\/www.hilase.cz\/we-offer\/sluzby\/"},"modified":"2021-01-14T21:16:31","modified_gmt":"2021-01-14T20:16:31","slug":"services","status":"publish","type":"page","link":"https:\/\/www.hilase.cz\/en\/we-offer\/services\/","title":{"rendered":"Services"},"content":{"rendered":"","protected":false},"excerpt":{"rendered":"","protected":false},"author":1,"featured_media":0,"parent":810,"menu_order":0,"comment_status":"closed","ping_status":"closed","template":"","meta":{"_acf_changed":false,"_monsterinsights_skip_tracking":false,"_monsterinsights_sitenote_active":false,"_monsterinsights_sitenote_note":"","_monsterinsights_sitenote_category":0,"footnotes":""},"class_list":["post-5173","page","type-page","status-publish","hentry"],"acf":{"obsah":[{"acf_fc_layout":"text","text":"<p>In the HiLASE Centre you will find not only outstanding laboratories and experimental halls, but also excellent scientific teams that can prepare tailor-made solutions according to your requirements. For more information contact us at <strong>solutions(at)hilase.cz<\/strong>.<\/p>\n","oddelovace":"none"},{"acf_fc_layout":"karty","vzhled":"3","karty":[{"obrazek":{"ID":5052,"id":5052,"title":"DSC02446 1st drop","filename":"DSC02446-1st-drop.jpg","filesize":9515117,"url":"https:\/\/www.hilase.cz\/wp-content\/uploads\/DSC02446-1st-drop.jpg","link":"https:\/\/www.hilase.cz\/en\/nabizime\/sluzby\/laser-induced-damage-threshold\/dsc02446-1st-drop\/","alt":"","author":"15","description":"","caption":"","name":"dsc02446-1st-drop","status":"inherit","uploaded_to":5051,"date":"2019-01-30 07:48:24","modified":"2019-02-06 22:12:59","menu_order":0,"mime_type":"image\/jpeg","type":"image","subtype":"jpeg","icon":"https:\/\/www.hilase.cz\/wp-includes\/images\/media\/default.png","width":5472,"height":3648,"sizes":{"thumbnail":"https:\/\/www.hilase.cz\/wp-content\/uploads\/DSC02446-1st-drop-175x175.jpg","thumbnail-width":175,"thumbnail-height":175,"medium":"https:\/\/www.hilase.cz\/wp-content\/uploads\/DSC02446-1st-drop-600x400.jpg","medium-width":600,"medium-height":400,"medium_large":"https:\/\/www.hilase.cz\/wp-content\/uploads\/DSC02446-1st-drop-768x512.jpg","medium_large-width":768,"medium_large-height":512,"large":"https:\/\/www.hilase.cz\/wp-content\/uploads\/DSC02446-1st-drop-1800x1200.jpg","large-width":1800,"large-height":1200,"1536x1536":"https:\/\/www.hilase.cz\/wp-content\/uploads\/DSC02446-1st-drop.jpg","1536x1536-width":1536,"1536x1536-height":1024,"2048x2048":"https:\/\/www.hilase.cz\/wp-content\/uploads\/DSC02446-1st-drop.jpg","2048x2048-width":2048,"2048x2048-height":1365,"image":"https:\/\/www.hilase.cz\/wp-content\/uploads\/DSC02446-1st-drop-1170x484.jpg","image-width":1170,"image-height":484,"gallery":"https:\/\/www.hilase.cz\/wp-content\/uploads\/DSC02446-1st-drop-273x210.jpg","gallery-width":273,"gallery-height":210,"card":"https:\/\/www.hilase.cz\/wp-content\/uploads\/DSC02446-1st-drop-740x390.jpg","card-width":740,"card-height":390,"square":"https:\/\/www.hilase.cz\/wp-content\/uploads\/DSC02446-1st-drop-360x360.jpg","square-width":360,"square-height":360}},"nadpis":"Laser Induced Damage Threshold","zvyraznit_nadpis":false,"text":"Top-class testing of materials and components on resistance to laser irradiation.","tag":"","typ_odkazu":"odkaz","odkaz":"https:\/\/www.hilase.cz\/en\/we-offer\/services\/laser-induced-damage-threshold\/","stranka":false,"soubor":false},{"obrazek":{"ID":1779,"id":1779,"title":"4E0A0321","filename":"4E0A0321-1.jpg","filesize":10181499,"url":"https:\/\/www.hilase.cz\/wp-content\/uploads\/4E0A0321-1.jpg","link":"https:\/\/www.hilase.cz\/vyzkumne-programy\/prumyslove-aplikace-laseru\/4e0a0321-2\/","alt":"","author":"15","description":"","caption":"","name":"4e0a0321-2","status":"inherit","uploaded_to":1775,"date":"2019-01-25 13:56:08","modified":"2019-01-30 08:05:16","menu_order":0,"mime_type":"image\/jpeg","type":"image","subtype":"jpeg","icon":"https:\/\/www.hilase.cz\/wp-includes\/images\/media\/default.png","width":6720,"height":4480,"sizes":{"thumbnail":"https:\/\/www.hilase.cz\/wp-content\/uploads\/4E0A0321-1-175x175.jpg","thumbnail-width":175,"thumbnail-height":175,"medium":"https:\/\/www.hilase.cz\/wp-content\/uploads\/4E0A0321-1-600x400.jpg","medium-width":600,"medium-height":400,"medium_large":"https:\/\/www.hilase.cz\/wp-content\/uploads\/4E0A0321-1-768x512.jpg","medium_large-width":768,"medium_large-height":512,"large":"https:\/\/www.hilase.cz\/wp-content\/uploads\/4E0A0321-1-1800x1200.jpg","large-width":1800,"large-height":1200,"1536x1536":"https:\/\/www.hilase.cz\/wp-content\/uploads\/4E0A0321-1.jpg","1536x1536-width":1536,"1536x1536-height":1024,"2048x2048":"https:\/\/www.hilase.cz\/wp-content\/uploads\/4E0A0321-1.jpg","2048x2048-width":2048,"2048x2048-height":1365,"image":"https:\/\/www.hilase.cz\/wp-content\/uploads\/4E0A0321-1-1170x484.jpg","image-width":1170,"image-height":484,"gallery":"https:\/\/www.hilase.cz\/wp-content\/uploads\/4E0A0321-1-273x210.jpg","gallery-width":273,"gallery-height":210,"card":"https:\/\/www.hilase.cz\/wp-content\/uploads\/4E0A0321-1-740x390.jpg","card-width":740,"card-height":390,"square":"https:\/\/www.hilase.cz\/wp-content\/uploads\/4E0A0321-1-360x360.jpg","square-width":360,"square-height":360}},"nadpis":"Laser Shock Peening","zvyraznit_nadpis":false,"text":"Laser treatment increasing fatigue life of metal components.","tag":"","typ_odkazu":"odkaz","odkaz":"https:\/\/www.hilase.cz\/en\/we-offer\/services\/laser-shock-peening\/","stranka":false,"soubor":false},{"obrazek":{"ID":1777,"id":1777,"title":"4E0A0048 copy","filename":"4E0A0048-copy.jpg","filesize":832516,"url":"https:\/\/www.hilase.cz\/wp-content\/uploads\/4E0A0048-copy.jpg","link":"https:\/\/www.hilase.cz\/vyzkumne-programy\/prumyslove-aplikace-laseru\/4e0a0048-copy\/","alt":"","author":"15","description":"","caption":"","name":"4e0a0048-copy","status":"inherit","uploaded_to":1775,"date":"2019-01-25 13:49:16","modified":"2019-03-08 12:16:02","menu_order":0,"mime_type":"image\/jpeg","type":"image","subtype":"jpeg","icon":"https:\/\/www.hilase.cz\/wp-includes\/images\/media\/default.png","width":1344,"height":2016,"sizes":{"thumbnail":"https:\/\/www.hilase.cz\/wp-content\/uploads\/4E0A0048-copy-175x175.jpg","thumbnail-width":175,"thumbnail-height":175,"medium":"https:\/\/www.hilase.cz\/wp-content\/uploads\/4E0A0048-copy-400x600.jpg","medium-width":400,"medium-height":600,"medium_large":"https:\/\/www.hilase.cz\/wp-content\/uploads\/4E0A0048-copy-768x1152.jpg","medium_large-width":768,"medium_large-height":1152,"large":"https:\/\/www.hilase.cz\/wp-content\/uploads\/4E0A0048-copy-1200x1800.jpg","large-width":1200,"large-height":1800,"1536x1536":"https:\/\/www.hilase.cz\/wp-content\/uploads\/4E0A0048-copy.jpg","1536x1536-width":1024,"1536x1536-height":1536,"2048x2048":"https:\/\/www.hilase.cz\/wp-content\/uploads\/4E0A0048-copy.jpg","2048x2048-width":1344,"2048x2048-height":2016,"image":"https:\/\/www.hilase.cz\/wp-content\/uploads\/4E0A0048-copy-1170x484.jpg","image-width":1170,"image-height":484,"gallery":"https:\/\/www.hilase.cz\/wp-content\/uploads\/4E0A0048-copy-273x210.jpg","gallery-width":273,"gallery-height":210,"card":"https:\/\/www.hilase.cz\/wp-content\/uploads\/4E0A0048-copy-740x390.jpg","card-width":740,"card-height":390,"square":"https:\/\/www.hilase.cz\/wp-content\/uploads\/4E0A0048-copy-360x360.jpg","square-width":360,"square-height":360}},"nadpis":"Laser micromachining and surface treatment","zvyraznit_nadpis":false,"text":"Laser cutting, drilling and surface treatment","tag":"","typ_odkazu":"odkaz","odkaz":"https:\/\/www.hilase.cz\/en\/we-offer\/services\/laser-micromachining-and-surface-treatment\/","stranka":false,"soubor":false}]}]},"yoast_head":"<!-- This site is optimized with the Yoast SEO plugin v23.9 - https:\/\/yoast.com\/wordpress\/plugins\/seo\/ -->\n<title>Services - HiLASE<\/title>\n<meta name=\"robots\" content=\"index, follow, max-snippet:-1, max-image-preview:large, max-video-preview:-1\" \/>\n<link rel=\"canonical\" href=\"https:\/\/www.hilase.cz\/en\/we-offer\/services\/\" \/>\n<meta property=\"og:locale\" content=\"en_US\" \/>\n<meta property=\"og:type\" content=\"article\" \/>\n<meta property=\"og:title\" content=\"Services - HiLASE\" \/>\n<meta property=\"og:url\" content=\"https:\/\/www.hilase.cz\/en\/we-offer\/services\/\" \/>\n<meta property=\"og:site_name\" content=\"HiLASE\" \/>\n<meta property=\"article:modified_time\" content=\"2021-01-14T20:16:31+00:00\" \/>\n<meta name=\"twitter:card\" content=\"summary_large_image\" \/>\n<script type=\"application\/ld+json\" class=\"yoast-schema-graph\">{\"@context\":\"https:\/\/schema.org\",\"@graph\":[{\"@type\":\"WebPage\",\"@id\":\"https:\/\/www.hilase.cz\/en\/we-offer\/services\/\",\"url\":\"https:\/\/www.hilase.cz\/en\/we-offer\/services\/\",\"name\":\"Services - HiLASE\",\"isPartOf\":{\"@id\":\"https:\/\/www.hilase.cz\/#website\"},\"datePublished\":\"2018-03-13T18:10:26+00:00\",\"dateModified\":\"2021-01-14T20:16:31+00:00\",\"breadcrumb\":{\"@id\":\"https:\/\/www.hilase.cz\/en\/we-offer\/services\/#breadcrumb\"},\"inLanguage\":\"en-US\",\"potentialAction\":[{\"@type\":\"ReadAction\",\"target\":[\"https:\/\/www.hilase.cz\/en\/we-offer\/services\/\"]}]},{\"@type\":\"BreadcrumbList\",\"@id\":\"https:\/\/www.hilase.cz\/en\/we-offer\/services\/#breadcrumb\",\"itemListElement\":[{\"@type\":\"ListItem\",\"position\":1,\"name\":\"Dom\u016f\",\"item\":\"https:\/\/www.hilase.cz\/en\/\"},{\"@type\":\"ListItem\",\"position\":2,\"name\":\"We offer\",\"item\":\"https:\/\/www.hilase.cz\/en\/we-offer\/\"},{\"@type\":\"ListItem\",\"position\":3,\"name\":\"Services\"}]},{\"@type\":\"WebSite\",\"@id\":\"https:\/\/www.hilase.cz\/#website\",\"url\":\"https:\/\/www.hilase.cz\/\",\"name\":\"HiLASE\",\"description\":\"Hi-tech laserov\u00e9 v\u00fdzkumn\u00e9 centrum\",\"potentialAction\":[{\"@type\":\"SearchAction\",\"target\":{\"@type\":\"EntryPoint\",\"urlTemplate\":\"https:\/\/www.hilase.cz\/?s={search_term_string}\"},\"query-input\":{\"@type\":\"PropertyValueSpecification\",\"valueRequired\":true,\"valueName\":\"search_term_string\"}}],\"inLanguage\":\"en-US\"}]}<\/script>\n<!-- \/ Yoast SEO plugin. -->","yoast_head_json":{"title":"Services - HiLASE","robots":{"index":"index","follow":"follow","max-snippet":"max-snippet:-1","max-image-preview":"max-image-preview:large","max-video-preview":"max-video-preview:-1"},"canonical":"https:\/\/www.hilase.cz\/en\/we-offer\/services\/","og_locale":"en_US","og_type":"article","og_title":"Services - HiLASE","og_url":"https:\/\/www.hilase.cz\/en\/we-offer\/services\/","og_site_name":"HiLASE","article_modified_time":"2021-01-14T20:16:31+00:00","twitter_card":"summary_large_image","schema":{"@context":"https:\/\/schema.org","@graph":[{"@type":"WebPage","@id":"https:\/\/www.hilase.cz\/en\/we-offer\/services\/","url":"https:\/\/www.hilase.cz\/en\/we-offer\/services\/","name":"Services - HiLASE","isPartOf":{"@id":"https:\/\/www.hilase.cz\/#website"},"datePublished":"2018-03-13T18:10:26+00:00","dateModified":"2021-01-14T20:16:31+00:00","breadcrumb":{"@id":"https:\/\/www.hilase.cz\/en\/we-offer\/services\/#breadcrumb"},"inLanguage":"en-US","potentialAction":[{"@type":"ReadAction","target":["https:\/\/www.hilase.cz\/en\/we-offer\/services\/"]}]},{"@type":"BreadcrumbList","@id":"https:\/\/www.hilase.cz\/en\/we-offer\/services\/#breadcrumb","itemListElement":[{"@type":"ListItem","position":1,"name":"Dom\u016f","item":"https:\/\/www.hilase.cz\/en\/"},{"@type":"ListItem","position":2,"name":"We offer","item":"https:\/\/www.hilase.cz\/en\/we-offer\/"},{"@type":"ListItem","position":3,"name":"Services"}]},{"@type":"WebSite","@id":"https:\/\/www.hilase.cz\/#website","url":"https:\/\/www.hilase.cz\/","name":"HiLASE","description":"Hi-tech laserov\u00e9 v\u00fdzkumn\u00e9 centrum","potentialAction":[{"@type":"SearchAction","target":{"@type":"EntryPoint","urlTemplate":"https:\/\/www.hilase.cz\/?s={search_term_string}"},"query-input":{"@type":"PropertyValueSpecification","valueRequired":true,"valueName":"search_term_string"}}],"inLanguage":"en-US"}]}},"_links":{"self":[{"href":"https:\/\/www.hilase.cz\/en\/wp-json\/wp\/v2\/pages\/5173","targetHints":{"allow":["GET"]}}],"collection":[{"href":"https:\/\/www.hilase.cz\/en\/wp-json\/wp\/v2\/pages"}],"about":[{"href":"https:\/\/www.hilase.cz\/en\/wp-json\/wp\/v2\/types\/page"}],"author":[{"embeddable":true,"href":"https:\/\/www.hilase.cz\/en\/wp-json\/wp\/v2\/users\/1"}],"replies":[{"embeddable":true,"href":"https:\/\/www.hilase.cz\/en\/wp-json\/wp\/v2\/comments?post=5173"}],"version-history":[{"count":22,"href":"https:\/\/www.hilase.cz\/en\/wp-json\/wp\/v2\/pages\/5173\/revisions"}],"predecessor-version":[{"id":10745,"href":"https:\/\/www.hilase.cz\/en\/wp-json\/wp\/v2\/pages\/5173\/revisions\/10745"}],"up":[{"embeddable":true,"href":"https:\/\/www.hilase.cz\/en\/wp-json\/wp\/v2\/pages\/810"}],"wp:attachment":[{"href":"https:\/\/www.hilase.cz\/en\/wp-json\/wp\/v2\/media?parent=5173"}],"curies":[{"name":"wp","href":"https:\/\/api.w.org\/{rel}","templated":true}]}}