{"id":5178,"date":"2019-02-06T23:29:42","date_gmt":"2019-02-06T22:29:42","guid":{"rendered":"http:\/\/www.hilase.cz\/we-offer\/pristrojove-vybaveni\/laserove-systemy\/"},"modified":"2020-08-11T10:34:39","modified_gmt":"2020-08-11T08:34:39","slug":"laser-systems","status":"publish","type":"page","link":"https:\/\/www.hilase.cz\/en\/we-offer\/laboratory-equipment\/laser-systems\/","title":{"rendered":"Laser systems"},"content":{"rendered":"","protected":false},"excerpt":{"rendered":"","protected":false},"author":15,"featured_media":0,"parent":5158,"menu_order":0,"comment_status":"closed","ping_status":"closed","template":"","meta":{"_acf_changed":false,"_monsterinsights_skip_tracking":false,"_monsterinsights_sitenote_active":false,"_monsterinsights_sitenote_note":"","_monsterinsights_sitenote_category":0,"footnotes":""},"class_list":["post-5178","page","type-page","status-publish","hentry"],"acf":{"obsah":[{"acf_fc_layout":"text","text":"<h3>Laser system &#8220;BIVOJ&#8221;<\/h3>\n<p>The Bivoj laser system is a kW-class nanosecond pulsed diode pumped solid state laser (DPSSL). First operation of the laser at the end of 2016 demonstrated amplification of 10 ns pulses at 10 Hz pulse repetition rate to the energy of 105 J at 1029.5 nm, representing the world\u2019s first kW average power, high-energy, nanosecond pulsed DPSSL. <a href=\"https:\/\/www.hilase.cz\/en\/research-programmes\/advanced-laser-development-ald\/\">More details<\/a>.<\/p>\n","oddelovace":"none"},{"acf_fc_layout":"obrazek","obrazek":{"ID":7418,"id":7418,"title":"bivoj_visualization no text","filename":"bivoj_visualization-no-text.jpg","filesize":3022613,"url":"https:\/\/www.hilase.cz\/wp-content\/uploads\/bivoj_visualization-no-text.jpg","link":"https:\/\/www.hilase.cz\/en\/nabizime\/pristrojove-vybaveni\/laserove-systemy\/bivoj_visualization-no-text\/","alt":"","author":"15","description":"","caption":"","name":"bivoj_visualization-no-text","status":"inherit","uploaded_to":5111,"date":"2019-07-16 12:31:46","modified":"2019-07-16 12:31:46","menu_order":0,"mime_type":"image\/jpeg","type":"image","subtype":"jpeg","icon":"https:\/\/www.hilase.cz\/wp-includes\/images\/media\/default.png","width":7680,"height":4320,"sizes":{"thumbnail":"https:\/\/www.hilase.cz\/wp-content\/uploads\/bivoj_visualization-no-text-175x175.jpg","thumbnail-width":175,"thumbnail-height":175,"medium":"https:\/\/www.hilase.cz\/wp-content\/uploads\/bivoj_visualization-no-text-600x338.jpg","medium-width":600,"medium-height":338,"medium_large":"https:\/\/www.hilase.cz\/wp-content\/uploads\/bivoj_visualization-no-text-768x432.jpg","medium_large-width":768,"medium_large-height":432,"large":"https:\/\/www.hilase.cz\/wp-content\/uploads\/bivoj_visualization-no-text-1800x1013.jpg","large-width":1800,"large-height":1013,"1536x1536":"https:\/\/www.hilase.cz\/wp-content\/uploads\/bivoj_visualization-no-text.jpg","1536x1536-width":1536,"1536x1536-height":864,"2048x2048":"https:\/\/www.hilase.cz\/wp-content\/uploads\/bivoj_visualization-no-text.jpg","2048x2048-width":2048,"2048x2048-height":1152,"image":"https:\/\/www.hilase.cz\/wp-content\/uploads\/bivoj_visualization-no-text-1170x484.jpg","image-width":1170,"image-height":484,"gallery":"https:\/\/www.hilase.cz\/wp-content\/uploads\/bivoj_visualization-no-text-273x210.jpg","gallery-width":273,"gallery-height":210,"card":"https:\/\/www.hilase.cz\/wp-content\/uploads\/bivoj_visualization-no-text-740x390.jpg","card-width":740,"card-height":390,"square":"https:\/\/www.hilase.cz\/wp-content\/uploads\/bivoj_visualization-no-text-360x360.jpg","square-width":360,"square-height":360}},"popis":"LASER SYSTEM \"BIVOJ\": Diode-pumped solid-state laser (DPSSL) DiPOLE 100\r\n","centrovat_popis":[]},{"acf_fc_layout":"text","text":"<h3>Laser system &#8220;PERLA&#8221;<\/h3>\n<p>The PERLA beamlines are based upon Yb:Yag thin disk technology, offering ps and fs pulses at average powers up to 1 kW, over a range of energy and repetition rate combinations. The main operating wavelength is 1030 nm, however generation of up to the 5th harmonic as well as Mid-IR generation allows operation down to 200 nm, up to over 3000 nm is available. <a href=\"https:\/\/www.hilase.cz\/en\/research-programmes\/advanced-laser-development-ald\/\">More details<\/a>.<\/p>\n","oddelovace":"none"},{"acf_fc_layout":"obrazek","obrazek":{"ID":5112,"id":5112,"title":"4E0A9886 banner copy small","filename":"4E0A9886-banner-copy-small.jpg","filesize":2468696,"url":"https:\/\/www.hilase.cz\/wp-content\/uploads\/4E0A9886-banner-copy-small.jpg","link":"https:\/\/www.hilase.cz\/en\/nabizime\/pristrojove-vybaveni\/laserove-systemy\/4e0a9886-banner-copy-small\/","alt":"","author":"15","description":"","caption":"","name":"4e0a9886-banner-copy-small","status":"inherit","uploaded_to":5111,"date":"2019-02-06 22:24:31","modified":"2019-03-12 12:23:02","menu_order":0,"mime_type":"image\/jpeg","type":"image","subtype":"jpeg","icon":"https:\/\/www.hilase.cz\/wp-includes\/images\/media\/default.png","width":3360,"height":2240,"sizes":{"thumbnail":"https:\/\/www.hilase.cz\/wp-content\/uploads\/4E0A9886-banner-copy-small-175x175.jpg","thumbnail-width":175,"thumbnail-height":175,"medium":"https:\/\/www.hilase.cz\/wp-content\/uploads\/4E0A9886-banner-copy-small-600x400.jpg","medium-width":600,"medium-height":400,"medium_large":"https:\/\/www.hilase.cz\/wp-content\/uploads\/4E0A9886-banner-copy-small-768x512.jpg","medium_large-width":768,"medium_large-height":512,"large":"https:\/\/www.hilase.cz\/wp-content\/uploads\/4E0A9886-banner-copy-small-1800x1200.jpg","large-width":1800,"large-height":1200,"1536x1536":"https:\/\/www.hilase.cz\/wp-content\/uploads\/4E0A9886-banner-copy-small.jpg","1536x1536-width":1536,"1536x1536-height":1024,"2048x2048":"https:\/\/www.hilase.cz\/wp-content\/uploads\/4E0A9886-banner-copy-small.jpg","2048x2048-width":2048,"2048x2048-height":1365,"image":"https:\/\/www.hilase.cz\/wp-content\/uploads\/4E0A9886-banner-copy-small-1170x484.jpg","image-width":1170,"image-height":484,"gallery":"https:\/\/www.hilase.cz\/wp-content\/uploads\/4E0A9886-banner-copy-small-273x210.jpg","gallery-width":273,"gallery-height":210,"card":"https:\/\/www.hilase.cz\/wp-content\/uploads\/4E0A9886-banner-copy-small-740x390.jpg","card-width":740,"card-height":390,"square":"https:\/\/www.hilase.cz\/wp-content\/uploads\/4E0A9886-banner-copy-small-360x360.jpg","square-width":360,"square-height":360}},"popis":"","centrovat_popis":[]},{"acf_fc_layout":"ke_stazeni","nadpis":"Downloads","zvyraznit_nadpis":false,"soubory":[{"soubor":false,"popis":"PERLA"}]}]},"yoast_head":"<!-- This site is optimized with the Yoast SEO plugin v23.9 - https:\/\/yoast.com\/wordpress\/plugins\/seo\/ -->\n<title>Laser systems - HiLASE<\/title>\n<meta name=\"robots\" content=\"index, follow, max-snippet:-1, max-image-preview:large, max-video-preview:-1\" \/>\n<link rel=\"canonical\" href=\"https:\/\/www.hilase.cz\/en\/we-offer\/laboratory-equipment\/laser-systems\/\" \/>\n<meta property=\"og:locale\" content=\"en_US\" \/>\n<meta property=\"og:type\" content=\"article\" \/>\n<meta property=\"og:title\" content=\"Laser systems - HiLASE\" \/>\n<meta property=\"og:url\" content=\"https:\/\/www.hilase.cz\/en\/we-offer\/laboratory-equipment\/laser-systems\/\" \/>\n<meta property=\"og:site_name\" content=\"HiLASE\" \/>\n<meta property=\"article:modified_time\" content=\"2020-08-11T08:34:39+00:00\" \/>\n<meta name=\"twitter:card\" content=\"summary_large_image\" \/>\n<script type=\"application\/ld+json\" class=\"yoast-schema-graph\">{\"@context\":\"https:\/\/schema.org\",\"@graph\":[{\"@type\":\"WebPage\",\"@id\":\"https:\/\/www.hilase.cz\/en\/we-offer\/laboratory-equipment\/laser-systems\/\",\"url\":\"https:\/\/www.hilase.cz\/en\/we-offer\/laboratory-equipment\/laser-systems\/\",\"name\":\"Laser systems - HiLASE\",\"isPartOf\":{\"@id\":\"https:\/\/www.hilase.cz\/#website\"},\"datePublished\":\"2019-02-06T22:29:42+00:00\",\"dateModified\":\"2020-08-11T08:34:39+00:00\",\"breadcrumb\":{\"@id\":\"https:\/\/www.hilase.cz\/en\/we-offer\/laboratory-equipment\/laser-systems\/#breadcrumb\"},\"inLanguage\":\"en-US\",\"potentialAction\":[{\"@type\":\"ReadAction\",\"target\":[\"https:\/\/www.hilase.cz\/en\/we-offer\/laboratory-equipment\/laser-systems\/\"]}]},{\"@type\":\"BreadcrumbList\",\"@id\":\"https:\/\/www.hilase.cz\/en\/we-offer\/laboratory-equipment\/laser-systems\/#breadcrumb\",\"itemListElement\":[{\"@type\":\"ListItem\",\"position\":1,\"name\":\"Dom\u016f\",\"item\":\"https:\/\/www.hilase.cz\/en\/\"},{\"@type\":\"ListItem\",\"position\":2,\"name\":\"We offer\",\"item\":\"https:\/\/www.hilase.cz\/en\/we-offer\/\"},{\"@type\":\"ListItem\",\"position\":3,\"name\":\"Laboratory equipment\",\"item\":\"https:\/\/www.hilase.cz\/en\/we-offer\/laboratory-equipment\/\"},{\"@type\":\"ListItem\",\"position\":4,\"name\":\"Laser systems\"}]},{\"@type\":\"WebSite\",\"@id\":\"https:\/\/www.hilase.cz\/#website\",\"url\":\"https:\/\/www.hilase.cz\/\",\"name\":\"HiLASE\",\"description\":\"Hi-tech laserov\u00e9 v\u00fdzkumn\u00e9 centrum\",\"potentialAction\":[{\"@type\":\"SearchAction\",\"target\":{\"@type\":\"EntryPoint\",\"urlTemplate\":\"https:\/\/www.hilase.cz\/?s={search_term_string}\"},\"query-input\":{\"@type\":\"PropertyValueSpecification\",\"valueRequired\":true,\"valueName\":\"search_term_string\"}}],\"inLanguage\":\"en-US\"}]}<\/script>\n<!-- \/ Yoast SEO plugin. -->","yoast_head_json":{"title":"Laser systems - HiLASE","robots":{"index":"index","follow":"follow","max-snippet":"max-snippet:-1","max-image-preview":"max-image-preview:large","max-video-preview":"max-video-preview:-1"},"canonical":"https:\/\/www.hilase.cz\/en\/we-offer\/laboratory-equipment\/laser-systems\/","og_locale":"en_US","og_type":"article","og_title":"Laser systems - HiLASE","og_url":"https:\/\/www.hilase.cz\/en\/we-offer\/laboratory-equipment\/laser-systems\/","og_site_name":"HiLASE","article_modified_time":"2020-08-11T08:34:39+00:00","twitter_card":"summary_large_image","schema":{"@context":"https:\/\/schema.org","@graph":[{"@type":"WebPage","@id":"https:\/\/www.hilase.cz\/en\/we-offer\/laboratory-equipment\/laser-systems\/","url":"https:\/\/www.hilase.cz\/en\/we-offer\/laboratory-equipment\/laser-systems\/","name":"Laser systems - HiLASE","isPartOf":{"@id":"https:\/\/www.hilase.cz\/#website"},"datePublished":"2019-02-06T22:29:42+00:00","dateModified":"2020-08-11T08:34:39+00:00","breadcrumb":{"@id":"https:\/\/www.hilase.cz\/en\/we-offer\/laboratory-equipment\/laser-systems\/#breadcrumb"},"inLanguage":"en-US","potentialAction":[{"@type":"ReadAction","target":["https:\/\/www.hilase.cz\/en\/we-offer\/laboratory-equipment\/laser-systems\/"]}]},{"@type":"BreadcrumbList","@id":"https:\/\/www.hilase.cz\/en\/we-offer\/laboratory-equipment\/laser-systems\/#breadcrumb","itemListElement":[{"@type":"ListItem","position":1,"name":"Dom\u016f","item":"https:\/\/www.hilase.cz\/en\/"},{"@type":"ListItem","position":2,"name":"We offer","item":"https:\/\/www.hilase.cz\/en\/we-offer\/"},{"@type":"ListItem","position":3,"name":"Laboratory equipment","item":"https:\/\/www.hilase.cz\/en\/we-offer\/laboratory-equipment\/"},{"@type":"ListItem","position":4,"name":"Laser systems"}]},{"@type":"WebSite","@id":"https:\/\/www.hilase.cz\/#website","url":"https:\/\/www.hilase.cz\/","name":"HiLASE","description":"Hi-tech laserov\u00e9 v\u00fdzkumn\u00e9 centrum","potentialAction":[{"@type":"SearchAction","target":{"@type":"EntryPoint","urlTemplate":"https:\/\/www.hilase.cz\/?s={search_term_string}"},"query-input":{"@type":"PropertyValueSpecification","valueRequired":true,"valueName":"search_term_string"}}],"inLanguage":"en-US"}]}},"_links":{"self":[{"href":"https:\/\/www.hilase.cz\/en\/wp-json\/wp\/v2\/pages\/5178","targetHints":{"allow":["GET"]}}],"collection":[{"href":"https:\/\/www.hilase.cz\/en\/wp-json\/wp\/v2\/pages"}],"about":[{"href":"https:\/\/www.hilase.cz\/en\/wp-json\/wp\/v2\/types\/page"}],"author":[{"embeddable":true,"href":"https:\/\/www.hilase.cz\/en\/wp-json\/wp\/v2\/users\/15"}],"replies":[{"embeddable":true,"href":"https:\/\/www.hilase.cz\/en\/wp-json\/wp\/v2\/comments?post=5178"}],"version-history":[{"count":9,"href":"https:\/\/www.hilase.cz\/en\/wp-json\/wp\/v2\/pages\/5178\/revisions"}],"predecessor-version":[{"id":9450,"href":"https:\/\/www.hilase.cz\/en\/wp-json\/wp\/v2\/pages\/5178\/revisions\/9450"}],"up":[{"embeddable":true,"href":"https:\/\/www.hilase.cz\/en\/wp-json\/wp\/v2\/pages\/5158"}],"wp:attachment":[{"href":"https:\/\/www.hilase.cz\/en\/wp-json\/wp\/v2\/media?parent=5178"}],"curies":[{"name":"wp","href":"https:\/\/api.w.org\/{rel}","templated":true}]}}