{"id":5181,"date":"2019-02-07T00:00:15","date_gmt":"2019-02-06T23:00:15","guid":{"rendered":"http:\/\/www.hilase.cz\/we-offer\/pristrojove-vybaveni\/zarizeni-pro-charakterizaci\/"},"modified":"2019-02-11T22:55:37","modified_gmt":"2019-02-11T21:55:37","slug":"characterization-devices","status":"publish","type":"page","link":"https:\/\/www.hilase.cz\/en\/we-offer\/laboratory-equipment\/characterization-devices\/","title":{"rendered":"Characterization devices"},"content":{"rendered":"","protected":false},"excerpt":{"rendered":"","protected":false},"author":15,"featured_media":0,"parent":5158,"menu_order":0,"comment_status":"closed","ping_status":"closed","template":"","meta":{"_acf_changed":false,"_monsterinsights_skip_tracking":false,"_monsterinsights_sitenote_active":false,"_monsterinsights_sitenote_note":"","_monsterinsights_sitenote_category":0,"footnotes":""},"class_list":["post-5181","page","type-page","status-publish","hentry"],"acf":{"obsah":[{"acf_fc_layout":"text","text":"<p>We provide following devices:<\/p>\n<ul>\n<li>Scanning Electron Microscope<\/li>\n<li>X-ray Diffractometer<\/li>\n<li>Atomic Force Microscope<\/li>\n<li>Raman Spectroscopy Station<\/li>\n<li>Laser Scanning Confocal Microscope<\/li>\n<li>ZYGO Interferometer<\/li>\n<\/ul>\n","oddelovace":"none"}]},"yoast_head":"<!-- This site is optimized with the Yoast SEO plugin v23.9 - https:\/\/yoast.com\/wordpress\/plugins\/seo\/ -->\n<title>Characterization devices - HiLASE<\/title>\n<meta name=\"robots\" content=\"index, follow, max-snippet:-1, max-image-preview:large, max-video-preview:-1\" \/>\n<link rel=\"canonical\" href=\"https:\/\/www.hilase.cz\/en\/we-offer\/laboratory-equipment\/characterization-devices\/\" \/>\n<meta property=\"og:locale\" content=\"en_US\" \/>\n<meta property=\"og:type\" content=\"article\" \/>\n<meta property=\"og:title\" content=\"Characterization devices - HiLASE\" \/>\n<meta property=\"og:url\" content=\"https:\/\/www.hilase.cz\/en\/we-offer\/laboratory-equipment\/characterization-devices\/\" \/>\n<meta property=\"og:site_name\" content=\"HiLASE\" \/>\n<meta property=\"article:modified_time\" content=\"2019-02-11T21:55:37+00:00\" \/>\n<meta name=\"twitter:card\" content=\"summary_large_image\" \/>\n<script type=\"application\/ld+json\" class=\"yoast-schema-graph\">{\"@context\":\"https:\/\/schema.org\",\"@graph\":[{\"@type\":\"WebPage\",\"@id\":\"https:\/\/www.hilase.cz\/en\/we-offer\/laboratory-equipment\/characterization-devices\/\",\"url\":\"https:\/\/www.hilase.cz\/en\/we-offer\/laboratory-equipment\/characterization-devices\/\",\"name\":\"Characterization devices - HiLASE\",\"isPartOf\":{\"@id\":\"https:\/\/www.hilase.cz\/#website\"},\"datePublished\":\"2019-02-06T23:00:15+00:00\",\"dateModified\":\"2019-02-11T21:55:37+00:00\",\"breadcrumb\":{\"@id\":\"https:\/\/www.hilase.cz\/en\/we-offer\/laboratory-equipment\/characterization-devices\/#breadcrumb\"},\"inLanguage\":\"en-US\",\"potentialAction\":[{\"@type\":\"ReadAction\",\"target\":[\"https:\/\/www.hilase.cz\/en\/we-offer\/laboratory-equipment\/characterization-devices\/\"]}]},{\"@type\":\"BreadcrumbList\",\"@id\":\"https:\/\/www.hilase.cz\/en\/we-offer\/laboratory-equipment\/characterization-devices\/#breadcrumb\",\"itemListElement\":[{\"@type\":\"ListItem\",\"position\":1,\"name\":\"Dom\u016f\",\"item\":\"https:\/\/www.hilase.cz\/en\/\"},{\"@type\":\"ListItem\",\"position\":2,\"name\":\"We offer\",\"item\":\"https:\/\/www.hilase.cz\/en\/we-offer\/\"},{\"@type\":\"ListItem\",\"position\":3,\"name\":\"Laboratory equipment\",\"item\":\"https:\/\/www.hilase.cz\/en\/we-offer\/laboratory-equipment\/\"},{\"@type\":\"ListItem\",\"position\":4,\"name\":\"Characterization devices\"}]},{\"@type\":\"WebSite\",\"@id\":\"https:\/\/www.hilase.cz\/#website\",\"url\":\"https:\/\/www.hilase.cz\/\",\"name\":\"HiLASE\",\"description\":\"Hi-tech laserov\u00e9 v\u00fdzkumn\u00e9 centrum\",\"potentialAction\":[{\"@type\":\"SearchAction\",\"target\":{\"@type\":\"EntryPoint\",\"urlTemplate\":\"https:\/\/www.hilase.cz\/?s={search_term_string}\"},\"query-input\":{\"@type\":\"PropertyValueSpecification\",\"valueRequired\":true,\"valueName\":\"search_term_string\"}}],\"inLanguage\":\"en-US\"}]}<\/script>\n<!-- \/ Yoast SEO plugin. -->","yoast_head_json":{"title":"Characterization devices - HiLASE","robots":{"index":"index","follow":"follow","max-snippet":"max-snippet:-1","max-image-preview":"max-image-preview:large","max-video-preview":"max-video-preview:-1"},"canonical":"https:\/\/www.hilase.cz\/en\/we-offer\/laboratory-equipment\/characterization-devices\/","og_locale":"en_US","og_type":"article","og_title":"Characterization devices - HiLASE","og_url":"https:\/\/www.hilase.cz\/en\/we-offer\/laboratory-equipment\/characterization-devices\/","og_site_name":"HiLASE","article_modified_time":"2019-02-11T21:55:37+00:00","twitter_card":"summary_large_image","schema":{"@context":"https:\/\/schema.org","@graph":[{"@type":"WebPage","@id":"https:\/\/www.hilase.cz\/en\/we-offer\/laboratory-equipment\/characterization-devices\/","url":"https:\/\/www.hilase.cz\/en\/we-offer\/laboratory-equipment\/characterization-devices\/","name":"Characterization devices - HiLASE","isPartOf":{"@id":"https:\/\/www.hilase.cz\/#website"},"datePublished":"2019-02-06T23:00:15+00:00","dateModified":"2019-02-11T21:55:37+00:00","breadcrumb":{"@id":"https:\/\/www.hilase.cz\/en\/we-offer\/laboratory-equipment\/characterization-devices\/#breadcrumb"},"inLanguage":"en-US","potentialAction":[{"@type":"ReadAction","target":["https:\/\/www.hilase.cz\/en\/we-offer\/laboratory-equipment\/characterization-devices\/"]}]},{"@type":"BreadcrumbList","@id":"https:\/\/www.hilase.cz\/en\/we-offer\/laboratory-equipment\/characterization-devices\/#breadcrumb","itemListElement":[{"@type":"ListItem","position":1,"name":"Dom\u016f","item":"https:\/\/www.hilase.cz\/en\/"},{"@type":"ListItem","position":2,"name":"We offer","item":"https:\/\/www.hilase.cz\/en\/we-offer\/"},{"@type":"ListItem","position":3,"name":"Laboratory equipment","item":"https:\/\/www.hilase.cz\/en\/we-offer\/laboratory-equipment\/"},{"@type":"ListItem","position":4,"name":"Characterization devices"}]},{"@type":"WebSite","@id":"https:\/\/www.hilase.cz\/#website","url":"https:\/\/www.hilase.cz\/","name":"HiLASE","description":"Hi-tech laserov\u00e9 v\u00fdzkumn\u00e9 centrum","potentialAction":[{"@type":"SearchAction","target":{"@type":"EntryPoint","urlTemplate":"https:\/\/www.hilase.cz\/?s={search_term_string}"},"query-input":{"@type":"PropertyValueSpecification","valueRequired":true,"valueName":"search_term_string"}}],"inLanguage":"en-US"}]}},"_links":{"self":[{"href":"https:\/\/www.hilase.cz\/en\/wp-json\/wp\/v2\/pages\/5181","targetHints":{"allow":["GET"]}}],"collection":[{"href":"https:\/\/www.hilase.cz\/en\/wp-json\/wp\/v2\/pages"}],"about":[{"href":"https:\/\/www.hilase.cz\/en\/wp-json\/wp\/v2\/types\/page"}],"author":[{"embeddable":true,"href":"https:\/\/www.hilase.cz\/en\/wp-json\/wp\/v2\/users\/15"}],"replies":[{"embeddable":true,"href":"https:\/\/www.hilase.cz\/en\/wp-json\/wp\/v2\/comments?post=5181"}],"version-history":[{"count":2,"href":"https:\/\/www.hilase.cz\/en\/wp-json\/wp\/v2\/pages\/5181\/revisions"}],"predecessor-version":[{"id":5183,"href":"https:\/\/www.hilase.cz\/en\/wp-json\/wp\/v2\/pages\/5181\/revisions\/5183"}],"up":[{"embeddable":true,"href":"https:\/\/www.hilase.cz\/en\/wp-json\/wp\/v2\/pages\/5158"}],"wp:attachment":[{"href":"https:\/\/www.hilase.cz\/en\/wp-json\/wp\/v2\/media?parent=5181"}],"curies":[{"name":"wp","href":"https:\/\/api.w.org\/{rel}","templated":true}]}}