{"id":5243,"date":"2019-01-23T15:00:14","date_gmt":"2019-01-23T14:00:14","guid":{"rendered":"http:\/\/www.hilase.cz\/activities\/bd\/"},"modified":"2023-01-05T14:30:03","modified_gmt":"2023-01-05T13:30:03","slug":"technology-transfer","status":"publish","type":"page","link":"https:\/\/www.hilase.cz\/en\/activities\/technology-transfer\/","title":{"rendered":"Business Development"},"content":{"rendered":"","protected":false},"excerpt":{"rendered":"","protected":false},"author":15,"featured_media":0,"parent":826,"menu_order":0,"comment_status":"closed","ping_status":"closed","template":"","meta":{"_acf_changed":false,"_monsterinsights_skip_tracking":false,"_monsterinsights_sitenote_active":false,"_monsterinsights_sitenote_note":"","_monsterinsights_sitenote_category":0,"footnotes":""},"class_list":["post-5243","page","type-page","status-publish","hentry"],"acf":{"obsah":[{"acf_fc_layout":"text","text":"<p>The HiLASE Laser Centre represents an excellent technological infrastructure in the field of laser research and development on a global level. It combines experimental laser development with advanced industrial applications under one roof. The centre works closely with a number of companies and manufacturing companies to create innovative laser solutions for their specific needs. In particular, it offers its expertise in the following areas:<\/p>\n<ul>\n<li>Producing functional materials<\/li>\n<li>Increasing the durability of metal components by laser shock peening (LSP)<\/li>\n<li>Micromachining using laser technology<\/li>\n<li>Laser Induced Damage Threshold (LIDT) measurement in an ISO certified laboratory<\/li>\n<\/ul>\n<p>The HiLASE Centre has two unique high-power diode-pumped solid-state <a href=\"https:\/\/www.hilase.cz\/en\/we-offer\/research-infrastructure\/\">laser systems called PERLA and BIVOJ<\/a>. Thanks to our top-notch team, we can use these lasers for a range of high-end laser applications or develop a tailor-made solution specifically for your requirements. We also offer the <a href=\"https:\/\/www.hilase.cz\/en\/products\/perla-100\/\">PERLA\u00ae<\/a> series of compact laser systems and <a href=\"https:\/\/www.hilase.cz\/en\/products\/go-pico\/\">GOpico\u00ae<\/a> fiber oscillators for industrial applications. The HiLASE Center also provides laser systems to external users (beam time), performs feasibility studies on laser processes and verifies the principles of laser technologies and designs. It is an owner of several <a href=\"https:\/\/www.hilase.cz\/en\/we-offer\/patents\/\">patents<\/a>.<\/p>\n<p>You can read about our products and services <a href=\"https:\/\/www.hilase.cz\/en\/products\/\">HERE<\/a>.<\/p>\n<p><strong>For more detailed information please contact our colleagues (below) or write to us at solutions(at)hilase.cz<\/strong>.<\/p>\n","oddelovace":"none"},{"acf_fc_layout":"karty","vzhled":"1","karty":[{"obrazek":{"ID":24286,"id":24286,"title":"2","filename":"2-155.png","filesize":57399,"url":"https:\/\/www.hilase.cz\/wp-content\/uploads\/2-155.png","link":"https:\/\/www.hilase.cz\/en\/aktivity\/transfer-technologii\/2-160\/","alt":"","author":"15","description":"","caption":"","name":"2-160","status":"inherit","uploaded_to":1750,"date":"2023-01-05 12:35:58","modified":"2023-01-05 12:35:58","menu_order":0,"mime_type":"image\/png","type":"image","subtype":"png","icon":"https:\/\/www.hilase.cz\/wp-includes\/images\/media\/default.png","width":314,"height":314,"sizes":{"thumbnail":"https:\/\/www.hilase.cz\/wp-content\/uploads\/2-155-175x175.png","thumbnail-width":175,"thumbnail-height":175,"medium":"https:\/\/www.hilase.cz\/wp-content\/uploads\/2-155.png","medium-width":314,"medium-height":314,"medium_large":"https:\/\/www.hilase.cz\/wp-content\/uploads\/2-155.png","medium_large-width":314,"medium_large-height":314,"large":"https:\/\/www.hilase.cz\/wp-content\/uploads\/2-155.png","large-width":314,"large-height":314,"1536x1536":"https:\/\/www.hilase.cz\/wp-content\/uploads\/2-155.png","1536x1536-width":314,"1536x1536-height":314,"2048x2048":"https:\/\/www.hilase.cz\/wp-content\/uploads\/2-155.png","2048x2048-width":314,"2048x2048-height":314,"image":"https:\/\/www.hilase.cz\/wp-content\/uploads\/2-155.png","image-width":314,"image-height":314,"gallery":"https:\/\/www.hilase.cz\/wp-content\/uploads\/2-155-273x210.png","gallery-width":273,"gallery-height":210,"card":"https:\/\/www.hilase.cz\/wp-content\/uploads\/2-155.png","card-width":314,"card-height":314,"square":"https:\/\/www.hilase.cz\/wp-content\/uploads\/2-155.png","square-width":314,"square-height":314}},"nadpis":"Martina Rehakova | Business Development Manager for the Czech Republic","zvyraznit_nadpis":true,"text":"+420 702 004 921 | martina.rehakova@hilase.cz","tag":"","typ_odkazu":"odkaz","odkaz":"","stranka":false,"soubor":false},{"obrazek":{"ID":24285,"id":24285,"title":"1","filename":"1-159.png","filesize":48891,"url":"https:\/\/www.hilase.cz\/wp-content\/uploads\/1-159.png","link":"https:\/\/www.hilase.cz\/en\/aktivity\/transfer-technologii\/1-167\/","alt":"","author":"15","description":"","caption":"","name":"1-167","status":"inherit","uploaded_to":1750,"date":"2023-01-05 12:35:44","modified":"2023-01-05 12:35:44","menu_order":0,"mime_type":"image\/png","type":"image","subtype":"png","icon":"https:\/\/www.hilase.cz\/wp-includes\/images\/media\/default.png","width":314,"height":314,"sizes":{"thumbnail":"https:\/\/www.hilase.cz\/wp-content\/uploads\/1-159-175x175.png","thumbnail-width":175,"thumbnail-height":175,"medium":"https:\/\/www.hilase.cz\/wp-content\/uploads\/1-159.png","medium-width":314,"medium-height":314,"medium_large":"https:\/\/www.hilase.cz\/wp-content\/uploads\/1-159.png","medium_large-width":314,"medium_large-height":314,"large":"https:\/\/www.hilase.cz\/wp-content\/uploads\/1-159.png","large-width":314,"large-height":314,"1536x1536":"https:\/\/www.hilase.cz\/wp-content\/uploads\/1-159.png","1536x1536-width":314,"1536x1536-height":314,"2048x2048":"https:\/\/www.hilase.cz\/wp-content\/uploads\/1-159.png","2048x2048-width":314,"2048x2048-height":314,"image":"https:\/\/www.hilase.cz\/wp-content\/uploads\/1-159.png","image-width":314,"image-height":314,"gallery":"https:\/\/www.hilase.cz\/wp-content\/uploads\/1-159-273x210.png","gallery-width":273,"gallery-height":210,"card":"https:\/\/www.hilase.cz\/wp-content\/uploads\/1-159.png","card-width":314,"card-height":314,"square":"https:\/\/www.hilase.cz\/wp-content\/uploads\/1-159.png","square-width":314,"square-height":314}},"nadpis":"Sanin Zulic | International Business Development Manager","zvyraznit_nadpis":true,"text":"+420 314 007 758 | sanin.zulic@hilase.cz","tag":"","typ_odkazu":"odkaz","odkaz":"","stranka":false,"soubor":false},{"obrazek":{"ID":24284,"id":24284,"title":"3","filename":"3-13.png","filesize":40993,"url":"https:\/\/www.hilase.cz\/wp-content\/uploads\/3-13.png","link":"https:\/\/www.hilase.cz\/en\/aktivity\/transfer-technologii\/3-17\/","alt":"","author":"15","description":"","caption":"","name":"3-17","status":"inherit","uploaded_to":1750,"date":"2023-01-05 12:35:32","modified":"2023-01-05 12:35:32","menu_order":0,"mime_type":"image\/png","type":"image","subtype":"png","icon":"https:\/\/www.hilase.cz\/wp-includes\/images\/media\/default.png","width":314,"height":314,"sizes":{"thumbnail":"https:\/\/www.hilase.cz\/wp-content\/uploads\/3-13-175x175.png","thumbnail-width":175,"thumbnail-height":175,"medium":"https:\/\/www.hilase.cz\/wp-content\/uploads\/3-13.png","medium-width":314,"medium-height":314,"medium_large":"https:\/\/www.hilase.cz\/wp-content\/uploads\/3-13.png","medium_large-width":314,"medium_large-height":314,"large":"https:\/\/www.hilase.cz\/wp-content\/uploads\/3-13.png","large-width":314,"large-height":314,"1536x1536":"https:\/\/www.hilase.cz\/wp-content\/uploads\/3-13.png","1536x1536-width":314,"1536x1536-height":314,"2048x2048":"https:\/\/www.hilase.cz\/wp-content\/uploads\/3-13.png","2048x2048-width":314,"2048x2048-height":314,"image":"https:\/\/www.hilase.cz\/wp-content\/uploads\/3-13.png","image-width":314,"image-height":314,"gallery":"https:\/\/www.hilase.cz\/wp-content\/uploads\/3-13-273x210.png","gallery-width":273,"gallery-height":210,"card":"https:\/\/www.hilase.cz\/wp-content\/uploads\/3-13.png","card-width":314,"card-height":314,"square":"https:\/\/www.hilase.cz\/wp-content\/uploads\/3-13.png","square-width":314,"square-height":314}},"nadpis":"Bo-Anne Rohlik | Business Development Specialist","zvyraznit_nadpis":true,"text":"+420 702 234 931 | bo-anne.rohlik@hilase.cz","tag":"","typ_odkazu":"odkaz","odkaz":"","stranka":false,"soubor":false}]},{"acf_fc_layout":"banner","nadpis":"Successful cooperation","zvyraznit_nadpis":false,"text":"We successfully collaborate on a number of projects with leading research centers and industrial companies all over the world. Have a look at some of them.","obrazek":{"ID":5241,"id":5241,"title":"4E0A0161 copy","filename":"4E0A0161-copy.jpg","filesize":1386349,"url":"https:\/\/www.hilase.cz\/wp-content\/uploads\/4E0A0161-copy.jpg","link":"https:\/\/www.hilase.cz\/en\/aktivity\/transfer-technologii\/4e0a0161-copy\/","alt":"","author":"15","description":"","caption":"","name":"4e0a0161-copy","status":"inherit","uploaded_to":1750,"date":"2019-02-12 22:23:01","modified":"2019-02-12 22:23:06","menu_order":0,"mime_type":"image\/jpeg","type":"image","subtype":"jpeg","icon":"https:\/\/www.hilase.cz\/wp-includes\/images\/media\/default.png","width":2688,"height":1792,"sizes":{"thumbnail":"https:\/\/www.hilase.cz\/wp-content\/uploads\/4E0A0161-copy-175x175.jpg","thumbnail-width":175,"thumbnail-height":175,"medium":"https:\/\/www.hilase.cz\/wp-content\/uploads\/4E0A0161-copy-600x400.jpg","medium-width":600,"medium-height":400,"medium_large":"https:\/\/www.hilase.cz\/wp-content\/uploads\/4E0A0161-copy-768x512.jpg","medium_large-width":768,"medium_large-height":512,"large":"https:\/\/www.hilase.cz\/wp-content\/uploads\/4E0A0161-copy-1800x1200.jpg","large-width":1800,"large-height":1200,"1536x1536":"https:\/\/www.hilase.cz\/wp-content\/uploads\/4E0A0161-copy.jpg","1536x1536-width":1536,"1536x1536-height":1024,"2048x2048":"https:\/\/www.hilase.cz\/wp-content\/uploads\/4E0A0161-copy.jpg","2048x2048-width":2048,"2048x2048-height":1365,"image":"https:\/\/www.hilase.cz\/wp-content\/uploads\/4E0A0161-copy-1170x484.jpg","image-width":1170,"image-height":484,"gallery":"https:\/\/www.hilase.cz\/wp-content\/uploads\/4E0A0161-copy-273x210.jpg","gallery-width":273,"gallery-height":210,"card":"https:\/\/www.hilase.cz\/wp-content\/uploads\/4E0A0161-copy-740x390.jpg","card-width":740,"card-height":390,"square":"https:\/\/www.hilase.cz\/wp-content\/uploads\/4E0A0161-copy-360x360.jpg","square-width":360,"square-height":360}},"odkaz":"https:\/\/www.hilase.cz\/en\/cooperation\/"}]},"yoast_head":"<!-- This site is optimized with the Yoast SEO plugin v23.9 - https:\/\/yoast.com\/wordpress\/plugins\/seo\/ -->\n<title>Business Development - HiLASE<\/title>\n<meta name=\"robots\" content=\"index, follow, max-snippet:-1, max-image-preview:large, max-video-preview:-1\" \/>\n<link rel=\"canonical\" href=\"https:\/\/www.hilase.cz\/en\/activities\/technology-transfer\/\" \/>\n<meta property=\"og:locale\" content=\"en_US\" \/>\n<meta property=\"og:type\" content=\"article\" \/>\n<meta property=\"og:title\" content=\"Business Development - HiLASE\" \/>\n<meta property=\"og:url\" content=\"https:\/\/www.hilase.cz\/en\/activities\/technology-transfer\/\" \/>\n<meta property=\"og:site_name\" content=\"HiLASE\" \/>\n<meta property=\"article:modified_time\" content=\"2023-01-05T13:30:03+00:00\" \/>\n<meta name=\"twitter:card\" content=\"summary_large_image\" \/>\n<script type=\"application\/ld+json\" class=\"yoast-schema-graph\">{\"@context\":\"https:\/\/schema.org\",\"@graph\":[{\"@type\":\"WebPage\",\"@id\":\"https:\/\/www.hilase.cz\/en\/activities\/technology-transfer\/\",\"url\":\"https:\/\/www.hilase.cz\/en\/activities\/technology-transfer\/\",\"name\":\"Business Development - HiLASE\",\"isPartOf\":{\"@id\":\"https:\/\/www.hilase.cz\/#website\"},\"datePublished\":\"2019-01-23T14:00:14+00:00\",\"dateModified\":\"2023-01-05T13:30:03+00:00\",\"breadcrumb\":{\"@id\":\"https:\/\/www.hilase.cz\/en\/activities\/technology-transfer\/#breadcrumb\"},\"inLanguage\":\"en-US\",\"potentialAction\":[{\"@type\":\"ReadAction\",\"target\":[\"https:\/\/www.hilase.cz\/en\/activities\/technology-transfer\/\"]}]},{\"@type\":\"BreadcrumbList\",\"@id\":\"https:\/\/www.hilase.cz\/en\/activities\/technology-transfer\/#breadcrumb\",\"itemListElement\":[{\"@type\":\"ListItem\",\"position\":1,\"name\":\"Dom\u016f\",\"item\":\"https:\/\/www.hilase.cz\/en\/\"},{\"@type\":\"ListItem\",\"position\":2,\"name\":\"Activities\",\"item\":\"https:\/\/www.hilase.cz\/en\/activities\/\"},{\"@type\":\"ListItem\",\"position\":3,\"name\":\"Business Development\"}]},{\"@type\":\"WebSite\",\"@id\":\"https:\/\/www.hilase.cz\/#website\",\"url\":\"https:\/\/www.hilase.cz\/\",\"name\":\"HiLASE\",\"description\":\"Hi-tech laserov\u00e9 v\u00fdzkumn\u00e9 centrum\",\"potentialAction\":[{\"@type\":\"SearchAction\",\"target\":{\"@type\":\"EntryPoint\",\"urlTemplate\":\"https:\/\/www.hilase.cz\/?s={search_term_string}\"},\"query-input\":{\"@type\":\"PropertyValueSpecification\",\"valueRequired\":true,\"valueName\":\"search_term_string\"}}],\"inLanguage\":\"en-US\"}]}<\/script>\n<!-- \/ Yoast SEO plugin. -->","yoast_head_json":{"title":"Business Development - HiLASE","robots":{"index":"index","follow":"follow","max-snippet":"max-snippet:-1","max-image-preview":"max-image-preview:large","max-video-preview":"max-video-preview:-1"},"canonical":"https:\/\/www.hilase.cz\/en\/activities\/technology-transfer\/","og_locale":"en_US","og_type":"article","og_title":"Business Development - HiLASE","og_url":"https:\/\/www.hilase.cz\/en\/activities\/technology-transfer\/","og_site_name":"HiLASE","article_modified_time":"2023-01-05T13:30:03+00:00","twitter_card":"summary_large_image","schema":{"@context":"https:\/\/schema.org","@graph":[{"@type":"WebPage","@id":"https:\/\/www.hilase.cz\/en\/activities\/technology-transfer\/","url":"https:\/\/www.hilase.cz\/en\/activities\/technology-transfer\/","name":"Business Development - HiLASE","isPartOf":{"@id":"https:\/\/www.hilase.cz\/#website"},"datePublished":"2019-01-23T14:00:14+00:00","dateModified":"2023-01-05T13:30:03+00:00","breadcrumb":{"@id":"https:\/\/www.hilase.cz\/en\/activities\/technology-transfer\/#breadcrumb"},"inLanguage":"en-US","potentialAction":[{"@type":"ReadAction","target":["https:\/\/www.hilase.cz\/en\/activities\/technology-transfer\/"]}]},{"@type":"BreadcrumbList","@id":"https:\/\/www.hilase.cz\/en\/activities\/technology-transfer\/#breadcrumb","itemListElement":[{"@type":"ListItem","position":1,"name":"Dom\u016f","item":"https:\/\/www.hilase.cz\/en\/"},{"@type":"ListItem","position":2,"name":"Activities","item":"https:\/\/www.hilase.cz\/en\/activities\/"},{"@type":"ListItem","position":3,"name":"Business Development"}]},{"@type":"WebSite","@id":"https:\/\/www.hilase.cz\/#website","url":"https:\/\/www.hilase.cz\/","name":"HiLASE","description":"Hi-tech laserov\u00e9 v\u00fdzkumn\u00e9 centrum","potentialAction":[{"@type":"SearchAction","target":{"@type":"EntryPoint","urlTemplate":"https:\/\/www.hilase.cz\/?s={search_term_string}"},"query-input":{"@type":"PropertyValueSpecification","valueRequired":true,"valueName":"search_term_string"}}],"inLanguage":"en-US"}]}},"_links":{"self":[{"href":"https:\/\/www.hilase.cz\/en\/wp-json\/wp\/v2\/pages\/5243","targetHints":{"allow":["GET"]}}],"collection":[{"href":"https:\/\/www.hilase.cz\/en\/wp-json\/wp\/v2\/pages"}],"about":[{"href":"https:\/\/www.hilase.cz\/en\/wp-json\/wp\/v2\/types\/page"}],"author":[{"embeddable":true,"href":"https:\/\/www.hilase.cz\/en\/wp-json\/wp\/v2\/users\/15"}],"replies":[{"embeddable":true,"href":"https:\/\/www.hilase.cz\/en\/wp-json\/wp\/v2\/comments?post=5243"}],"version-history":[{"count":13,"href":"https:\/\/www.hilase.cz\/en\/wp-json\/wp\/v2\/pages\/5243\/revisions"}],"predecessor-version":[{"id":24300,"href":"https:\/\/www.hilase.cz\/en\/wp-json\/wp\/v2\/pages\/5243\/revisions\/24300"}],"up":[{"embeddable":true,"href":"https:\/\/www.hilase.cz\/en\/wp-json\/wp\/v2\/pages\/826"}],"wp:attachment":[{"href":"https:\/\/www.hilase.cz\/en\/wp-json\/wp\/v2\/media?parent=5243"}],"curies":[{"name":"wp","href":"https:\/\/api.w.org\/{rel}","templated":true}]}}