{"id":5412,"date":"2018-03-13T19:10:20","date_gmt":"2018-03-13T18:10:20","guid":{"rendered":"http:\/\/www.hilase.cz\/activities\/technicka-podpora\/"},"modified":"2024-07-08T13:40:55","modified_gmt":"2024-07-08T11:40:55","slug":"technicka-podpora","status":"publish","type":"page","link":"https:\/\/www.hilase.cz\/en\/activities\/technicka-podpora\/","title":{"rendered":"Engineering &#038; Technical Support"},"content":{"rendered":"<p>P\u0159\u00edstrojov\u00e9 a technologick\u00e9 vybaven\u00ed centr\u00e1n\u00edch laborato\u0159\u00ed z CEITECu je dostupn\u00e9 jak intern\u00edm, tak extern\u00edm u\u017eivatel\u016fm bez ohledu na p\u0159\u00edslu\u0161nost k v\u00fdzkumn\u00fdm t\u00e9mat\u016fm nebo konkr\u00e9n\u00ed v\u00fdzkumn\u00e9 instituci. O v\u0161ech n\u00ed\u017ee vylistovan\u00fdch p\u0159\u00edstroj\u00edch a technologi\u00edch je mo\u017en\u00e9 z\u00edskat bli\u017e\u0161\u00ed informace. O v\u011bt\u0161in\u011b je mo\u017en\u00e9 z\u00edskat i informaci o aktu\u00e1ln\u00ed dostupnosti a mo\u017enostech rezervace.<\/p>\n","protected":false},"excerpt":{"rendered":"<p>P\u0159\u00edstrojov\u00e9 a technologick\u00e9 vybaven\u00ed centr\u00e1n\u00edch laborato\u0159\u00ed z CEITECu je dostupn\u00e9 jak intern\u00edm, tak extern\u00edm u\u017eivatel\u016fm bez ohledu na p\u0159\u00edslu\u0161nost k v\u00fdzkumn\u00fdm t\u00e9mat\u016fm nebo konkr\u00e9n\u00ed v\u00fdzkumn\u00e9 instituci. O v\u0161ech n\u00ed\u017ee vylistovan\u00fdch p\u0159\u00edstroj\u00edch a technologi\u00edch je mo\u017en\u00e9 z\u00edskat bli\u017e\u0161\u00ed informace. O v\u011bt\u0161in\u011b je mo\u017en\u00e9 z\u00edskat i informaci o aktu\u00e1ln\u00ed dostupnosti a mo\u017enostech rezervace.<\/p>\n","protected":false},"author":1,"featured_media":0,"parent":826,"menu_order":0,"comment_status":"closed","ping_status":"closed","template":"","meta":{"_acf_changed":false,"_monsterinsights_skip_tracking":false,"_monsterinsights_sitenote_active":false,"_monsterinsights_sitenote_note":"","_monsterinsights_sitenote_category":0,"footnotes":""},"class_list":["post-5412","page","type-page","status-publish","hentry"],"acf":{"obsah":[{"acf_fc_layout":"text","text":"<p>The main task of the technical team is to provide full technical support to the HiLASE Centre scientific team, starting with visualizations, through the construction of mechanical and opto-mechanical parts and equipment, through control systems to ensuring the running of workshops, laboratories, buildings and related technologies.<\/p>\n","oddelovace":"none"},{"acf_fc_layout":"slider","slider":[{"nadpis":"Design team","zvyraznit_nadpis":false,"text":"We are experienced specialists who deal with the technical aspects of scientific work. We provide development of our own mechanical structures for individual research teams. We specialize in the design of precise opto-mechanical devices with special requirements (IR radiation, vacuum, vibration, LN2 cooling, etc.).  ","odkaz":"","odkaz_text":"","obrazek":{"ID":5276,"id":5276,"title":"Skrin 1A","filename":"Skrin-1A.jpg","filesize":102605,"url":"https:\/\/www.hilase.cz\/wp-content\/uploads\/Skrin-1A.jpg","link":"https:\/\/www.hilase.cz\/en\/aktivity\/technicka-podpora\/skrin-1a\/","alt":"","author":"15","description":"","caption":"","name":"skrin-1a","status":"inherit","uploaded_to":93,"date":"2019-02-13 15:55:04","modified":"2019-02-13 16:28:49","menu_order":0,"mime_type":"image\/jpeg","type":"image","subtype":"jpeg","icon":"https:\/\/www.hilase.cz\/wp-includes\/images\/media\/default.png","width":1456,"height":796,"sizes":{"thumbnail":"https:\/\/www.hilase.cz\/wp-content\/uploads\/Skrin-1A-175x175.jpg","thumbnail-width":175,"thumbnail-height":175,"medium":"https:\/\/www.hilase.cz\/wp-content\/uploads\/Skrin-1A-600x328.jpg","medium-width":600,"medium-height":328,"medium_large":"https:\/\/www.hilase.cz\/wp-content\/uploads\/Skrin-1A-768x420.jpg","medium_large-width":768,"medium_large-height":420,"large":"https:\/\/www.hilase.cz\/wp-content\/uploads\/Skrin-1A.jpg","large-width":1456,"large-height":796,"1536x1536":"https:\/\/www.hilase.cz\/wp-content\/uploads\/Skrin-1A.jpg","1536x1536-width":1456,"1536x1536-height":796,"2048x2048":"https:\/\/www.hilase.cz\/wp-content\/uploads\/Skrin-1A.jpg","2048x2048-width":1456,"2048x2048-height":796,"image":"https:\/\/www.hilase.cz\/wp-content\/uploads\/Skrin-1A-1170x484.jpg","image-width":1170,"image-height":484,"gallery":"https:\/\/www.hilase.cz\/wp-content\/uploads\/Skrin-1A-273x210.jpg","gallery-width":273,"gallery-height":210,"card":"https:\/\/www.hilase.cz\/wp-content\/uploads\/Skrin-1A-740x390.jpg","card-width":740,"card-height":390,"square":"https:\/\/www.hilase.cz\/wp-content\/uploads\/Skrin-1A-360x360.jpg","square-width":360,"square-height":360}}},{"nadpis":"Control system team","zvyraznit_nadpis":false,"text":"Our goal is to programme and build control systems for our laser centre. The field of application is wide: from automation of laser processes through the security system of persons and equipment to the design of electronics. ","odkaz":"","odkaz_text":"","obrazek":{"ID":5275,"id":5275,"title":"Elektrotechnik","filename":"Elektrotechnik.jpg","filesize":136465,"url":"https:\/\/www.hilase.cz\/wp-content\/uploads\/Elektrotechnik.jpg","link":"https:\/\/www.hilase.cz\/en\/aktivity\/technicka-podpora\/elektrotechnik\/","alt":"","author":"15","description":"","caption":"","name":"elektrotechnik","status":"inherit","uploaded_to":93,"date":"2019-02-13 15:54:43","modified":"2019-02-13 15:54:48","menu_order":0,"mime_type":"image\/jpeg","type":"image","subtype":"jpeg","icon":"https:\/\/www.hilase.cz\/wp-includes\/images\/media\/default.png","width":832,"height":468,"sizes":{"thumbnail":"https:\/\/www.hilase.cz\/wp-content\/uploads\/Elektrotechnik-175x175.jpg","thumbnail-width":175,"thumbnail-height":175,"medium":"https:\/\/www.hilase.cz\/wp-content\/uploads\/Elektrotechnik-600x338.jpg","medium-width":600,"medium-height":338,"medium_large":"https:\/\/www.hilase.cz\/wp-content\/uploads\/Elektrotechnik-768x432.jpg","medium_large-width":768,"medium_large-height":432,"large":"https:\/\/www.hilase.cz\/wp-content\/uploads\/Elektrotechnik.jpg","large-width":832,"large-height":468,"1536x1536":"https:\/\/www.hilase.cz\/wp-content\/uploads\/Elektrotechnik.jpg","1536x1536-width":832,"1536x1536-height":468,"2048x2048":"https:\/\/www.hilase.cz\/wp-content\/uploads\/Elektrotechnik.jpg","2048x2048-width":832,"2048x2048-height":468,"image":"https:\/\/www.hilase.cz\/wp-content\/uploads\/Elektrotechnik.jpg","image-width":832,"image-height":468,"gallery":"https:\/\/www.hilase.cz\/wp-content\/uploads\/Elektrotechnik-273x210.jpg","gallery-width":273,"gallery-height":210,"card":"https:\/\/www.hilase.cz\/wp-content\/uploads\/Elektrotechnik-740x390.jpg","card-width":740,"card-height":390,"square":"https:\/\/www.hilase.cz\/wp-content\/uploads\/Elektrotechnik-360x360.jpg","square-width":360,"square-height":360}}}]},{"acf_fc_layout":"banner","nadpis":"Technical Team","zvyraznit_nadpis":false,"text":"","obrazek":{"ID":32293,"id":32293,"title":"ETS web banner","filename":"ETS-web-banner.png","filesize":862492,"url":"https:\/\/www.hilase.cz\/wp-content\/uploads\/ETS-web-banner.png","link":"https:\/\/www.hilase.cz\/en\/aktivity\/technicka-podpora\/ets-web-banner\/","alt":"","author":"10","description":"","caption":"","name":"ets-web-banner","status":"inherit","uploaded_to":93,"date":"2024-07-08 11:39:54","modified":"2024-07-08 11:40:17","menu_order":0,"mime_type":"image\/png","type":"image","subtype":"png","icon":"https:\/\/www.hilase.cz\/wp-includes\/images\/media\/default.png","width":1170,"height":430,"sizes":{"thumbnail":"https:\/\/www.hilase.cz\/wp-content\/uploads\/ETS-web-banner-175x175.png","thumbnail-width":175,"thumbnail-height":175,"medium":"https:\/\/www.hilase.cz\/wp-content\/uploads\/ETS-web-banner-600x221.png","medium-width":600,"medium-height":221,"medium_large":"https:\/\/www.hilase.cz\/wp-content\/uploads\/ETS-web-banner-768x282.png","medium_large-width":768,"medium_large-height":282,"large":"https:\/\/www.hilase.cz\/wp-content\/uploads\/ETS-web-banner.png","large-width":1170,"large-height":430,"1536x1536":"https:\/\/www.hilase.cz\/wp-content\/uploads\/ETS-web-banner.png","1536x1536-width":1170,"1536x1536-height":430,"2048x2048":"https:\/\/www.hilase.cz\/wp-content\/uploads\/ETS-web-banner.png","2048x2048-width":1170,"2048x2048-height":430,"image":"https:\/\/www.hilase.cz\/wp-content\/uploads\/ETS-web-banner.png","image-width":1170,"image-height":430,"gallery":"https:\/\/www.hilase.cz\/wp-content\/uploads\/ETS-web-banner-273x210.png","gallery-width":273,"gallery-height":210,"card":"https:\/\/www.hilase.cz\/wp-content\/uploads\/ETS-web-banner-740x390.png","card-width":740,"card-height":390,"square":"https:\/\/www.hilase.cz\/wp-content\/uploads\/ETS-web-banner-360x360.png","square-width":360,"square-height":360}},"odkaz":""},{"acf_fc_layout":"pribeh","obrazek":{"ID":26073,"id":26073,"title":"Hor\u00e1\u010dek-Jakub-360x360","filename":"Horacek-Jakub-360x360-1.png","filesize":203811,"url":"https:\/\/www.hilase.cz\/wp-content\/uploads\/Horacek-Jakub-360x360-1.png","link":"https:\/\/www.hilase.cz\/volne-pozice\/vyvojar-elektronik-hw\/horacek-jakub-360x360\/","alt":"","author":"8","description":"","caption":"","name":"horacek-jakub-360x360","status":"inherit","uploaded_to":26067,"date":"2023-03-13 08:02:06","modified":"2023-03-13 08:02:06","menu_order":0,"mime_type":"image\/png","type":"image","subtype":"png","icon":"https:\/\/www.hilase.cz\/wp-includes\/images\/media\/default.png","width":360,"height":360,"sizes":{"thumbnail":"https:\/\/www.hilase.cz\/wp-content\/uploads\/Horacek-Jakub-360x360-1-175x175.png","thumbnail-width":175,"thumbnail-height":175,"medium":"https:\/\/www.hilase.cz\/wp-content\/uploads\/Horacek-Jakub-360x360-1.png","medium-width":360,"medium-height":360,"medium_large":"https:\/\/www.hilase.cz\/wp-content\/uploads\/Horacek-Jakub-360x360-1.png","medium_large-width":360,"medium_large-height":360,"large":"https:\/\/www.hilase.cz\/wp-content\/uploads\/Horacek-Jakub-360x360-1.png","large-width":360,"large-height":360,"1536x1536":"https:\/\/www.hilase.cz\/wp-content\/uploads\/Horacek-Jakub-360x360-1.png","1536x1536-width":360,"1536x1536-height":360,"2048x2048":"https:\/\/www.hilase.cz\/wp-content\/uploads\/Horacek-Jakub-360x360-1.png","2048x2048-width":360,"2048x2048-height":360,"image":"https:\/\/www.hilase.cz\/wp-content\/uploads\/Horacek-Jakub-360x360-1.png","image-width":360,"image-height":360,"gallery":"https:\/\/www.hilase.cz\/wp-content\/uploads\/Horacek-Jakub-360x360-1-273x210.png","gallery-width":273,"gallery-height":210,"card":"https:\/\/www.hilase.cz\/wp-content\/uploads\/Horacek-Jakub-360x360-1.png","card-width":360,"card-height":360,"square":"https:\/\/www.hilase.cz\/wp-content\/uploads\/Horacek-Jakub-360x360-1-360x360.png","square-width":360,"square-height":360}},"nadpis":"Jakub Hor\u00e1\u010dek","zvyraznit_nadpis":false,"text":"Jakub Hor\u00e1\u010dek holds an engineering degree from the Faculty of Mechanical Engineering at TUL, specializing in automatic control systems. Currently, he is pursuing his PhD at the Faculty of Mechatronics, Informatics, and Interdisciplinary Studies at TUL. He possesses experience in various laser laboratories and their associated control systems. For instance, he collaborated with the LLNL HAPLS team in the development of diagnostic software.\r\n\r\nSince 2013, Jakub has been employed at the Institute of Physics of the Czech Academy of Sciences. He joined the HILASE Centre team in 2017 in the capacity of a control systems engineer and has been serving as the head of the Engineering & Technical Support department since 2023."},{"acf_fc_layout":"uspech","uspech":{"ID":5306,"post_author":"15","post_date":"2019-01-13 17:28:57","post_date_gmt":"2019-01-13 16:28:57","post_content":"","post_title":"The construction of the casing for the optical part of the Perla C laser system","post_excerpt":"","post_status":"publish","comment_status":"closed","ping_status":"closed","post_password":"","post_name":"konstrukce-skrine-pro-optickou-cast-laseroveho-systemu-perla-c","to_ping":"","pinged":"","post_modified":"2025-08-11 11:52:16","post_modified_gmt":"2025-08-11 09:52:16","post_content_filtered":"","post_parent":0,"guid":"http:\/\/www.hilase.cz\/uspechy\/konstrukce-skrine-pro-optickou-cast-laseroveho-systemu-perla-c\/","menu_order":50,"post_type":"uspechy","post_mime_type":"","comment_count":"0","filter":"raw"}}]},"yoast_head":"<!-- This site is optimized with the Yoast SEO plugin v23.9 - https:\/\/yoast.com\/wordpress\/plugins\/seo\/ -->\n<title>Engineering &amp; Technical Support - HiLASE<\/title>\n<meta name=\"robots\" content=\"index, follow, max-snippet:-1, max-image-preview:large, max-video-preview:-1\" \/>\n<link rel=\"canonical\" href=\"https:\/\/www.hilase.cz\/en\/activities\/technicka-podpora\/\" \/>\n<meta property=\"og:locale\" content=\"en_US\" \/>\n<meta property=\"og:type\" content=\"article\" \/>\n<meta property=\"og:title\" content=\"Engineering &amp; Technical Support - HiLASE\" \/>\n<meta property=\"og:description\" content=\"P\u0159\u00edstrojov\u00e9 a technologick\u00e9 vybaven\u00ed centr\u00e1n\u00edch laborato\u0159\u00ed z CEITECu je dostupn\u00e9 jak intern\u00edm, tak extern\u00edm u\u017eivatel\u016fm bez ohledu na p\u0159\u00edslu\u0161nost k v\u00fdzkumn\u00fdm t\u00e9mat\u016fm nebo konkr\u00e9n\u00ed v\u00fdzkumn\u00e9 instituci. O v\u0161ech n\u00ed\u017ee vylistovan\u00fdch p\u0159\u00edstroj\u00edch a technologi\u00edch je mo\u017en\u00e9 z\u00edskat bli\u017e\u0161\u00ed informace. O v\u011bt\u0161in\u011b je mo\u017en\u00e9 z\u00edskat i informaci o aktu\u00e1ln\u00ed dostupnosti a mo\u017enostech rezervace.\" \/>\n<meta property=\"og:url\" content=\"https:\/\/www.hilase.cz\/en\/activities\/technicka-podpora\/\" \/>\n<meta property=\"og:site_name\" content=\"HiLASE\" \/>\n<meta property=\"article:modified_time\" content=\"2024-07-08T11:40:55+00:00\" \/>\n<meta name=\"twitter:card\" content=\"summary_large_image\" \/>\n<meta name=\"twitter:label1\" content=\"Est. reading time\" \/>\n\t<meta name=\"twitter:data1\" content=\"1 minute\" \/>\n<script type=\"application\/ld+json\" class=\"yoast-schema-graph\">{\"@context\":\"https:\/\/schema.org\",\"@graph\":[{\"@type\":\"WebPage\",\"@id\":\"https:\/\/www.hilase.cz\/en\/activities\/technicka-podpora\/\",\"url\":\"https:\/\/www.hilase.cz\/en\/activities\/technicka-podpora\/\",\"name\":\"Engineering & Technical Support - HiLASE\",\"isPartOf\":{\"@id\":\"https:\/\/www.hilase.cz\/#website\"},\"datePublished\":\"2018-03-13T18:10:20+00:00\",\"dateModified\":\"2024-07-08T11:40:55+00:00\",\"breadcrumb\":{\"@id\":\"https:\/\/www.hilase.cz\/en\/activities\/technicka-podpora\/#breadcrumb\"},\"inLanguage\":\"en-US\",\"potentialAction\":[{\"@type\":\"ReadAction\",\"target\":[\"https:\/\/www.hilase.cz\/en\/activities\/technicka-podpora\/\"]}]},{\"@type\":\"BreadcrumbList\",\"@id\":\"https:\/\/www.hilase.cz\/en\/activities\/technicka-podpora\/#breadcrumb\",\"itemListElement\":[{\"@type\":\"ListItem\",\"position\":1,\"name\":\"Dom\u016f\",\"item\":\"https:\/\/www.hilase.cz\/en\/\"},{\"@type\":\"ListItem\",\"position\":2,\"name\":\"Activities\",\"item\":\"https:\/\/www.hilase.cz\/en\/activities\/\"},{\"@type\":\"ListItem\",\"position\":3,\"name\":\"Engineering &#038; Technical Support\"}]},{\"@type\":\"WebSite\",\"@id\":\"https:\/\/www.hilase.cz\/#website\",\"url\":\"https:\/\/www.hilase.cz\/\",\"name\":\"HiLASE\",\"description\":\"Hi-tech laserov\u00e9 v\u00fdzkumn\u00e9 centrum\",\"potentialAction\":[{\"@type\":\"SearchAction\",\"target\":{\"@type\":\"EntryPoint\",\"urlTemplate\":\"https:\/\/www.hilase.cz\/?s={search_term_string}\"},\"query-input\":{\"@type\":\"PropertyValueSpecification\",\"valueRequired\":true,\"valueName\":\"search_term_string\"}}],\"inLanguage\":\"en-US\"}]}<\/script>\n<!-- \/ Yoast SEO plugin. -->","yoast_head_json":{"title":"Engineering & Technical Support - HiLASE","robots":{"index":"index","follow":"follow","max-snippet":"max-snippet:-1","max-image-preview":"max-image-preview:large","max-video-preview":"max-video-preview:-1"},"canonical":"https:\/\/www.hilase.cz\/en\/activities\/technicka-podpora\/","og_locale":"en_US","og_type":"article","og_title":"Engineering & Technical Support - HiLASE","og_description":"P\u0159\u00edstrojov\u00e9 a technologick\u00e9 vybaven\u00ed centr\u00e1n\u00edch laborato\u0159\u00ed z CEITECu je dostupn\u00e9 jak intern\u00edm, tak extern\u00edm u\u017eivatel\u016fm bez ohledu na p\u0159\u00edslu\u0161nost k v\u00fdzkumn\u00fdm t\u00e9mat\u016fm nebo konkr\u00e9n\u00ed v\u00fdzkumn\u00e9 instituci. O v\u0161ech n\u00ed\u017ee vylistovan\u00fdch p\u0159\u00edstroj\u00edch a technologi\u00edch je mo\u017en\u00e9 z\u00edskat bli\u017e\u0161\u00ed informace. O v\u011bt\u0161in\u011b je mo\u017en\u00e9 z\u00edskat i informaci o aktu\u00e1ln\u00ed dostupnosti a mo\u017enostech rezervace.","og_url":"https:\/\/www.hilase.cz\/en\/activities\/technicka-podpora\/","og_site_name":"HiLASE","article_modified_time":"2024-07-08T11:40:55+00:00","twitter_card":"summary_large_image","twitter_misc":{"Est. reading time":"1 minute"},"schema":{"@context":"https:\/\/schema.org","@graph":[{"@type":"WebPage","@id":"https:\/\/www.hilase.cz\/en\/activities\/technicka-podpora\/","url":"https:\/\/www.hilase.cz\/en\/activities\/technicka-podpora\/","name":"Engineering & Technical Support - HiLASE","isPartOf":{"@id":"https:\/\/www.hilase.cz\/#website"},"datePublished":"2018-03-13T18:10:20+00:00","dateModified":"2024-07-08T11:40:55+00:00","breadcrumb":{"@id":"https:\/\/www.hilase.cz\/en\/activities\/technicka-podpora\/#breadcrumb"},"inLanguage":"en-US","potentialAction":[{"@type":"ReadAction","target":["https:\/\/www.hilase.cz\/en\/activities\/technicka-podpora\/"]}]},{"@type":"BreadcrumbList","@id":"https:\/\/www.hilase.cz\/en\/activities\/technicka-podpora\/#breadcrumb","itemListElement":[{"@type":"ListItem","position":1,"name":"Dom\u016f","item":"https:\/\/www.hilase.cz\/en\/"},{"@type":"ListItem","position":2,"name":"Activities","item":"https:\/\/www.hilase.cz\/en\/activities\/"},{"@type":"ListItem","position":3,"name":"Engineering &#038; Technical Support"}]},{"@type":"WebSite","@id":"https:\/\/www.hilase.cz\/#website","url":"https:\/\/www.hilase.cz\/","name":"HiLASE","description":"Hi-tech laserov\u00e9 v\u00fdzkumn\u00e9 centrum","potentialAction":[{"@type":"SearchAction","target":{"@type":"EntryPoint","urlTemplate":"https:\/\/www.hilase.cz\/?s={search_term_string}"},"query-input":{"@type":"PropertyValueSpecification","valueRequired":true,"valueName":"search_term_string"}}],"inLanguage":"en-US"}]}},"_links":{"self":[{"href":"https:\/\/www.hilase.cz\/en\/wp-json\/wp\/v2\/pages\/5412","targetHints":{"allow":["GET"]}}],"collection":[{"href":"https:\/\/www.hilase.cz\/en\/wp-json\/wp\/v2\/pages"}],"about":[{"href":"https:\/\/www.hilase.cz\/en\/wp-json\/wp\/v2\/types\/page"}],"author":[{"embeddable":true,"href":"https:\/\/www.hilase.cz\/en\/wp-json\/wp\/v2\/users\/1"}],"replies":[{"embeddable":true,"href":"https:\/\/www.hilase.cz\/en\/wp-json\/wp\/v2\/comments?post=5412"}],"version-history":[{"count":12,"href":"https:\/\/www.hilase.cz\/en\/wp-json\/wp\/v2\/pages\/5412\/revisions"}],"predecessor-version":[{"id":32295,"href":"https:\/\/www.hilase.cz\/en\/wp-json\/wp\/v2\/pages\/5412\/revisions\/32295"}],"up":[{"embeddable":true,"href":"https:\/\/www.hilase.cz\/en\/wp-json\/wp\/v2\/pages\/826"}],"wp:attachment":[{"href":"https:\/\/www.hilase.cz\/en\/wp-json\/wp\/v2\/media?parent=5412"}],"curies":[{"name":"wp","href":"https:\/\/api.w.org\/{rel}","templated":true}]}}