{"id":5458,"date":"2019-02-22T09:44:36","date_gmt":"2019-02-22T08:44:36","guid":{"rendered":"http:\/\/www.hilase.cz\/?page_id=5458"},"modified":"2025-08-12T16:02:47","modified_gmt":"2025-08-12T14:02:47","slug":"research-programmes","status":"publish","type":"page","link":"https:\/\/www.hilase.cz\/en\/research-programmes\/","title":{"rendered":"Research programmes"},"content":{"rendered":"","protected":false},"excerpt":{"rendered":"","protected":false},"author":1,"featured_media":0,"parent":0,"menu_order":0,"comment_status":"closed","ping_status":"closed","template":"databaze.php","meta":{"_acf_changed":false,"_monsterinsights_skip_tracking":false,"_monsterinsights_sitenote_active":false,"_monsterinsights_sitenote_note":"","_monsterinsights_sitenote_category":0,"footnotes":""},"class_list":["post-5458","page","type-page","status-publish","hentry"],"acf":{"obsah":[{"acf_fc_layout":"text","text":"<p>In the HiLASE Centre we focus on the experimental development of a new generation of high energy diode-pumped solid state laser systems with high repetition rates. Thanks to the breakthrough technical parameters, our lasers are truly unique and you can not find their equivalents in any other laboratory in the world. By employing the cutting edge technology of diode pumping, HiLASE Centre lasers are significantly more powerful and efficient, and more compact, more stable and more easily maintained than those driven by old-fashioned flashlamp technology.<\/p>\n<h6><strong><span class=\"txt-primary\">KEY RESEARCH AREAS<\/span><\/strong><\/h6>\n<p><span class=\"txt-secondary\"><strong>ADVANCED LASER MANUFACTURING<\/strong><\/span><br \/>\nFor biotech, energy, semiconductors, and mobility \u2014 enabling precision processing, material enhancement.<\/p>\n<p><span class=\"txt-secondary\"><strong>SPACE-BORN LASER TECHNOLOGIES<\/strong><\/span><br \/>\nSecure communication, in-orbit laser applications, asteroid mining.<\/p>\n<p><span class=\"txt-secondary\"><strong>DEFENSE &amp; SECURITY<\/strong><\/span><br \/>\nDirected energy systems, laser-based protection, materials enhancement.<\/p>\n<p><span class=\"txt-secondary\"><strong>LASER TRAINING CENTRE | LTC<\/strong><\/span><br \/>\nA global hub for laser safety and skills development.<\/p>\n<h6 style=\"text-align: center;\"><strong>RESEARCH PROGRAMMES<\/strong><\/h6>\n","oddelovace":"none"}]},"yoast_head":"<!-- This site is optimized with the Yoast SEO plugin v23.9 - https:\/\/yoast.com\/wordpress\/plugins\/seo\/ -->\n<title>Research programmes - HiLASE<\/title>\n<meta name=\"robots\" content=\"index, follow, max-snippet:-1, max-image-preview:large, max-video-preview:-1\" \/>\n<link rel=\"canonical\" href=\"https:\/\/www.hilase.cz\/en\/research-programmes\/\" \/>\n<meta property=\"og:locale\" content=\"en_US\" \/>\n<meta property=\"og:type\" content=\"article\" \/>\n<meta property=\"og:title\" content=\"Research programmes - HiLASE\" \/>\n<meta property=\"og:url\" content=\"https:\/\/www.hilase.cz\/en\/research-programmes\/\" \/>\n<meta property=\"og:site_name\" content=\"HiLASE\" \/>\n<meta property=\"article:modified_time\" content=\"2025-08-12T14:02:47+00:00\" \/>\n<meta name=\"twitter:card\" content=\"summary_large_image\" \/>\n<script type=\"application\/ld+json\" class=\"yoast-schema-graph\">{\"@context\":\"https:\/\/schema.org\",\"@graph\":[{\"@type\":\"WebPage\",\"@id\":\"https:\/\/www.hilase.cz\/en\/research-programmes\/\",\"url\":\"https:\/\/www.hilase.cz\/en\/research-programmes\/\",\"name\":\"Research programmes - HiLASE\",\"isPartOf\":{\"@id\":\"https:\/\/www.hilase.cz\/#website\"},\"datePublished\":\"2019-02-22T08:44:36+00:00\",\"dateModified\":\"2025-08-12T14:02:47+00:00\",\"breadcrumb\":{\"@id\":\"https:\/\/www.hilase.cz\/en\/research-programmes\/#breadcrumb\"},\"inLanguage\":\"en-US\",\"potentialAction\":[{\"@type\":\"ReadAction\",\"target\":[\"https:\/\/www.hilase.cz\/en\/research-programmes\/\"]}]},{\"@type\":\"BreadcrumbList\",\"@id\":\"https:\/\/www.hilase.cz\/en\/research-programmes\/#breadcrumb\",\"itemListElement\":[{\"@type\":\"ListItem\",\"position\":1,\"name\":\"Dom\u016f\",\"item\":\"https:\/\/www.hilase.cz\/en\/\"},{\"@type\":\"ListItem\",\"position\":2,\"name\":\"Research programmes\"}]},{\"@type\":\"WebSite\",\"@id\":\"https:\/\/www.hilase.cz\/#website\",\"url\":\"https:\/\/www.hilase.cz\/\",\"name\":\"HiLASE\",\"description\":\"Hi-tech laserov\u00e9 v\u00fdzkumn\u00e9 centrum\",\"potentialAction\":[{\"@type\":\"SearchAction\",\"target\":{\"@type\":\"EntryPoint\",\"urlTemplate\":\"https:\/\/www.hilase.cz\/?s={search_term_string}\"},\"query-input\":{\"@type\":\"PropertyValueSpecification\",\"valueRequired\":true,\"valueName\":\"search_term_string\"}}],\"inLanguage\":\"en-US\"}]}<\/script>\n<!-- \/ Yoast SEO plugin. -->","yoast_head_json":{"title":"Research programmes - HiLASE","robots":{"index":"index","follow":"follow","max-snippet":"max-snippet:-1","max-image-preview":"max-image-preview:large","max-video-preview":"max-video-preview:-1"},"canonical":"https:\/\/www.hilase.cz\/en\/research-programmes\/","og_locale":"en_US","og_type":"article","og_title":"Research programmes - HiLASE","og_url":"https:\/\/www.hilase.cz\/en\/research-programmes\/","og_site_name":"HiLASE","article_modified_time":"2025-08-12T14:02:47+00:00","twitter_card":"summary_large_image","schema":{"@context":"https:\/\/schema.org","@graph":[{"@type":"WebPage","@id":"https:\/\/www.hilase.cz\/en\/research-programmes\/","url":"https:\/\/www.hilase.cz\/en\/research-programmes\/","name":"Research programmes - HiLASE","isPartOf":{"@id":"https:\/\/www.hilase.cz\/#website"},"datePublished":"2019-02-22T08:44:36+00:00","dateModified":"2025-08-12T14:02:47+00:00","breadcrumb":{"@id":"https:\/\/www.hilase.cz\/en\/research-programmes\/#breadcrumb"},"inLanguage":"en-US","potentialAction":[{"@type":"ReadAction","target":["https:\/\/www.hilase.cz\/en\/research-programmes\/"]}]},{"@type":"BreadcrumbList","@id":"https:\/\/www.hilase.cz\/en\/research-programmes\/#breadcrumb","itemListElement":[{"@type":"ListItem","position":1,"name":"Dom\u016f","item":"https:\/\/www.hilase.cz\/en\/"},{"@type":"ListItem","position":2,"name":"Research programmes"}]},{"@type":"WebSite","@id":"https:\/\/www.hilase.cz\/#website","url":"https:\/\/www.hilase.cz\/","name":"HiLASE","description":"Hi-tech laserov\u00e9 v\u00fdzkumn\u00e9 centrum","potentialAction":[{"@type":"SearchAction","target":{"@type":"EntryPoint","urlTemplate":"https:\/\/www.hilase.cz\/?s={search_term_string}"},"query-input":{"@type":"PropertyValueSpecification","valueRequired":true,"valueName":"search_term_string"}}],"inLanguage":"en-US"}]}},"_links":{"self":[{"href":"https:\/\/www.hilase.cz\/en\/wp-json\/wp\/v2\/pages\/5458","targetHints":{"allow":["GET"]}}],"collection":[{"href":"https:\/\/www.hilase.cz\/en\/wp-json\/wp\/v2\/pages"}],"about":[{"href":"https:\/\/www.hilase.cz\/en\/wp-json\/wp\/v2\/types\/page"}],"author":[{"embeddable":true,"href":"https:\/\/www.hilase.cz\/en\/wp-json\/wp\/v2\/users\/1"}],"replies":[{"embeddable":true,"href":"https:\/\/www.hilase.cz\/en\/wp-json\/wp\/v2\/comments?post=5458"}],"version-history":[{"count":35,"href":"https:\/\/www.hilase.cz\/en\/wp-json\/wp\/v2\/pages\/5458\/revisions"}],"predecessor-version":[{"id":36773,"href":"https:\/\/www.hilase.cz\/en\/wp-json\/wp\/v2\/pages\/5458\/revisions\/36773"}],"wp:attachment":[{"href":"https:\/\/www.hilase.cz\/en\/wp-json\/wp\/v2\/media?parent=5458"}],"curies":[{"name":"wp","href":"https:\/\/api.w.org\/{rel}","templated":true}]}}