{"id":7629,"date":"2019-08-01T11:12:17","date_gmt":"2019-08-01T09:12:17","guid":{"rendered":"https:\/\/www.hilase.cz\/komercni\/"},"modified":"2021-01-14T21:03:40","modified_gmt":"2021-01-14T20:03:40","slug":"commercial","status":"publish","type":"page","link":"https:\/\/www.hilase.cz\/en\/commercial\/","title":{"rendered":"Commercial"},"content":{"rendered":"","protected":false},"excerpt":{"rendered":"","protected":false},"author":15,"featured_media":0,"parent":0,"menu_order":0,"comment_status":"closed","ping_status":"closed","template":"","meta":{"_acf_changed":false,"_monsterinsights_skip_tracking":false,"_monsterinsights_sitenote_active":false,"_monsterinsights_sitenote_note":"","_monsterinsights_sitenote_category":0,"footnotes":""},"class_list":["post-7629","page","type-page","status-publish","hentry"],"acf":{"obsah":[{"acf_fc_layout":"text","text":"<p>The HiLASE Centre successfully cooperates with a number of leading companies operating in various industries, from optical component manufacturers to the automotive industry.<\/p>\n","oddelovace":"none"},{"acf_fc_layout":"galerie","galerie":[{"ID":7605,"id":7605,"title":"Ailu_logo_","filename":"Ailu_logo_.jpg","filesize":18281,"url":"https:\/\/www.hilase.cz\/wp-content\/uploads\/Ailu_logo_.jpg","link":"https:\/\/www.hilase.cz\/en\/komercni\/ailu_logo_\/","alt":"","author":"15","description":"","caption":"http:\/\/www.ailu.org.uk\/","name":"ailu_logo_","status":"inherit","uploaded_to":7603,"date":"2019-08-01 09:07:01","modified":"2019-08-01 09:14:15","menu_order":0,"mime_type":"image\/jpeg","type":"image","subtype":"jpeg","icon":"https:\/\/www.hilase.cz\/wp-includes\/images\/media\/default.png","width":273,"height":210,"sizes":{"thumbnail":"https:\/\/www.hilase.cz\/wp-content\/uploads\/Ailu_logo_-175x175.jpg","thumbnail-width":175,"thumbnail-height":175,"medium":"https:\/\/www.hilase.cz\/wp-content\/uploads\/Ailu_logo_.jpg","medium-width":273,"medium-height":210,"medium_large":"https:\/\/www.hilase.cz\/wp-content\/uploads\/Ailu_logo_.jpg","medium_large-width":273,"medium_large-height":210,"large":"https:\/\/www.hilase.cz\/wp-content\/uploads\/Ailu_logo_.jpg","large-width":273,"large-height":210,"1536x1536":"https:\/\/www.hilase.cz\/wp-content\/uploads\/Ailu_logo_.jpg","1536x1536-width":273,"1536x1536-height":210,"2048x2048":"https:\/\/www.hilase.cz\/wp-content\/uploads\/Ailu_logo_.jpg","2048x2048-width":273,"2048x2048-height":210,"image":"https:\/\/www.hilase.cz\/wp-content\/uploads\/Ailu_logo_.jpg","image-width":273,"image-height":210,"gallery":"https:\/\/www.hilase.cz\/wp-content\/uploads\/Ailu_logo_.jpg","gallery-width":273,"gallery-height":210,"card":"https:\/\/www.hilase.cz\/wp-content\/uploads\/Ailu_logo_.jpg","card-width":273,"card-height":210,"square":"https:\/\/www.hilase.cz\/wp-content\/uploads\/Ailu_logo_.jpg","square-width":273,"square-height":210}},{"ID":7606,"id":7606,"title":"cesky-opticky-klastr","filename":"cesky-opticky-klastr-1.jpg","filesize":12993,"url":"https:\/\/www.hilase.cz\/wp-content\/uploads\/cesky-opticky-klastr-1.jpg","link":"https:\/\/www.hilase.cz\/en\/komercni\/cesky-opticky-klastr-2\/","alt":"","author":"15","description":"","caption":"http:\/\/www.optickyklastr.cz\/","name":"cesky-opticky-klastr-2","status":"inherit","uploaded_to":7603,"date":"2019-08-01 09:07:02","modified":"2019-08-01 09:14:22","menu_order":0,"mime_type":"image\/jpeg","type":"image","subtype":"jpeg","icon":"https:\/\/www.hilase.cz\/wp-includes\/images\/media\/default.png","width":273,"height":210,"sizes":{"thumbnail":"https:\/\/www.hilase.cz\/wp-content\/uploads\/cesky-opticky-klastr-1-175x175.jpg","thumbnail-width":175,"thumbnail-height":175,"medium":"https:\/\/www.hilase.cz\/wp-content\/uploads\/cesky-opticky-klastr-1.jpg","medium-width":273,"medium-height":210,"medium_large":"https:\/\/www.hilase.cz\/wp-content\/uploads\/cesky-opticky-klastr-1.jpg","medium_large-width":273,"medium_large-height":210,"large":"https:\/\/www.hilase.cz\/wp-content\/uploads\/cesky-opticky-klastr-1.jpg","large-width":273,"large-height":210,"1536x1536":"https:\/\/www.hilase.cz\/wp-content\/uploads\/cesky-opticky-klastr-1.jpg","1536x1536-width":273,"1536x1536-height":210,"2048x2048":"https:\/\/www.hilase.cz\/wp-content\/uploads\/cesky-opticky-klastr-1.jpg","2048x2048-width":273,"2048x2048-height":210,"image":"https:\/\/www.hilase.cz\/wp-content\/uploads\/cesky-opticky-klastr-1.jpg","image-width":273,"image-height":210,"gallery":"https:\/\/www.hilase.cz\/wp-content\/uploads\/cesky-opticky-klastr-1.jpg","gallery-width":273,"gallery-height":210,"card":"https:\/\/www.hilase.cz\/wp-content\/uploads\/cesky-opticky-klastr-1.jpg","card-width":273,"card-height":210,"square":"https:\/\/www.hilase.cz\/wp-content\/uploads\/cesky-opticky-klastr-1.jpg","square-width":273,"square-height":210}},{"ID":7607,"id":7607,"title":"epic-logo","filename":"epic-logo.jpg","filesize":11336,"url":"https:\/\/www.hilase.cz\/wp-content\/uploads\/epic-logo.jpg","link":"https:\/\/www.hilase.cz\/en\/komercni\/epic-logo\/","alt":"","author":"15","description":"","caption":"https:\/\/www.epic-assoc.com\/epic-events\/","name":"epic-logo","status":"inherit","uploaded_to":7603,"date":"2019-08-01 09:07:03","modified":"2019-08-01 09:15:34","menu_order":0,"mime_type":"image\/jpeg","type":"image","subtype":"jpeg","icon":"https:\/\/www.hilase.cz\/wp-includes\/images\/media\/default.png","width":273,"height":210,"sizes":{"thumbnail":"https:\/\/www.hilase.cz\/wp-content\/uploads\/epic-logo-175x175.jpg","thumbnail-width":175,"thumbnail-height":175,"medium":"https:\/\/www.hilase.cz\/wp-content\/uploads\/epic-logo.jpg","medium-width":273,"medium-height":210,"medium_large":"https:\/\/www.hilase.cz\/wp-content\/uploads\/epic-logo.jpg","medium_large-width":273,"medium_large-height":210,"large":"https:\/\/www.hilase.cz\/wp-content\/uploads\/epic-logo.jpg","large-width":273,"large-height":210,"1536x1536":"https:\/\/www.hilase.cz\/wp-content\/uploads\/epic-logo.jpg","1536x1536-width":273,"1536x1536-height":210,"2048x2048":"https:\/\/www.hilase.cz\/wp-content\/uploads\/epic-logo.jpg","2048x2048-width":273,"2048x2048-height":210,"image":"https:\/\/www.hilase.cz\/wp-content\/uploads\/epic-logo.jpg","image-width":273,"image-height":210,"gallery":"https:\/\/www.hilase.cz\/wp-content\/uploads\/epic-logo.jpg","gallery-width":273,"gallery-height":210,"card":"https:\/\/www.hilase.cz\/wp-content\/uploads\/epic-logo.jpg","card-width":273,"card-height":210,"square":"https:\/\/www.hilase.cz\/wp-content\/uploads\/epic-logo.jpg","square-width":273,"square-height":210}},{"ID":7608,"id":7608,"title":"Gigaphoton","filename":"Gigaphoton.jpg","filesize":7588,"url":"https:\/\/www.hilase.cz\/wp-content\/uploads\/Gigaphoton.jpg","link":"https:\/\/www.hilase.cz\/en\/komercni\/gigaphoton\/","alt":"","author":"15","description":"","caption":"https:\/\/www.gigaphoton.com\/en\/","name":"gigaphoton","status":"inherit","uploaded_to":7603,"date":"2019-08-01 09:07:03","modified":"2019-08-01 09:15:56","menu_order":0,"mime_type":"image\/jpeg","type":"image","subtype":"jpeg","icon":"https:\/\/www.hilase.cz\/wp-includes\/images\/media\/default.png","width":273,"height":210,"sizes":{"thumbnail":"https:\/\/www.hilase.cz\/wp-content\/uploads\/Gigaphoton-175x175.jpg","thumbnail-width":175,"thumbnail-height":175,"medium":"https:\/\/www.hilase.cz\/wp-content\/uploads\/Gigaphoton.jpg","medium-width":273,"medium-height":210,"medium_large":"https:\/\/www.hilase.cz\/wp-content\/uploads\/Gigaphoton.jpg","medium_large-width":273,"medium_large-height":210,"large":"https:\/\/www.hilase.cz\/wp-content\/uploads\/Gigaphoton.jpg","large-width":273,"large-height":210,"1536x1536":"https:\/\/www.hilase.cz\/wp-content\/uploads\/Gigaphoton.jpg","1536x1536-width":273,"1536x1536-height":210,"2048x2048":"https:\/\/www.hilase.cz\/wp-content\/uploads\/Gigaphoton.jpg","2048x2048-width":273,"2048x2048-height":210,"image":"https:\/\/www.hilase.cz\/wp-content\/uploads\/Gigaphoton.jpg","image-width":273,"image-height":210,"gallery":"https:\/\/www.hilase.cz\/wp-content\/uploads\/Gigaphoton.jpg","gallery-width":273,"gallery-height":210,"card":"https:\/\/www.hilase.cz\/wp-content\/uploads\/Gigaphoton.jpg","card-width":273,"card-height":210,"square":"https:\/\/www.hilase.cz\/wp-content\/uploads\/Gigaphoton.jpg","square-width":273,"square-height":210}},{"ID":7609,"id":7609,"title":"meopta-logo","filename":"meopta-logo.jpg","filesize":8388,"url":"https:\/\/www.hilase.cz\/wp-content\/uploads\/meopta-logo.jpg","link":"https:\/\/www.hilase.cz\/en\/komercni\/meopta-logo\/","alt":"","author":"15","description":"","caption":"https:\/\/www.meopta.com\/cz\/","name":"meopta-logo","status":"inherit","uploaded_to":7603,"date":"2019-08-01 09:07:04","modified":"2019-08-01 09:16:12","menu_order":0,"mime_type":"image\/jpeg","type":"image","subtype":"jpeg","icon":"https:\/\/www.hilase.cz\/wp-includes\/images\/media\/default.png","width":273,"height":210,"sizes":{"thumbnail":"https:\/\/www.hilase.cz\/wp-content\/uploads\/meopta-logo-175x175.jpg","thumbnail-width":175,"thumbnail-height":175,"medium":"https:\/\/www.hilase.cz\/wp-content\/uploads\/meopta-logo.jpg","medium-width":273,"medium-height":210,"medium_large":"https:\/\/www.hilase.cz\/wp-content\/uploads\/meopta-logo.jpg","medium_large-width":273,"medium_large-height":210,"large":"https:\/\/www.hilase.cz\/wp-content\/uploads\/meopta-logo.jpg","large-width":273,"large-height":210,"1536x1536":"https:\/\/www.hilase.cz\/wp-content\/uploads\/meopta-logo.jpg","1536x1536-width":273,"1536x1536-height":210,"2048x2048":"https:\/\/www.hilase.cz\/wp-content\/uploads\/meopta-logo.jpg","2048x2048-width":273,"2048x2048-height":210,"image":"https:\/\/www.hilase.cz\/wp-content\/uploads\/meopta-logo.jpg","image-width":273,"image-height":210,"gallery":"https:\/\/www.hilase.cz\/wp-content\/uploads\/meopta-logo.jpg","gallery-width":273,"gallery-height":210,"card":"https:\/\/www.hilase.cz\/wp-content\/uploads\/meopta-logo.jpg","card-width":273,"card-height":210,"square":"https:\/\/www.hilase.cz\/wp-content\/uploads\/meopta-logo.jpg","square-width":273,"square-height":210}},{"ID":7610,"id":7610,"title":"sqs","filename":"sqs.jpg","filesize":9601,"url":"https:\/\/www.hilase.cz\/wp-content\/uploads\/sqs.jpg","link":"https:\/\/www.hilase.cz\/en\/komercni\/sqs\/","alt":"","author":"15","description":"","caption":"https:\/\/www.sqs-fiberoptics.com\/cs\/","name":"sqs","status":"inherit","uploaded_to":7603,"date":"2019-08-01 09:07:05","modified":"2019-08-01 09:16:37","menu_order":0,"mime_type":"image\/jpeg","type":"image","subtype":"jpeg","icon":"https:\/\/www.hilase.cz\/wp-includes\/images\/media\/default.png","width":273,"height":210,"sizes":{"thumbnail":"https:\/\/www.hilase.cz\/wp-content\/uploads\/sqs-175x175.jpg","thumbnail-width":175,"thumbnail-height":175,"medium":"https:\/\/www.hilase.cz\/wp-content\/uploads\/sqs.jpg","medium-width":273,"medium-height":210,"medium_large":"https:\/\/www.hilase.cz\/wp-content\/uploads\/sqs.jpg","medium_large-width":273,"medium_large-height":210,"large":"https:\/\/www.hilase.cz\/wp-content\/uploads\/sqs.jpg","large-width":273,"large-height":210,"1536x1536":"https:\/\/www.hilase.cz\/wp-content\/uploads\/sqs.jpg","1536x1536-width":273,"1536x1536-height":210,"2048x2048":"https:\/\/www.hilase.cz\/wp-content\/uploads\/sqs.jpg","2048x2048-width":273,"2048x2048-height":210,"image":"https:\/\/www.hilase.cz\/wp-content\/uploads\/sqs.jpg","image-width":273,"image-height":210,"gallery":"https:\/\/www.hilase.cz\/wp-content\/uploads\/sqs.jpg","gallery-width":273,"gallery-height":210,"card":"https:\/\/www.hilase.cz\/wp-content\/uploads\/sqs.jpg","card-width":273,"card-height":210,"square":"https:\/\/www.hilase.cz\/wp-content\/uploads\/sqs.jpg","square-width":273,"square-height":210}},{"ID":7611,"id":7611,"title":"\u0161koda","filename":"\u0161koda.jpg","filesize":8965,"url":"https:\/\/www.hilase.cz\/wp-content\/uploads\/\u0161koda.jpg","link":"https:\/\/www.hilase.cz\/en\/komercni\/skoda\/","alt":"","author":"15","description":"","caption":"https:\/\/www.skoda-auto.com\/","name":"skoda","status":"inherit","uploaded_to":7603,"date":"2019-08-01 09:07:06","modified":"2019-08-01 09:17:09","menu_order":0,"mime_type":"image\/jpeg","type":"image","subtype":"jpeg","icon":"https:\/\/www.hilase.cz\/wp-includes\/images\/media\/default.png","width":273,"height":210,"sizes":{"thumbnail":"https:\/\/www.hilase.cz\/wp-content\/uploads\/\u0161koda-175x175.jpg","thumbnail-width":175,"thumbnail-height":175,"medium":"https:\/\/www.hilase.cz\/wp-content\/uploads\/\u0161koda.jpg","medium-width":273,"medium-height":210,"medium_large":"https:\/\/www.hilase.cz\/wp-content\/uploads\/\u0161koda.jpg","medium_large-width":273,"medium_large-height":210,"large":"https:\/\/www.hilase.cz\/wp-content\/uploads\/\u0161koda.jpg","large-width":273,"large-height":210,"1536x1536":"https:\/\/www.hilase.cz\/wp-content\/uploads\/\u0161koda.jpg","1536x1536-width":273,"1536x1536-height":210,"2048x2048":"https:\/\/www.hilase.cz\/wp-content\/uploads\/\u0161koda.jpg","2048x2048-width":273,"2048x2048-height":210,"image":"https:\/\/www.hilase.cz\/wp-content\/uploads\/\u0161koda.jpg","image-width":273,"image-height":210,"gallery":"https:\/\/www.hilase.cz\/wp-content\/uploads\/\u0161koda.jpg","gallery-width":273,"gallery-height":210,"card":"https:\/\/www.hilase.cz\/wp-content\/uploads\/\u0161koda.jpg","card-width":273,"card-height":210,"square":"https:\/\/www.hilase.cz\/wp-content\/uploads\/\u0161koda.jpg","square-width":273,"square-height":210}},{"ID":7612,"id":7612,"title":"profiber_networking_logo","filename":"profiber_networking_logo.jpg","filesize":8790,"url":"https:\/\/www.hilase.cz\/wp-content\/uploads\/profiber_networking_logo.jpg","link":"https:\/\/www.hilase.cz\/en\/komercni\/profiber_networking_logo\/","alt":"","author":"15","description":"","caption":"https:\/\/www.profiber.eu\/cz\/","name":"profiber_networking_logo","status":"inherit","uploaded_to":7603,"date":"2019-08-01 09:08:17","modified":"2019-08-01 09:17:39","menu_order":0,"mime_type":"image\/jpeg","type":"image","subtype":"jpeg","icon":"https:\/\/www.hilase.cz\/wp-includes\/images\/media\/default.png","width":273,"height":210,"sizes":{"thumbnail":"https:\/\/www.hilase.cz\/wp-content\/uploads\/profiber_networking_logo-175x175.jpg","thumbnail-width":175,"thumbnail-height":175,"medium":"https:\/\/www.hilase.cz\/wp-content\/uploads\/profiber_networking_logo.jpg","medium-width":273,"medium-height":210,"medium_large":"https:\/\/www.hilase.cz\/wp-content\/uploads\/profiber_networking_logo.jpg","medium_large-width":273,"medium_large-height":210,"large":"https:\/\/www.hilase.cz\/wp-content\/uploads\/profiber_networking_logo.jpg","large-width":273,"large-height":210,"1536x1536":"https:\/\/www.hilase.cz\/wp-content\/uploads\/profiber_networking_logo.jpg","1536x1536-width":273,"1536x1536-height":210,"2048x2048":"https:\/\/www.hilase.cz\/wp-content\/uploads\/profiber_networking_logo.jpg","2048x2048-width":273,"2048x2048-height":210,"image":"https:\/\/www.hilase.cz\/wp-content\/uploads\/profiber_networking_logo.jpg","image-width":273,"image-height":210,"gallery":"https:\/\/www.hilase.cz\/wp-content\/uploads\/profiber_networking_logo.jpg","gallery-width":273,"gallery-height":210,"card":"https:\/\/www.hilase.cz\/wp-content\/uploads\/profiber_networking_logo.jpg","card-width":273,"card-height":210,"square":"https:\/\/www.hilase.cz\/wp-content\/uploads\/profiber_networking_logo.jpg","square-width":273,"square-height":210}},{"ID":7655,"id":7655,"title":"crytur","filename":"crytur.jpg","filesize":10922,"url":"https:\/\/www.hilase.cz\/wp-content\/uploads\/crytur.jpg","link":"https:\/\/www.hilase.cz\/en\/commercial\/crytur\/","alt":"","author":"15","description":"","caption":"https:\/\/www.crytur.cz\/","name":"crytur","status":"inherit","uploaded_to":7629,"date":"2019-08-01 12:06:43","modified":"2019-08-01 12:07:03","menu_order":0,"mime_type":"image\/jpeg","type":"image","subtype":"jpeg","icon":"https:\/\/www.hilase.cz\/wp-includes\/images\/media\/default.png","width":273,"height":210,"sizes":{"thumbnail":"https:\/\/www.hilase.cz\/wp-content\/uploads\/crytur-175x175.jpg","thumbnail-width":175,"thumbnail-height":175,"medium":"https:\/\/www.hilase.cz\/wp-content\/uploads\/crytur.jpg","medium-width":273,"medium-height":210,"medium_large":"https:\/\/www.hilase.cz\/wp-content\/uploads\/crytur.jpg","medium_large-width":273,"medium_large-height":210,"large":"https:\/\/www.hilase.cz\/wp-content\/uploads\/crytur.jpg","large-width":273,"large-height":210,"1536x1536":"https:\/\/www.hilase.cz\/wp-content\/uploads\/crytur.jpg","1536x1536-width":273,"1536x1536-height":210,"2048x2048":"https:\/\/www.hilase.cz\/wp-content\/uploads\/crytur.jpg","2048x2048-width":273,"2048x2048-height":210,"image":"https:\/\/www.hilase.cz\/wp-content\/uploads\/crytur.jpg","image-width":273,"image-height":210,"gallery":"https:\/\/www.hilase.cz\/wp-content\/uploads\/crytur.jpg","gallery-width":273,"gallery-height":210,"card":"https:\/\/www.hilase.cz\/wp-content\/uploads\/crytur.jpg","card-width":273,"card-height":210,"square":"https:\/\/www.hilase.cz\/wp-content\/uploads\/crytur.jpg","square-width":273,"square-height":210}}]}]},"yoast_head":"<!-- This site is optimized with the Yoast SEO plugin v23.9 - https:\/\/yoast.com\/wordpress\/plugins\/seo\/ -->\n<title>Commercial - HiLASE<\/title>\n<meta name=\"robots\" content=\"index, follow, max-snippet:-1, max-image-preview:large, max-video-preview:-1\" \/>\n<link rel=\"canonical\" href=\"https:\/\/www.hilase.cz\/en\/commercial\/\" \/>\n<meta property=\"og:locale\" content=\"en_US\" \/>\n<meta property=\"og:type\" content=\"article\" \/>\n<meta property=\"og:title\" content=\"Commercial - HiLASE\" \/>\n<meta property=\"og:url\" content=\"https:\/\/www.hilase.cz\/en\/commercial\/\" \/>\n<meta property=\"og:site_name\" content=\"HiLASE\" \/>\n<meta property=\"article:modified_time\" content=\"2021-01-14T20:03:40+00:00\" \/>\n<meta name=\"twitter:card\" content=\"summary_large_image\" \/>\n<script type=\"application\/ld+json\" class=\"yoast-schema-graph\">{\"@context\":\"https:\/\/schema.org\",\"@graph\":[{\"@type\":\"WebPage\",\"@id\":\"https:\/\/www.hilase.cz\/en\/commercial\/\",\"url\":\"https:\/\/www.hilase.cz\/en\/commercial\/\",\"name\":\"Commercial - HiLASE\",\"isPartOf\":{\"@id\":\"https:\/\/www.hilase.cz\/#website\"},\"datePublished\":\"2019-08-01T09:12:17+00:00\",\"dateModified\":\"2021-01-14T20:03:40+00:00\",\"breadcrumb\":{\"@id\":\"https:\/\/www.hilase.cz\/en\/commercial\/#breadcrumb\"},\"inLanguage\":\"en-US\",\"potentialAction\":[{\"@type\":\"ReadAction\",\"target\":[\"https:\/\/www.hilase.cz\/en\/commercial\/\"]}]},{\"@type\":\"BreadcrumbList\",\"@id\":\"https:\/\/www.hilase.cz\/en\/commercial\/#breadcrumb\",\"itemListElement\":[{\"@type\":\"ListItem\",\"position\":1,\"name\":\"Dom\u016f\",\"item\":\"https:\/\/www.hilase.cz\/en\/\"},{\"@type\":\"ListItem\",\"position\":2,\"name\":\"Commercial\"}]},{\"@type\":\"WebSite\",\"@id\":\"https:\/\/www.hilase.cz\/#website\",\"url\":\"https:\/\/www.hilase.cz\/\",\"name\":\"HiLASE\",\"description\":\"Hi-tech laserov\u00e9 v\u00fdzkumn\u00e9 centrum\",\"potentialAction\":[{\"@type\":\"SearchAction\",\"target\":{\"@type\":\"EntryPoint\",\"urlTemplate\":\"https:\/\/www.hilase.cz\/?s={search_term_string}\"},\"query-input\":{\"@type\":\"PropertyValueSpecification\",\"valueRequired\":true,\"valueName\":\"search_term_string\"}}],\"inLanguage\":\"en-US\"}]}<\/script>\n<!-- \/ Yoast SEO plugin. -->","yoast_head_json":{"title":"Commercial - HiLASE","robots":{"index":"index","follow":"follow","max-snippet":"max-snippet:-1","max-image-preview":"max-image-preview:large","max-video-preview":"max-video-preview:-1"},"canonical":"https:\/\/www.hilase.cz\/en\/commercial\/","og_locale":"en_US","og_type":"article","og_title":"Commercial - HiLASE","og_url":"https:\/\/www.hilase.cz\/en\/commercial\/","og_site_name":"HiLASE","article_modified_time":"2021-01-14T20:03:40+00:00","twitter_card":"summary_large_image","schema":{"@context":"https:\/\/schema.org","@graph":[{"@type":"WebPage","@id":"https:\/\/www.hilase.cz\/en\/commercial\/","url":"https:\/\/www.hilase.cz\/en\/commercial\/","name":"Commercial - HiLASE","isPartOf":{"@id":"https:\/\/www.hilase.cz\/#website"},"datePublished":"2019-08-01T09:12:17+00:00","dateModified":"2021-01-14T20:03:40+00:00","breadcrumb":{"@id":"https:\/\/www.hilase.cz\/en\/commercial\/#breadcrumb"},"inLanguage":"en-US","potentialAction":[{"@type":"ReadAction","target":["https:\/\/www.hilase.cz\/en\/commercial\/"]}]},{"@type":"BreadcrumbList","@id":"https:\/\/www.hilase.cz\/en\/commercial\/#breadcrumb","itemListElement":[{"@type":"ListItem","position":1,"name":"Dom\u016f","item":"https:\/\/www.hilase.cz\/en\/"},{"@type":"ListItem","position":2,"name":"Commercial"}]},{"@type":"WebSite","@id":"https:\/\/www.hilase.cz\/#website","url":"https:\/\/www.hilase.cz\/","name":"HiLASE","description":"Hi-tech laserov\u00e9 v\u00fdzkumn\u00e9 centrum","potentialAction":[{"@type":"SearchAction","target":{"@type":"EntryPoint","urlTemplate":"https:\/\/www.hilase.cz\/?s={search_term_string}"},"query-input":{"@type":"PropertyValueSpecification","valueRequired":true,"valueName":"search_term_string"}}],"inLanguage":"en-US"}]}},"_links":{"self":[{"href":"https:\/\/www.hilase.cz\/en\/wp-json\/wp\/v2\/pages\/7629","targetHints":{"allow":["GET"]}}],"collection":[{"href":"https:\/\/www.hilase.cz\/en\/wp-json\/wp\/v2\/pages"}],"about":[{"href":"https:\/\/www.hilase.cz\/en\/wp-json\/wp\/v2\/types\/page"}],"author":[{"embeddable":true,"href":"https:\/\/www.hilase.cz\/en\/wp-json\/wp\/v2\/users\/15"}],"replies":[{"embeddable":true,"href":"https:\/\/www.hilase.cz\/en\/wp-json\/wp\/v2\/comments?post=7629"}],"version-history":[{"count":3,"href":"https:\/\/www.hilase.cz\/en\/wp-json\/wp\/v2\/pages\/7629\/revisions"}],"predecessor-version":[{"id":10735,"href":"https:\/\/www.hilase.cz\/en\/wp-json\/wp\/v2\/pages\/7629\/revisions\/10735"}],"wp:attachment":[{"href":"https:\/\/www.hilase.cz\/en\/wp-json\/wp\/v2\/media?parent=7629"}],"curies":[{"name":"wp","href":"https:\/\/api.w.org\/{rel}","templated":true}]}}