{"id":808,"date":"2018-03-13T19:19:42","date_gmt":"2018-03-13T18:19:42","guid":{"rendered":"http:\/\/www.hilase.cz\/kontakty\/"},"modified":"2026-01-14T10:13:04","modified_gmt":"2026-01-14T09:13:04","slug":"contact-us","status":"publish","type":"page","link":"https:\/\/www.hilase.cz\/en\/contact-us\/","title":{"rendered":"Contact us"},"content":{"rendered":"","protected":false},"excerpt":{"rendered":"","protected":false},"author":1,"featured_media":0,"parent":0,"menu_order":0,"comment_status":"closed","ping_status":"closed","template":"kontakty.php","meta":{"_acf_changed":false,"_monsterinsights_skip_tracking":false,"_monsterinsights_sitenote_active":false,"_monsterinsights_sitenote_note":"","_monsterinsights_sitenote_category":0,"footnotes":""},"class_list":["post-808","page","type-page","status-publish","hentry"],"acf":{"obsah":false,"zakladni_1_sloupec":"<h2>Address:<\/h2>\n<p>HiLASE Centre<br \/>\nInstitute of Physics of the Czech Academy of Sciences<br \/>\nZa Radnici 828<br \/>\n252 41 Dolni Brezany<\/p>\n<p>Tel.: <a href=\"tel:+420314007711\">(+420) 314 007 711<\/a><br \/>\nE-mail: <a href=\"mailto:info@hilase.cz\">info(at)hilase.cz<\/a><\/p>\n","zakladni_2_sloupec":"<h2>Invoice address:<\/h2>\n<p>Institute of Physics of the Czech Academy of Sciences<br \/>\nNa Slovance 1999\/2<br \/>\n182 00 Praha 8<\/p>\n<p>I\u010cO: 68378271<br \/>\nDI\u010c: CZ68378271<\/p>\n","mapa_sirka":"49.9624853","mapa_delka":"14.4553225","mapa_zoom":"14","mapa_bublina":"HiLASE Centre<br \/>\r\nInstitute of Physics of the Czech Academy of Sciences<br \/>\r\nZa Radnici 828<br \/>\r\n252 41 Dolni Brezany","oddeleni":[{"nazev":"PR & Marketing","jmeno":"Marie Thunov\u00e1 & Lucie \u0160t\u011bp\u00e1nkov\u00e1","email":"communication(at)hilase.cz","telefon":"L\u0160: +420 702 234 922","mobil":"MT: +420 702 235 039"},{"nazev":"Human<br \/>\r\nResources","jmeno":"Olga Lakom\u00e1","email":"joinus(at)hilase.cz","telefon":"+420 314 007 702 ","mobil":"+420 702 086 170"},{"nazev":"Business <br \/>\r\nDevelopment ","jmeno":" Martina \u0158eh\u00e1kov\u00e1 (CZ) & Sanin Zuli\u0107 (INT)","email":"solutions(at)hilase.cz","telefon":"<b>MR:<\/b>+420 702 004 921 ","mobil":"<b>SZ:<\/b>+420 720 028 800"},{"nazev":"Assistant","jmeno":"Hana Platkov\u00e1","email":"info(at)hilase.cz","telefon":"+420 314 007 703","mobil":""}],"banner_obrazek":"https:\/\/www.hilase.cz\/wp-content\/uploads\/Navrh-bez-nazvu-99.png","banner_nadpis":"Our team","banner_odkaz":"https:\/\/www.hilase.cz\/en\/our-team\/","banner_tlacitko":"Contact details"},"yoast_head":"<!-- This site is optimized with the Yoast SEO plugin v23.9 - https:\/\/yoast.com\/wordpress\/plugins\/seo\/ -->\n<title>Contact us - HiLASE<\/title>\n<meta name=\"robots\" content=\"index, follow, max-snippet:-1, max-image-preview:large, max-video-preview:-1\" \/>\n<link rel=\"canonical\" href=\"https:\/\/www.hilase.cz\/en\/contact-us\/\" \/>\n<meta property=\"og:locale\" content=\"en_US\" \/>\n<meta property=\"og:type\" content=\"article\" \/>\n<meta property=\"og:title\" content=\"Contact us - HiLASE\" \/>\n<meta property=\"og:url\" content=\"https:\/\/www.hilase.cz\/en\/contact-us\/\" \/>\n<meta property=\"og:site_name\" content=\"HiLASE\" \/>\n<meta property=\"article:modified_time\" content=\"2026-01-14T09:13:04+00:00\" \/>\n<meta name=\"twitter:card\" content=\"summary_large_image\" \/>\n<script type=\"application\/ld+json\" class=\"yoast-schema-graph\">{\"@context\":\"https:\/\/schema.org\",\"@graph\":[{\"@type\":\"WebPage\",\"@id\":\"https:\/\/www.hilase.cz\/en\/contact-us\/\",\"url\":\"https:\/\/www.hilase.cz\/en\/contact-us\/\",\"name\":\"Contact us - HiLASE\",\"isPartOf\":{\"@id\":\"https:\/\/www.hilase.cz\/#website\"},\"datePublished\":\"2018-03-13T18:19:42+00:00\",\"dateModified\":\"2026-01-14T09:13:04+00:00\",\"breadcrumb\":{\"@id\":\"https:\/\/www.hilase.cz\/en\/contact-us\/#breadcrumb\"},\"inLanguage\":\"en-US\",\"potentialAction\":[{\"@type\":\"ReadAction\",\"target\":[\"https:\/\/www.hilase.cz\/en\/contact-us\/\"]}]},{\"@type\":\"BreadcrumbList\",\"@id\":\"https:\/\/www.hilase.cz\/en\/contact-us\/#breadcrumb\",\"itemListElement\":[{\"@type\":\"ListItem\",\"position\":1,\"name\":\"Dom\u016f\",\"item\":\"https:\/\/www.hilase.cz\/en\/\"},{\"@type\":\"ListItem\",\"position\":2,\"name\":\"Contact us\"}]},{\"@type\":\"WebSite\",\"@id\":\"https:\/\/www.hilase.cz\/#website\",\"url\":\"https:\/\/www.hilase.cz\/\",\"name\":\"HiLASE\",\"description\":\"Hi-tech laserov\u00e9 v\u00fdzkumn\u00e9 centrum\",\"potentialAction\":[{\"@type\":\"SearchAction\",\"target\":{\"@type\":\"EntryPoint\",\"urlTemplate\":\"https:\/\/www.hilase.cz\/?s={search_term_string}\"},\"query-input\":{\"@type\":\"PropertyValueSpecification\",\"valueRequired\":true,\"valueName\":\"search_term_string\"}}],\"inLanguage\":\"en-US\"}]}<\/script>\n<!-- \/ Yoast SEO plugin. -->","yoast_head_json":{"title":"Contact us - HiLASE","robots":{"index":"index","follow":"follow","max-snippet":"max-snippet:-1","max-image-preview":"max-image-preview:large","max-video-preview":"max-video-preview:-1"},"canonical":"https:\/\/www.hilase.cz\/en\/contact-us\/","og_locale":"en_US","og_type":"article","og_title":"Contact us - HiLASE","og_url":"https:\/\/www.hilase.cz\/en\/contact-us\/","og_site_name":"HiLASE","article_modified_time":"2026-01-14T09:13:04+00:00","twitter_card":"summary_large_image","schema":{"@context":"https:\/\/schema.org","@graph":[{"@type":"WebPage","@id":"https:\/\/www.hilase.cz\/en\/contact-us\/","url":"https:\/\/www.hilase.cz\/en\/contact-us\/","name":"Contact us - HiLASE","isPartOf":{"@id":"https:\/\/www.hilase.cz\/#website"},"datePublished":"2018-03-13T18:19:42+00:00","dateModified":"2026-01-14T09:13:04+00:00","breadcrumb":{"@id":"https:\/\/www.hilase.cz\/en\/contact-us\/#breadcrumb"},"inLanguage":"en-US","potentialAction":[{"@type":"ReadAction","target":["https:\/\/www.hilase.cz\/en\/contact-us\/"]}]},{"@type":"BreadcrumbList","@id":"https:\/\/www.hilase.cz\/en\/contact-us\/#breadcrumb","itemListElement":[{"@type":"ListItem","position":1,"name":"Dom\u016f","item":"https:\/\/www.hilase.cz\/en\/"},{"@type":"ListItem","position":2,"name":"Contact us"}]},{"@type":"WebSite","@id":"https:\/\/www.hilase.cz\/#website","url":"https:\/\/www.hilase.cz\/","name":"HiLASE","description":"Hi-tech laserov\u00e9 v\u00fdzkumn\u00e9 centrum","potentialAction":[{"@type":"SearchAction","target":{"@type":"EntryPoint","urlTemplate":"https:\/\/www.hilase.cz\/?s={search_term_string}"},"query-input":{"@type":"PropertyValueSpecification","valueRequired":true,"valueName":"search_term_string"}}],"inLanguage":"en-US"}]}},"_links":{"self":[{"href":"https:\/\/www.hilase.cz\/en\/wp-json\/wp\/v2\/pages\/808","targetHints":{"allow":["GET"]}}],"collection":[{"href":"https:\/\/www.hilase.cz\/en\/wp-json\/wp\/v2\/pages"}],"about":[{"href":"https:\/\/www.hilase.cz\/en\/wp-json\/wp\/v2\/types\/page"}],"author":[{"embeddable":true,"href":"https:\/\/www.hilase.cz\/en\/wp-json\/wp\/v2\/users\/1"}],"replies":[{"embeddable":true,"href":"https:\/\/www.hilase.cz\/en\/wp-json\/wp\/v2\/comments?post=808"}],"version-history":[{"count":45,"href":"https:\/\/www.hilase.cz\/en\/wp-json\/wp\/v2\/pages\/808\/revisions"}],"predecessor-version":[{"id":38261,"href":"https:\/\/www.hilase.cz\/en\/wp-json\/wp\/v2\/pages\/808\/revisions\/38261"}],"wp:attachment":[{"href":"https:\/\/www.hilase.cz\/en\/wp-json\/wp\/v2\/media?parent=808"}],"curies":[{"name":"wp","href":"https:\/\/api.w.org\/{rel}","templated":true}]}}