{"id":810,"date":"2018-03-13T19:18:47","date_gmt":"2018-03-13T18:18:47","guid":{"rendered":"http:\/\/www.hilase.cz\/nabizime\/"},"modified":"2022-11-28T12:39:37","modified_gmt":"2022-11-28T11:39:37","slug":"we-offer","status":"publish","type":"page","link":"https:\/\/www.hilase.cz\/en\/we-offer\/","title":{"rendered":"We offer"},"content":{"rendered":"","protected":false},"excerpt":{"rendered":"","protected":false},"author":1,"featured_media":0,"parent":0,"menu_order":0,"comment_status":"closed","ping_status":"closed","template":"sekce.php","meta":{"_acf_changed":false,"_monsterinsights_skip_tracking":false,"_monsterinsights_sitenote_active":false,"_monsterinsights_sitenote_note":"","_monsterinsights_sitenote_category":0,"footnotes":""},"class_list":["post-810","page","type-page","status-publish","hentry"],"acf":{"obsah":[{"acf_fc_layout":"text","text":"<p>Under one roof at HiLASE Centre we develop the next generation of high power Diode Pumped Solid State Lasers, while at the same time, exploit these unique light sources for a wide range of hi-tech industrial applications such as Laser Shock Peening, Laser Induced Damage Threshold testing, and Laser Micro-Machining.<\/p>\n<p><strong>Our vision: &#8220;To become one of the\u00a0respected leaders defining the trends in high power laser applications. To be the\u00a0first-choice R&amp;D partner\u00a0for companies and research organizations seeking innovative laser technologies and solutions,\u00a0on the Earth and beyond\u2026&#8221;<\/strong><\/p>\n<p>HiLASE Centre technologies change established practices in a range of industries from optics, electronics and new materials to medical applications. HiLASE Centre helps companies to address their needs and challenges in an innovative way using unique laser technologies. It offers the most powerful high-end technology for everyday industrial usage.<\/p>\n<p>Read the <strong><a href=\"https:\/\/www.hilase.cz\/wp-content\/uploads\/Research-TCs-HiLASE-Centre-ENG.pdf\">HiLASE Centre research T&amp;Cs<\/a><\/strong>.<\/p>\n","oddelovace":"none"}],"banner_nadpis":"Tailor-made sollutions and space for your research","banner_obrazek":"https:\/\/www.hilase.cz\/wp-content\/uploads\/nabizime_2.jpg"},"yoast_head":"<!-- This site is optimized with the Yoast SEO plugin v23.9 - https:\/\/yoast.com\/wordpress\/plugins\/seo\/ -->\n<title>We offer - HiLASE<\/title>\n<meta name=\"robots\" content=\"index, follow, max-snippet:-1, max-image-preview:large, max-video-preview:-1\" \/>\n<link rel=\"canonical\" href=\"https:\/\/www.hilase.cz\/en\/we-offer\/\" \/>\n<meta property=\"og:locale\" content=\"en_US\" \/>\n<meta property=\"og:type\" content=\"article\" \/>\n<meta property=\"og:title\" content=\"We offer - HiLASE\" \/>\n<meta property=\"og:url\" content=\"https:\/\/www.hilase.cz\/en\/we-offer\/\" \/>\n<meta property=\"og:site_name\" content=\"HiLASE\" \/>\n<meta property=\"article:modified_time\" content=\"2022-11-28T11:39:37+00:00\" \/>\n<meta name=\"twitter:card\" content=\"summary_large_image\" \/>\n<script type=\"application\/ld+json\" class=\"yoast-schema-graph\">{\"@context\":\"https:\/\/schema.org\",\"@graph\":[{\"@type\":\"WebPage\",\"@id\":\"https:\/\/www.hilase.cz\/en\/we-offer\/\",\"url\":\"https:\/\/www.hilase.cz\/en\/we-offer\/\",\"name\":\"We offer - HiLASE\",\"isPartOf\":{\"@id\":\"https:\/\/www.hilase.cz\/#website\"},\"datePublished\":\"2018-03-13T18:18:47+00:00\",\"dateModified\":\"2022-11-28T11:39:37+00:00\",\"breadcrumb\":{\"@id\":\"https:\/\/www.hilase.cz\/en\/we-offer\/#breadcrumb\"},\"inLanguage\":\"en-US\",\"potentialAction\":[{\"@type\":\"ReadAction\",\"target\":[\"https:\/\/www.hilase.cz\/en\/we-offer\/\"]}]},{\"@type\":\"BreadcrumbList\",\"@id\":\"https:\/\/www.hilase.cz\/en\/we-offer\/#breadcrumb\",\"itemListElement\":[{\"@type\":\"ListItem\",\"position\":1,\"name\":\"Dom\u016f\",\"item\":\"https:\/\/www.hilase.cz\/en\/\"},{\"@type\":\"ListItem\",\"position\":2,\"name\":\"We offer\"}]},{\"@type\":\"WebSite\",\"@id\":\"https:\/\/www.hilase.cz\/#website\",\"url\":\"https:\/\/www.hilase.cz\/\",\"name\":\"HiLASE\",\"description\":\"Hi-tech laserov\u00e9 v\u00fdzkumn\u00e9 centrum\",\"potentialAction\":[{\"@type\":\"SearchAction\",\"target\":{\"@type\":\"EntryPoint\",\"urlTemplate\":\"https:\/\/www.hilase.cz\/?s={search_term_string}\"},\"query-input\":{\"@type\":\"PropertyValueSpecification\",\"valueRequired\":true,\"valueName\":\"search_term_string\"}}],\"inLanguage\":\"en-US\"}]}<\/script>\n<!-- \/ Yoast SEO plugin. -->","yoast_head_json":{"title":"We offer - HiLASE","robots":{"index":"index","follow":"follow","max-snippet":"max-snippet:-1","max-image-preview":"max-image-preview:large","max-video-preview":"max-video-preview:-1"},"canonical":"https:\/\/www.hilase.cz\/en\/we-offer\/","og_locale":"en_US","og_type":"article","og_title":"We offer - HiLASE","og_url":"https:\/\/www.hilase.cz\/en\/we-offer\/","og_site_name":"HiLASE","article_modified_time":"2022-11-28T11:39:37+00:00","twitter_card":"summary_large_image","schema":{"@context":"https:\/\/schema.org","@graph":[{"@type":"WebPage","@id":"https:\/\/www.hilase.cz\/en\/we-offer\/","url":"https:\/\/www.hilase.cz\/en\/we-offer\/","name":"We offer - HiLASE","isPartOf":{"@id":"https:\/\/www.hilase.cz\/#website"},"datePublished":"2018-03-13T18:18:47+00:00","dateModified":"2022-11-28T11:39:37+00:00","breadcrumb":{"@id":"https:\/\/www.hilase.cz\/en\/we-offer\/#breadcrumb"},"inLanguage":"en-US","potentialAction":[{"@type":"ReadAction","target":["https:\/\/www.hilase.cz\/en\/we-offer\/"]}]},{"@type":"BreadcrumbList","@id":"https:\/\/www.hilase.cz\/en\/we-offer\/#breadcrumb","itemListElement":[{"@type":"ListItem","position":1,"name":"Dom\u016f","item":"https:\/\/www.hilase.cz\/en\/"},{"@type":"ListItem","position":2,"name":"We offer"}]},{"@type":"WebSite","@id":"https:\/\/www.hilase.cz\/#website","url":"https:\/\/www.hilase.cz\/","name":"HiLASE","description":"Hi-tech laserov\u00e9 v\u00fdzkumn\u00e9 centrum","potentialAction":[{"@type":"SearchAction","target":{"@type":"EntryPoint","urlTemplate":"https:\/\/www.hilase.cz\/?s={search_term_string}"},"query-input":{"@type":"PropertyValueSpecification","valueRequired":true,"valueName":"search_term_string"}}],"inLanguage":"en-US"}]}},"_links":{"self":[{"href":"https:\/\/www.hilase.cz\/en\/wp-json\/wp\/v2\/pages\/810","targetHints":{"allow":["GET"]}}],"collection":[{"href":"https:\/\/www.hilase.cz\/en\/wp-json\/wp\/v2\/pages"}],"about":[{"href":"https:\/\/www.hilase.cz\/en\/wp-json\/wp\/v2\/types\/page"}],"author":[{"embeddable":true,"href":"https:\/\/www.hilase.cz\/en\/wp-json\/wp\/v2\/users\/1"}],"replies":[{"embeddable":true,"href":"https:\/\/www.hilase.cz\/en\/wp-json\/wp\/v2\/comments?post=810"}],"version-history":[{"count":14,"href":"https:\/\/www.hilase.cz\/en\/wp-json\/wp\/v2\/pages\/810\/revisions"}],"predecessor-version":[{"id":23977,"href":"https:\/\/www.hilase.cz\/en\/wp-json\/wp\/v2\/pages\/810\/revisions\/23977"}],"wp:attachment":[{"href":"https:\/\/www.hilase.cz\/en\/wp-json\/wp\/v2\/media?parent=810"}],"curies":[{"name":"wp","href":"https:\/\/api.w.org\/{rel}","templated":true}]}}