{"id":829,"date":"2018-02-22T09:18:31","date_gmt":"2018-02-22T08:18:32","guid":{"rendered":"http:\/\/www.hilase.cz\/homepage\/"},"modified":"2025-11-24T13:59:19","modified_gmt":"2025-11-24T12:59:19","slug":"homepage","status":"publish","type":"page","link":"https:\/\/www.hilase.cz\/en\/","title":{"rendered":"Home"},"content":{"rendered":"","protected":false},"excerpt":{"rendered":"","protected":false},"author":1,"featured_media":0,"parent":0,"menu_order":0,"comment_status":"closed","ping_status":"closed","template":"homepage.php","meta":{"_acf_changed":false,"_monsterinsights_skip_tracking":false,"_monsterinsights_sitenote_active":false,"_monsterinsights_sitenote_note":"","_monsterinsights_sitenote_category":0,"footnotes":""},"class_list":["post-829","page","type-page","status-publish","hentry"],"acf":{"banner_text":"Excellent research and innovative<br \/>\r\nsolutions in laser technologies.","banner_text_tlacitka":"About us","banner_odkaz_tlacitka":"https:\/\/www.hilase.cz\/en\/about-us\/","karty":[{"obrazek":{"ID":18466,"id":18466,"title":"DSC02634 copy","filename":"DSC02634-copy-e1643102604301.jpg","filesize":228505,"url":"https:\/\/www.hilase.cz\/wp-content\/uploads\/DSC02634-copy-e1643102604301.jpg","link":"https:\/\/www.hilase.cz\/en\/homepage\/dsc02634-copy\/","alt":"","author":"15","description":"","caption":"","name":"dsc02634-copy","status":"inherit","uploaded_to":2,"date":"2021-12-21 09:29:29","modified":"2022-03-07 21:33:16","menu_order":0,"mime_type":"image\/jpeg","type":"image","subtype":"jpeg","icon":"https:\/\/www.hilase.cz\/wp-includes\/images\/media\/default.png","width":1233,"height":948,"sizes":{"thumbnail":"https:\/\/www.hilase.cz\/wp-content\/uploads\/DSC02634-copy-e1643102604301-175x175.jpg","thumbnail-width":175,"thumbnail-height":175,"medium":"https:\/\/www.hilase.cz\/wp-content\/uploads\/DSC02634-copy-e1643102604301-600x461.jpg","medium-width":600,"medium-height":461,"medium_large":"https:\/\/www.hilase.cz\/wp-content\/uploads\/DSC02634-copy-e1643102604301-768x590.jpg","medium_large-width":768,"medium_large-height":590,"large":"https:\/\/www.hilase.cz\/wp-content\/uploads\/DSC02634-copy-e1643102604301.jpg","large-width":1233,"large-height":948,"1536x1536":"https:\/\/www.hilase.cz\/wp-content\/uploads\/DSC02634-copy-e1643102604301.jpg","1536x1536-width":1233,"1536x1536-height":948,"2048x2048":"https:\/\/www.hilase.cz\/wp-content\/uploads\/DSC02634-copy-e1643102604301.jpg","2048x2048-width":1233,"2048x2048-height":948,"image":"https:\/\/www.hilase.cz\/wp-content\/uploads\/DSC02634-copy-e1643102604301-1170x484.jpg","image-width":1170,"image-height":484,"gallery":"https:\/\/www.hilase.cz\/wp-content\/uploads\/DSC02634-copy-e1643102604301-273x210.jpg","gallery-width":273,"gallery-height":210,"card":"https:\/\/www.hilase.cz\/wp-content\/uploads\/DSC02634-copy-e1643102604301-740x390.jpg","card-width":740,"card-height":390,"square":"https:\/\/www.hilase.cz\/wp-content\/uploads\/DSC02634-copy-e1643102604301-360x360.jpg","square-width":360,"square-height":360}},"nadpis":"Top Class Research","text":"Our goal is to reach scientific excellence that enables innovative solutions.","odkaz":"https:\/\/www.hilase.cz\/en\/research-programmes\/"},{"obrazek":{"ID":403,"id":403,"title":"4E0A0321","filename":"4E0A0321.jpg","filesize":215215,"url":"https:\/\/www.hilase.cz\/wp-content\/uploads\/4E0A0321.jpg","link":"https:\/\/www.hilase.cz\/en\/homepage\/4e0a0321\/","alt":"","author":"1","description":"","caption":"","name":"4e0a0321","status":"inherit","uploaded_to":2,"date":"2018-05-22 06:24:04","modified":"2021-01-28 20:52:01","menu_order":0,"mime_type":"image\/jpeg","type":"image","subtype":"jpeg","icon":"https:\/\/www.hilase.cz\/wp-includes\/images\/media\/default.png","width":1800,"height":1200,"sizes":{"thumbnail":"https:\/\/www.hilase.cz\/wp-content\/uploads\/4E0A0321-175x175.jpg","thumbnail-width":175,"thumbnail-height":175,"medium":"https:\/\/www.hilase.cz\/wp-content\/uploads\/4E0A0321-600x400.jpg","medium-width":600,"medium-height":400,"medium_large":"https:\/\/www.hilase.cz\/wp-content\/uploads\/4E0A0321-768x512.jpg","medium_large-width":768,"medium_large-height":512,"large":"https:\/\/www.hilase.cz\/wp-content\/uploads\/4E0A0321-1800x1200.jpg","large-width":1800,"large-height":1200,"1536x1536":"https:\/\/www.hilase.cz\/wp-content\/uploads\/4E0A0321.jpg","1536x1536-width":1536,"1536x1536-height":1024,"2048x2048":"https:\/\/www.hilase.cz\/wp-content\/uploads\/4E0A0321.jpg","2048x2048-width":1800,"2048x2048-height":1200,"image":"https:\/\/www.hilase.cz\/wp-content\/uploads\/4E0A0321-1170x484.jpg","image-width":1170,"image-height":484,"gallery":"https:\/\/www.hilase.cz\/wp-content\/uploads\/4E0A0321-273x210.jpg","gallery-width":273,"gallery-height":210,"card":"https:\/\/www.hilase.cz\/wp-content\/uploads\/4E0A0321-740x390.jpg","card-width":740,"card-height":390,"square":"https:\/\/www.hilase.cz\/wp-content\/uploads\/4E0A0321-360x360.jpg","square-width":360,"square-height":360}},"nadpis":"Real World Applications","text":"Our aim is to bring tailor-made solutions to the industry and benefit to the society.","odkaz":"https:\/\/www.hilase.cz\/en\/we-offer\/"},{"obrazek":{"ID":18464,"id":18464,"title":"DSC02686","filename":"DSC02686.jpg","filesize":250644,"url":"https:\/\/www.hilase.cz\/wp-content\/uploads\/DSC02686.jpg","link":"https:\/\/www.hilase.cz\/en\/homepage\/dsc02686\/","alt":"","author":"15","description":"","caption":"","name":"dsc02686","status":"inherit","uploaded_to":2,"date":"2021-12-21 09:25:36","modified":"2022-03-15 14:47:28","menu_order":0,"mime_type":"image\/jpeg","type":"image","subtype":"jpeg","icon":"https:\/\/www.hilase.cz\/wp-includes\/images\/media\/default.png","width":1500,"height":1000,"sizes":{"thumbnail":"https:\/\/www.hilase.cz\/wp-content\/uploads\/DSC02686-175x175.jpg","thumbnail-width":175,"thumbnail-height":175,"medium":"https:\/\/www.hilase.cz\/wp-content\/uploads\/DSC02686-600x400.jpg","medium-width":600,"medium-height":400,"medium_large":"https:\/\/www.hilase.cz\/wp-content\/uploads\/DSC02686-768x512.jpg","medium_large-width":768,"medium_large-height":512,"large":"https:\/\/www.hilase.cz\/wp-content\/uploads\/DSC02686.jpg","large-width":1500,"large-height":1000,"1536x1536":"https:\/\/www.hilase.cz\/wp-content\/uploads\/DSC02686.jpg","1536x1536-width":1500,"1536x1536-height":1000,"2048x2048":"https:\/\/www.hilase.cz\/wp-content\/uploads\/DSC02686.jpg","2048x2048-width":1500,"2048x2048-height":1000,"image":"https:\/\/www.hilase.cz\/wp-content\/uploads\/DSC02686-1170x484.jpg","image-width":1170,"image-height":484,"gallery":"https:\/\/www.hilase.cz\/wp-content\/uploads\/DSC02686-273x210.jpg","gallery-width":273,"gallery-height":210,"card":"https:\/\/www.hilase.cz\/wp-content\/uploads\/DSC02686-740x390.jpg","card-width":740,"card-height":390,"square":"https:\/\/www.hilase.cz\/wp-content\/uploads\/DSC02686-360x360.jpg","square-width":360,"square-height":360}},"nadpis":"Illuminating science","text":"We strive to inspire and involve broad public and young talents in science.","odkaz":"https:\/\/www.hilase.cz\/en\/about-us\/popularisation-of-science\/"}],"aktualne_pocet_novinek":"2","aktualne_pocet_akci":"1","video_nadpis":"HiLASE Centre","video_text":"Our aim is to be a leading research & development centre that provides innovative laser technologies and solutions of direct benefit to economy and society by connecting scientific excellence with industrial demands.","hr_text_banneru":"<span class=\"xl\">We are searching<\/span>\r\n<span>for new team members!<\/span>","hr_odkaz_banneru":"https:\/\/career.hilase.cz\/en\/positions\/","hr_cisla":[{"cislo":"2014","popis":"opening of the HiLASE Centre"},{"cislo":"100","popis":"employees"},{"cislo":"35","popis":"% foreign employees"},{"cislo":"70000","popis":"visitors of our public events every year"}],"nadpis":"HiLASE je v\u00fdzva","hr_nadpis":"HiLASE is challenge","obrazek_xl":false,"obrazek_mobil":false,"text":"","stin":false,"video_iframe":"<iframe width=\"560\" height=\"315\" src=\"https:\/\/www.youtube.com\/embed\/5BihcT3hfc0\" frameborder=\"0\" allow=\"accelerometer; autoplay; clipboard-write; encrypted-media; gyroscope; picture-in-picture\" allowfullscreen><\/iframe>","banner_zobrazit":false},"yoast_head":"<!-- This site is optimized with the Yoast SEO plugin v23.9 - https:\/\/yoast.com\/wordpress\/plugins\/seo\/ -->\n<title>Home - HiLASE<\/title>\n<meta name=\"robots\" content=\"index, follow, max-snippet:-1, max-image-preview:large, max-video-preview:-1\" \/>\n<link rel=\"canonical\" href=\"https:\/\/www.hilase.cz\/en\/\" \/>\n<meta property=\"og:locale\" content=\"en_US\" \/>\n<meta property=\"og:type\" content=\"article\" \/>\n<meta property=\"og:title\" content=\"Home - HiLASE\" \/>\n<meta property=\"og:url\" content=\"https:\/\/www.hilase.cz\/en\/\" \/>\n<meta property=\"og:site_name\" content=\"HiLASE\" \/>\n<meta property=\"article:modified_time\" content=\"2025-11-24T12:59:19+00:00\" \/>\n<meta name=\"twitter:card\" content=\"summary_large_image\" \/>\n<script type=\"application\/ld+json\" class=\"yoast-schema-graph\">{\"@context\":\"https:\/\/schema.org\",\"@graph\":[{\"@type\":\"WebPage\",\"@id\":\"https:\/\/www.hilase.cz\/en\/\",\"url\":\"https:\/\/www.hilase.cz\/en\/\",\"name\":\"Home - HiLASE\",\"isPartOf\":{\"@id\":\"https:\/\/www.hilase.cz\/#website\"},\"datePublished\":\"2018-02-22T08:18:32+00:00\",\"dateModified\":\"2025-11-24T12:59:19+00:00\",\"breadcrumb\":{\"@id\":\"https:\/\/www.hilase.cz\/en\/#breadcrumb\"},\"inLanguage\":\"en-US\",\"potentialAction\":[{\"@type\":\"ReadAction\",\"target\":[\"https:\/\/www.hilase.cz\/en\/\"]}]},{\"@type\":\"BreadcrumbList\",\"@id\":\"https:\/\/www.hilase.cz\/en\/#breadcrumb\",\"itemListElement\":[{\"@type\":\"ListItem\",\"position\":1,\"name\":\"Dom\u016f\",\"item\":\"https:\/\/www.hilase.cz\/en\/\"},{\"@type\":\"ListItem\",\"position\":2,\"name\":\"Home\"}]},{\"@type\":\"WebSite\",\"@id\":\"https:\/\/www.hilase.cz\/#website\",\"url\":\"https:\/\/www.hilase.cz\/\",\"name\":\"HiLASE\",\"description\":\"Hi-tech laserov\u00e9 v\u00fdzkumn\u00e9 centrum\",\"potentialAction\":[{\"@type\":\"SearchAction\",\"target\":{\"@type\":\"EntryPoint\",\"urlTemplate\":\"https:\/\/www.hilase.cz\/?s={search_term_string}\"},\"query-input\":{\"@type\":\"PropertyValueSpecification\",\"valueRequired\":true,\"valueName\":\"search_term_string\"}}],\"inLanguage\":\"en-US\"}]}<\/script>\n<!-- \/ Yoast SEO plugin. -->","yoast_head_json":{"title":"Home - HiLASE","robots":{"index":"index","follow":"follow","max-snippet":"max-snippet:-1","max-image-preview":"max-image-preview:large","max-video-preview":"max-video-preview:-1"},"canonical":"https:\/\/www.hilase.cz\/en\/","og_locale":"en_US","og_type":"article","og_title":"Home - HiLASE","og_url":"https:\/\/www.hilase.cz\/en\/","og_site_name":"HiLASE","article_modified_time":"2025-11-24T12:59:19+00:00","twitter_card":"summary_large_image","schema":{"@context":"https:\/\/schema.org","@graph":[{"@type":"WebPage","@id":"https:\/\/www.hilase.cz\/en\/","url":"https:\/\/www.hilase.cz\/en\/","name":"Home - HiLASE","isPartOf":{"@id":"https:\/\/www.hilase.cz\/#website"},"datePublished":"2018-02-22T08:18:32+00:00","dateModified":"2025-11-24T12:59:19+00:00","breadcrumb":{"@id":"https:\/\/www.hilase.cz\/en\/#breadcrumb"},"inLanguage":"en-US","potentialAction":[{"@type":"ReadAction","target":["https:\/\/www.hilase.cz\/en\/"]}]},{"@type":"BreadcrumbList","@id":"https:\/\/www.hilase.cz\/en\/#breadcrumb","itemListElement":[{"@type":"ListItem","position":1,"name":"Dom\u016f","item":"https:\/\/www.hilase.cz\/en\/"},{"@type":"ListItem","position":2,"name":"Home"}]},{"@type":"WebSite","@id":"https:\/\/www.hilase.cz\/#website","url":"https:\/\/www.hilase.cz\/","name":"HiLASE","description":"Hi-tech laserov\u00e9 v\u00fdzkumn\u00e9 centrum","potentialAction":[{"@type":"SearchAction","target":{"@type":"EntryPoint","urlTemplate":"https:\/\/www.hilase.cz\/?s={search_term_string}"},"query-input":{"@type":"PropertyValueSpecification","valueRequired":true,"valueName":"search_term_string"}}],"inLanguage":"en-US"}]}},"_links":{"self":[{"href":"https:\/\/www.hilase.cz\/en\/wp-json\/wp\/v2\/pages\/829","targetHints":{"allow":["GET"]}}],"collection":[{"href":"https:\/\/www.hilase.cz\/en\/wp-json\/wp\/v2\/pages"}],"about":[{"href":"https:\/\/www.hilase.cz\/en\/wp-json\/wp\/v2\/types\/page"}],"author":[{"embeddable":true,"href":"https:\/\/www.hilase.cz\/en\/wp-json\/wp\/v2\/users\/1"}],"replies":[{"embeddable":true,"href":"https:\/\/www.hilase.cz\/en\/wp-json\/wp\/v2\/comments?post=829"}],"version-history":[{"count":40,"href":"https:\/\/www.hilase.cz\/en\/wp-json\/wp\/v2\/pages\/829\/revisions"}],"predecessor-version":[{"id":37970,"href":"https:\/\/www.hilase.cz\/en\/wp-json\/wp\/v2\/pages\/829\/revisions\/37970"}],"wp:attachment":[{"href":"https:\/\/www.hilase.cz\/en\/wp-json\/wp\/v2\/media?parent=829"}],"curies":[{"name":"wp","href":"https:\/\/api.w.org\/{rel}","templated":true}]}}