{"id":8485,"date":"2020-02-04T16:05:13","date_gmt":"2020-02-04T15:05:13","guid":{"rendered":"https:\/\/www.hilase.cz\/60-let-laseru\/"},"modified":"2021-01-14T11:02:45","modified_gmt":"2021-01-14T10:02:45","slug":"60-let-laseru","status":"publish","type":"page","link":"https:\/\/www.hilase.cz\/en\/60-let-laseru\/","title":{"rendered":"60 Years of Laser"},"content":{"rendered":"","protected":false},"excerpt":{"rendered":"","protected":false},"author":15,"featured_media":0,"parent":0,"menu_order":0,"comment_status":"closed","ping_status":"closed","template":"","meta":{"_acf_changed":false,"_monsterinsights_skip_tracking":false,"_monsterinsights_sitenote_active":false,"_monsterinsights_sitenote_note":"","_monsterinsights_sitenote_category":0,"footnotes":""},"class_list":["post-8485","page","type-page","status-publish","hentry"],"acf":{"obsah":[{"acf_fc_layout":"zvyrazneni","zvyrazneni":"<p><span class=\"tlid-translation translation\" lang=\"en\"><span class=\"\" title=\"\">Due to the declaration of the state of emergency by the Government of the Czech Republic and measures against the spread of coronavirus infection, HiLASE Centre decided to cancel \/ postpone all public events taking place until 30 June 2020.<\/span><\/span><\/p>\n<p>The celebration of the International Day of Light (May 16) will be postponed. Please follow our websites to learn more about<span title=\"\"> other events and spare dates.<\/span><\/p>\n<p>The events prepared for autumn are going to take place as planned.<\/p>\n<p><span title=\"\">Thank you for your understanding and we wish you good health.<br \/>\n<\/span><\/p>\n<p>Your HiLASE team<\/p>\n"},{"acf_fc_layout":"text","text":"<p>On May 16, 2020, it will be exactly 60 years since Theodore H. Maiman introduced the world&#8217;s first laser. And since this anniversary is particularly important to our laser center, we want to share with you our passion for lasers. You can look forward to a number of events throughout the year, May 16, 2020 being the most interesting of these events: there will be tours, open-air concerts or a laser run.<\/p>\n","oddelovace":"none"},{"acf_fc_layout":"obrazek","obrazek":{"ID":8443,"id":8443,"title":"60-Years-of-Laser_JPG","filename":"60-Years-of-Laser_JPG.jpg","filesize":47584,"url":"https:\/\/www.hilase.cz\/wp-content\/uploads\/60-Years-of-Laser_JPG.jpg","link":"https:\/\/www.hilase.cz\/en\/60-let-laseru\/60-years-of-laser_jpg\/","alt":"","author":"15","description":"","caption":"","name":"60-years-of-laser_jpg","status":"inherit","uploaded_to":8439,"date":"2020-02-04 14:56:03","modified":"2020-02-04 14:56:03","menu_order":0,"mime_type":"image\/jpeg","type":"image","subtype":"jpeg","icon":"https:\/\/www.hilase.cz\/wp-includes\/images\/media\/default.png","width":1280,"height":420,"sizes":{"thumbnail":"https:\/\/www.hilase.cz\/wp-content\/uploads\/60-Years-of-Laser_JPG-175x175.jpg","thumbnail-width":175,"thumbnail-height":175,"medium":"https:\/\/www.hilase.cz\/wp-content\/uploads\/60-Years-of-Laser_JPG-600x197.jpg","medium-width":600,"medium-height":197,"medium_large":"https:\/\/www.hilase.cz\/wp-content\/uploads\/60-Years-of-Laser_JPG-768x252.jpg","medium_large-width":768,"medium_large-height":252,"large":"https:\/\/www.hilase.cz\/wp-content\/uploads\/60-Years-of-Laser_JPG.jpg","large-width":1280,"large-height":420,"1536x1536":"https:\/\/www.hilase.cz\/wp-content\/uploads\/60-Years-of-Laser_JPG.jpg","1536x1536-width":1280,"1536x1536-height":420,"2048x2048":"https:\/\/www.hilase.cz\/wp-content\/uploads\/60-Years-of-Laser_JPG.jpg","2048x2048-width":1280,"2048x2048-height":420,"image":"https:\/\/www.hilase.cz\/wp-content\/uploads\/60-Years-of-Laser_JPG-1170x420.jpg","image-width":1170,"image-height":420,"gallery":"https:\/\/www.hilase.cz\/wp-content\/uploads\/60-Years-of-Laser_JPG-273x210.jpg","gallery-width":273,"gallery-height":210,"card":"https:\/\/www.hilase.cz\/wp-content\/uploads\/60-Years-of-Laser_JPG-740x390.jpg","card-width":740,"card-height":390,"square":"https:\/\/www.hilase.cz\/wp-content\/uploads\/60-Years-of-Laser_JPG-360x360.jpg","square-width":360,"square-height":360}},"popis":"","centrovat_popis":[]},{"acf_fc_layout":"text","text":"<h3>Events 2020<\/h3>\n<p>18\/3 &#8211; <a href=\"https:\/\/www.hilase.cz\/akce\/laserovy-den-pro-stredni-skoly\/\">Laser day for high schools<\/a>\/ HiLASE Centre and ELI Beamlines\/ &#8211; postponed<\/p>\n<p>2\/4 &#8211; <a href=\"https:\/\/www.hilase.cz\/akce\/laserovy-den-pro-univerzity\/\">Laser day for universities<\/a> \/HiLASE Centre and ELI Beamlines\/ &#8211; postponed<\/p>\n<p>16\/5 &#8211; International Day of Light &#8211; main celebrations of the 60th anniversary &#8211; tours of HiLASE Centre and ELI Beamlines centers, open-air concerts, laser run from Prague to Doln\u00ed B\u0159e\u017eany, etc. &#8211; posponed<\/p>\n<p>4\/6 &#8211; 6\/6 &#8211; <a href=\"http:\/\/www.veletrhvedy.cz\/cz\/\">Science fair<\/a>\u00a0 &#8211; the event is posponed until next year due to the COVID-19 situation<\/p>\n<p>September &#8211; <a href=\"https:\/\/www.hilase.cz\/o-nas\/popularizace-vedy\/talentova-akademie\/\">Talent Academy<\/a>, program for talented high-school students &#8211; postponed<\/p>\n<p>2\/11 &#8211; 8\/11\u00a0<a href=\"http:\/\/www.tydenvedy.cz\/\">Week of Scie<\/a><a href=\"http:\/\/www.tydenvedy.cz\/\">nce and Technology<\/a> \/taking part at the event of the Czech Academy of Sciences\/ &#8211; on-line<\/p>\n<p>27\/11 &#8211; <a href=\"http:\/\/www.nocvedcu.cz\">Researchers&#8217; night &#8211; on-line<\/a><\/p>\n<p>&nbsp;<\/p>\n<h3>How to join us<\/h3>\n<p>If you want to take an active part, download the 60-year laser logo or poster and use it at your events, presentations etc. Or simply come to any of the events listed above.<\/p>\n","oddelovace":"none"},{"acf_fc_layout":"ke_stazeni","nadpis":"Downloads","zvyraznit_nadpis":false,"soubory":[{"soubor":"https:\/\/www.hilase.cz\/wp-content\/uploads\/60_Years_of_Laser_PDF.pdf","popis":"PDF 60 years of laser"},{"soubor":"https:\/\/www.hilase.cz\/wp-content\/uploads\/60-Years-of-Laser_JPG.jpg","popis":"JPG 60 years of laser"},{"soubor":"https:\/\/www.hilase.cz\/wp-content\/uploads\/60-years-of-laser-A3.pdf","popis":"Poster A3 60 years of laser"},{"soubor":"https:\/\/www.hilase.cz\/wp-content\/uploads\/60-years-of-laser-A4.pdf","popis":"Poster A4 60 years of laser"}]}]},"yoast_head":"<!-- This site is optimized with the Yoast SEO plugin v23.9 - https:\/\/yoast.com\/wordpress\/plugins\/seo\/ -->\n<title>60 Years of Laser - HiLASE<\/title>\n<meta name=\"robots\" content=\"index, follow, max-snippet:-1, max-image-preview:large, max-video-preview:-1\" \/>\n<link rel=\"canonical\" href=\"https:\/\/www.hilase.cz\/en\/60-let-laseru\/\" \/>\n<meta property=\"og:locale\" content=\"en_US\" \/>\n<meta property=\"og:type\" content=\"article\" \/>\n<meta property=\"og:title\" content=\"60 Years of Laser - HiLASE\" \/>\n<meta property=\"og:url\" content=\"https:\/\/www.hilase.cz\/en\/60-let-laseru\/\" \/>\n<meta property=\"og:site_name\" content=\"HiLASE\" \/>\n<meta property=\"article:modified_time\" content=\"2021-01-14T10:02:45+00:00\" \/>\n<meta name=\"twitter:card\" content=\"summary_large_image\" \/>\n<script type=\"application\/ld+json\" class=\"yoast-schema-graph\">{\"@context\":\"https:\/\/schema.org\",\"@graph\":[{\"@type\":\"WebPage\",\"@id\":\"https:\/\/www.hilase.cz\/en\/60-let-laseru\/\",\"url\":\"https:\/\/www.hilase.cz\/en\/60-let-laseru\/\",\"name\":\"60 Years of Laser - HiLASE\",\"isPartOf\":{\"@id\":\"https:\/\/www.hilase.cz\/#website\"},\"datePublished\":\"2020-02-04T15:05:13+00:00\",\"dateModified\":\"2021-01-14T10:02:45+00:00\",\"breadcrumb\":{\"@id\":\"https:\/\/www.hilase.cz\/en\/60-let-laseru\/#breadcrumb\"},\"inLanguage\":\"en-US\",\"potentialAction\":[{\"@type\":\"ReadAction\",\"target\":[\"https:\/\/www.hilase.cz\/en\/60-let-laseru\/\"]}]},{\"@type\":\"BreadcrumbList\",\"@id\":\"https:\/\/www.hilase.cz\/en\/60-let-laseru\/#breadcrumb\",\"itemListElement\":[{\"@type\":\"ListItem\",\"position\":1,\"name\":\"Dom\u016f\",\"item\":\"https:\/\/www.hilase.cz\/en\/\"},{\"@type\":\"ListItem\",\"position\":2,\"name\":\"60 Years of Laser\"}]},{\"@type\":\"WebSite\",\"@id\":\"https:\/\/www.hilase.cz\/#website\",\"url\":\"https:\/\/www.hilase.cz\/\",\"name\":\"HiLASE\",\"description\":\"Hi-tech laserov\u00e9 v\u00fdzkumn\u00e9 centrum\",\"potentialAction\":[{\"@type\":\"SearchAction\",\"target\":{\"@type\":\"EntryPoint\",\"urlTemplate\":\"https:\/\/www.hilase.cz\/?s={search_term_string}\"},\"query-input\":{\"@type\":\"PropertyValueSpecification\",\"valueRequired\":true,\"valueName\":\"search_term_string\"}}],\"inLanguage\":\"en-US\"}]}<\/script>\n<!-- \/ Yoast SEO plugin. -->","yoast_head_json":{"title":"60 Years of Laser - HiLASE","robots":{"index":"index","follow":"follow","max-snippet":"max-snippet:-1","max-image-preview":"max-image-preview:large","max-video-preview":"max-video-preview:-1"},"canonical":"https:\/\/www.hilase.cz\/en\/60-let-laseru\/","og_locale":"en_US","og_type":"article","og_title":"60 Years of Laser - HiLASE","og_url":"https:\/\/www.hilase.cz\/en\/60-let-laseru\/","og_site_name":"HiLASE","article_modified_time":"2021-01-14T10:02:45+00:00","twitter_card":"summary_large_image","schema":{"@context":"https:\/\/schema.org","@graph":[{"@type":"WebPage","@id":"https:\/\/www.hilase.cz\/en\/60-let-laseru\/","url":"https:\/\/www.hilase.cz\/en\/60-let-laseru\/","name":"60 Years of Laser - HiLASE","isPartOf":{"@id":"https:\/\/www.hilase.cz\/#website"},"datePublished":"2020-02-04T15:05:13+00:00","dateModified":"2021-01-14T10:02:45+00:00","breadcrumb":{"@id":"https:\/\/www.hilase.cz\/en\/60-let-laseru\/#breadcrumb"},"inLanguage":"en-US","potentialAction":[{"@type":"ReadAction","target":["https:\/\/www.hilase.cz\/en\/60-let-laseru\/"]}]},{"@type":"BreadcrumbList","@id":"https:\/\/www.hilase.cz\/en\/60-let-laseru\/#breadcrumb","itemListElement":[{"@type":"ListItem","position":1,"name":"Dom\u016f","item":"https:\/\/www.hilase.cz\/en\/"},{"@type":"ListItem","position":2,"name":"60 Years of Laser"}]},{"@type":"WebSite","@id":"https:\/\/www.hilase.cz\/#website","url":"https:\/\/www.hilase.cz\/","name":"HiLASE","description":"Hi-tech laserov\u00e9 v\u00fdzkumn\u00e9 centrum","potentialAction":[{"@type":"SearchAction","target":{"@type":"EntryPoint","urlTemplate":"https:\/\/www.hilase.cz\/?s={search_term_string}"},"query-input":{"@type":"PropertyValueSpecification","valueRequired":true,"valueName":"search_term_string"}}],"inLanguage":"en-US"}]}},"_links":{"self":[{"href":"https:\/\/www.hilase.cz\/en\/wp-json\/wp\/v2\/pages\/8485","targetHints":{"allow":["GET"]}}],"collection":[{"href":"https:\/\/www.hilase.cz\/en\/wp-json\/wp\/v2\/pages"}],"about":[{"href":"https:\/\/www.hilase.cz\/en\/wp-json\/wp\/v2\/types\/page"}],"author":[{"embeddable":true,"href":"https:\/\/www.hilase.cz\/en\/wp-json\/wp\/v2\/users\/15"}],"replies":[{"embeddable":true,"href":"https:\/\/www.hilase.cz\/en\/wp-json\/wp\/v2\/comments?post=8485"}],"version-history":[{"count":9,"href":"https:\/\/www.hilase.cz\/en\/wp-json\/wp\/v2\/pages\/8485\/revisions"}],"predecessor-version":[{"id":10697,"href":"https:\/\/www.hilase.cz\/en\/wp-json\/wp\/v2\/pages\/8485\/revisions\/10697"}],"wp:attachment":[{"href":"https:\/\/www.hilase.cz\/en\/wp-json\/wp\/v2\/media?parent=8485"}],"curies":[{"name":"wp","href":"https:\/\/api.w.org\/{rel}","templated":true}]}}