{"id":9978,"date":"2020-11-19T08:42:19","date_gmt":"2020-11-19T07:42:19","guid":{"rendered":"https:\/\/www.hilase.cz\/?page_id=9978"},"modified":"2021-01-14T11:28:02","modified_gmt":"2021-01-14T10:28:02","slug":"speakers","status":"publish","type":"page","link":"https:\/\/www.hilase.cz\/en\/4th-biatri-workshop-2020\/speakers\/","title":{"rendered":"List of speakers"},"content":{"rendered":"","protected":false},"excerpt":{"rendered":"","protected":false},"author":15,"featured_media":0,"parent":9931,"menu_order":0,"comment_status":"closed","ping_status":"closed","template":"","meta":{"_acf_changed":false,"_monsterinsights_skip_tracking":false,"_monsterinsights_sitenote_active":false,"_monsterinsights_sitenote_note":"","_monsterinsights_sitenote_category":0,"footnotes":""},"class_list":["post-9978","page","type-page","status-publish","hentry"],"acf":{"obsah":[{"acf_fc_layout":"text","text":"<p><i><span style=\"font-weight: 400;\">The following speakers have already confirmed their participation:<\/span><\/i><\/p>\n<p><span style=\"color: #339966;\"><strong>Some thoughts on the present and future opportunities in the field of using lasers in material science | FOREWORD<br \/>\n<\/strong><\/span><strong>Nadezhda M. Bulgakova | <\/strong>HiLASE Centre | Institute of Physics of the Czech Academy of Sciences<\/p>\n<p><span style=\"color: #339966;\"><strong>Single and dual-wavelength laser processing of materials: what can be a benefit from bi-color irradiation?<\/strong><\/span><br \/>\n<strong>Nadezhda M. Bulgakova | <\/strong>HiLASE Centre | Institute of Physics of the Czech Academy of Sciences<\/p>\n<p><span style=\"color: #339966;\"><strong>Approximate methods for studying the second harmonic generation of ultrashort laser pulses (up to 5 fs) in nonlinear photonic crystals<\/strong><\/span><br \/>\n<strong>Usman Sapaev | <\/strong><span style=\"font-weight: 400;\">Faculty of Electronics and Automation | Tashkent State Technical University\u00a0<\/span><span style=\"font-weight: 400;\">Faculty of Electronics and Automation<\/span><i><span style=\"font-weight: 400;\"><br \/>\n<\/span><\/i><\/p>\n<p><span style=\"color: #339966;\"><strong>LIPSS pave the way to superlattices of 2D and thin-film materials<br \/>\n<\/strong><\/span><strong>Petr Kova\u0159\u00ed\u010dek<\/strong> | University of Chemical Technologies<\/p>\n<p><span style=\"color: #339966;\"><strong>Nonlinear excitation of solids and transient band gap dynamics upon femtosecond laser irradiation of semiconductors: Insights from first principles simulations<\/strong><em><br \/>\n<\/em><\/span><strong>Thibault J.-Y. Derrien | <\/strong>HiLASE Centre | Institute of Physics of the Czech Academy of Sciences<strong><br \/>\n<\/strong><\/p>\n<p><span style=\"color: #339966;\"><strong>Nanomaterials printing via bubble Ejection Transfer<\/strong><em><br \/>\n<\/em><\/span><strong>Nathan Goodfriend | <\/strong>HiLASE Centre | Institute of Physics of the Czech Academy of Sciences<strong><br \/>\n<\/strong><\/p>\n<p><span style=\"color: #339966;\"><strong>Nanoparticles generated by ultrashort-pulse laser ablation in liquids and their applications<\/strong><em><br \/>\n<\/em><\/span><strong>Evgeny L. Gurevich<\/strong> | Laser Center (LFM) | University of Applied Sciences M\u00fcnster<\/p>\n<p><strong><span style=\"color: #339966;\">Solving Bloch equations to evaluate the energy deposition in silica induced by two-color femtosecond laser pulses<\/span><\/strong><br \/>\n<strong>Guillaume Duchateau<\/strong> | Centre Lasers Intenses et Applications | Universit\u00e9 de Bordeaux, CNRS, CEA<\/p>\n<p><strong><span style=\"color: #339966;\">Nonresonant interaction of few-cycle carrier-envelope phase-stabilized laser pulses with solids<\/span><\/strong><br \/>\n<strong>Assoc. prof. Martin Koz\u00e1k<\/strong> | Faculty of Mathematics and Physics | Charles University<\/p>\n<p><span style=\"color: #339966;\"><strong>Ultrafast Highly Nonlinear Processes in Diamond<\/strong><\/span><br \/>\n<strong>Martin Zukerstein<\/strong> | Faculty of Mathematics and Physics | Charles University<\/p>\n<p><span style=\"color: #339966;\"><strong>Three-Step Description of Single-Pulse Formation of Laser-Induced Periodic Surface Structures on Metals<\/strong><\/span><br \/>\n<strong>Yoann Levy | <\/strong>HiLASE Centre | Institute of Physics of the Czech Academy of Sciences<strong><br \/>\n<\/strong><\/p>\n<p><span style=\"color: #339966;\"><strong>Damage of metals and semiconductors induced by ultrashort laser pulses: Comparison of air and water environments<\/strong><\/span><br \/>\n<strong>Alexander V. Bulgakov | <\/strong>HiLASE Centre | Institute of Physics of the Czech Academy of Sciences<strong><br \/>\n<\/strong><\/p>\n<p><span style=\"color: #339966;\"><strong>Laser ablation and polymerization of liquids<\/strong><\/span><br \/>\n<strong>Wladimir Marine | <\/strong>HiLASE Centre | Institute of Physics of the Czech Academy of Sciences<strong><br \/>\n<\/strong><\/p>\n<p><span style=\"color: #339966;\"><strong>The role of substrate in femtosecond laser modification of Mo films<\/strong><\/span><br \/>\n<strong>Kry\u0161tof Hlinomaz | <\/strong>HiLASE Centre | Institute of Physics of the Czech Academy of Sciences<strong><br \/>\n<\/strong><\/p>\n<p><span style=\"color: #339966;\"><strong>Formation, properties and applications of silicon-based nanostructures<\/strong><\/span><br \/>\n<strong>Yury Ryabchikov | <\/strong>HiLASE Centre | Institute of Physics of the Czech Academy of Sciences<strong><br \/>\n<\/strong><\/p>\n<p><span style=\"color: #339966;\"><strong>Terahertz generation at femtosecond pulse propagation in semiconductor-dielectric nanoparticle composite<\/strong><\/span><br \/>\n<strong>Olga Fedotova | <\/strong> Scientific-Practical Materials Research Centre | Belarus Academy of Sciences<strong><br \/>\n<\/strong><\/p>\n<p><span style=\"color: #339966;\"><strong>Keldysh-like theory of photo-ionization for dual wavelength laser irradiation of bandgap materials<\/strong><\/span><br \/>\n<strong>Vladimir Zhukov | <\/strong> HiLASE Centre | Institute of Physics of the Czech Academy of Sciences<strong><br \/>\n<\/strong><\/p>\n<p><span style=\"color: #339966;\"><strong>Multiphysics simulations of laser-matter interactions using high resolution models at IPPL<\/strong><\/span><br \/>\n<strong>Vasilis Dimitriou | <\/strong> Institute of Plasma Physics &amp; Lasers | Hellenic Mediterranean University<strong><br \/>\n<\/strong><\/p>\n<p><span style=\"color: #339966;\"><strong>Selected biophotonic applications of TiO2 and ZnO nanoparticles<\/strong><\/span><br \/>\n<strong>Alexey Popov <\/strong> | VTT Technical Research Centre of Finland<strong><br \/>\n<\/strong><\/p>\n<p><span style=\"color: #339966;\"><strong>Novel application perspectives of nanostructured silicon: From renewable energy to bionanotechnology<\/strong><\/span><br \/>\n<strong>Vladimir Sivakov<\/strong> | Silicon Nanostructures Group | Leibniz Institute of Photonic Technology<strong><br \/>\n<\/strong><\/p>\n<p><span style=\"color: #339966;\"><strong>Laser-ablated silicon nanoparticles as agents for hyperthermia of subcutaneous tumors: a numerical simulation<\/strong><\/span><br \/>\n<strong>Olga Sokolovskaya<\/strong> | Faculty of Physics | Lomonosov Moscow State University<strong><br \/>\n<\/strong><\/p>\n<p><span style=\"color: #339966;\"><strong>Photoacoustic and Photothermal Phenomena in Nanomaterials with Solid\/Fluid Interfaces<\/strong><\/span><br \/>\n<strong>Mykola Isaiev<\/strong> | LEMTA | Universit\u00e9 de Lorraine, CNRS<strong><br \/>\n<\/strong><\/p>\n<p><span style=\"color: #339966;\"><strong>Synthesis and application of resonant nanoparticles in photovoltaics<\/strong><\/span><br \/>\n<strong>Lev Logunov<\/strong> | PeroLab | ITMO university Saint- Petersburg <strong><br \/>\n<\/strong><\/p>\n<p><span style=\"color: #339966;\"><strong>Structuring of Polystyrene surface with Ultrashort laser pulses: comparative studies for ultraviolet, visible and mid-infrared wavelengths<\/strong><\/span><br \/>\n<strong>Jan Hrabovsk\u00fd<\/strong> | HiLASE Centre | Institute of Physics of the Czech Academy of Sciences<\/p>\n<p><span style=\"color: #339966;\"><strong>Short local-field and third-harmonic pulses<\/strong><\/span><br \/>\n<strong>Anton Husakou<\/strong> | Max-Born-Institut for non-linear optics and short pulse spectroscopy<\/p>\n<p><span style=\"color: #339966;\"><strong>Nanoscale tip-enhanced IR spectroscopy for biomedical applications<\/strong><\/span><br \/>\n<strong>Artem Danilov<\/strong> | Neaspec, Nanoscale analytics I Attocube systems AG<\/p>\n<p><span style=\"color: #339966;\"><strong>Modeling of laser-induced optoacoustic effects<\/strong><\/span><br \/>\n<strong>Oleg G. Romanov<\/strong> | Department of Computer modeling | Belarusian State University<\/p>\n<p><span style=\"color: #339966;\"><strong>Concept of nonlinear complex eikonal in problems of high intensive pulse interaction with Kerr media<br \/>\n<\/strong><\/span><strong>Oleg Khasanov<\/strong> | Scientific-Practical Materials Research Centre | Belarus Academy of Sciences<\/p>\n<p><span style=\"color: #339966;\"><strong>Analytical evaluation and direct simulation algorithm for mixed percolation problem, based on the renormalization group approach<br \/>\n<\/strong><\/span><strong>Alexander S. Fedotov<\/strong> | Department of Computer modeling | Belarusian State University<\/p>\n<p><span style=\"color: #339966;\"><strong>Short and ultrashort laser pulses interaction with carbon nano- and microinclusions in phantom\u2019s of biotissue<\/strong><\/span><br \/>\n<strong>Alexandra Shamova<\/strong> | Faculty of Laser Photonics and Optoelectronics I TMO university Saint- Petersburg<\/p>\n<p><span style=\"color: #339966;\"><strong>High-refractive-index anisotropic nanoparticles based on layered transition metal dichalcogenides<\/strong><\/span><br \/>\n<strong>Gleb Tselikov<\/strong> | Moscow Institute of Physics and Technology<\/p>\n<p><span style=\"color: #339966;\"><strong>Possibilities of laser recrystallization and laser ablation in thin-layer structures based on a-Si:H<\/strong><\/span><br \/>\n<strong>Ji\u0159\u00ed Stuchl\u00edk<\/strong> | Department of Thin Films and Nanostructures | Institute of Physics of the Czech Academy of Sciences<\/p>\n<p>More about the <a href=\"https:\/\/www.hilase.cz\/en\/4th-biatri-workshop-2020\/\">4th BIATRI workshop<\/a> and registration.<\/p>\n","oddelovace":"none"}]},"yoast_head":"<!-- This site is optimized with the Yoast SEO plugin v23.9 - https:\/\/yoast.com\/wordpress\/plugins\/seo\/ -->\n<title>List of speakers - HiLASE<\/title>\n<meta name=\"robots\" content=\"index, follow, max-snippet:-1, max-image-preview:large, max-video-preview:-1\" \/>\n<link rel=\"canonical\" href=\"https:\/\/www.hilase.cz\/en\/4th-biatri-workshop-2020\/speakers\/\" \/>\n<meta property=\"og:locale\" content=\"en_US\" \/>\n<meta property=\"og:type\" content=\"article\" \/>\n<meta property=\"og:title\" content=\"List of speakers - HiLASE\" \/>\n<meta property=\"og:url\" content=\"https:\/\/www.hilase.cz\/en\/4th-biatri-workshop-2020\/speakers\/\" \/>\n<meta property=\"og:site_name\" content=\"HiLASE\" \/>\n<meta property=\"article:modified_time\" content=\"2021-01-14T10:28:02+00:00\" \/>\n<meta name=\"twitter:card\" content=\"summary_large_image\" \/>\n<script type=\"application\/ld+json\" class=\"yoast-schema-graph\">{\"@context\":\"https:\/\/schema.org\",\"@graph\":[{\"@type\":\"WebPage\",\"@id\":\"https:\/\/www.hilase.cz\/en\/4th-biatri-workshop-2020\/speakers\/\",\"url\":\"https:\/\/www.hilase.cz\/en\/4th-biatri-workshop-2020\/speakers\/\",\"name\":\"List of speakers - HiLASE\",\"isPartOf\":{\"@id\":\"https:\/\/www.hilase.cz\/#website\"},\"datePublished\":\"2020-11-19T07:42:19+00:00\",\"dateModified\":\"2021-01-14T10:28:02+00:00\",\"breadcrumb\":{\"@id\":\"https:\/\/www.hilase.cz\/en\/4th-biatri-workshop-2020\/speakers\/#breadcrumb\"},\"inLanguage\":\"en-US\",\"potentialAction\":[{\"@type\":\"ReadAction\",\"target\":[\"https:\/\/www.hilase.cz\/en\/4th-biatri-workshop-2020\/speakers\/\"]}]},{\"@type\":\"BreadcrumbList\",\"@id\":\"https:\/\/www.hilase.cz\/en\/4th-biatri-workshop-2020\/speakers\/#breadcrumb\",\"itemListElement\":[{\"@type\":\"ListItem\",\"position\":1,\"name\":\"Dom\u016f\",\"item\":\"https:\/\/www.hilase.cz\/en\/\"},{\"@type\":\"ListItem\",\"position\":2,\"name\":\"4th BIATRI workshop 2020\",\"item\":\"https:\/\/www.hilase.cz\/en\/4th-biatri-workshop-2020\/\"},{\"@type\":\"ListItem\",\"position\":3,\"name\":\"List of speakers\"}]},{\"@type\":\"WebSite\",\"@id\":\"https:\/\/www.hilase.cz\/#website\",\"url\":\"https:\/\/www.hilase.cz\/\",\"name\":\"HiLASE\",\"description\":\"Hi-tech laserov\u00e9 v\u00fdzkumn\u00e9 centrum\",\"potentialAction\":[{\"@type\":\"SearchAction\",\"target\":{\"@type\":\"EntryPoint\",\"urlTemplate\":\"https:\/\/www.hilase.cz\/?s={search_term_string}\"},\"query-input\":{\"@type\":\"PropertyValueSpecification\",\"valueRequired\":true,\"valueName\":\"search_term_string\"}}],\"inLanguage\":\"en-US\"}]}<\/script>\n<!-- \/ Yoast SEO plugin. -->","yoast_head_json":{"title":"List of speakers - HiLASE","robots":{"index":"index","follow":"follow","max-snippet":"max-snippet:-1","max-image-preview":"max-image-preview:large","max-video-preview":"max-video-preview:-1"},"canonical":"https:\/\/www.hilase.cz\/en\/4th-biatri-workshop-2020\/speakers\/","og_locale":"en_US","og_type":"article","og_title":"List of speakers - HiLASE","og_url":"https:\/\/www.hilase.cz\/en\/4th-biatri-workshop-2020\/speakers\/","og_site_name":"HiLASE","article_modified_time":"2021-01-14T10:28:02+00:00","twitter_card":"summary_large_image","schema":{"@context":"https:\/\/schema.org","@graph":[{"@type":"WebPage","@id":"https:\/\/www.hilase.cz\/en\/4th-biatri-workshop-2020\/speakers\/","url":"https:\/\/www.hilase.cz\/en\/4th-biatri-workshop-2020\/speakers\/","name":"List of speakers - HiLASE","isPartOf":{"@id":"https:\/\/www.hilase.cz\/#website"},"datePublished":"2020-11-19T07:42:19+00:00","dateModified":"2021-01-14T10:28:02+00:00","breadcrumb":{"@id":"https:\/\/www.hilase.cz\/en\/4th-biatri-workshop-2020\/speakers\/#breadcrumb"},"inLanguage":"en-US","potentialAction":[{"@type":"ReadAction","target":["https:\/\/www.hilase.cz\/en\/4th-biatri-workshop-2020\/speakers\/"]}]},{"@type":"BreadcrumbList","@id":"https:\/\/www.hilase.cz\/en\/4th-biatri-workshop-2020\/speakers\/#breadcrumb","itemListElement":[{"@type":"ListItem","position":1,"name":"Dom\u016f","item":"https:\/\/www.hilase.cz\/en\/"},{"@type":"ListItem","position":2,"name":"4th BIATRI workshop 2020","item":"https:\/\/www.hilase.cz\/en\/4th-biatri-workshop-2020\/"},{"@type":"ListItem","position":3,"name":"List of speakers"}]},{"@type":"WebSite","@id":"https:\/\/www.hilase.cz\/#website","url":"https:\/\/www.hilase.cz\/","name":"HiLASE","description":"Hi-tech laserov\u00e9 v\u00fdzkumn\u00e9 centrum","potentialAction":[{"@type":"SearchAction","target":{"@type":"EntryPoint","urlTemplate":"https:\/\/www.hilase.cz\/?s={search_term_string}"},"query-input":{"@type":"PropertyValueSpecification","valueRequired":true,"valueName":"search_term_string"}}],"inLanguage":"en-US"}]}},"_links":{"self":[{"href":"https:\/\/www.hilase.cz\/en\/wp-json\/wp\/v2\/pages\/9978","targetHints":{"allow":["GET"]}}],"collection":[{"href":"https:\/\/www.hilase.cz\/en\/wp-json\/wp\/v2\/pages"}],"about":[{"href":"https:\/\/www.hilase.cz\/en\/wp-json\/wp\/v2\/types\/page"}],"author":[{"embeddable":true,"href":"https:\/\/www.hilase.cz\/en\/wp-json\/wp\/v2\/users\/15"}],"replies":[{"embeddable":true,"href":"https:\/\/www.hilase.cz\/en\/wp-json\/wp\/v2\/comments?post=9978"}],"version-history":[{"count":49,"href":"https:\/\/www.hilase.cz\/en\/wp-json\/wp\/v2\/pages\/9978\/revisions"}],"predecessor-version":[{"id":10710,"href":"https:\/\/www.hilase.cz\/en\/wp-json\/wp\/v2\/pages\/9978\/revisions\/10710"}],"up":[{"embeddable":true,"href":"https:\/\/www.hilase.cz\/en\/wp-json\/wp\/v2\/pages\/9931"}],"wp:attachment":[{"href":"https:\/\/www.hilase.cz\/en\/wp-json\/wp\/v2\/media?parent=9978"}],"curies":[{"name":"wp","href":"https:\/\/api.w.org\/{rel}","templated":true}]}}